{"id":981,"date":"2023-06-20T04:08:11","date_gmt":"2023-06-20T04:08:11","guid":{"rendered":"https:\/\/www.satlabgeo.com\/?post_type=product&#038;p=981"},"modified":"2025-11-26T03:28:02","modified_gmt":"2025-11-26T03:28:02","slug":"hydroboat-990-bathymetric-usv-system","status":"publish","type":"product","link":"https:\/\/www.satlabgeo.com\/tr\/product\/hydroboat-990-bathymetric-usv-system\/","title":{"rendered":"HydroBoat 990 USV"},"content":{"rendered":"<div class=\"landscape\"><a href=\"https:\/\/www.satlabgeo.com\/tr\/contact-us\/\"><img decoding=\"async\" src=\"https:\/\/www.satlabgeo.com\/wp-content\/uploads\/2023\/06\/hydroboat-990-product-banner.jpg\" alt=\"Hidrolik bot 990\" class=\"aligncenter\" \/><\/a><\/div>\n<p>&nbsp;<\/p>\n<h3>Kullan\u0131labilirlik<\/h3>\n<p>G\u00fcvenilir SLHydro USV yaz\u0131l\u0131m\u0131, batimetrik \u00f6l\u00e7\u00fcm, rota planlama, \u00e7evrimi\u00e7i harita ve video seyir \u00f6zelliklerine sahip ak\u0131ll\u0131 bir Android denetleyiciye y\u00fcklenmi\u015ftir. GNSS al\u0131c\u0131s\u0131 ve SBES yank\u0131 sondas\u0131 tekneye tam donan\u0131ml\u0131 olarak sunulur; tek yapman\u0131z gereken \"Ba\u011flan\" d\u00fc\u011fmesine t\u0131klamakt\u0131r. GNSS sistemi, yank\u0131 sondas\u0131 ve video sistemi SLHydro USV'de otomatik olarak yap\u0131land\u0131r\u0131lacakt\u0131r. Yeterince basit ve kullan\u0131\u015fl\u0131 olan bu sistemle, ileti\u015fim istasyonlar\u0131na ve bilgisayarlara veda edin.<\/p>\n<h3>\u0130\u015flevsellik<\/h3>\n<p>Yerle\u015fik y\u00fcksek hassasiyetli konumland\u0131rma ve y\u00f6n GNSS al\u0131c\u0131s\u0131 ve INS sens\u00f6rleri do\u011fru y\u00f6n i\u00e7in ve deniz taban\u0131n\u0131n topografyas\u0131n\u0131 belirlemek i\u00e7in eko bilgilerinin ger\u00e7ek zamanl\u0131 g\u00f6sterimi. S\u00fcz\u00fclme i\u015flevi, tekneyi akan suda yerinde tutar ve teknenin genel yap\u0131s\u0131 tekneyi dengeler ve pruva y\u00fckselmesini azalt\u0131r.<\/p>\n<h3>G\u00fcvenilirlik<\/h3>\n<p>Milimetre dalga radar\u0131, geminin g\u00fcvenli seyirini sa\u011flamak i\u00e7in engelleri do\u011fru bir \u015fekilde alg\u0131lar. IP67 su ge\u00e7irmez ve \u00e7ift g\u00f6vde tasar\u0131m\u0131, HydroBoat 990'\u0131n a\u015f\u0131nmas\u0131n\u0131 ve batmas\u0131n\u0131 \u00f6nler ve beklenmedik darbelerden korunmas\u0131n\u0131 sa\u011flar. Sahada g\u00fcvenilirlik \u00f6nemlidir!<\/p>\n<div style=\"text-align: center, max-width: 640px; margin: 0 auto;\"><video width=\"300\" height=\"150\" class=\"wp-video-shortcode\" preload=\"metadata\" controls=\"controls\"><source type=\"video\/youtube\" src=\"https:\/\/youtu.be\/ezSyzpfXCHY\" \/><\/video><\/div>","protected":false},"excerpt":{"rendered":"<p>Ger\u00e7ekten kullan\u0131\u015fl\u0131, ger\u00e7ekten g\u00fc\u00e7l\u00fc ve ger\u00e7ekten g\u00fcvenilir HydroBoat 990, batimetrik ara\u015ft\u0131rmalar i\u00e7in Android tabanl\u0131 bir USV sistemidir. Batimetrik ara\u015ft\u0131rmalar\u0131 ger\u00e7ekle\u015ftirmek i\u00e7in tek bir ki\u015fi, tek bir tekne ve tek bir kontrol\u00f6r yeterlidir.<\/p>\n<p>Kullan\u0131m\u0131 kolay Android yaz\u0131l\u0131m\u0131 ve entegre ve pratik tekne yap\u0131s\u0131 ile HydroBoat 990, m\u00fckemmel teknik performans\u0131yla h\u0131zl\u0131 bir \u015fekilde seyrederek do\u011fru \u00f6l\u00e7\u00fcmler yapar.<\/p>","protected":false},"featured_media":982,"comment_status":"open","ping_status":"closed","template":"","meta":{"_links_to":"","_links_to_target":""},"product_cat":[73],"product_tag":[],"yoast_head":"<!-- This site is optimized with the Yoast SEO plugin v19.8 - https:\/\/yoast.com\/wordpress\/plugins\/seo\/ -->\n<title>HydroBoat 990 USV | SatLab<\/title>\n<meta name=\"description\" content=\"HydroBoat 990 is an Android-powered USV system for bathymetric surveys. With only one man, one boat, and one controller to get the bathymetric surveys done.\" \/>\n<meta name=\"robots\" content=\"index, follow, max-snippet:-1, max-image-preview:large, max-video-preview:-1\" \/>\n<link rel=\"canonical\" href=\"https:\/\/www.satlabgeo.com\/tr\/product\/hydroboat-990-bathymetric-usv-system\/\" \/>\n<meta property=\"og:locale\" content=\"tr_TR\" \/>\n<meta property=\"og:type\" content=\"article\" \/>\n<meta property=\"og:title\" content=\"HydroBoat 990 USV | SatLab\" \/>\n<meta property=\"og:description\" content=\"HydroBoat 990 is an Android-powered USV system for bathymetric surveys. With only one man, one boat, and one controller to get the bathymetric surveys done.\" \/>\n<meta property=\"og:url\" content=\"https:\/\/www.satlabgeo.com\/tr\/product\/hydroboat-990-bathymetric-usv-system\/\" \/>\n<meta property=\"og:site_name\" content=\"Global Satellite Positioning Solutions | SatLab Geosolutions AB\" \/>\n<meta property=\"article:modified_time\" content=\"2025-11-26T03:28:02+00:00\" \/>\n<meta property=\"og:image\" content=\"https:\/\/www.satlabgeo.com\/wp-content\/uploads\/2023\/06\/hydroboat-990-03.png\" \/>\n\t<meta property=\"og:image:width\" content=\"744\" \/>\n\t<meta property=\"og:image:height\" content=\"705\" \/>\n\t<meta property=\"og:image:type\" content=\"image\/png\" \/>\n<meta name=\"twitter:card\" content=\"summary_large_image\" \/>\n<meta name=\"twitter:label1\" content=\"Est. reading time\" \/>\n\t<meta name=\"twitter:data1\" content=\"1 dakika\" \/>\n<script type=\"application\/ld+json\" class=\"yoast-schema-graph\">{\"@context\":\"https:\/\/schema.org\",\"@graph\":[{\"@type\":\"WebPage\",\"@id\":\"https:\/\/www.satlabgeo.com\/product\/hydroboat-990-bathymetric-usv-system\/\",\"url\":\"https:\/\/www.satlabgeo.com\/product\/hydroboat-990-bathymetric-usv-system\/\",\"name\":\"HydroBoat 990 USV | SatLab\",\"isPartOf\":{\"@id\":\"https:\/\/www.satlabgeo.com\/#website\"},\"datePublished\":\"2023-06-20T04:08:11+00:00\",\"dateModified\":\"2025-11-26T03:28:02+00:00\",\"description\":\"HydroBoat 990 is an Android-powered USV system for bathymetric surveys. With only one man, one boat, and one controller to get the bathymetric surveys done.\",\"breadcrumb\":{\"@id\":\"https:\/\/www.satlabgeo.com\/product\/hydroboat-990-bathymetric-usv-system\/#breadcrumb\"},\"inLanguage\":\"tr\",\"potentialAction\":[{\"@type\":\"ReadAction\",\"target\":[\"https:\/\/www.satlabgeo.com\/product\/hydroboat-990-bathymetric-usv-system\/\"]}]},{\"@type\":\"BreadcrumbList\",\"@id\":\"https:\/\/www.satlabgeo.com\/product\/hydroboat-990-bathymetric-usv-system\/#breadcrumb\",\"itemListElement\":[{\"@type\":\"ListItem\",\"position\":1,\"name\":\"Home\",\"item\":\"https:\/\/www.satlabgeo.com\/\"},{\"@type\":\"ListItem\",\"position\":2,\"name\":\"Products\",\"item\":\"https:\/\/www.satlabgeo.com\/products\/\"},{\"@type\":\"ListItem\",\"position\":3,\"name\":\"HydroBoat 990 USV\"}]},{\"@type\":\"WebSite\",\"@id\":\"https:\/\/www.satlabgeo.com\/#website\",\"url\":\"https:\/\/www.satlabgeo.com\/\",\"name\":\"Global Satellite Positioning Solutions | SatLab Geosolutions AB\",\"description\":\"\",\"publisher\":{\"@id\":\"https:\/\/www.satlabgeo.com\/#organization\"},\"potentialAction\":[{\"@type\":\"SearchAction\",\"target\":{\"@type\":\"EntryPoint\",\"urlTemplate\":\"https:\/\/www.satlabgeo.com\/?s={search_term_string}\"},\"query-input\":\"required name=search_term_string\"}],\"inLanguage\":\"tr\"},{\"@type\":\"Organization\",\"@id\":\"https:\/\/www.satlabgeo.com\/#organization\",\"name\":\"Global Satellite Positioning Solutions | SatLab Geosolutions AB\",\"url\":\"https:\/\/www.satlabgeo.com\/\",\"sameAs\":[],\"logo\":{\"@type\":\"ImageObject\",\"inLanguage\":\"tr\",\"@id\":\"https:\/\/www.satlabgeo.com\/#\/schema\/logo\/image\/\",\"url\":\"https:\/\/www.satlabgeo.com\/wp-content\/uploads\/2025\/08\/satlab-logo.webp\",\"contentUrl\":\"https:\/\/www.satlabgeo.com\/wp-content\/uploads\/2025\/08\/satlab-logo.webp\",\"width\":191,\"height\":48,\"caption\":\"Global Satellite Positioning Solutions | SatLab Geosolutions AB\"},\"image\":{\"@id\":\"https:\/\/www.satlabgeo.com\/#\/schema\/logo\/image\/\"}}]}<\/script>\n<!-- \/ Yoast SEO plugin. -->","yoast_head_json":{"title":"HydroBoat 990 USV | SatLab","description":"HydroBoat 990 is an Android-powered USV system for bathymetric surveys. With only one man, one boat, and one controller to get the bathymetric surveys done.","robots":{"index":"index","follow":"follow","max-snippet":"max-snippet:-1","max-image-preview":"max-image-preview:large","max-video-preview":"max-video-preview:-1"},"canonical":"https:\/\/www.satlabgeo.com\/tr\/product\/hydroboat-990-bathymetric-usv-system\/","og_locale":"tr_TR","og_type":"article","og_title":"HydroBoat 990 USV | SatLab","og_description":"HydroBoat 990 is an Android-powered USV system for bathymetric surveys. With only one man, one boat, and one controller to get the bathymetric surveys done.","og_url":"https:\/\/www.satlabgeo.com\/tr\/product\/hydroboat-990-bathymetric-usv-system\/","og_site_name":"Global Satellite Positioning Solutions | SatLab Geosolutions AB","article_modified_time":"2025-11-26T03:28:02+00:00","og_image":[{"width":744,"height":705,"url":"https:\/\/www.satlabgeo.com\/wp-content\/uploads\/2023\/06\/hydroboat-990-03.png","type":"image\/png"}],"twitter_card":"summary_large_image","twitter_misc":{"Est. reading time":"1 dakika"},"schema":{"@context":"https:\/\/schema.org","@graph":[{"@type":"WebPage","@id":"https:\/\/www.satlabgeo.com\/product\/hydroboat-990-bathymetric-usv-system\/","url":"https:\/\/www.satlabgeo.com\/product\/hydroboat-990-bathymetric-usv-system\/","name":"HydroBoat 990 USV | SatLab","isPartOf":{"@id":"https:\/\/www.satlabgeo.com\/#website"},"datePublished":"2023-06-20T04:08:11+00:00","dateModified":"2025-11-26T03:28:02+00:00","description":"HydroBoat 990 is an Android-powered USV system for bathymetric surveys. With only one man, one boat, and one controller to get the bathymetric surveys done.","breadcrumb":{"@id":"https:\/\/www.satlabgeo.com\/product\/hydroboat-990-bathymetric-usv-system\/#breadcrumb"},"inLanguage":"tr","potentialAction":[{"@type":"ReadAction","target":["https:\/\/www.satlabgeo.com\/product\/hydroboat-990-bathymetric-usv-system\/"]}]},{"@type":"BreadcrumbList","@id":"https:\/\/www.satlabgeo.com\/product\/hydroboat-990-bathymetric-usv-system\/#breadcrumb","itemListElement":[{"@type":"ListItem","position":1,"name":"Home","item":"https:\/\/www.satlabgeo.com\/"},{"@type":"ListItem","position":2,"name":"Products","item":"https:\/\/www.satlabgeo.com\/products\/"},{"@type":"ListItem","position":3,"name":"HydroBoat 990 USV"}]},{"@type":"WebSite","@id":"https:\/\/www.satlabgeo.com\/#website","url":"https:\/\/www.satlabgeo.com\/","name":"Global Satellite Positioning Solutions | SatLab Geosolutions AB","description":"","publisher":{"@id":"https:\/\/www.satlabgeo.com\/#organization"},"potentialAction":[{"@type":"SearchAction","target":{"@type":"EntryPoint","urlTemplate":"https:\/\/www.satlabgeo.com\/?s={search_term_string}"},"query-input":"required name=search_term_string"}],"inLanguage":"tr"},{"@type":"Organization","@id":"https:\/\/www.satlabgeo.com\/#organization","name":"Global Satellite Positioning Solutions | SatLab Geosolutions AB","url":"https:\/\/www.satlabgeo.com\/","sameAs":[],"logo":{"@type":"ImageObject","inLanguage":"tr","@id":"https:\/\/www.satlabgeo.com\/#\/schema\/logo\/image\/","url":"https:\/\/www.satlabgeo.com\/wp-content\/uploads\/2025\/08\/satlab-logo.webp","contentUrl":"https:\/\/www.satlabgeo.com\/wp-content\/uploads\/2025\/08\/satlab-logo.webp","width":191,"height":48,"caption":"Global Satellite Positioning Solutions | SatLab Geosolutions AB"},"image":{"@id":"https:\/\/www.satlabgeo.com\/#\/schema\/logo\/image\/"}}]}},"_links":{"self":[{"href":"https:\/\/www.satlabgeo.com\/tr\/wp-json\/wp\/v2\/product\/981"}],"collection":[{"href":"https:\/\/www.satlabgeo.com\/tr\/wp-json\/wp\/v2\/product"}],"about":[{"href":"https:\/\/www.satlabgeo.com\/tr\/wp-json\/wp\/v2\/types\/product"}],"replies":[{"embeddable":true,"href":"https:\/\/www.satlabgeo.com\/tr\/wp-json\/wp\/v2\/comments?post=981"}],"version-history":[{"count":3,"href":"https:\/\/www.satlabgeo.com\/tr\/wp-json\/wp\/v2\/product\/981\/revisions"}],"predecessor-version":[{"id":3178,"href":"https:\/\/www.satlabgeo.com\/tr\/wp-json\/wp\/v2\/product\/981\/revisions\/3178"}],"wp:featuredmedia":[{"embeddable":true,"href":"https:\/\/www.satlabgeo.com\/tr\/wp-json\/wp\/v2\/media\/982"}],"wp:attachment":[{"href":"https:\/\/www.satlabgeo.com\/tr\/wp-json\/wp\/v2\/media?parent=981"}],"wp:term":[{"taxonomy":"product_cat","embeddable":true,"href":"https:\/\/www.satlabgeo.com\/tr\/wp-json\/wp\/v2\/product_cat?post=981"},{"taxonomy":"product_tag","embeddable":true,"href":"https:\/\/www.satlabgeo.com\/tr\/wp-json\/wp\/v2\/product_tag?post=981"}],"curies":[{"name":"wp","href":"https:\/\/api.w.org\/{rel}","templated":true}]}}