{"id":743,"date":"2022-10-11T02:42:11","date_gmt":"2022-10-11T02:42:11","guid":{"rendered":"https:\/\/www.satlabgeo.com\/?post_type=product&#038;p=743"},"modified":"2025-09-23T06:47:15","modified_gmt":"2025-09-23T06:47:15","slug":"eyr-gnss-rtk-system","status":"publish","type":"product","link":"https:\/\/www.satlabgeo.com\/tr\/product\/eyr-gnss-rtk-system\/","title":{"rendered":"Eyr GNSS RTK Sistemi"},"content":{"rendered":"<div class=\"landscape\"><img decoding=\"async\" src=\"https:\/\/www.satlabgeo.com\/wp-content\/uploads\/2022\/10\/Eyr-product.jpg\" alt=\"GNSS\" class=\"Eyr\" \/><\/div>\n<h3><\/h3>\n<h3>Daha G\u00fc\u00e7l\u00fc Uydu \u0130zleme ve Daha Y\u00fcksek Anti-parazit Yetene\u011fi<\/h3>\n<p>Eyr, daha istikrarl\u0131 ve verimli \u00e7al\u0131\u015fma i\u00e7in SatLab'\u0131n benzersiz \u00fcr\u00fcn tasar\u0131m\u0131 ve kendi geli\u015ftirdi\u011fi anten ile donat\u0131lm\u0131\u015ft\u0131r. Ayn\u0131 zamanda, 1408\/1760 kanala kadar destekleyen ve geli\u015fmi\u015f bir SoC platformuna sahip, d\u00fc\u015f\u00fck g\u00fc\u00e7 t\u00fcketimli, y\u00fcksek entegrasyonlu bir anakart yongas\u0131 da Eyr'\u0131n temel \u00f6zelli\u011fidir.<\/p>\n<p>M\u00fckemmel donan\u0131m yap\u0131land\u0131rmas\u0131, parazit sinyallerini verimli bir \u015fekilde bast\u0131r\u0131r ve uydu tak\u0131mlar\u0131ndan daha y\u00fcksek kaliteli g\u00f6zlem verileri elde eder.<\/p>\n<h3>\u00c7ok Protokoll\u00fc Al\u0131c\u0131-Verici Dahili Radyo<\/h3>\n<p>Dahili \u00e7oklu protokol radyo, birden fazla RTK radyo veri ba\u011flant\u0131s\u0131 markas\u0131yla uyumlu diferansiyel verileri iletir ve al\u0131r.<\/p>\n<p>Kendi geli\u015ftirdi\u011fi radyo mod\u00fcl\u00fc, Eyr'\u0131n tipik 7 km'lik a\u00e7\u0131k hava \u00e7al\u0131\u015fma aral\u0131\u011f\u0131nda iyi performans g\u00f6stermesini sa\u011flamakla kalmaz, ideal \u00e7al\u0131\u015fma ko\u015fullar\u0131nda daha da iyi performans g\u00f6stermesini sa\u011flar.<\/p>\n<h3>Kolay G\u00f6rselle\u015ftirme i\u00e7in HD \u00c7ift Kamera Bina Y\u00fckseklik \u00d6l\u00e7\u00fcm\u00fc ve H\u0131zl\u0131 Aplikasyon<\/h3>\n<p>Android sistemindeki y\u00fcksek performansl\u0131 g\u00f6r\u00fcnt\u00fc i\u015fleme teknolojisine dayanan 5 megapiksel arka kamera, kontrol\u00f6rle birlikte 2-15 metre aral\u0131\u011f\u0131nda ve 2-4 cm hassasiyetle ger\u00e7ek zamanl\u0131 olarak kesin koordinatlar\u0131 yakalar.<\/p>\n<p>Alt\u0131ndaki 2 MP kamera, 2 cm hassasiyetle AR canl\u0131 g\u00f6r\u00fcnt\u00fcleme aplikasyon i\u015flemini m\u00fcmk\u00fcn k\u0131lar ve aplike noktas\u0131na ula\u015fmak i\u00e7in harcanan zaman ve \u00e7abadan tasarruf sa\u011flar. Ku\u015fkusuz, yeni g\u00f6r\u00fcnt\u00fc \u00f6l\u00e7\u00fcm i\u015flevi temass\u0131z \u00f6l\u00e7\u00fcmleri m\u00fcmk\u00fcn k\u0131lar ve verimli ve g\u00fcvenli \u00e7al\u0131\u015fma i\u00e7in GNSS'nin kullan\u0131labilir aral\u0131\u011f\u0131n\u0131 b\u00fcy\u00fck \u00f6l\u00e7\u00fcde art\u0131r\u0131r.<\/p>\n<h3>Yaz\u0131l\u0131m Deste\u011fi<\/h3>\n<p>SatLab Satsurv, Eyr GNSS al\u0131c\u0131s\u0131 i\u00e7in en iyi yard\u0131mc\u0131d\u0131r. Profesyonel saha \u00f6l\u00e7\u00fcm yaz\u0131l\u0131m\u0131 i\u015flevsel ve kullan\u0131m\u0131 kolayd\u0131r, b\u00f6ylece Eyr'in performans\u0131n\u0131 daha da art\u0131r\u0131r.<br \/>\nSGS, \u00f6l\u00e7\u00fcm verilerinin sonradan i\u015flenmesi i\u00e7in \u00e7ok y\u00f6nl\u00fc bir masa\u00fcst\u00fc yaz\u0131l\u0131m\u0131d\u0131r ve kullan\u0131c\u0131lar\u0131n \u00e7ok \u00e7e\u015fitli verileri sonradan i\u015fleme ihtiya\u00e7lar\u0131n\u0131 kar\u015f\u0131lar.<\/p>\n<p>Ayr\u0131ca, Eyr ile elde edilen g\u00f6r\u00fcnt\u00fc verisi sonu\u00e7lar\u0131 t\u00fcr\u00fc, ContextCapture, DPSmart ve Pix4D gibi yayg\u0131n olarak kullan\u0131lan \u00fc\u00e7\u00fcnc\u00fc taraf 3D modelleme yaz\u0131l\u0131mlar\u0131yla uyumludur.<\/p>\n<p>3D modelleme \u00f6zelli\u011fi, Eyr'i i\u015fbirli\u011fine dayal\u0131 \u0130HA operasyonlar\u0131 i\u00e7in m\u00fckemmel bir ortak haline getirir.<\/p>","protected":false},"excerpt":{"rendered":"<p>\u00c7ift kamera ile donat\u0131lm\u0131\u015f Eyr, g\u00f6r\u00fcnt\u00fc \u00f6l\u00e7\u00fcm\u00fc ve g\u00f6rsel aplikasyon \u00f6zelliklerine sahiptir. Bu \u00f6zellikler, geni\u015f bir yelpazede temass\u0131z \u00f6l\u00e7\u00fcm \u00e7\u00f6z\u00fcmleri sunmakla kalmaz, ayn\u0131 zamanda \u00f6l\u00e7me i\u015flemlerini sezgisel ve basit hale getirir. RTK'n\u0131n tasar\u0131m\u0131 estetik ve pratiktir. Cep boyutunda ve hafif g\u00f6vdesi, ta\u015f\u0131nabilir ve \u00e7ok y\u00f6nl\u00fc olmas\u0131n\u0131 sa\u011flar.<\/p>","protected":false},"featured_media":744,"comment_status":"open","ping_status":"closed","template":"","meta":{"_links_to":"","_links_to_target":""},"product_cat":[26],"product_tag":[],"yoast_head":"<!-- This site is optimized with the Yoast SEO plugin v19.8 - https:\/\/yoast.com\/wordpress\/plugins\/seo\/ -->\n<title>Eyr GNSS RTK System | Global Satellite Positioning Solutions | SatLab Geosolutions AB<\/title>\n<meta name=\"robots\" content=\"index, follow, max-snippet:-1, max-image-preview:large, max-video-preview:-1\" \/>\n<link rel=\"canonical\" href=\"https:\/\/www.satlabgeo.com\/tr\/product\/eyr-gnss-rtk-system\/\" \/>\n<meta property=\"og:locale\" content=\"tr_TR\" \/>\n<meta property=\"og:type\" content=\"article\" \/>\n<meta property=\"og:title\" content=\"Eyr GNSS RTK System | Global Satellite Positioning Solutions | SatLab Geosolutions AB\" \/>\n<meta property=\"og:description\" content=\"Equipped with dual cameras, the Eyr features image measurement and visual stakeout, which not only provide a wide range of contact-free measurement solutions but also make stakeout operations intuitive and simple. The design of the RTK is aesthetic but practical, and the pocket-sized and lightweight body makes it portable and versatile.\" \/>\n<meta property=\"og:url\" content=\"https:\/\/www.satlabgeo.com\/tr\/product\/eyr-gnss-rtk-system\/\" \/>\n<meta property=\"og:site_name\" content=\"Global Satellite Positioning Solutions | SatLab Geosolutions AB\" \/>\n<meta property=\"article:modified_time\" content=\"2025-09-23T06:47:15+00:00\" \/>\n<meta property=\"og:image\" content=\"https:\/\/www.satlabgeo.com\/wp-content\/uploads\/2022\/10\/Eyr-01.png\" \/>\n\t<meta property=\"og:image:width\" content=\"744\" \/>\n\t<meta property=\"og:image:height\" content=\"705\" \/>\n\t<meta property=\"og:image:type\" content=\"image\/png\" \/>\n<meta name=\"twitter:card\" content=\"summary_large_image\" \/>\n<meta name=\"twitter:label1\" content=\"Est. reading time\" \/>\n\t<meta name=\"twitter:data1\" content=\"2 dakika\" \/>\n<script type=\"application\/ld+json\" class=\"yoast-schema-graph\">{\"@context\":\"https:\/\/schema.org\",\"@graph\":[{\"@type\":\"WebPage\",\"@id\":\"https:\/\/www.satlabgeo.com\/product\/eyr-gnss-rtk-system\/\",\"url\":\"https:\/\/www.satlabgeo.com\/product\/eyr-gnss-rtk-system\/\",\"name\":\"Eyr GNSS RTK System | Global Satellite Positioning Solutions | SatLab Geosolutions AB\",\"isPartOf\":{\"@id\":\"https:\/\/www.satlabgeo.com\/#website\"},\"datePublished\":\"2022-10-11T02:42:11+00:00\",\"dateModified\":\"2025-09-23T06:47:15+00:00\",\"breadcrumb\":{\"@id\":\"https:\/\/www.satlabgeo.com\/product\/eyr-gnss-rtk-system\/#breadcrumb\"},\"inLanguage\":\"tr\",\"potentialAction\":[{\"@type\":\"ReadAction\",\"target\":[\"https:\/\/www.satlabgeo.com\/product\/eyr-gnss-rtk-system\/\"]}]},{\"@type\":\"BreadcrumbList\",\"@id\":\"https:\/\/www.satlabgeo.com\/product\/eyr-gnss-rtk-system\/#breadcrumb\",\"itemListElement\":[{\"@type\":\"ListItem\",\"position\":1,\"name\":\"Home\",\"item\":\"https:\/\/www.satlabgeo.com\/\"},{\"@type\":\"ListItem\",\"position\":2,\"name\":\"Products\",\"item\":\"https:\/\/www.satlabgeo.com\/products\/\"},{\"@type\":\"ListItem\",\"position\":3,\"name\":\"Eyr GNSS RTK System\"}]},{\"@type\":\"WebSite\",\"@id\":\"https:\/\/www.satlabgeo.com\/#website\",\"url\":\"https:\/\/www.satlabgeo.com\/\",\"name\":\"Global Satellite Positioning Solutions | SatLab Geosolutions AB\",\"description\":\"\",\"publisher\":{\"@id\":\"https:\/\/www.satlabgeo.com\/#organization\"},\"potentialAction\":[{\"@type\":\"SearchAction\",\"target\":{\"@type\":\"EntryPoint\",\"urlTemplate\":\"https:\/\/www.satlabgeo.com\/?s={search_term_string}\"},\"query-input\":\"required name=search_term_string\"}],\"inLanguage\":\"tr\"},{\"@type\":\"Organization\",\"@id\":\"https:\/\/www.satlabgeo.com\/#organization\",\"name\":\"Global Satellite Positioning Solutions | SatLab Geosolutions AB\",\"url\":\"https:\/\/www.satlabgeo.com\/\",\"sameAs\":[],\"logo\":{\"@type\":\"ImageObject\",\"inLanguage\":\"tr\",\"@id\":\"https:\/\/www.satlabgeo.com\/#\/schema\/logo\/image\/\",\"url\":\"https:\/\/www.satlabgeo.com\/wp-content\/uploads\/2025\/08\/satlab-logo.webp\",\"contentUrl\":\"https:\/\/www.satlabgeo.com\/wp-content\/uploads\/2025\/08\/satlab-logo.webp\",\"width\":191,\"height\":48,\"caption\":\"Global Satellite Positioning Solutions | SatLab Geosolutions AB\"},\"image\":{\"@id\":\"https:\/\/www.satlabgeo.com\/#\/schema\/logo\/image\/\"}}]}<\/script>\n<!-- \/ Yoast SEO plugin. -->","yoast_head_json":{"title":"Eyr GNSS RTK System | Global Satellite Positioning Solutions | SatLab Geosolutions AB","robots":{"index":"index","follow":"follow","max-snippet":"max-snippet:-1","max-image-preview":"max-image-preview:large","max-video-preview":"max-video-preview:-1"},"canonical":"https:\/\/www.satlabgeo.com\/tr\/product\/eyr-gnss-rtk-system\/","og_locale":"tr_TR","og_type":"article","og_title":"Eyr GNSS RTK System | Global Satellite Positioning Solutions | SatLab Geosolutions AB","og_description":"Equipped with dual cameras, the Eyr features image measurement and visual stakeout, which not only provide a wide range of contact-free measurement solutions but also make stakeout operations intuitive and simple. The design of the RTK is aesthetic but practical, and the pocket-sized and lightweight body makes it portable and versatile.","og_url":"https:\/\/www.satlabgeo.com\/tr\/product\/eyr-gnss-rtk-system\/","og_site_name":"Global Satellite Positioning Solutions | SatLab Geosolutions AB","article_modified_time":"2025-09-23T06:47:15+00:00","og_image":[{"width":744,"height":705,"url":"https:\/\/www.satlabgeo.com\/wp-content\/uploads\/2022\/10\/Eyr-01.png","type":"image\/png"}],"twitter_card":"summary_large_image","twitter_misc":{"Est. reading time":"2 dakika"},"schema":{"@context":"https:\/\/schema.org","@graph":[{"@type":"WebPage","@id":"https:\/\/www.satlabgeo.com\/product\/eyr-gnss-rtk-system\/","url":"https:\/\/www.satlabgeo.com\/product\/eyr-gnss-rtk-system\/","name":"Eyr GNSS RTK System | Global Satellite Positioning Solutions | SatLab Geosolutions AB","isPartOf":{"@id":"https:\/\/www.satlabgeo.com\/#website"},"datePublished":"2022-10-11T02:42:11+00:00","dateModified":"2025-09-23T06:47:15+00:00","breadcrumb":{"@id":"https:\/\/www.satlabgeo.com\/product\/eyr-gnss-rtk-system\/#breadcrumb"},"inLanguage":"tr","potentialAction":[{"@type":"ReadAction","target":["https:\/\/www.satlabgeo.com\/product\/eyr-gnss-rtk-system\/"]}]},{"@type":"BreadcrumbList","@id":"https:\/\/www.satlabgeo.com\/product\/eyr-gnss-rtk-system\/#breadcrumb","itemListElement":[{"@type":"ListItem","position":1,"name":"Home","item":"https:\/\/www.satlabgeo.com\/"},{"@type":"ListItem","position":2,"name":"Products","item":"https:\/\/www.satlabgeo.com\/products\/"},{"@type":"ListItem","position":3,"name":"Eyr GNSS RTK System"}]},{"@type":"WebSite","@id":"https:\/\/www.satlabgeo.com\/#website","url":"https:\/\/www.satlabgeo.com\/","name":"Global Satellite Positioning Solutions | SatLab Geosolutions AB","description":"","publisher":{"@id":"https:\/\/www.satlabgeo.com\/#organization"},"potentialAction":[{"@type":"SearchAction","target":{"@type":"EntryPoint","urlTemplate":"https:\/\/www.satlabgeo.com\/?s={search_term_string}"},"query-input":"required name=search_term_string"}],"inLanguage":"tr"},{"@type":"Organization","@id":"https:\/\/www.satlabgeo.com\/#organization","name":"Global Satellite Positioning Solutions | SatLab Geosolutions AB","url":"https:\/\/www.satlabgeo.com\/","sameAs":[],"logo":{"@type":"ImageObject","inLanguage":"tr","@id":"https:\/\/www.satlabgeo.com\/#\/schema\/logo\/image\/","url":"https:\/\/www.satlabgeo.com\/wp-content\/uploads\/2025\/08\/satlab-logo.webp","contentUrl":"https:\/\/www.satlabgeo.com\/wp-content\/uploads\/2025\/08\/satlab-logo.webp","width":191,"height":48,"caption":"Global Satellite Positioning Solutions | SatLab Geosolutions AB"},"image":{"@id":"https:\/\/www.satlabgeo.com\/#\/schema\/logo\/image\/"}}]}},"_links":{"self":[{"href":"https:\/\/www.satlabgeo.com\/tr\/wp-json\/wp\/v2\/product\/743"}],"collection":[{"href":"https:\/\/www.satlabgeo.com\/tr\/wp-json\/wp\/v2\/product"}],"about":[{"href":"https:\/\/www.satlabgeo.com\/tr\/wp-json\/wp\/v2\/types\/product"}],"replies":[{"embeddable":true,"href":"https:\/\/www.satlabgeo.com\/tr\/wp-json\/wp\/v2\/comments?post=743"}],"version-history":[{"count":4,"href":"https:\/\/www.satlabgeo.com\/tr\/wp-json\/wp\/v2\/product\/743\/revisions"}],"predecessor-version":[{"id":2867,"href":"https:\/\/www.satlabgeo.com\/tr\/wp-json\/wp\/v2\/product\/743\/revisions\/2867"}],"wp:featuredmedia":[{"embeddable":true,"href":"https:\/\/www.satlabgeo.com\/tr\/wp-json\/wp\/v2\/media\/744"}],"wp:attachment":[{"href":"https:\/\/www.satlabgeo.com\/tr\/wp-json\/wp\/v2\/media?parent=743"}],"wp:term":[{"taxonomy":"product_cat","embeddable":true,"href":"https:\/\/www.satlabgeo.com\/tr\/wp-json\/wp\/v2\/product_cat?post=743"},{"taxonomy":"product_tag","embeddable":true,"href":"https:\/\/www.satlabgeo.com\/tr\/wp-json\/wp\/v2\/product_tag?post=743"}],"curies":[{"name":"wp","href":"https:\/\/api.w.org\/{rel}","templated":true}]}}