{"id":704,"date":"2022-09-28T01:37:45","date_gmt":"2022-09-28T01:37:45","guid":{"rendered":"https:\/\/www.satlabgeo.com\/?post_type=product&#038;p=704"},"modified":"2025-08-15T07:54:57","modified_gmt":"2025-08-15T07:54:57","slug":"hydroflow","status":"publish","type":"product","link":"https:\/\/www.satlabgeo.com\/tr\/product\/hydroflow\/","title":{"rendered":"HydroFlow Akustik Doppler Ak\u0131m Profili \u00d6l\u00e7er"},"content":{"rendered":"<div class=\"landscape\"><img decoding=\"async\" src=\"https:\/\/www.satlabgeo.com\/wp-content\/uploads\/2022\/09\/ADCP-1.jpg\" alt=\"ADCP\" \/><\/div>\n<h3><\/h3>\n<h3>Birden Fazla Dahili Sens\u00f6r<\/h3>\n<p>Jiroskop, s\u0131cakl\u0131k, bas\u0131n\u00e7 ve e\u011fim sens\u00f6r\u00fcn\u00fc entegre eden HydroFlow 600\/1200, \u00e7al\u0131\u015fma referans\u0131 i\u00e7in birden fazla bilgi kayna\u011f\u0131 sunar.<\/p>\n<h3>Uzun Profil Olu\u015fturma Aral\u0131\u011f\u0131 Birden Fazla H\u00fccre<\/h3>\n<p>600 Hz \u00e7al\u0131\u015fma frekans\u0131, mevcut \u00f6l\u00e7\u00fcm aral\u0131\u011f\u0131n\u0131 75 metreye kadar (Hydro-FLow1200'de 25 metreye kadar) ve maksimum 256 h\u00fccreye kadar geni\u015fletir.<\/p>\n<h3>Y\u00fcksek Hassasiyetli Ak\u0131m \u00d6l\u00e7\u00fcm\u00fc<\/h3>\n<p>Geni\u015f bantl\u0131 sinyal i\u015fleme teknolojisi ile desteklenen g\u00fcr\u00fclt\u00fc \u00f6nleme seviyesi iyile\u015ftirilmi\u015f olup, ak\u0131m \u00f6l\u00e7\u00fcm hassasiyeti 0,25 \u00b10,25 cm\/s'ye kadar \u00e7\u0131kabilmektedir.<\/p>\n<h3>Kullan\u0131m\u0131 Kolay Yaz\u0131l\u0131m<\/h3>\n<p>Net yaz\u0131l\u0131m \u00e7al\u0131\u015fma ak\u0131\u015f\u0131 ve kullan\u0131c\u0131 aray\u00fcz\u00fc, \u00f6\u011frenme e\u011frisini d\u00fc\u015f\u00fcrerek kullan\u0131m\u0131 kolayla\u015ft\u0131r\u0131r.<\/p>","protected":false},"excerpt":{"rendered":"<p>HydroFlow serisi do\u011frudan okunabilen Akustik Doppler Ak\u0131m Profili \u00d6l\u00e7er (ADCP), trimaran, UVS, \u015famand\u0131ralar ve deniz taban\u0131 montaj\u0131 gibi esnek platformlara yerle\u015ftirilebilen, do\u011fru ve kullan\u0131m\u0131 kolay bir ak\u0131m profili \u00f6l\u00e7\u00fcm sistemidir. 75 m\/25 m aral\u0131\u011f\u0131nda do\u011fru \u00f6l\u00e7\u00fcm sa\u011flayan HydroFlow 600\/1200, nehirlerin, kanallar\u0131n, a\u00e7\u0131k denizlerin ve di\u011fer m\u00fchendislik projelerinin de\u015farj\u0131n\u0131 izlemek ve \u00f6l\u00e7mek i\u00e7in yayg\u0131n olarak kullan\u0131labilir.<\/p>","protected":false},"featured_media":705,"comment_status":"open","ping_status":"closed","template":"","meta":{"_links_to":"","_links_to_target":""},"product_cat":[73],"product_tag":[],"yoast_head":"<!-- This site is optimized with the Yoast SEO plugin v19.8 - https:\/\/yoast.com\/wordpress\/plugins\/seo\/ -->\n<title>HydroFlow ADCP | SatLab<\/title>\n<meta name=\"description\" content=\"Providing accurate measurement with 75m\/25m range, the ADCP 600\/ 1200 can be widely used for monitoring and surveying discharge of rivers, canal, ect.\" \/>\n<meta name=\"robots\" content=\"index, follow, max-snippet:-1, max-image-preview:large, max-video-preview:-1\" \/>\n<link rel=\"canonical\" href=\"https:\/\/www.satlabgeo.com\/tr\/product\/hydroflow\/\" \/>\n<meta property=\"og:locale\" content=\"tr_TR\" \/>\n<meta property=\"og:type\" content=\"article\" \/>\n<meta property=\"og:title\" content=\"HydroFlow ADCP | SatLab\" \/>\n<meta property=\"og:description\" content=\"Providing accurate measurement with 75m\/25m range, the ADCP 600\/ 1200 can be widely used for monitoring and surveying discharge of rivers, canal, ect.\" \/>\n<meta property=\"og:url\" content=\"https:\/\/www.satlabgeo.com\/tr\/product\/hydroflow\/\" \/>\n<meta property=\"og:site_name\" content=\"Global Satellite Positioning Solutions | SatLab Geosolutions AB\" \/>\n<meta property=\"article:modified_time\" content=\"2025-08-15T07:54:57+00:00\" \/>\n<meta property=\"og:image\" content=\"https:\/\/www.satlabgeo.com\/wp-content\/uploads\/2022\/09\/HydroFlow-600-2.png\" \/>\n\t<meta property=\"og:image:width\" content=\"744\" \/>\n\t<meta property=\"og:image:height\" content=\"705\" \/>\n\t<meta property=\"og:image:type\" content=\"image\/png\" \/>\n<meta name=\"twitter:card\" content=\"summary_large_image\" \/>\n<meta name=\"twitter:label1\" content=\"Est. reading time\" \/>\n\t<meta name=\"twitter:data1\" content=\"1 dakika\" \/>\n<script type=\"application\/ld+json\" class=\"yoast-schema-graph\">{\"@context\":\"https:\/\/schema.org\",\"@graph\":[{\"@type\":\"WebPage\",\"@id\":\"https:\/\/www.satlabgeo.com\/product\/hydroflow\/\",\"url\":\"https:\/\/www.satlabgeo.com\/product\/hydroflow\/\",\"name\":\"HydroFlow ADCP | SatLab\",\"isPartOf\":{\"@id\":\"https:\/\/www.satlabgeo.com\/#website\"},\"datePublished\":\"2022-09-28T01:37:45+00:00\",\"dateModified\":\"2025-08-15T07:54:57+00:00\",\"description\":\"Providing accurate measurement with 75m\/25m range, the ADCP 600\/ 1200 can be widely used for monitoring and surveying discharge of rivers, canal, ect.\",\"breadcrumb\":{\"@id\":\"https:\/\/www.satlabgeo.com\/product\/hydroflow\/#breadcrumb\"},\"inLanguage\":\"tr\",\"potentialAction\":[{\"@type\":\"ReadAction\",\"target\":[\"https:\/\/www.satlabgeo.com\/product\/hydroflow\/\"]}]},{\"@type\":\"BreadcrumbList\",\"@id\":\"https:\/\/www.satlabgeo.com\/product\/hydroflow\/#breadcrumb\",\"itemListElement\":[{\"@type\":\"ListItem\",\"position\":1,\"name\":\"Home\",\"item\":\"https:\/\/www.satlabgeo.com\/\"},{\"@type\":\"ListItem\",\"position\":2,\"name\":\"Products\",\"item\":\"https:\/\/www.satlabgeo.com\/products\/\"},{\"@type\":\"ListItem\",\"position\":3,\"name\":\"HydroFlow Acoustic Doppler Current Profiler\"}]},{\"@type\":\"WebSite\",\"@id\":\"https:\/\/www.satlabgeo.com\/#website\",\"url\":\"https:\/\/www.satlabgeo.com\/\",\"name\":\"Global Satellite Positioning Solutions | SatLab Geosolutions AB\",\"description\":\"\",\"publisher\":{\"@id\":\"https:\/\/www.satlabgeo.com\/#organization\"},\"potentialAction\":[{\"@type\":\"SearchAction\",\"target\":{\"@type\":\"EntryPoint\",\"urlTemplate\":\"https:\/\/www.satlabgeo.com\/?s={search_term_string}\"},\"query-input\":\"required name=search_term_string\"}],\"inLanguage\":\"tr\"},{\"@type\":\"Organization\",\"@id\":\"https:\/\/www.satlabgeo.com\/#organization\",\"name\":\"Global Satellite Positioning Solutions | SatLab Geosolutions AB\",\"url\":\"https:\/\/www.satlabgeo.com\/\",\"sameAs\":[],\"logo\":{\"@type\":\"ImageObject\",\"inLanguage\":\"tr\",\"@id\":\"https:\/\/www.satlabgeo.com\/#\/schema\/logo\/image\/\",\"url\":\"https:\/\/www.satlabgeo.com\/wp-content\/uploads\/2025\/08\/satlab-logo.webp\",\"contentUrl\":\"https:\/\/www.satlabgeo.com\/wp-content\/uploads\/2025\/08\/satlab-logo.webp\",\"width\":191,\"height\":48,\"caption\":\"Global Satellite Positioning Solutions | SatLab Geosolutions AB\"},\"image\":{\"@id\":\"https:\/\/www.satlabgeo.com\/#\/schema\/logo\/image\/\"}}]}<\/script>\n<!-- \/ Yoast SEO plugin. -->","yoast_head_json":{"title":"HydroFlow ADCP | SatLab","description":"Providing accurate measurement with 75m\/25m range, the ADCP 600\/ 1200 can be widely used for monitoring and surveying discharge of rivers, canal, ect.","robots":{"index":"index","follow":"follow","max-snippet":"max-snippet:-1","max-image-preview":"max-image-preview:large","max-video-preview":"max-video-preview:-1"},"canonical":"https:\/\/www.satlabgeo.com\/tr\/product\/hydroflow\/","og_locale":"tr_TR","og_type":"article","og_title":"HydroFlow ADCP | SatLab","og_description":"Providing accurate measurement with 75m\/25m range, the ADCP 600\/ 1200 can be widely used for monitoring and surveying discharge of rivers, canal, ect.","og_url":"https:\/\/www.satlabgeo.com\/tr\/product\/hydroflow\/","og_site_name":"Global Satellite Positioning Solutions | SatLab Geosolutions AB","article_modified_time":"2025-08-15T07:54:57+00:00","og_image":[{"width":744,"height":705,"url":"https:\/\/www.satlabgeo.com\/wp-content\/uploads\/2022\/09\/HydroFlow-600-2.png","type":"image\/png"}],"twitter_card":"summary_large_image","twitter_misc":{"Est. reading time":"1 dakika"},"schema":{"@context":"https:\/\/schema.org","@graph":[{"@type":"WebPage","@id":"https:\/\/www.satlabgeo.com\/product\/hydroflow\/","url":"https:\/\/www.satlabgeo.com\/product\/hydroflow\/","name":"HydroFlow ADCP | SatLab","isPartOf":{"@id":"https:\/\/www.satlabgeo.com\/#website"},"datePublished":"2022-09-28T01:37:45+00:00","dateModified":"2025-08-15T07:54:57+00:00","description":"Providing accurate measurement with 75m\/25m range, the ADCP 600\/ 1200 can be widely used for monitoring and surveying discharge of rivers, canal, ect.","breadcrumb":{"@id":"https:\/\/www.satlabgeo.com\/product\/hydroflow\/#breadcrumb"},"inLanguage":"tr","potentialAction":[{"@type":"ReadAction","target":["https:\/\/www.satlabgeo.com\/product\/hydroflow\/"]}]},{"@type":"BreadcrumbList","@id":"https:\/\/www.satlabgeo.com\/product\/hydroflow\/#breadcrumb","itemListElement":[{"@type":"ListItem","position":1,"name":"Home","item":"https:\/\/www.satlabgeo.com\/"},{"@type":"ListItem","position":2,"name":"Products","item":"https:\/\/www.satlabgeo.com\/products\/"},{"@type":"ListItem","position":3,"name":"HydroFlow Acoustic Doppler Current Profiler"}]},{"@type":"WebSite","@id":"https:\/\/www.satlabgeo.com\/#website","url":"https:\/\/www.satlabgeo.com\/","name":"Global Satellite Positioning Solutions | SatLab Geosolutions AB","description":"","publisher":{"@id":"https:\/\/www.satlabgeo.com\/#organization"},"potentialAction":[{"@type":"SearchAction","target":{"@type":"EntryPoint","urlTemplate":"https:\/\/www.satlabgeo.com\/?s={search_term_string}"},"query-input":"required name=search_term_string"}],"inLanguage":"tr"},{"@type":"Organization","@id":"https:\/\/www.satlabgeo.com\/#organization","name":"Global Satellite Positioning Solutions | SatLab Geosolutions AB","url":"https:\/\/www.satlabgeo.com\/","sameAs":[],"logo":{"@type":"ImageObject","inLanguage":"tr","@id":"https:\/\/www.satlabgeo.com\/#\/schema\/logo\/image\/","url":"https:\/\/www.satlabgeo.com\/wp-content\/uploads\/2025\/08\/satlab-logo.webp","contentUrl":"https:\/\/www.satlabgeo.com\/wp-content\/uploads\/2025\/08\/satlab-logo.webp","width":191,"height":48,"caption":"Global Satellite Positioning Solutions | SatLab Geosolutions AB"},"image":{"@id":"https:\/\/www.satlabgeo.com\/#\/schema\/logo\/image\/"}}]}},"_links":{"self":[{"href":"https:\/\/www.satlabgeo.com\/tr\/wp-json\/wp\/v2\/product\/704"}],"collection":[{"href":"https:\/\/www.satlabgeo.com\/tr\/wp-json\/wp\/v2\/product"}],"about":[{"href":"https:\/\/www.satlabgeo.com\/tr\/wp-json\/wp\/v2\/types\/product"}],"replies":[{"embeddable":true,"href":"https:\/\/www.satlabgeo.com\/tr\/wp-json\/wp\/v2\/comments?post=704"}],"version-history":[{"count":2,"href":"https:\/\/www.satlabgeo.com\/tr\/wp-json\/wp\/v2\/product\/704\/revisions"}],"predecessor-version":[{"id":2815,"href":"https:\/\/www.satlabgeo.com\/tr\/wp-json\/wp\/v2\/product\/704\/revisions\/2815"}],"wp:featuredmedia":[{"embeddable":true,"href":"https:\/\/www.satlabgeo.com\/tr\/wp-json\/wp\/v2\/media\/705"}],"wp:attachment":[{"href":"https:\/\/www.satlabgeo.com\/tr\/wp-json\/wp\/v2\/media?parent=704"}],"wp:term":[{"taxonomy":"product_cat","embeddable":true,"href":"https:\/\/www.satlabgeo.com\/tr\/wp-json\/wp\/v2\/product_cat?post=704"},{"taxonomy":"product_tag","embeddable":true,"href":"https:\/\/www.satlabgeo.com\/tr\/wp-json\/wp\/v2\/product_tag?post=704"}],"curies":[{"name":"wp","href":"https:\/\/api.w.org\/{rel}","templated":true}]}}