{"id":700,"date":"2022-09-28T01:18:16","date_gmt":"2022-09-28T01:18:16","guid":{"rendered":"https:\/\/www.satlabgeo.com\/?post_type=product&#038;p=700"},"modified":"2024-04-23T10:18:58","modified_gmt":"2024-04-23T10:18:58","slug":"hydroscan-side-scan-sonar","status":"publish","type":"product","link":"https:\/\/www.satlabgeo.com\/tr\/product\/hydroscan-side-scan-sonar\/","title":{"rendered":"HydroScan Yan Tarama Sonar\u0131"},"content":{"rendered":"<div class=\"landscape\"><img decoding=\"async\" src=\"https:\/\/www.satlabgeo.com\/wp-content\/uploads\/2022\/09\/Hydroscan.jpg\" alt=\"Hidroskan\" \/><\/div>\n<h3><\/h3>\n<h3>Birden Fazla Frekans Se\u00e7ene\u011fi Mevcut<\/h3>\n<p>Gerekli uygulamalara g\u00f6re birden fazla frekans se\u00e7ene\u011fi mevcuttur. 100\/900 kHz, 400\/900 kHz ve 400 kHz se\u00e7enekleri ile kullan\u0131c\u0131lar her zaman uygun bir mod bulabilirler.<\/p>\n<h3>Ger\u00e7ek Zamanl\u0131 CW ve CHIRP<\/h3>\n<p>Ger\u00e7ek zamanl\u0131 ge\u00e7i\u015f, kullan\u0131c\u0131lara uyarlanabilir bir \u00e7\u00f6z\u00fcm sunarken, g\u00fcr\u00fclt\u00fc \u00f6nleme performans\u0131 iyile\u015ftirilmi\u015f, \u00e7\u00f6z\u00fcn\u00fcrl\u00fck art\u0131r\u0131lm\u0131\u015f ve menzil uzat\u0131lm\u0131\u015ft\u0131r.<\/p>\n<h3>Birden Fazla Dahili Sens\u00f6r<\/h3>\n<p>Y\u00f6n, e\u011fim, yuvarlanma, derinlik ve bas\u0131n\u00e7 sens\u00f6rlerini entegre ederek, g\u00f6r\u00fcnt\u00fcler ger\u00e7ek zamanl\u0131 olarak d\u00fczeltilir ve operasyonel g\u00fcvenli\u011fi sa\u011flamak i\u00e7in ilgili referans bilgileri elde edilebilir.<\/p>\n<h3>Ultra K\u00fc\u00e7\u00fck I\u015f\u0131n A\u00e7\u0131s\u0131<\/h3>\n<p>Ultra K\u00fc\u00e7\u00fck I\u015f\u0131n A\u00e7\u0131s\u0131. I\u015f\u0131n a\u00e7\u0131s\u0131 0,2\u00b0'ye kadar \u00e7\u0131kabilir ve 1,25 cm'ye kadar \u00e7\u00f6z\u00fcn\u00fcrl\u00fck sa\u011flar, b\u00f6ylece daha k\u00fc\u00e7\u00fck nesneleri kolayca tan\u0131yabilirsiniz.<\/p>","protected":false},"excerpt":{"rendered":"<p>100 kHz, 400 kHz veya 900 kHz gibi \u00e7oklu frekanslarda CW ve CHIRP aras\u0131nda serbest\u00e7e ge\u00e7i\u015f yapma imkan\u0131 sunan yan tarama sonar sistemi, nesne arama, tarama ve di\u011fer end\u00fcstri uygulamalar\u0131 i\u00e7in \u00e7ift e\u015fzamanl\u0131 frekansta su taban\u0131n\u0131n daha net bir g\u00f6r\u00fcnt\u00fcs\u00fcn\u00fc sa\u011flar.<\/p>","protected":false},"featured_media":701,"comment_status":"open","ping_status":"closed","template":"","meta":{"_links_to":"","_links_to_target":""},"product_cat":[73],"product_tag":[],"yoast_head":"<!-- This site is optimized with the Yoast SEO plugin v19.8 - https:\/\/yoast.com\/wordpress\/plugins\/seo\/ -->\n<title>HydroScan Side Scan Sonar | Global Satellite Positioning Solutions | SatLab Geosolutions AB<\/title>\n<meta name=\"robots\" content=\"index, follow, max-snippet:-1, max-image-preview:large, max-video-preview:-1\" \/>\n<link rel=\"canonical\" href=\"https:\/\/www.satlabgeo.com\/tr\/product\/hydroscan-side-scan-sonar\/\" \/>\n<meta property=\"og:locale\" content=\"tr_TR\" \/>\n<meta property=\"og:type\" content=\"article\" \/>\n<meta property=\"og:title\" content=\"HydroScan Side Scan Sonar | Global Satellite Positioning Solutions | SatLab Geosolutions AB\" \/>\n<meta property=\"og:description\" content=\"With the possibility to switch freely between CW and CHIRP on multiple frequencies, at 100kHz, 400kHz or 900kHz, the side scan sonar system provides a clearer view of the water bottom on dual simultaneous frequency, for object searching, dredging, and other industry applications.\" \/>\n<meta property=\"og:url\" content=\"https:\/\/www.satlabgeo.com\/tr\/product\/hydroscan-side-scan-sonar\/\" \/>\n<meta property=\"og:site_name\" content=\"Global Satellite Positioning Solutions | SatLab Geosolutions AB\" \/>\n<meta property=\"article:modified_time\" content=\"2024-04-23T10:18:58+00:00\" \/>\n<meta property=\"og:image\" content=\"https:\/\/www.satlabgeo.com\/wp-content\/uploads\/2022\/09\/HydroScan-1400-4900.png\" \/>\n\t<meta property=\"og:image:width\" content=\"744\" \/>\n\t<meta property=\"og:image:height\" content=\"705\" \/>\n\t<meta property=\"og:image:type\" content=\"image\/png\" \/>\n<meta name=\"twitter:card\" content=\"summary_large_image\" \/>\n<meta name=\"twitter:label1\" content=\"Est. reading time\" \/>\n\t<meta name=\"twitter:data1\" content=\"1 dakika\" \/>\n<script type=\"application\/ld+json\" class=\"yoast-schema-graph\">{\"@context\":\"https:\/\/schema.org\",\"@graph\":[{\"@type\":\"WebPage\",\"@id\":\"https:\/\/www.satlabgeo.com\/product\/hydroscan-side-scan-sonar\/\",\"url\":\"https:\/\/www.satlabgeo.com\/product\/hydroscan-side-scan-sonar\/\",\"name\":\"HydroScan Side Scan Sonar | Global Satellite Positioning Solutions | SatLab Geosolutions AB\",\"isPartOf\":{\"@id\":\"https:\/\/www.satlabgeo.com\/#website\"},\"datePublished\":\"2022-09-28T01:18:16+00:00\",\"dateModified\":\"2024-04-23T10:18:58+00:00\",\"breadcrumb\":{\"@id\":\"https:\/\/www.satlabgeo.com\/product\/hydroscan-side-scan-sonar\/#breadcrumb\"},\"inLanguage\":\"tr\",\"potentialAction\":[{\"@type\":\"ReadAction\",\"target\":[\"https:\/\/www.satlabgeo.com\/product\/hydroscan-side-scan-sonar\/\"]}]},{\"@type\":\"BreadcrumbList\",\"@id\":\"https:\/\/www.satlabgeo.com\/product\/hydroscan-side-scan-sonar\/#breadcrumb\",\"itemListElement\":[{\"@type\":\"ListItem\",\"position\":1,\"name\":\"Home\",\"item\":\"https:\/\/www.satlabgeo.com\/\"},{\"@type\":\"ListItem\",\"position\":2,\"name\":\"Products\",\"item\":\"https:\/\/www.satlabgeo.com\/products\/\"},{\"@type\":\"ListItem\",\"position\":3,\"name\":\"HydroScan Side Scan Sonar\"}]},{\"@type\":\"WebSite\",\"@id\":\"https:\/\/www.satlabgeo.com\/#website\",\"url\":\"https:\/\/www.satlabgeo.com\/\",\"name\":\"Global Satellite Positioning Solutions | SatLab Geosolutions AB\",\"description\":\"\",\"publisher\":{\"@id\":\"https:\/\/www.satlabgeo.com\/#organization\"},\"potentialAction\":[{\"@type\":\"SearchAction\",\"target\":{\"@type\":\"EntryPoint\",\"urlTemplate\":\"https:\/\/www.satlabgeo.com\/?s={search_term_string}\"},\"query-input\":\"required name=search_term_string\"}],\"inLanguage\":\"tr\"},{\"@type\":\"Organization\",\"@id\":\"https:\/\/www.satlabgeo.com\/#organization\",\"name\":\"Global Satellite Positioning Solutions | SatLab Geosolutions AB\",\"url\":\"https:\/\/www.satlabgeo.com\/\",\"sameAs\":[],\"logo\":{\"@type\":\"ImageObject\",\"inLanguage\":\"tr\",\"@id\":\"https:\/\/www.satlabgeo.com\/#\/schema\/logo\/image\/\",\"url\":\"https:\/\/www.satlabgeo.com\/wp-content\/uploads\/2025\/08\/satlab-logo.webp\",\"contentUrl\":\"https:\/\/www.satlabgeo.com\/wp-content\/uploads\/2025\/08\/satlab-logo.webp\",\"width\":191,\"height\":48,\"caption\":\"Global Satellite Positioning Solutions | SatLab Geosolutions AB\"},\"image\":{\"@id\":\"https:\/\/www.satlabgeo.com\/#\/schema\/logo\/image\/\"}}]}<\/script>\n<!-- \/ Yoast SEO plugin. -->","yoast_head_json":{"title":"HydroScan Side Scan Sonar | Global Satellite Positioning Solutions | SatLab Geosolutions AB","robots":{"index":"index","follow":"follow","max-snippet":"max-snippet:-1","max-image-preview":"max-image-preview:large","max-video-preview":"max-video-preview:-1"},"canonical":"https:\/\/www.satlabgeo.com\/tr\/product\/hydroscan-side-scan-sonar\/","og_locale":"tr_TR","og_type":"article","og_title":"HydroScan Side Scan Sonar | Global Satellite Positioning Solutions | SatLab Geosolutions AB","og_description":"With the possibility to switch freely between CW and CHIRP on multiple frequencies, at 100kHz, 400kHz or 900kHz, the side scan sonar system provides a clearer view of the water bottom on dual simultaneous frequency, for object searching, dredging, and other industry applications.","og_url":"https:\/\/www.satlabgeo.com\/tr\/product\/hydroscan-side-scan-sonar\/","og_site_name":"Global Satellite Positioning Solutions | SatLab Geosolutions AB","article_modified_time":"2024-04-23T10:18:58+00:00","og_image":[{"width":744,"height":705,"url":"https:\/\/www.satlabgeo.com\/wp-content\/uploads\/2022\/09\/HydroScan-1400-4900.png","type":"image\/png"}],"twitter_card":"summary_large_image","twitter_misc":{"Est. reading time":"1 dakika"},"schema":{"@context":"https:\/\/schema.org","@graph":[{"@type":"WebPage","@id":"https:\/\/www.satlabgeo.com\/product\/hydroscan-side-scan-sonar\/","url":"https:\/\/www.satlabgeo.com\/product\/hydroscan-side-scan-sonar\/","name":"HydroScan Side Scan Sonar | Global Satellite Positioning Solutions | SatLab Geosolutions AB","isPartOf":{"@id":"https:\/\/www.satlabgeo.com\/#website"},"datePublished":"2022-09-28T01:18:16+00:00","dateModified":"2024-04-23T10:18:58+00:00","breadcrumb":{"@id":"https:\/\/www.satlabgeo.com\/product\/hydroscan-side-scan-sonar\/#breadcrumb"},"inLanguage":"tr","potentialAction":[{"@type":"ReadAction","target":["https:\/\/www.satlabgeo.com\/product\/hydroscan-side-scan-sonar\/"]}]},{"@type":"BreadcrumbList","@id":"https:\/\/www.satlabgeo.com\/product\/hydroscan-side-scan-sonar\/#breadcrumb","itemListElement":[{"@type":"ListItem","position":1,"name":"Home","item":"https:\/\/www.satlabgeo.com\/"},{"@type":"ListItem","position":2,"name":"Products","item":"https:\/\/www.satlabgeo.com\/products\/"},{"@type":"ListItem","position":3,"name":"HydroScan Side Scan Sonar"}]},{"@type":"WebSite","@id":"https:\/\/www.satlabgeo.com\/#website","url":"https:\/\/www.satlabgeo.com\/","name":"Global Satellite Positioning Solutions | SatLab Geosolutions AB","description":"","publisher":{"@id":"https:\/\/www.satlabgeo.com\/#organization"},"potentialAction":[{"@type":"SearchAction","target":{"@type":"EntryPoint","urlTemplate":"https:\/\/www.satlabgeo.com\/?s={search_term_string}"},"query-input":"required name=search_term_string"}],"inLanguage":"tr"},{"@type":"Organization","@id":"https:\/\/www.satlabgeo.com\/#organization","name":"Global Satellite Positioning Solutions | SatLab Geosolutions AB","url":"https:\/\/www.satlabgeo.com\/","sameAs":[],"logo":{"@type":"ImageObject","inLanguage":"tr","@id":"https:\/\/www.satlabgeo.com\/#\/schema\/logo\/image\/","url":"https:\/\/www.satlabgeo.com\/wp-content\/uploads\/2025\/08\/satlab-logo.webp","contentUrl":"https:\/\/www.satlabgeo.com\/wp-content\/uploads\/2025\/08\/satlab-logo.webp","width":191,"height":48,"caption":"Global Satellite Positioning Solutions | SatLab Geosolutions AB"},"image":{"@id":"https:\/\/www.satlabgeo.com\/#\/schema\/logo\/image\/"}}]}},"_links":{"self":[{"href":"https:\/\/www.satlabgeo.com\/tr\/wp-json\/wp\/v2\/product\/700"}],"collection":[{"href":"https:\/\/www.satlabgeo.com\/tr\/wp-json\/wp\/v2\/product"}],"about":[{"href":"https:\/\/www.satlabgeo.com\/tr\/wp-json\/wp\/v2\/types\/product"}],"replies":[{"embeddable":true,"href":"https:\/\/www.satlabgeo.com\/tr\/wp-json\/wp\/v2\/comments?post=700"}],"version-history":[{"count":1,"href":"https:\/\/www.satlabgeo.com\/tr\/wp-json\/wp\/v2\/product\/700\/revisions"}],"predecessor-version":[{"id":724,"href":"https:\/\/www.satlabgeo.com\/tr\/wp-json\/wp\/v2\/product\/700\/revisions\/724"}],"wp:featuredmedia":[{"embeddable":true,"href":"https:\/\/www.satlabgeo.com\/tr\/wp-json\/wp\/v2\/media\/701"}],"wp:attachment":[{"href":"https:\/\/www.satlabgeo.com\/tr\/wp-json\/wp\/v2\/media?parent=700"}],"wp:term":[{"taxonomy":"product_cat","embeddable":true,"href":"https:\/\/www.satlabgeo.com\/tr\/wp-json\/wp\/v2\/product_cat?post=700"},{"taxonomy":"product_tag","embeddable":true,"href":"https:\/\/www.satlabgeo.com\/tr\/wp-json\/wp\/v2\/product_tag?post=700"}],"curies":[{"name":"wp","href":"https:\/\/api.w.org\/{rel}","templated":true}]}}