{"id":688,"date":"2022-09-28T01:16:30","date_gmt":"2022-09-28T01:16:30","guid":{"rendered":"https:\/\/www.satlabgeo.com\/?post_type=product&#038;p=688"},"modified":"2025-04-23T09:17:05","modified_gmt":"2025-04-23T09:17:05","slug":"njord-gnss-receiver","status":"publish","type":"product","link":"https:\/\/www.satlabgeo.com\/tr\/product\/njord-gnss-receiver\/","title":{"rendered":"Njord Konumland\u0131rma ve Y\u00f6n GNSS Al\u0131c\u0131s\u0131"},"content":{"rendered":"<div class=\"landscape\"><img decoding=\"async\" src=\"https:\/\/www.satlabgeo.com\/wp-content\/uploads\/2022\/09\/Njord-1.jpg\" alt=\"GNSS\" class=\"aligncenter\" \/><\/div>\n<h3><\/h3>\n<h3>Geli\u015fmi\u015f GNSS RTK Motoru<\/h3>\n<p>Satlab'\u0131n en geli\u015fmi\u015f GNSS motoruyla ayn\u0131 platformu payla\u015fan esnek uydu sinyali y\u00f6netimi, daha do\u011fru \u00e7\u00f6z\u00fcmler elde etmenize yard\u0131mc\u0131 olur ve zorlu GNSS ortamlar\u0131nda konum ve y\u00f6n i\u00e7in daha iyi performans sa\u011flar.<\/p>\n<h3>Kolay Kullan\u0131m ve Ba\u011flant\u0131<\/h3>\n<p>Durum ve i\u015flemler, \u00f6n tarafta bulunan kontrol paneli ile kolayca yap\u0131labilirken, arka tarafta farkl\u0131 ama\u00e7lar i\u00e7in gerekli verileri \u00e7\u0131karmak \u00fczere \u00e7ok say\u0131da fiziksel ba\u011flant\u0131 noktas\u0131 bulunmaktad\u0131r.<\/p>\n<h3>Zorlu Ortamlar i\u00e7in Bekleme G\u00fcc\u00fc<\/h3>\n<p>D\u0131\u015f g\u00fc\u00e7 kayna\u011f\u0131 beklenmedik bir \u015fekilde kesildi\u011finde acil durumlarda \u00e7al\u0131\u015fmay\u0131 desteklemek i\u00e7in al\u0131c\u0131da \u00fc\u00e7 saatlik bekleme g\u00fcc\u00fc ayr\u0131lm\u0131\u015ft\u0131r.<\/p>","protected":false},"excerpt":{"rendered":"<p>Njord, SatLab'\u0131n denizcilik ve in\u015faat uygulamalar\u0131 i\u00e7in \u00f6zel olarak tasarlanm\u0131\u015f, L-Band d\u00fczeltme \u00f6zelli\u011fine ve \u00e7ok y\u00f6nl\u00fc veri ileti\u015fimi i\u00e7in \u00e7oklu I\/O aray\u00fcz\u00fcne sahip yeni nesil \u00e7oklu GNSS, \u00e7oklu frekans konum, konum ve y\u00f6n al\u0131c\u0131s\u0131d\u0131r.<\/p>","protected":false},"featured_media":689,"comment_status":"open","ping_status":"closed","template":"","meta":{"_links_to":"","_links_to_target":""},"product_cat":[73],"product_tag":[],"yoast_head":"<!-- This site is optimized with the Yoast SEO plugin v19.8 - https:\/\/yoast.com\/wordpress\/plugins\/seo\/ -->\n<title>Njord GNSS Receiver | SatLab<\/title>\n<meta name=\"description\" content=\"The Njord is a next-generation multi-GNSS, multi-frequency positioning and heading receiver purpose-built for marine and construction applications.\" \/>\n<meta name=\"robots\" content=\"index, follow, max-snippet:-1, max-image-preview:large, max-video-preview:-1\" \/>\n<link rel=\"canonical\" href=\"https:\/\/www.satlabgeo.com\/tr\/product\/njord-gnss-receiver\/\" \/>\n<meta property=\"og:locale\" content=\"tr_TR\" \/>\n<meta property=\"og:type\" content=\"article\" \/>\n<meta property=\"og:title\" content=\"Njord GNSS Receiver | SatLab\" \/>\n<meta property=\"og:description\" content=\"The Njord is a next-generation multi-GNSS, multi-frequency positioning and heading receiver purpose-built for marine and construction applications.\" \/>\n<meta property=\"og:url\" content=\"https:\/\/www.satlabgeo.com\/tr\/product\/njord-gnss-receiver\/\" \/>\n<meta property=\"og:site_name\" content=\"Global Satellite Positioning Solutions | SatLab Geosolutions AB\" \/>\n<meta property=\"article:modified_time\" content=\"2025-04-23T09:17:05+00:00\" \/>\n<meta property=\"og:image\" content=\"https:\/\/www.satlabgeo.com\/wp-content\/uploads\/2022\/09\/Njord-01.png\" \/>\n\t<meta property=\"og:image:width\" content=\"800\" \/>\n\t<meta property=\"og:image:height\" content=\"800\" \/>\n\t<meta property=\"og:image:type\" content=\"image\/png\" \/>\n<meta name=\"twitter:card\" content=\"summary_large_image\" \/>\n<meta name=\"twitter:label1\" content=\"Est. reading time\" \/>\n\t<meta name=\"twitter:data1\" content=\"1 dakika\" \/>\n<script type=\"application\/ld+json\" class=\"yoast-schema-graph\">{\"@context\":\"https:\/\/schema.org\",\"@graph\":[{\"@type\":\"WebPage\",\"@id\":\"https:\/\/www.satlabgeo.com\/product\/njord-gnss-receiver\/\",\"url\":\"https:\/\/www.satlabgeo.com\/product\/njord-gnss-receiver\/\",\"name\":\"Njord GNSS Receiver | SatLab\",\"isPartOf\":{\"@id\":\"https:\/\/www.satlabgeo.com\/#website\"},\"datePublished\":\"2022-09-28T01:16:30+00:00\",\"dateModified\":\"2025-04-23T09:17:05+00:00\",\"description\":\"The Njord is a next-generation multi-GNSS, multi-frequency positioning and heading receiver purpose-built for marine and construction applications.\",\"breadcrumb\":{\"@id\":\"https:\/\/www.satlabgeo.com\/product\/njord-gnss-receiver\/#breadcrumb\"},\"inLanguage\":\"tr\",\"potentialAction\":[{\"@type\":\"ReadAction\",\"target\":[\"https:\/\/www.satlabgeo.com\/product\/njord-gnss-receiver\/\"]}]},{\"@type\":\"BreadcrumbList\",\"@id\":\"https:\/\/www.satlabgeo.com\/product\/njord-gnss-receiver\/#breadcrumb\",\"itemListElement\":[{\"@type\":\"ListItem\",\"position\":1,\"name\":\"Home\",\"item\":\"https:\/\/www.satlabgeo.com\/\"},{\"@type\":\"ListItem\",\"position\":2,\"name\":\"Products\",\"item\":\"https:\/\/www.satlabgeo.com\/products\/\"},{\"@type\":\"ListItem\",\"position\":3,\"name\":\"Njord Positioning and Heading GNSS Receiver\"}]},{\"@type\":\"WebSite\",\"@id\":\"https:\/\/www.satlabgeo.com\/#website\",\"url\":\"https:\/\/www.satlabgeo.com\/\",\"name\":\"Global Satellite Positioning Solutions | SatLab Geosolutions AB\",\"description\":\"\",\"publisher\":{\"@id\":\"https:\/\/www.satlabgeo.com\/#organization\"},\"potentialAction\":[{\"@type\":\"SearchAction\",\"target\":{\"@type\":\"EntryPoint\",\"urlTemplate\":\"https:\/\/www.satlabgeo.com\/?s={search_term_string}\"},\"query-input\":\"required name=search_term_string\"}],\"inLanguage\":\"tr\"},{\"@type\":\"Organization\",\"@id\":\"https:\/\/www.satlabgeo.com\/#organization\",\"name\":\"Global Satellite Positioning Solutions | SatLab Geosolutions AB\",\"url\":\"https:\/\/www.satlabgeo.com\/\",\"sameAs\":[],\"logo\":{\"@type\":\"ImageObject\",\"inLanguage\":\"tr\",\"@id\":\"https:\/\/www.satlabgeo.com\/#\/schema\/logo\/image\/\",\"url\":\"https:\/\/www.satlabgeo.com\/wp-content\/uploads\/2025\/08\/satlab-logo.webp\",\"contentUrl\":\"https:\/\/www.satlabgeo.com\/wp-content\/uploads\/2025\/08\/satlab-logo.webp\",\"width\":191,\"height\":48,\"caption\":\"Global Satellite Positioning Solutions | SatLab Geosolutions AB\"},\"image\":{\"@id\":\"https:\/\/www.satlabgeo.com\/#\/schema\/logo\/image\/\"}}]}<\/script>\n<!-- \/ Yoast SEO plugin. -->","yoast_head_json":{"title":"Njord GNSS Receiver | SatLab","description":"The Njord is a next-generation multi-GNSS, multi-frequency positioning and heading receiver purpose-built for marine and construction applications.","robots":{"index":"index","follow":"follow","max-snippet":"max-snippet:-1","max-image-preview":"max-image-preview:large","max-video-preview":"max-video-preview:-1"},"canonical":"https:\/\/www.satlabgeo.com\/tr\/product\/njord-gnss-receiver\/","og_locale":"tr_TR","og_type":"article","og_title":"Njord GNSS Receiver | SatLab","og_description":"The Njord is a next-generation multi-GNSS, multi-frequency positioning and heading receiver purpose-built for marine and construction applications.","og_url":"https:\/\/www.satlabgeo.com\/tr\/product\/njord-gnss-receiver\/","og_site_name":"Global Satellite Positioning Solutions | SatLab Geosolutions AB","article_modified_time":"2025-04-23T09:17:05+00:00","og_image":[{"width":800,"height":800,"url":"https:\/\/www.satlabgeo.com\/wp-content\/uploads\/2022\/09\/Njord-01.png","type":"image\/png"}],"twitter_card":"summary_large_image","twitter_misc":{"Est. reading time":"1 dakika"},"schema":{"@context":"https:\/\/schema.org","@graph":[{"@type":"WebPage","@id":"https:\/\/www.satlabgeo.com\/product\/njord-gnss-receiver\/","url":"https:\/\/www.satlabgeo.com\/product\/njord-gnss-receiver\/","name":"Njord GNSS Receiver | SatLab","isPartOf":{"@id":"https:\/\/www.satlabgeo.com\/#website"},"datePublished":"2022-09-28T01:16:30+00:00","dateModified":"2025-04-23T09:17:05+00:00","description":"The Njord is a next-generation multi-GNSS, multi-frequency positioning and heading receiver purpose-built for marine and construction applications.","breadcrumb":{"@id":"https:\/\/www.satlabgeo.com\/product\/njord-gnss-receiver\/#breadcrumb"},"inLanguage":"tr","potentialAction":[{"@type":"ReadAction","target":["https:\/\/www.satlabgeo.com\/product\/njord-gnss-receiver\/"]}]},{"@type":"BreadcrumbList","@id":"https:\/\/www.satlabgeo.com\/product\/njord-gnss-receiver\/#breadcrumb","itemListElement":[{"@type":"ListItem","position":1,"name":"Home","item":"https:\/\/www.satlabgeo.com\/"},{"@type":"ListItem","position":2,"name":"Products","item":"https:\/\/www.satlabgeo.com\/products\/"},{"@type":"ListItem","position":3,"name":"Njord Positioning and Heading GNSS Receiver"}]},{"@type":"WebSite","@id":"https:\/\/www.satlabgeo.com\/#website","url":"https:\/\/www.satlabgeo.com\/","name":"Global Satellite Positioning Solutions | SatLab Geosolutions AB","description":"","publisher":{"@id":"https:\/\/www.satlabgeo.com\/#organization"},"potentialAction":[{"@type":"SearchAction","target":{"@type":"EntryPoint","urlTemplate":"https:\/\/www.satlabgeo.com\/?s={search_term_string}"},"query-input":"required name=search_term_string"}],"inLanguage":"tr"},{"@type":"Organization","@id":"https:\/\/www.satlabgeo.com\/#organization","name":"Global Satellite Positioning Solutions | SatLab Geosolutions AB","url":"https:\/\/www.satlabgeo.com\/","sameAs":[],"logo":{"@type":"ImageObject","inLanguage":"tr","@id":"https:\/\/www.satlabgeo.com\/#\/schema\/logo\/image\/","url":"https:\/\/www.satlabgeo.com\/wp-content\/uploads\/2025\/08\/satlab-logo.webp","contentUrl":"https:\/\/www.satlabgeo.com\/wp-content\/uploads\/2025\/08\/satlab-logo.webp","width":191,"height":48,"caption":"Global Satellite Positioning Solutions | SatLab Geosolutions AB"},"image":{"@id":"https:\/\/www.satlabgeo.com\/#\/schema\/logo\/image\/"}}]}},"_links":{"self":[{"href":"https:\/\/www.satlabgeo.com\/tr\/wp-json\/wp\/v2\/product\/688"}],"collection":[{"href":"https:\/\/www.satlabgeo.com\/tr\/wp-json\/wp\/v2\/product"}],"about":[{"href":"https:\/\/www.satlabgeo.com\/tr\/wp-json\/wp\/v2\/types\/product"}],"replies":[{"embeddable":true,"href":"https:\/\/www.satlabgeo.com\/tr\/wp-json\/wp\/v2\/comments?post=688"}],"version-history":[{"count":1,"href":"https:\/\/www.satlabgeo.com\/tr\/wp-json\/wp\/v2\/product\/688\/revisions"}],"predecessor-version":[{"id":716,"href":"https:\/\/www.satlabgeo.com\/tr\/wp-json\/wp\/v2\/product\/688\/revisions\/716"}],"wp:featuredmedia":[{"embeddable":true,"href":"https:\/\/www.satlabgeo.com\/tr\/wp-json\/wp\/v2\/media\/689"}],"wp:attachment":[{"href":"https:\/\/www.satlabgeo.com\/tr\/wp-json\/wp\/v2\/media?parent=688"}],"wp:term":[{"taxonomy":"product_cat","embeddable":true,"href":"https:\/\/www.satlabgeo.com\/tr\/wp-json\/wp\/v2\/product_cat?post=688"},{"taxonomy":"product_tag","embeddable":true,"href":"https:\/\/www.satlabgeo.com\/tr\/wp-json\/wp\/v2\/product_tag?post=688"}],"curies":[{"name":"wp","href":"https:\/\/api.w.org\/{rel}","templated":true}]}}