{"id":355,"date":"2022-04-01T02:09:26","date_gmt":"2022-04-01T02:09:26","guid":{"rendered":"https:\/\/www.satlabgeo.com\/?post_type=product&#038;p=355"},"modified":"2025-05-26T08:16:22","modified_gmt":"2025-05-26T08:16:22","slug":"slx1-ng-multi-application-gnss-receiver","status":"publish","type":"product","link":"https:\/\/www.satlabgeo.com\/tr\/product\/slx1-ng-multi-application-gnss-receiver\/","title":{"rendered":"SLX-1 \u00c7oklu Uygulama GNSS Al\u0131c\u0131s\u0131"},"content":{"rendered":"<h3>Son derece do\u011fru ve g\u00fcvenilir veriler sunuyoruz<\/h3>\n<p>Sadelik g\u00f6z \u00f6n\u00fcnde bulundurularak tasarlanan SLX-1, saha \u00e7al\u0131\u015fmalar\u0131n\u0131 daha kolay ve verimli hale getirmek i\u00e7in ayn\u0131 anda birden fazla g\u00f6revi yerine getirir. Bu al\u0131c\u0131, t\u00fcm uydu verilerini s\u00fcrekli olarak takip edip kaydedebilir ve kaydedilen verileri indirmenize, farkl\u0131 d\u00fczeltme verisi bi\u00e7imlerini aktarman\u0131za veya iletmenize olanak tan\u0131r.<\/p>\n<h3>Verimli ve g\u00fcvenilir<\/h3>\n<p>Bu al\u0131c\u0131, yeni nesil bir GNSS motoruyla desteklenmekte olup hassas konumland\u0131rma ve geli\u015fmi\u015f parazit azaltma \u00f6zellikleri sunar. En uzak veya zorlu ortamlarda bile performans g\u00f6sterir. 1480 kanall\u0131 izleme \u00f6zelli\u011fi, mevcut ve gelecekteki t\u00fcm uydular\u0131 takip edebilir.<br \/>\nsinyaller, alt metreden santimetreye kadar hassas konumland\u0131rma imkan\u0131 sunuyor.<\/p>\n<div class=\"landscape\"><a href=\"https:\/\/www.satlabgeo.com\/tr\/product_category\/gnss\/\"><img decoding=\"async\" src=\"https:\/\/www.satlabgeo.com\/wp-content\/uploads\/2022\/04\/SLX1-NG-Banner-05.png\" alt=\"GNSS al\u0131c\u0131s\u0131\" \/><\/a><\/div>\n<table border=\"0\" style=\"border-collapse: collapse; width: 100%;\">\n<tbody><\/tbody>\n<\/table>","protected":false},"excerpt":{"rendered":"<p>SLX-1 \u00e7oklu uygulama GNSS al\u0131c\u0131s\u0131, \u00f6ncelikli olarak CORS uygulamalar\u0131 i\u00e7in tasarlanm\u0131\u015f, dahili g\u00fcvenlik duvar\u0131 ve veri \u015fifrelemesi ile askeri d\u00fczeyde \u00e7evresel bir g\u00f6vdeye sahiptir. D\u00fcnyan\u0131n en yeni \u00e7oklu frekans teknolojisini kullanan ve yeni nesil bir GNSS motoruyla desteklenen bu al\u0131c\u0131, do\u011fru uydu okumalar\u0131 i\u00e7in bir referans istasyonu \u00e7\u00f6z\u00fcm\u00fc olarak t\u00fcm tak\u0131my\u0131ld\u0131zlar\u0131 ve sinyalleri daha iyi izleyebilir.<\/p>","protected":false},"featured_media":357,"comment_status":"open","ping_status":"closed","template":"","meta":{"_links_to":"","_links_to_target":""},"product_cat":[26],"product_tag":[],"yoast_head":"<!-- This site is optimized with the Yoast SEO plugin v19.8 - https:\/\/yoast.com\/wordpress\/plugins\/seo\/ -->\n<title>SLX-1 Multi-application GNSS Receiver | Global Satellite Positioning Solutions | SatLab Geosolutions AB<\/title>\n<meta name=\"robots\" content=\"index, follow, max-snippet:-1, max-image-preview:large, max-video-preview:-1\" \/>\n<link rel=\"canonical\" href=\"https:\/\/www.satlabgeo.com\/tr\/product\/slx1-ng-multi-application-gnss-receiver\/\" \/>\n<meta property=\"og:locale\" content=\"tr_TR\" \/>\n<meta property=\"og:type\" content=\"article\" \/>\n<meta property=\"og:title\" content=\"SLX-1 Multi-application GNSS Receiver | Global Satellite Positioning Solutions | SatLab Geosolutions AB\" \/>\n<meta property=\"og:description\" content=\"SLX-1 multi-application GNSS receiver has military-grade environmental housing with a built-in firewall and data encryption designed primarily for CORS applications. Using the world&#039;s latest multi-frequency technology, powered by a new generation GNSS engine, this receiver can better track all constellations and signals as a reference station solution for accurate satellite readings.\" \/>\n<meta property=\"og:url\" content=\"https:\/\/www.satlabgeo.com\/tr\/product\/slx1-ng-multi-application-gnss-receiver\/\" \/>\n<meta property=\"og:site_name\" content=\"Global Satellite Positioning Solutions | SatLab Geosolutions AB\" \/>\n<meta property=\"article:modified_time\" content=\"2025-05-26T08:16:22+00:00\" \/>\n<meta property=\"og:image\" content=\"https:\/\/www.satlabgeo.com\/wp-content\/uploads\/2022\/04\/SLX1-NG-01.png\" \/>\n\t<meta property=\"og:image:width\" content=\"248\" \/>\n\t<meta property=\"og:image:height\" content=\"235\" \/>\n\t<meta property=\"og:image:type\" content=\"image\/png\" \/>\n<meta name=\"twitter:card\" content=\"summary_large_image\" \/>\n<meta name=\"twitter:label1\" content=\"Est. reading time\" \/>\n\t<meta name=\"twitter:data1\" content=\"1 dakika\" \/>\n<script type=\"application\/ld+json\" class=\"yoast-schema-graph\">{\"@context\":\"https:\/\/schema.org\",\"@graph\":[{\"@type\":\"WebPage\",\"@id\":\"https:\/\/www.satlabgeo.com\/product\/slx1-ng-multi-application-gnss-receiver\/\",\"url\":\"https:\/\/www.satlabgeo.com\/product\/slx1-ng-multi-application-gnss-receiver\/\",\"name\":\"SLX-1 Multi-application GNSS Receiver | Global Satellite Positioning Solutions | SatLab Geosolutions AB\",\"isPartOf\":{\"@id\":\"https:\/\/www.satlabgeo.com\/#website\"},\"datePublished\":\"2022-04-01T02:09:26+00:00\",\"dateModified\":\"2025-05-26T08:16:22+00:00\",\"breadcrumb\":{\"@id\":\"https:\/\/www.satlabgeo.com\/product\/slx1-ng-multi-application-gnss-receiver\/#breadcrumb\"},\"inLanguage\":\"tr\",\"potentialAction\":[{\"@type\":\"ReadAction\",\"target\":[\"https:\/\/www.satlabgeo.com\/product\/slx1-ng-multi-application-gnss-receiver\/\"]}]},{\"@type\":\"BreadcrumbList\",\"@id\":\"https:\/\/www.satlabgeo.com\/product\/slx1-ng-multi-application-gnss-receiver\/#breadcrumb\",\"itemListElement\":[{\"@type\":\"ListItem\",\"position\":1,\"name\":\"Home\",\"item\":\"https:\/\/www.satlabgeo.com\/\"},{\"@type\":\"ListItem\",\"position\":2,\"name\":\"Products\",\"item\":\"https:\/\/www.satlabgeo.com\/products\/\"},{\"@type\":\"ListItem\",\"position\":3,\"name\":\"SLX-1 Multi-application GNSS Receiver\"}]},{\"@type\":\"WebSite\",\"@id\":\"https:\/\/www.satlabgeo.com\/#website\",\"url\":\"https:\/\/www.satlabgeo.com\/\",\"name\":\"Global Satellite Positioning Solutions | SatLab Geosolutions AB\",\"description\":\"\",\"publisher\":{\"@id\":\"https:\/\/www.satlabgeo.com\/#organization\"},\"potentialAction\":[{\"@type\":\"SearchAction\",\"target\":{\"@type\":\"EntryPoint\",\"urlTemplate\":\"https:\/\/www.satlabgeo.com\/?s={search_term_string}\"},\"query-input\":\"required name=search_term_string\"}],\"inLanguage\":\"tr\"},{\"@type\":\"Organization\",\"@id\":\"https:\/\/www.satlabgeo.com\/#organization\",\"name\":\"Global Satellite Positioning Solutions | SatLab Geosolutions AB\",\"url\":\"https:\/\/www.satlabgeo.com\/\",\"sameAs\":[],\"logo\":{\"@type\":\"ImageObject\",\"inLanguage\":\"tr\",\"@id\":\"https:\/\/www.satlabgeo.com\/#\/schema\/logo\/image\/\",\"url\":\"https:\/\/www.satlabgeo.com\/wp-content\/uploads\/2025\/08\/satlab-logo.webp\",\"contentUrl\":\"https:\/\/www.satlabgeo.com\/wp-content\/uploads\/2025\/08\/satlab-logo.webp\",\"width\":191,\"height\":48,\"caption\":\"Global Satellite Positioning Solutions | SatLab Geosolutions AB\"},\"image\":{\"@id\":\"https:\/\/www.satlabgeo.com\/#\/schema\/logo\/image\/\"}}]}<\/script>\n<!-- \/ Yoast SEO plugin. -->","yoast_head_json":{"title":"SLX-1 Multi-application GNSS Receiver | Global Satellite Positioning Solutions | SatLab Geosolutions AB","robots":{"index":"index","follow":"follow","max-snippet":"max-snippet:-1","max-image-preview":"max-image-preview:large","max-video-preview":"max-video-preview:-1"},"canonical":"https:\/\/www.satlabgeo.com\/tr\/product\/slx1-ng-multi-application-gnss-receiver\/","og_locale":"tr_TR","og_type":"article","og_title":"SLX-1 Multi-application GNSS Receiver | Global Satellite Positioning Solutions | SatLab Geosolutions AB","og_description":"SLX-1 multi-application GNSS receiver has military-grade environmental housing with a built-in firewall and data encryption designed primarily for CORS applications. Using the world's latest multi-frequency technology, powered by a new generation GNSS engine, this receiver can better track all constellations and signals as a reference station solution for accurate satellite readings.","og_url":"https:\/\/www.satlabgeo.com\/tr\/product\/slx1-ng-multi-application-gnss-receiver\/","og_site_name":"Global Satellite Positioning Solutions | SatLab Geosolutions AB","article_modified_time":"2025-05-26T08:16:22+00:00","og_image":[{"width":248,"height":235,"url":"https:\/\/www.satlabgeo.com\/wp-content\/uploads\/2022\/04\/SLX1-NG-01.png","type":"image\/png"}],"twitter_card":"summary_large_image","twitter_misc":{"Est. reading time":"1 dakika"},"schema":{"@context":"https:\/\/schema.org","@graph":[{"@type":"WebPage","@id":"https:\/\/www.satlabgeo.com\/product\/slx1-ng-multi-application-gnss-receiver\/","url":"https:\/\/www.satlabgeo.com\/product\/slx1-ng-multi-application-gnss-receiver\/","name":"SLX-1 Multi-application GNSS Receiver | Global Satellite Positioning Solutions | SatLab Geosolutions AB","isPartOf":{"@id":"https:\/\/www.satlabgeo.com\/#website"},"datePublished":"2022-04-01T02:09:26+00:00","dateModified":"2025-05-26T08:16:22+00:00","breadcrumb":{"@id":"https:\/\/www.satlabgeo.com\/product\/slx1-ng-multi-application-gnss-receiver\/#breadcrumb"},"inLanguage":"tr","potentialAction":[{"@type":"ReadAction","target":["https:\/\/www.satlabgeo.com\/product\/slx1-ng-multi-application-gnss-receiver\/"]}]},{"@type":"BreadcrumbList","@id":"https:\/\/www.satlabgeo.com\/product\/slx1-ng-multi-application-gnss-receiver\/#breadcrumb","itemListElement":[{"@type":"ListItem","position":1,"name":"Home","item":"https:\/\/www.satlabgeo.com\/"},{"@type":"ListItem","position":2,"name":"Products","item":"https:\/\/www.satlabgeo.com\/products\/"},{"@type":"ListItem","position":3,"name":"SLX-1 Multi-application GNSS Receiver"}]},{"@type":"WebSite","@id":"https:\/\/www.satlabgeo.com\/#website","url":"https:\/\/www.satlabgeo.com\/","name":"Global Satellite Positioning Solutions | SatLab Geosolutions AB","description":"","publisher":{"@id":"https:\/\/www.satlabgeo.com\/#organization"},"potentialAction":[{"@type":"SearchAction","target":{"@type":"EntryPoint","urlTemplate":"https:\/\/www.satlabgeo.com\/?s={search_term_string}"},"query-input":"required name=search_term_string"}],"inLanguage":"tr"},{"@type":"Organization","@id":"https:\/\/www.satlabgeo.com\/#organization","name":"Global Satellite Positioning Solutions | SatLab Geosolutions AB","url":"https:\/\/www.satlabgeo.com\/","sameAs":[],"logo":{"@type":"ImageObject","inLanguage":"tr","@id":"https:\/\/www.satlabgeo.com\/#\/schema\/logo\/image\/","url":"https:\/\/www.satlabgeo.com\/wp-content\/uploads\/2025\/08\/satlab-logo.webp","contentUrl":"https:\/\/www.satlabgeo.com\/wp-content\/uploads\/2025\/08\/satlab-logo.webp","width":191,"height":48,"caption":"Global Satellite Positioning Solutions | SatLab Geosolutions AB"},"image":{"@id":"https:\/\/www.satlabgeo.com\/#\/schema\/logo\/image\/"}}]}},"_links":{"self":[{"href":"https:\/\/www.satlabgeo.com\/tr\/wp-json\/wp\/v2\/product\/355"}],"collection":[{"href":"https:\/\/www.satlabgeo.com\/tr\/wp-json\/wp\/v2\/product"}],"about":[{"href":"https:\/\/www.satlabgeo.com\/tr\/wp-json\/wp\/v2\/types\/product"}],"replies":[{"embeddable":true,"href":"https:\/\/www.satlabgeo.com\/tr\/wp-json\/wp\/v2\/comments?post=355"}],"version-history":[{"count":1,"href":"https:\/\/www.satlabgeo.com\/tr\/wp-json\/wp\/v2\/product\/355\/revisions"}],"predecessor-version":[{"id":2378,"href":"https:\/\/www.satlabgeo.com\/tr\/wp-json\/wp\/v2\/product\/355\/revisions\/2378"}],"wp:featuredmedia":[{"embeddable":true,"href":"https:\/\/www.satlabgeo.com\/tr\/wp-json\/wp\/v2\/media\/357"}],"wp:attachment":[{"href":"https:\/\/www.satlabgeo.com\/tr\/wp-json\/wp\/v2\/media?parent=355"}],"wp:term":[{"taxonomy":"product_cat","embeddable":true,"href":"https:\/\/www.satlabgeo.com\/tr\/wp-json\/wp\/v2\/product_cat?post=355"},{"taxonomy":"product_tag","embeddable":true,"href":"https:\/\/www.satlabgeo.com\/tr\/wp-json\/wp\/v2\/product_tag?post=355"}],"curies":[{"name":"wp","href":"https:\/\/api.w.org\/{rel}","templated":true}]}}