{"id":332,"date":"2022-03-31T07:00:14","date_gmt":"2022-03-31T07:00:14","guid":{"rendered":"https:\/\/www.satlabgeo.com\/?post_type=product&#038;p=332"},"modified":"2024-06-21T07:06:47","modified_gmt":"2024-06-21T07:06:47","slug":"sl800-gnss-receiver","status":"publish","type":"product","link":"https:\/\/www.satlabgeo.com\/tr\/product\/sl800-gnss-receiver\/","title":{"rendered":"SL800 GNSS Al\u0131c\u0131s\u0131"},"content":{"rendered":"<h3>\u015eirket ve Yenilik\u00e7i GNSS al\u0131c\u0131s\u0131<\/h3>\n<p>Hafif <span style=\"color: #909090;\"><a href=\"https:\/\/www.satlabgeo.com\/wp-content\/uploads\/2022\/03\/SL800-Banner-02.jpg\" style=\"color: #909090;\">GNSS al\u0131c\u0131s\u0131<\/a><\/span> \u00c7e\u015fitli co\u011frafi kullan\u0131mlar i\u00e7in y\u00fcksek hassasiyetli veriler toplamak \u00fczere ta\u015f\u0131nabilir bir cihaza ihtiya\u00e7 duyan ara\u015ft\u0131rma uzmanlar\u0131 i\u00e7in kolay bir \u00e7\u00f6z\u00fcm sunar. Kullan\u0131c\u0131lar\u0131n tek bir cihazla kolayca veri toplamas\u0131na olanak tan\u0131r. <span style=\"color: #909090;\"><a href=\"https:\/\/www.satlabgeo.com\/tr\/product_category\/gnss\/\" style=\"color: #909090;\">rtk<\/a><\/span> Sahada bulunan al\u0131c\u0131y\u0131, odaklanm\u0131\u015f ve \u00fcretken kalman\u0131z\u0131 sa\u011flamak i\u00e7in tercih etti\u011finiz herhangi bir cihaz arac\u0131l\u0131\u011f\u0131yla CORS&#039;a ba\u011flayabilirsiniz.<\/p>\n<div class=\"landscape\"><img decoding=\"async\" src=\"https:\/\/www.satlabgeo.com\/wp-content\/uploads\/2022\/03\/SL800-Banner-02.jpg\" alt=\"rtk\" width=\"1200\" class=\"alignnone size-full wp-image-1386\" \/><\/div>\n<h3><\/h3>\n<h3>Verimli ve g\u00fcvenilir<\/h3>\n<p>NovAtel OEM729 GNSS motoruyla g\u00fc\u00e7lendirilen bu al\u0131c\u0131, en uzak veya zorlu ortamlarda bile hassas konumland\u0131rma ve geli\u015fmi\u015f parazit azaltma \u00f6zellikleri sunar. 555 kanal izleme \u00f6zelli\u011fi sayesinde, t\u00fcm mevcut ve gelecek sinyalleri takip ederek, metreden santimetreye kadar hassas konumland\u0131rma sunar.<\/p>\n<h3>Uydu d\u00fczeltme hizmeti<\/h3>\n<p>SL800, \u00e7oklu GNSS referans istasyonlar\u0131ndan olu\u015fan k\u00fcresel bir a\u011f ve geli\u015fmi\u015f algoritmalar kullanarak son derece hassas GNSS uydu y\u00f6r\u00fcngesi, saati, sapmalar\u0131 ve di\u011fer sistem parametrelerini \u00fcreten TerraStar \u00f6zelliklerine sahiptir. Bu veriler, TerraStar&#039;\u0131n al\u0131c\u0131lara metre alt\u0131 veya santimetre d\u00fczeyinde konumland\u0131rma do\u011frulu\u011funa sahip d\u00fczeltme hizmetleri sunmas\u0131n\u0131 sa\u011flar. D\u00fczeltmelerinizin d\u00fcnya \u00e7ap\u0131ndaki uydular ve h\u00fccresel a\u011flar arac\u0131l\u0131\u011f\u0131yla minimum gecikmeyle ger\u00e7ek zamanl\u0131 olarak iletilmesini sa\u011flay\u0131n.<\/p>\n<table border=\"0\" style=\"border-collapse: collapse; width: 100%;\">\n<tbody><\/tbody>\n<\/table>","protected":false},"excerpt":{"rendered":"<p>RTK SL800, sahada CORS&#039;a ba\u011flanan tek bir al\u0131c\u0131ya ihtiya\u00e7 duyan ara\u015ft\u0131rma profesyonellerine kolay ve kullan\u0131\u015fl\u0131 bir \u00e7\u00f6z\u00fcm sunuyor.<\/p>","protected":false},"featured_media":334,"comment_status":"open","ping_status":"closed","template":"","meta":{"_links_to":"","_links_to_target":""},"product_cat":[26],"product_tag":[],"yoast_head":"<!-- This site is optimized with the Yoast SEO plugin v19.8 - https:\/\/yoast.com\/wordpress\/plugins\/seo\/ -->\n<title>SL800 GNSS Receiver | Global Satellite Positioning Solutions | SatLab Geosolutions AB<\/title>\n<meta name=\"robots\" content=\"index, follow, max-snippet:-1, max-image-preview:large, max-video-preview:-1\" \/>\n<link rel=\"canonical\" href=\"https:\/\/www.satlabgeo.com\/tr\/product\/sl800-gnss-receiver\/\" \/>\n<meta property=\"og:locale\" content=\"tr_TR\" \/>\n<meta property=\"og:type\" content=\"article\" \/>\n<meta property=\"og:title\" content=\"SL800 GNSS Receiver | Global Satellite Positioning Solutions | SatLab Geosolutions AB\" \/>\n<meta property=\"og:description\" content=\"The RTK SL800 provides an easy and convenient solution to survey professionals requiring just one receiver in the field connecting to CORS.\" \/>\n<meta property=\"og:url\" content=\"https:\/\/www.satlabgeo.com\/tr\/product\/sl800-gnss-receiver\/\" \/>\n<meta property=\"og:site_name\" content=\"Global Satellite Positioning Solutions | SatLab Geosolutions AB\" \/>\n<meta property=\"article:modified_time\" content=\"2024-06-21T07:06:47+00:00\" \/>\n<meta property=\"og:image\" content=\"https:\/\/www.satlabgeo.com\/wp-content\/uploads\/2022\/03\/SL800-03-1.png\" \/>\n\t<meta property=\"og:image:width\" content=\"248\" \/>\n\t<meta property=\"og:image:height\" content=\"235\" \/>\n\t<meta property=\"og:image:type\" content=\"image\/png\" \/>\n<meta name=\"twitter:card\" content=\"summary_large_image\" \/>\n<meta name=\"twitter:label1\" content=\"Est. reading time\" \/>\n\t<meta name=\"twitter:data1\" content=\"1 dakika\" \/>\n<script type=\"application\/ld+json\" class=\"yoast-schema-graph\">{\"@context\":\"https:\/\/schema.org\",\"@graph\":[{\"@type\":\"WebPage\",\"@id\":\"https:\/\/www.satlabgeo.com\/product\/sl800-gnss-receiver\/\",\"url\":\"https:\/\/www.satlabgeo.com\/product\/sl800-gnss-receiver\/\",\"name\":\"SL800 GNSS Receiver | Global Satellite Positioning Solutions | SatLab Geosolutions AB\",\"isPartOf\":{\"@id\":\"https:\/\/www.satlabgeo.com\/#website\"},\"datePublished\":\"2022-03-31T07:00:14+00:00\",\"dateModified\":\"2024-06-21T07:06:47+00:00\",\"breadcrumb\":{\"@id\":\"https:\/\/www.satlabgeo.com\/product\/sl800-gnss-receiver\/#breadcrumb\"},\"inLanguage\":\"tr\",\"potentialAction\":[{\"@type\":\"ReadAction\",\"target\":[\"https:\/\/www.satlabgeo.com\/product\/sl800-gnss-receiver\/\"]}]},{\"@type\":\"BreadcrumbList\",\"@id\":\"https:\/\/www.satlabgeo.com\/product\/sl800-gnss-receiver\/#breadcrumb\",\"itemListElement\":[{\"@type\":\"ListItem\",\"position\":1,\"name\":\"Home\",\"item\":\"https:\/\/www.satlabgeo.com\/\"},{\"@type\":\"ListItem\",\"position\":2,\"name\":\"Products\",\"item\":\"https:\/\/www.satlabgeo.com\/products\/\"},{\"@type\":\"ListItem\",\"position\":3,\"name\":\"SL800 GNSS Receiver\"}]},{\"@type\":\"WebSite\",\"@id\":\"https:\/\/www.satlabgeo.com\/#website\",\"url\":\"https:\/\/www.satlabgeo.com\/\",\"name\":\"Global Satellite Positioning Solutions | SatLab Geosolutions AB\",\"description\":\"\",\"publisher\":{\"@id\":\"https:\/\/www.satlabgeo.com\/#organization\"},\"potentialAction\":[{\"@type\":\"SearchAction\",\"target\":{\"@type\":\"EntryPoint\",\"urlTemplate\":\"https:\/\/www.satlabgeo.com\/?s={search_term_string}\"},\"query-input\":\"required name=search_term_string\"}],\"inLanguage\":\"tr\"},{\"@type\":\"Organization\",\"@id\":\"https:\/\/www.satlabgeo.com\/#organization\",\"name\":\"Global Satellite Positioning Solutions | SatLab Geosolutions AB\",\"url\":\"https:\/\/www.satlabgeo.com\/\",\"sameAs\":[],\"logo\":{\"@type\":\"ImageObject\",\"inLanguage\":\"tr\",\"@id\":\"https:\/\/www.satlabgeo.com\/#\/schema\/logo\/image\/\",\"url\":\"https:\/\/www.satlabgeo.com\/wp-content\/uploads\/2025\/08\/satlab-logo.webp\",\"contentUrl\":\"https:\/\/www.satlabgeo.com\/wp-content\/uploads\/2025\/08\/satlab-logo.webp\",\"width\":191,\"height\":48,\"caption\":\"Global Satellite Positioning Solutions | SatLab Geosolutions AB\"},\"image\":{\"@id\":\"https:\/\/www.satlabgeo.com\/#\/schema\/logo\/image\/\"}}]}<\/script>\n<!-- \/ Yoast SEO plugin. -->","yoast_head_json":{"title":"SL800 GNSS Receiver | Global Satellite Positioning Solutions | SatLab Geosolutions AB","robots":{"index":"index","follow":"follow","max-snippet":"max-snippet:-1","max-image-preview":"max-image-preview:large","max-video-preview":"max-video-preview:-1"},"canonical":"https:\/\/www.satlabgeo.com\/tr\/product\/sl800-gnss-receiver\/","og_locale":"tr_TR","og_type":"article","og_title":"SL800 GNSS Receiver | Global Satellite Positioning Solutions | SatLab Geosolutions AB","og_description":"The RTK SL800 provides an easy and convenient solution to survey professionals requiring just one receiver in the field connecting to CORS.","og_url":"https:\/\/www.satlabgeo.com\/tr\/product\/sl800-gnss-receiver\/","og_site_name":"Global Satellite Positioning Solutions | SatLab Geosolutions AB","article_modified_time":"2024-06-21T07:06:47+00:00","og_image":[{"width":248,"height":235,"url":"https:\/\/www.satlabgeo.com\/wp-content\/uploads\/2022\/03\/SL800-03-1.png","type":"image\/png"}],"twitter_card":"summary_large_image","twitter_misc":{"Est. reading time":"1 dakika"},"schema":{"@context":"https:\/\/schema.org","@graph":[{"@type":"WebPage","@id":"https:\/\/www.satlabgeo.com\/product\/sl800-gnss-receiver\/","url":"https:\/\/www.satlabgeo.com\/product\/sl800-gnss-receiver\/","name":"SL800 GNSS Receiver | Global Satellite Positioning Solutions | SatLab Geosolutions AB","isPartOf":{"@id":"https:\/\/www.satlabgeo.com\/#website"},"datePublished":"2022-03-31T07:00:14+00:00","dateModified":"2024-06-21T07:06:47+00:00","breadcrumb":{"@id":"https:\/\/www.satlabgeo.com\/product\/sl800-gnss-receiver\/#breadcrumb"},"inLanguage":"tr","potentialAction":[{"@type":"ReadAction","target":["https:\/\/www.satlabgeo.com\/product\/sl800-gnss-receiver\/"]}]},{"@type":"BreadcrumbList","@id":"https:\/\/www.satlabgeo.com\/product\/sl800-gnss-receiver\/#breadcrumb","itemListElement":[{"@type":"ListItem","position":1,"name":"Home","item":"https:\/\/www.satlabgeo.com\/"},{"@type":"ListItem","position":2,"name":"Products","item":"https:\/\/www.satlabgeo.com\/products\/"},{"@type":"ListItem","position":3,"name":"SL800 GNSS Receiver"}]},{"@type":"WebSite","@id":"https:\/\/www.satlabgeo.com\/#website","url":"https:\/\/www.satlabgeo.com\/","name":"Global Satellite Positioning Solutions | SatLab Geosolutions AB","description":"","publisher":{"@id":"https:\/\/www.satlabgeo.com\/#organization"},"potentialAction":[{"@type":"SearchAction","target":{"@type":"EntryPoint","urlTemplate":"https:\/\/www.satlabgeo.com\/?s={search_term_string}"},"query-input":"required name=search_term_string"}],"inLanguage":"tr"},{"@type":"Organization","@id":"https:\/\/www.satlabgeo.com\/#organization","name":"Global Satellite Positioning Solutions | SatLab Geosolutions AB","url":"https:\/\/www.satlabgeo.com\/","sameAs":[],"logo":{"@type":"ImageObject","inLanguage":"tr","@id":"https:\/\/www.satlabgeo.com\/#\/schema\/logo\/image\/","url":"https:\/\/www.satlabgeo.com\/wp-content\/uploads\/2025\/08\/satlab-logo.webp","contentUrl":"https:\/\/www.satlabgeo.com\/wp-content\/uploads\/2025\/08\/satlab-logo.webp","width":191,"height":48,"caption":"Global Satellite Positioning Solutions | SatLab Geosolutions AB"},"image":{"@id":"https:\/\/www.satlabgeo.com\/#\/schema\/logo\/image\/"}}]}},"_links":{"self":[{"href":"https:\/\/www.satlabgeo.com\/tr\/wp-json\/wp\/v2\/product\/332"}],"collection":[{"href":"https:\/\/www.satlabgeo.com\/tr\/wp-json\/wp\/v2\/product"}],"about":[{"href":"https:\/\/www.satlabgeo.com\/tr\/wp-json\/wp\/v2\/types\/product"}],"replies":[{"embeddable":true,"href":"https:\/\/www.satlabgeo.com\/tr\/wp-json\/wp\/v2\/comments?post=332"}],"version-history":[{"count":0,"href":"https:\/\/www.satlabgeo.com\/tr\/wp-json\/wp\/v2\/product\/332\/revisions"}],"wp:featuredmedia":[{"embeddable":true,"href":"https:\/\/www.satlabgeo.com\/tr\/wp-json\/wp\/v2\/media\/334"}],"wp:attachment":[{"href":"https:\/\/www.satlabgeo.com\/tr\/wp-json\/wp\/v2\/media?parent=332"}],"wp:term":[{"taxonomy":"product_cat","embeddable":true,"href":"https:\/\/www.satlabgeo.com\/tr\/wp-json\/wp\/v2\/product_cat?post=332"},{"taxonomy":"product_tag","embeddable":true,"href":"https:\/\/www.satlabgeo.com\/tr\/wp-json\/wp\/v2\/product_tag?post=332"}],"curies":[{"name":"wp","href":"https:\/\/api.w.org\/{rel}","templated":true}]}}