{"id":329,"date":"2022-03-30T07:41:22","date_gmt":"2022-03-30T07:41:22","guid":{"rendered":"https:\/\/www.satlabgeo.com\/?post_type=product&#038;p=329"},"modified":"2024-07-26T06:19:24","modified_gmt":"2024-07-26T06:19:24","slug":"tts2-total-station","status":"publish","type":"product","link":"https:\/\/www.satlabgeo.com\/tr\/product\/tts2-total-station\/","title":{"rendered":"TTS2 Total Station"},"content":{"rendered":"<p><span>TTS2 \u00c7ift Eksenli Reflekt\u00f6rs\u00fcz Toplam \u0130stasyon. 600 m menzilli 5 cm hassasiyet. Geni\u015f depolama alan\u0131, 32 GB&#039;a kadar geni\u015fletilebilir. USB portu ile kolay veri aktar\u0131m\u0131 ve aktar\u0131m\u0131. Kompakt ve Hafif Tasar\u0131m, ta\u015f\u0131mas\u0131 ve kurulumu kolay. G\u00fc\u00e7l\u00fc bir \u00f6l\u00e7\u00fcm mod\u00fcl\u00fc, Kararl\u0131 \u00c7ift Eksenli Kompanzasyon sistemi ve Ak\u0131ll\u0131 Kalibrasyon Yaz\u0131l\u0131m\u0131 ile TTS2, \u00f6l\u00e7\u00fcm h\u0131z\u0131n\u0131 ve mesafesini verimli bir \u015fekilde art\u0131r\u0131r.<\/span><\/p>\n<p><img decoding=\"async\" loading=\"lazy\" src=\"https:\/\/www.satlabgeo.com\/wp-content\/uploads\/2022\/03\/TTS2-01.png\" alt=\"TTS2 Toplam \u0130stasyonTTS2 Toplam \u0130stasyon\" width=\"522\" height=\"234\" class=\"size-full wp-image-1669 aligncenter\" \/><\/p>","protected":false},"excerpt":{"rendered":"<p>TTS2 \u00c7ift eksenli reflekt\u00f6rs\u00fcz total station. 600 m menzil ile 2\u201d hassasiyet.<\/p>","protected":false},"featured_media":393,"comment_status":"open","ping_status":"closed","template":"","meta":{"_links_to":"","_links_to_target":""},"product_cat":[24],"product_tag":[],"yoast_head":"<!-- This site is optimized with the Yoast SEO plugin v19.8 - https:\/\/yoast.com\/wordpress\/plugins\/seo\/ -->\n<title>TTS2 Total Station | Global Satellite Positioning Solutions | SatLab Geosolutions AB<\/title>\n<meta name=\"robots\" content=\"index, follow, max-snippet:-1, max-image-preview:large, max-video-preview:-1\" \/>\n<link rel=\"canonical\" href=\"https:\/\/www.satlabgeo.com\/tr\/product\/tts2-total-station\/\" \/>\n<meta property=\"og:locale\" content=\"tr_TR\" \/>\n<meta property=\"og:type\" content=\"article\" \/>\n<meta property=\"og:title\" content=\"TTS2 Total Station | Global Satellite Positioning Solutions | SatLab Geosolutions AB\" \/>\n<meta property=\"og:description\" content=\"TTS2 Dual-axis reflectorless total station. 2&#039;&#039; accuracy with 600m range.\" \/>\n<meta property=\"og:url\" content=\"https:\/\/www.satlabgeo.com\/tr\/product\/tts2-total-station\/\" \/>\n<meta property=\"og:site_name\" content=\"Global Satellite Positioning Solutions | SatLab Geosolutions AB\" \/>\n<meta property=\"article:modified_time\" content=\"2024-07-26T06:19:24+00:00\" \/>\n<meta property=\"og:image\" content=\"https:\/\/www.satlabgeo.com\/wp-content\/uploads\/2022\/03\/TTS2-01.png\" \/>\n\t<meta property=\"og:image:width\" content=\"248\" \/>\n\t<meta property=\"og:image:height\" content=\"235\" \/>\n\t<meta property=\"og:image:type\" content=\"image\/png\" \/>\n<meta name=\"twitter:card\" content=\"summary_large_image\" \/>\n<meta name=\"twitter:label1\" content=\"Est. reading time\" \/>\n\t<meta name=\"twitter:data1\" content=\"1 dakika\" \/>\n<script type=\"application\/ld+json\" class=\"yoast-schema-graph\">{\"@context\":\"https:\/\/schema.org\",\"@graph\":[{\"@type\":\"WebPage\",\"@id\":\"https:\/\/www.satlabgeo.com\/product\/tts2-total-station\/\",\"url\":\"https:\/\/www.satlabgeo.com\/product\/tts2-total-station\/\",\"name\":\"TTS2 Total Station | Global Satellite Positioning Solutions | SatLab Geosolutions AB\",\"isPartOf\":{\"@id\":\"https:\/\/www.satlabgeo.com\/#website\"},\"datePublished\":\"2022-03-30T07:41:22+00:00\",\"dateModified\":\"2024-07-26T06:19:24+00:00\",\"breadcrumb\":{\"@id\":\"https:\/\/www.satlabgeo.com\/product\/tts2-total-station\/#breadcrumb\"},\"inLanguage\":\"tr\",\"potentialAction\":[{\"@type\":\"ReadAction\",\"target\":[\"https:\/\/www.satlabgeo.com\/product\/tts2-total-station\/\"]}]},{\"@type\":\"BreadcrumbList\",\"@id\":\"https:\/\/www.satlabgeo.com\/product\/tts2-total-station\/#breadcrumb\",\"itemListElement\":[{\"@type\":\"ListItem\",\"position\":1,\"name\":\"Home\",\"item\":\"https:\/\/www.satlabgeo.com\/\"},{\"@type\":\"ListItem\",\"position\":2,\"name\":\"Products\",\"item\":\"https:\/\/www.satlabgeo.com\/products\/\"},{\"@type\":\"ListItem\",\"position\":3,\"name\":\"TTS2 Total Station\"}]},{\"@type\":\"WebSite\",\"@id\":\"https:\/\/www.satlabgeo.com\/#website\",\"url\":\"https:\/\/www.satlabgeo.com\/\",\"name\":\"Global Satellite Positioning Solutions | SatLab Geosolutions AB\",\"description\":\"\",\"publisher\":{\"@id\":\"https:\/\/www.satlabgeo.com\/#organization\"},\"potentialAction\":[{\"@type\":\"SearchAction\",\"target\":{\"@type\":\"EntryPoint\",\"urlTemplate\":\"https:\/\/www.satlabgeo.com\/?s={search_term_string}\"},\"query-input\":\"required name=search_term_string\"}],\"inLanguage\":\"tr\"},{\"@type\":\"Organization\",\"@id\":\"https:\/\/www.satlabgeo.com\/#organization\",\"name\":\"Global Satellite Positioning Solutions | SatLab Geosolutions AB\",\"url\":\"https:\/\/www.satlabgeo.com\/\",\"sameAs\":[],\"logo\":{\"@type\":\"ImageObject\",\"inLanguage\":\"tr\",\"@id\":\"https:\/\/www.satlabgeo.com\/#\/schema\/logo\/image\/\",\"url\":\"https:\/\/www.satlabgeo.com\/wp-content\/uploads\/2025\/08\/satlab-logo.webp\",\"contentUrl\":\"https:\/\/www.satlabgeo.com\/wp-content\/uploads\/2025\/08\/satlab-logo.webp\",\"width\":191,\"height\":48,\"caption\":\"Global Satellite Positioning Solutions | SatLab Geosolutions AB\"},\"image\":{\"@id\":\"https:\/\/www.satlabgeo.com\/#\/schema\/logo\/image\/\"}}]}<\/script>\n<!-- \/ Yoast SEO plugin. -->","yoast_head_json":{"title":"TTS2 Total Station | Global Satellite Positioning Solutions | SatLab Geosolutions AB","robots":{"index":"index","follow":"follow","max-snippet":"max-snippet:-1","max-image-preview":"max-image-preview:large","max-video-preview":"max-video-preview:-1"},"canonical":"https:\/\/www.satlabgeo.com\/tr\/product\/tts2-total-station\/","og_locale":"tr_TR","og_type":"article","og_title":"TTS2 Total Station | Global Satellite Positioning Solutions | SatLab Geosolutions AB","og_description":"TTS2 Dual-axis reflectorless total station. 2'' accuracy with 600m range.","og_url":"https:\/\/www.satlabgeo.com\/tr\/product\/tts2-total-station\/","og_site_name":"Global Satellite Positioning Solutions | SatLab Geosolutions AB","article_modified_time":"2024-07-26T06:19:24+00:00","og_image":[{"width":248,"height":235,"url":"https:\/\/www.satlabgeo.com\/wp-content\/uploads\/2022\/03\/TTS2-01.png","type":"image\/png"}],"twitter_card":"summary_large_image","twitter_misc":{"Est. reading time":"1 dakika"},"schema":{"@context":"https:\/\/schema.org","@graph":[{"@type":"WebPage","@id":"https:\/\/www.satlabgeo.com\/product\/tts2-total-station\/","url":"https:\/\/www.satlabgeo.com\/product\/tts2-total-station\/","name":"TTS2 Total Station | Global Satellite Positioning Solutions | SatLab Geosolutions AB","isPartOf":{"@id":"https:\/\/www.satlabgeo.com\/#website"},"datePublished":"2022-03-30T07:41:22+00:00","dateModified":"2024-07-26T06:19:24+00:00","breadcrumb":{"@id":"https:\/\/www.satlabgeo.com\/product\/tts2-total-station\/#breadcrumb"},"inLanguage":"tr","potentialAction":[{"@type":"ReadAction","target":["https:\/\/www.satlabgeo.com\/product\/tts2-total-station\/"]}]},{"@type":"BreadcrumbList","@id":"https:\/\/www.satlabgeo.com\/product\/tts2-total-station\/#breadcrumb","itemListElement":[{"@type":"ListItem","position":1,"name":"Home","item":"https:\/\/www.satlabgeo.com\/"},{"@type":"ListItem","position":2,"name":"Products","item":"https:\/\/www.satlabgeo.com\/products\/"},{"@type":"ListItem","position":3,"name":"TTS2 Total Station"}]},{"@type":"WebSite","@id":"https:\/\/www.satlabgeo.com\/#website","url":"https:\/\/www.satlabgeo.com\/","name":"Global Satellite Positioning Solutions | SatLab Geosolutions AB","description":"","publisher":{"@id":"https:\/\/www.satlabgeo.com\/#organization"},"potentialAction":[{"@type":"SearchAction","target":{"@type":"EntryPoint","urlTemplate":"https:\/\/www.satlabgeo.com\/?s={search_term_string}"},"query-input":"required name=search_term_string"}],"inLanguage":"tr"},{"@type":"Organization","@id":"https:\/\/www.satlabgeo.com\/#organization","name":"Global Satellite Positioning Solutions | SatLab Geosolutions AB","url":"https:\/\/www.satlabgeo.com\/","sameAs":[],"logo":{"@type":"ImageObject","inLanguage":"tr","@id":"https:\/\/www.satlabgeo.com\/#\/schema\/logo\/image\/","url":"https:\/\/www.satlabgeo.com\/wp-content\/uploads\/2025\/08\/satlab-logo.webp","contentUrl":"https:\/\/www.satlabgeo.com\/wp-content\/uploads\/2025\/08\/satlab-logo.webp","width":191,"height":48,"caption":"Global Satellite Positioning Solutions | SatLab Geosolutions AB"},"image":{"@id":"https:\/\/www.satlabgeo.com\/#\/schema\/logo\/image\/"}}]}},"_links":{"self":[{"href":"https:\/\/www.satlabgeo.com\/tr\/wp-json\/wp\/v2\/product\/329"}],"collection":[{"href":"https:\/\/www.satlabgeo.com\/tr\/wp-json\/wp\/v2\/product"}],"about":[{"href":"https:\/\/www.satlabgeo.com\/tr\/wp-json\/wp\/v2\/types\/product"}],"replies":[{"embeddable":true,"href":"https:\/\/www.satlabgeo.com\/tr\/wp-json\/wp\/v2\/comments?post=329"}],"version-history":[{"count":1,"href":"https:\/\/www.satlabgeo.com\/tr\/wp-json\/wp\/v2\/product\/329\/revisions"}],"predecessor-version":[{"id":396,"href":"https:\/\/www.satlabgeo.com\/tr\/wp-json\/wp\/v2\/product\/329\/revisions\/396"}],"wp:featuredmedia":[{"embeddable":true,"href":"https:\/\/www.satlabgeo.com\/tr\/wp-json\/wp\/v2\/media\/393"}],"wp:attachment":[{"href":"https:\/\/www.satlabgeo.com\/tr\/wp-json\/wp\/v2\/media?parent=329"}],"wp:term":[{"taxonomy":"product_cat","embeddable":true,"href":"https:\/\/www.satlabgeo.com\/tr\/wp-json\/wp\/v2\/product_cat?post=329"},{"taxonomy":"product_tag","embeddable":true,"href":"https:\/\/www.satlabgeo.com\/tr\/wp-json\/wp\/v2\/product_tag?post=329"}],"curies":[{"name":"wp","href":"https:\/\/api.w.org\/{rel}","templated":true}]}}