{"id":322,"date":"2022-03-30T06:40:55","date_gmt":"2022-03-30T06:40:55","guid":{"rendered":"https:\/\/www.satlabgeo.com\/?post_type=product&#038;p=322"},"modified":"2025-11-27T02:15:22","modified_gmt":"2025-11-27T02:15:22","slug":"sal32-automatic-level","status":"publish","type":"product","link":"https:\/\/www.satlabgeo.com\/tr\/product\/sal32-automatic-level\/","title":{"rendered":"SAL32 Otomatik Nivo"},"content":{"rendered":"<h3><strong>Hava S\u00f6n\u00fcmleme Kompansat\u00f6r\u00fc<\/strong><\/h3>\n<p>SAL32 Otomatik Nivo, operasyonel verimlilik i\u00e7in insan performans\u0131n\u0131 optimize etmek \u00fczere tasarlanm\u0131\u015ft\u0131r ve her t\u00fcrl\u00fc \u00e7al\u0131\u015fma sahas\u0131nda m\u00fckemmel bir ara\u00e7t\u0131r. Manyetik paraziti \u00f6nlemek i\u00e7in benzersiz bir otomatik hava s\u00f6n\u00fcmlemeli kompansat\u00f6re ve p\u00fcr\u00fczs\u00fcz, hassas i\u015faretleme ve a\u00e7\u0131sal \u00f6l\u00e7\u00fcm sa\u011flamak i\u00e7in sonsuz yatay ince tahrik \u00f6zelli\u011fine sahip olan Satlab, zorlu ko\u015fullarda bile do\u011fru \u00f6l\u00e7\u00fcmler yap\u0131labilmesi i\u00e7in bu otomatik seviyeyi IP66 s\u0131n\u0131f\u0131nda tasarlam\u0131\u015ft\u0131r.<\/p>\n<h3><strong>E\u015fsiz Performans ve G\u00fcvenilirlik<\/strong><\/h3>\n<p>En zorlu \u00e7al\u0131\u015fma ortam\u0131 ko\u015fullar\u0131n\u0131n \u00fcstesinden gelmek i\u00e7in tasarlanan SAL32 Otomatik Nivo, atmosferik bas\u0131n\u00e7tan kaynaklanan parazitleri ortadan kald\u0131rarak en olumsuz hava ko\u015fullar\u0131nda bile tutarl\u0131l\u0131k sa\u011flar.<\/p>\n<h3><strong>Kaliteli Ekipman Sunmak<\/strong><\/h3>\n<p>ISO, RoHS ve CE sertifikal\u0131 bir fabrikada \u00fcretilen her otomatik seviye, her t\u00fcrl\u00fc \u00e7al\u0131\u015fma y\u00f6n\u00fcne uygun protokol ve prosed\u00fcrlerin yan\u0131 s\u0131ra en y\u00fcksek kaliteyi sa\u011flayan s\u0131k\u0131 kalite g\u00fcvence kontrollerine uygun olarak \u00fcretilmektedir.<\/p>\n<table border=\"0\" style=\"border-collapse: collapse; width: 100%;\">\n<tbody>\n<tr><\/tr>\n<\/tbody>\n<\/table>","protected":false},"excerpt":{"rendered":"<p>Maksimum performansa odaklanan SAL32 Otomatik Nivo, t\u00fcm alanlar\u0131n gereksinimlerini kar\u015f\u0131layabilir. Hafif ve tutmas\u0131 kolay kompakt g\u00f6vdesi ile bu otomatik nivo, dayan\u0131kl\u0131l\u0131k, do\u011fruluk ve hassasiyet sa\u011flar. Optimal olarak tasarlanm\u0131\u015f optik lens, saha \u00e7al\u0131\u015fmas\u0131 s\u0131ras\u0131nda \u0131\u015f\u0131k parazitini azaltmak i\u00e7in \u00e7ok katmanl\u0131 yans\u0131ma \u00f6nleyici kaplamaya sahip net ve keskin bir g\u00f6r\u00fc\u015f sa\u011flar.<\/p>","protected":false},"featured_media":401,"comment_status":"open","ping_status":"closed","template":"","meta":{"_links_to":"","_links_to_target":""},"product_cat":[24],"product_tag":[],"yoast_head":"<!-- This site is optimized with the Yoast SEO plugin v19.8 - https:\/\/yoast.com\/wordpress\/plugins\/seo\/ -->\n<title>SAL32 Automatic Level | Global Satellite Positioning Solutions | SatLab Geosolutions AB<\/title>\n<meta name=\"robots\" content=\"index, follow, max-snippet:-1, max-image-preview:large, max-video-preview:-1\" \/>\n<link rel=\"canonical\" href=\"https:\/\/www.satlabgeo.com\/tr\/product\/sal32-automatic-level\/\" \/>\n<meta property=\"og:locale\" content=\"tr_TR\" \/>\n<meta property=\"og:type\" content=\"article\" \/>\n<meta property=\"og:title\" content=\"SAL32 Automatic Level | Global Satellite Positioning Solutions | SatLab Geosolutions AB\" \/>\n<meta property=\"og:description\" content=\"With a focus on maximum performance, the SAL32 Automatic Level is capable in meeting requirements of all fields. Featuring a lightweight and easy-to-grasp compact body, this auto level provides durability, accuracy, and precision. The optimally designed optical lens provides a clear and sharp view that has a multi-layer anti-reflective coating to reduce light interference during fieldwork.\" \/>\n<meta property=\"og:url\" content=\"https:\/\/www.satlabgeo.com\/tr\/product\/sal32-automatic-level\/\" \/>\n<meta property=\"og:site_name\" content=\"Global Satellite Positioning Solutions | SatLab Geosolutions AB\" \/>\n<meta property=\"article:modified_time\" content=\"2025-11-27T02:15:22+00:00\" \/>\n<meta property=\"og:image\" content=\"https:\/\/www.satlabgeo.com\/wp-content\/uploads\/2022\/03\/SAL32-03.png\" \/>\n\t<meta property=\"og:image:width\" content=\"248\" \/>\n\t<meta property=\"og:image:height\" content=\"235\" \/>\n\t<meta property=\"og:image:type\" content=\"image\/png\" \/>\n<meta name=\"twitter:card\" content=\"summary_large_image\" \/>\n<meta name=\"twitter:label1\" content=\"Est. reading time\" \/>\n\t<meta name=\"twitter:data1\" content=\"1 dakika\" \/>\n<script type=\"application\/ld+json\" class=\"yoast-schema-graph\">{\"@context\":\"https:\/\/schema.org\",\"@graph\":[{\"@type\":\"WebPage\",\"@id\":\"https:\/\/www.satlabgeo.com\/product\/sal32-automatic-level\/\",\"url\":\"https:\/\/www.satlabgeo.com\/product\/sal32-automatic-level\/\",\"name\":\"SAL32 Automatic Level | Global Satellite Positioning Solutions | SatLab Geosolutions AB\",\"isPartOf\":{\"@id\":\"https:\/\/www.satlabgeo.com\/#website\"},\"datePublished\":\"2022-03-30T06:40:55+00:00\",\"dateModified\":\"2025-11-27T02:15:22+00:00\",\"breadcrumb\":{\"@id\":\"https:\/\/www.satlabgeo.com\/product\/sal32-automatic-level\/#breadcrumb\"},\"inLanguage\":\"tr\",\"potentialAction\":[{\"@type\":\"ReadAction\",\"target\":[\"https:\/\/www.satlabgeo.com\/product\/sal32-automatic-level\/\"]}]},{\"@type\":\"BreadcrumbList\",\"@id\":\"https:\/\/www.satlabgeo.com\/product\/sal32-automatic-level\/#breadcrumb\",\"itemListElement\":[{\"@type\":\"ListItem\",\"position\":1,\"name\":\"Home\",\"item\":\"https:\/\/www.satlabgeo.com\/\"},{\"@type\":\"ListItem\",\"position\":2,\"name\":\"Products\",\"item\":\"https:\/\/www.satlabgeo.com\/products\/\"},{\"@type\":\"ListItem\",\"position\":3,\"name\":\"SAL32 Automatic Level\"}]},{\"@type\":\"WebSite\",\"@id\":\"https:\/\/www.satlabgeo.com\/#website\",\"url\":\"https:\/\/www.satlabgeo.com\/\",\"name\":\"Global Satellite Positioning Solutions | SatLab Geosolutions AB\",\"description\":\"\",\"publisher\":{\"@id\":\"https:\/\/www.satlabgeo.com\/#organization\"},\"potentialAction\":[{\"@type\":\"SearchAction\",\"target\":{\"@type\":\"EntryPoint\",\"urlTemplate\":\"https:\/\/www.satlabgeo.com\/?s={search_term_string}\"},\"query-input\":\"required name=search_term_string\"}],\"inLanguage\":\"tr\"},{\"@type\":\"Organization\",\"@id\":\"https:\/\/www.satlabgeo.com\/#organization\",\"name\":\"Global Satellite Positioning Solutions | SatLab Geosolutions AB\",\"url\":\"https:\/\/www.satlabgeo.com\/\",\"sameAs\":[],\"logo\":{\"@type\":\"ImageObject\",\"inLanguage\":\"tr\",\"@id\":\"https:\/\/www.satlabgeo.com\/#\/schema\/logo\/image\/\",\"url\":\"https:\/\/www.satlabgeo.com\/wp-content\/uploads\/2025\/08\/satlab-logo.webp\",\"contentUrl\":\"https:\/\/www.satlabgeo.com\/wp-content\/uploads\/2025\/08\/satlab-logo.webp\",\"width\":191,\"height\":48,\"caption\":\"Global Satellite Positioning Solutions | SatLab Geosolutions AB\"},\"image\":{\"@id\":\"https:\/\/www.satlabgeo.com\/#\/schema\/logo\/image\/\"}}]}<\/script>\n<!-- \/ Yoast SEO plugin. -->","yoast_head_json":{"title":"SAL32 Automatic Level | Global Satellite Positioning Solutions | SatLab Geosolutions AB","robots":{"index":"index","follow":"follow","max-snippet":"max-snippet:-1","max-image-preview":"max-image-preview:large","max-video-preview":"max-video-preview:-1"},"canonical":"https:\/\/www.satlabgeo.com\/tr\/product\/sal32-automatic-level\/","og_locale":"tr_TR","og_type":"article","og_title":"SAL32 Automatic Level | Global Satellite Positioning Solutions | SatLab Geosolutions AB","og_description":"With a focus on maximum performance, the SAL32 Automatic Level is capable in meeting requirements of all fields. Featuring a lightweight and easy-to-grasp compact body, this auto level provides durability, accuracy, and precision. The optimally designed optical lens provides a clear and sharp view that has a multi-layer anti-reflective coating to reduce light interference during fieldwork.","og_url":"https:\/\/www.satlabgeo.com\/tr\/product\/sal32-automatic-level\/","og_site_name":"Global Satellite Positioning Solutions | SatLab Geosolutions AB","article_modified_time":"2025-11-27T02:15:22+00:00","og_image":[{"width":248,"height":235,"url":"https:\/\/www.satlabgeo.com\/wp-content\/uploads\/2022\/03\/SAL32-03.png","type":"image\/png"}],"twitter_card":"summary_large_image","twitter_misc":{"Est. reading time":"1 dakika"},"schema":{"@context":"https:\/\/schema.org","@graph":[{"@type":"WebPage","@id":"https:\/\/www.satlabgeo.com\/product\/sal32-automatic-level\/","url":"https:\/\/www.satlabgeo.com\/product\/sal32-automatic-level\/","name":"SAL32 Automatic Level | Global Satellite Positioning Solutions | SatLab Geosolutions AB","isPartOf":{"@id":"https:\/\/www.satlabgeo.com\/#website"},"datePublished":"2022-03-30T06:40:55+00:00","dateModified":"2025-11-27T02:15:22+00:00","breadcrumb":{"@id":"https:\/\/www.satlabgeo.com\/product\/sal32-automatic-level\/#breadcrumb"},"inLanguage":"tr","potentialAction":[{"@type":"ReadAction","target":["https:\/\/www.satlabgeo.com\/product\/sal32-automatic-level\/"]}]},{"@type":"BreadcrumbList","@id":"https:\/\/www.satlabgeo.com\/product\/sal32-automatic-level\/#breadcrumb","itemListElement":[{"@type":"ListItem","position":1,"name":"Home","item":"https:\/\/www.satlabgeo.com\/"},{"@type":"ListItem","position":2,"name":"Products","item":"https:\/\/www.satlabgeo.com\/products\/"},{"@type":"ListItem","position":3,"name":"SAL32 Automatic Level"}]},{"@type":"WebSite","@id":"https:\/\/www.satlabgeo.com\/#website","url":"https:\/\/www.satlabgeo.com\/","name":"Global Satellite Positioning Solutions | SatLab Geosolutions AB","description":"","publisher":{"@id":"https:\/\/www.satlabgeo.com\/#organization"},"potentialAction":[{"@type":"SearchAction","target":{"@type":"EntryPoint","urlTemplate":"https:\/\/www.satlabgeo.com\/?s={search_term_string}"},"query-input":"required name=search_term_string"}],"inLanguage":"tr"},{"@type":"Organization","@id":"https:\/\/www.satlabgeo.com\/#organization","name":"Global Satellite Positioning Solutions | SatLab Geosolutions AB","url":"https:\/\/www.satlabgeo.com\/","sameAs":[],"logo":{"@type":"ImageObject","inLanguage":"tr","@id":"https:\/\/www.satlabgeo.com\/#\/schema\/logo\/image\/","url":"https:\/\/www.satlabgeo.com\/wp-content\/uploads\/2025\/08\/satlab-logo.webp","contentUrl":"https:\/\/www.satlabgeo.com\/wp-content\/uploads\/2025\/08\/satlab-logo.webp","width":191,"height":48,"caption":"Global Satellite Positioning Solutions | SatLab Geosolutions AB"},"image":{"@id":"https:\/\/www.satlabgeo.com\/#\/schema\/logo\/image\/"}}]}},"_links":{"self":[{"href":"https:\/\/www.satlabgeo.com\/tr\/wp-json\/wp\/v2\/product\/322"}],"collection":[{"href":"https:\/\/www.satlabgeo.com\/tr\/wp-json\/wp\/v2\/product"}],"about":[{"href":"https:\/\/www.satlabgeo.com\/tr\/wp-json\/wp\/v2\/types\/product"}],"replies":[{"embeddable":true,"href":"https:\/\/www.satlabgeo.com\/tr\/wp-json\/wp\/v2\/comments?post=322"}],"version-history":[{"count":2,"href":"https:\/\/www.satlabgeo.com\/tr\/wp-json\/wp\/v2\/product\/322\/revisions"}],"predecessor-version":[{"id":3205,"href":"https:\/\/www.satlabgeo.com\/tr\/wp-json\/wp\/v2\/product\/322\/revisions\/3205"}],"wp:featuredmedia":[{"embeddable":true,"href":"https:\/\/www.satlabgeo.com\/tr\/wp-json\/wp\/v2\/media\/401"}],"wp:attachment":[{"href":"https:\/\/www.satlabgeo.com\/tr\/wp-json\/wp\/v2\/media?parent=322"}],"wp:term":[{"taxonomy":"product_cat","embeddable":true,"href":"https:\/\/www.satlabgeo.com\/tr\/wp-json\/wp\/v2\/product_cat?post=322"},{"taxonomy":"product_tag","embeddable":true,"href":"https:\/\/www.satlabgeo.com\/tr\/wp-json\/wp\/v2\/product_tag?post=322"}],"curies":[{"name":"wp","href":"https:\/\/api.w.org\/{rel}","templated":true}]}}