{"id":315,"date":"2022-03-29T03:02:01","date_gmt":"2022-03-29T03:02:01","guid":{"rendered":"https:\/\/www.satlabgeo.com\/?post_type=product&#038;p=315"},"modified":"2026-01-29T05:58:31","modified_gmt":"2026-01-29T05:58:31","slug":"satsurv","status":"publish","type":"product","link":"https:\/\/www.satlabgeo.com\/tr\/product\/satsurv\/","title":{"rendered":"Satsurv Arazi \u00d6l\u00e7\u00fcm Yaz\u0131l\u0131m\u0131"},"content":{"rendered":"<p><img decoding=\"async\" loading=\"lazy\" src=\"https:\/\/www.satlabgeo.com\/wp-content\/uploads\/2022\/03\/Satsurv-Banner.png\" alt=\"\" width=\"1189\" height=\"349\" class=\"alignnone size-full wp-image-1366\" \/><\/p>\n<h3><strong>Detay \u00d6l\u00e7\u00fcm<\/strong><\/h3>\n<p>Satsurv, e\u011fim \u00f6l\u00e7\u00fcm\u00fc, yar\u0131 dinamik \u00f6l\u00e7\u00fcm, PPK toplama ve statik toplama gibi \u00e7e\u015fitli toplama y\u00f6ntemlerini destekler. Ayr\u0131nt\u0131l\u0131 \u00f6l\u00e7\u00fcm aray\u00fcz\u00fcnde, kullan\u0131c\u0131lar toplama do\u011frulu\u011funu, \u00f6l\u00e7me standard\u0131n\u0131 ayarlayabilir veya mevcut uydu say\u0131s\u0131n\u0131, \u00e7\u00f6z\u00fcm durumunu, d\u00fczeltme ya\u015f\u0131n\u0131, konumland\u0131rma do\u011frulu\u011funu vb. kontrol edebilir.<\/p>\n<h3><strong>Veri Aplikasyon<\/strong><\/h3>\n<p>Geli\u015fmi\u015f AR \u00f6l\u00e7\u00fcm fonksiyonu, kullan\u0131c\u0131lar\u0131n ger\u00e7ek zamanl\u0131 olarak yaz\u0131l\u0131m aray\u00fcz\u00fcne odaklanmadan veri \u00f6l\u00e7\u00fcm\u00fcn\u00fcn verimlili\u011fini ve do\u011frulu\u011funu art\u0131rmalar\u0131na yard\u0131mc\u0131 olur. Ak\u0131ll\u0131 sesli komutlar sayesinde, kullan\u0131c\u0131lar yerle\u015fik pusula ile veri \u00f6l\u00e7\u00fcm\u00fcn\u00fcn ileri y\u00f6n\u00fcn\u00fc do\u011fru bir \u015fekilde belirleyebilirler.<\/p>\n<p>Veri \u00d6l\u00e7\u00fcm\u00fc ayr\u0131ca nokta \u00f6l\u00e7\u00fcm\u00fc ve \u00e7izgi \u00f6l\u00e7\u00fcm\u00fc i\u00e7in DXF, DWG format\u0131ndaki verilere eri\u015fimi destekler. INT, TAN, PER, NOD nesne yakalama i\u015flevleri ile kullan\u0131c\u0131lar veri \u00f6l\u00e7\u00fcm\u00fcn\u00fc kolayca ger\u00e7ekle\u015ftirebilirler.<\/p>\n<h3><strong>Veri Y\u00f6netimi<\/strong><\/h3>\n<p>Veri Y\u00f6netimi, veri toplama haritalar\u0131 olarak Google Haritalar, Google Uydu Haritalar\u0131, GIS \u00c7evrimd\u0131\u015f\u0131 Haritalar ve WMS, TMS, WCS ve WFS'nin OGC harita hizmetini destekler. Ayr\u0131ca, mesafe ve a\u00e7\u0131 \u00f6l\u00e7\u00fcmlerini daha do\u011fru hale getirmek i\u00e7in \u00fc\u00e7\u00fcnc\u00fc taraf telemetre cihazlar\u0131na eri\u015fimi destekler.<\/p>\n<h3><strong>K\u0131sayol Y\u00f6ntemleri<\/strong><\/h3>\n<p>Satsurv, kullan\u0131c\u0131lar\u0131n i\u015flemlerini kolayla\u015ft\u0131rmak i\u00e7in baz\u0131 k\u0131sayol y\u00f6ntemleri sunar. \u00d6rne\u011fin, cihaz numaras\u0131n\u0131 aramadan NFC k\u0131sayol modunu kullanarak Bluetooth ba\u011flant\u0131s\u0131n\u0131 tetikleme, QR kodu tarama yoluyla en son kaydedilen koordinat sistemini h\u0131zl\u0131 bir \u015fekilde kaydetme ve a\u00e7ma gibi. FTP iletimi ile kullan\u0131c\u0131lar, ba\u011flant\u0131 kablolar\u0131 olmadan ayn\u0131 a\u011f ortam\u0131ndaki belgeleri aktarabilir.<\/p>\n<div style=\"text-align: center, max-width: 640px; margin: 0 auto;\"><video width=\"300\" height=\"150\" class=\"wp-video-shortcode\" preload=\"metadata\" controls=\"controls\"><source type=\"video\/youtube\" src=\"https:\/\/youtu.be\/sNHiaGRADQQ\" \/><\/video><\/div>","protected":false},"excerpt":{"rendered":"<p>Satsurv, Detay \u00d6l\u00e7\u00fcm\u00fc, Veri Aplikasyonu, Kadastro, \u00d6l\u00e7me, Yol Tasar\u0131m\u0131 ve Veri Y\u00f6netimi gibi saha \u00f6l\u00e7\u00fcm g\u00f6revleri i\u00e7in \u00f6zelle\u015ftirilmi\u015f ve kullan\u0131m\u0131 kolay bir Android yaz\u0131l\u0131m\u0131d\u0131r. E\u011fim \u00f6l\u00e7\u00fcm\u00fc, yar\u0131 dinamik, PPK ve statik \u00f6l\u00e7\u00fcm modlar\u0131n\u0131 destekler. Yerle\u015fik NFC, Bluetooth ve FTP i\u015flevleriyle donat\u0131lm\u0131\u015f Satsurv, verimli saha \u00e7al\u0131\u015fmas\u0131 i\u00e7in end\u00fcstriyel bir \u00e7\u00f6z\u00fcm sunar.<\/p>\n<p><a href=\"https:\/\/www.satlabgeo.com\/tr\/privacy-policy-for-satsurv-app\/\">Satsurv Uygulamas\u0131 i\u00e7in Gizlilik Politikas\u0131<\/a><\/p>\n<p><a href=\"https:\/\/members.satlab.com.se\/UploadFiles\/Files\/Software\/Satsurv%20V3.4.8-Software-EN-20260116.zip\">Download the APP<\/a><\/p>","protected":false},"featured_media":1541,"comment_status":"open","ping_status":"closed","template":"","meta":{"_links_to":"","_links_to_target":""},"product_cat":[17],"product_tag":[],"yoast_head":"<!-- This site is optimized with the Yoast SEO plugin v19.8 - https:\/\/yoast.com\/wordpress\/plugins\/seo\/ -->\n<title>Satsurv Field Surveying Software | Global Satellite Positioning Solutions | SatLab Geosolutions AB<\/title>\n<meta name=\"robots\" content=\"index, follow, max-snippet:-1, max-image-preview:large, max-video-preview:-1\" \/>\n<link rel=\"canonical\" href=\"https:\/\/www.satlabgeo.com\/tr\/product\/satsurv\/\" \/>\n<meta property=\"og:locale\" content=\"tr_TR\" \/>\n<meta property=\"og:type\" content=\"article\" \/>\n<meta property=\"og:title\" content=\"Satsurv Field Surveying Software | Global Satellite Positioning Solutions | SatLab Geosolutions AB\" \/>\n<meta property=\"og:description\" content=\"Satsurv is a customized and easy-to-use Android software for field surveying tasks, such as Detail Survey, Data Stakeout, Cadastral, Surveying, Road Design and Data Management. It supports tilt survey, quasi-dynamic, PPK and static surveying mode. Equipped with built-in NFC, Bluetooth, FTP functions, Satsurv provides an industrial solution for efficient fieldwork.  Privacy Policy for Satsurv App  Download the APP\" \/>\n<meta property=\"og:url\" content=\"https:\/\/www.satlabgeo.com\/tr\/product\/satsurv\/\" \/>\n<meta property=\"og:site_name\" content=\"Global Satellite Positioning Solutions | SatLab Geosolutions AB\" \/>\n<meta property=\"article:modified_time\" content=\"2026-01-29T05:58:31+00:00\" \/>\n<meta property=\"og:image\" content=\"https:\/\/www.satlabgeo.com\/wp-content\/uploads\/2022\/03\/Satsurv-logo.png\" \/>\n\t<meta property=\"og:image:width\" content=\"800\" \/>\n\t<meta property=\"og:image:height\" content=\"800\" \/>\n\t<meta property=\"og:image:type\" content=\"image\/png\" \/>\n<meta name=\"twitter:card\" content=\"summary_large_image\" \/>\n<meta name=\"twitter:label1\" content=\"Est. reading time\" \/>\n\t<meta name=\"twitter:data1\" content=\"2 dakika\" \/>\n<script type=\"application\/ld+json\" class=\"yoast-schema-graph\">{\"@context\":\"https:\/\/schema.org\",\"@graph\":[{\"@type\":\"WebPage\",\"@id\":\"https:\/\/www.satlabgeo.com\/product\/satsurv\/\",\"url\":\"https:\/\/www.satlabgeo.com\/product\/satsurv\/\",\"name\":\"Satsurv Field Surveying Software | Global Satellite Positioning Solutions | SatLab Geosolutions AB\",\"isPartOf\":{\"@id\":\"https:\/\/www.satlabgeo.com\/#website\"},\"datePublished\":\"2022-03-29T03:02:01+00:00\",\"dateModified\":\"2026-01-29T05:58:31+00:00\",\"breadcrumb\":{\"@id\":\"https:\/\/www.satlabgeo.com\/product\/satsurv\/#breadcrumb\"},\"inLanguage\":\"tr\",\"potentialAction\":[{\"@type\":\"ReadAction\",\"target\":[\"https:\/\/www.satlabgeo.com\/product\/satsurv\/\"]}]},{\"@type\":\"BreadcrumbList\",\"@id\":\"https:\/\/www.satlabgeo.com\/product\/satsurv\/#breadcrumb\",\"itemListElement\":[{\"@type\":\"ListItem\",\"position\":1,\"name\":\"Home\",\"item\":\"https:\/\/www.satlabgeo.com\/\"},{\"@type\":\"ListItem\",\"position\":2,\"name\":\"Products\",\"item\":\"https:\/\/www.satlabgeo.com\/products\/\"},{\"@type\":\"ListItem\",\"position\":3,\"name\":\"Satsurv Field Surveying Software\"}]},{\"@type\":\"WebSite\",\"@id\":\"https:\/\/www.satlabgeo.com\/#website\",\"url\":\"https:\/\/www.satlabgeo.com\/\",\"name\":\"Global Satellite Positioning Solutions | SatLab Geosolutions AB\",\"description\":\"\",\"publisher\":{\"@id\":\"https:\/\/www.satlabgeo.com\/#organization\"},\"potentialAction\":[{\"@type\":\"SearchAction\",\"target\":{\"@type\":\"EntryPoint\",\"urlTemplate\":\"https:\/\/www.satlabgeo.com\/?s={search_term_string}\"},\"query-input\":\"required name=search_term_string\"}],\"inLanguage\":\"tr\"},{\"@type\":\"Organization\",\"@id\":\"https:\/\/www.satlabgeo.com\/#organization\",\"name\":\"Global Satellite Positioning Solutions | SatLab Geosolutions AB\",\"url\":\"https:\/\/www.satlabgeo.com\/\",\"sameAs\":[],\"logo\":{\"@type\":\"ImageObject\",\"inLanguage\":\"tr\",\"@id\":\"https:\/\/www.satlabgeo.com\/#\/schema\/logo\/image\/\",\"url\":\"https:\/\/www.satlabgeo.com\/wp-content\/uploads\/2025\/08\/satlab-logo.webp\",\"contentUrl\":\"https:\/\/www.satlabgeo.com\/wp-content\/uploads\/2025\/08\/satlab-logo.webp\",\"width\":191,\"height\":48,\"caption\":\"Global Satellite Positioning Solutions | SatLab Geosolutions AB\"},\"image\":{\"@id\":\"https:\/\/www.satlabgeo.com\/#\/schema\/logo\/image\/\"}}]}<\/script>\n<!-- \/ Yoast SEO plugin. -->","yoast_head_json":{"title":"Satsurv Field Surveying Software | Global Satellite Positioning Solutions | SatLab Geosolutions AB","robots":{"index":"index","follow":"follow","max-snippet":"max-snippet:-1","max-image-preview":"max-image-preview:large","max-video-preview":"max-video-preview:-1"},"canonical":"https:\/\/www.satlabgeo.com\/tr\/product\/satsurv\/","og_locale":"tr_TR","og_type":"article","og_title":"Satsurv Field Surveying Software | Global Satellite Positioning Solutions | SatLab Geosolutions AB","og_description":"Satsurv is a customized and easy-to-use Android software for field surveying tasks, such as Detail Survey, Data Stakeout, Cadastral, Surveying, Road Design and Data Management. It supports tilt survey, quasi-dynamic, PPK and static surveying mode. Equipped with built-in NFC, Bluetooth, FTP functions, Satsurv provides an industrial solution for efficient fieldwork.  Privacy Policy for Satsurv App  Download the APP","og_url":"https:\/\/www.satlabgeo.com\/tr\/product\/satsurv\/","og_site_name":"Global Satellite Positioning Solutions | SatLab Geosolutions AB","article_modified_time":"2026-01-29T05:58:31+00:00","og_image":[{"width":800,"height":800,"url":"https:\/\/www.satlabgeo.com\/wp-content\/uploads\/2022\/03\/Satsurv-logo.png","type":"image\/png"}],"twitter_card":"summary_large_image","twitter_misc":{"Est. reading time":"2 dakika"},"schema":{"@context":"https:\/\/schema.org","@graph":[{"@type":"WebPage","@id":"https:\/\/www.satlabgeo.com\/product\/satsurv\/","url":"https:\/\/www.satlabgeo.com\/product\/satsurv\/","name":"Satsurv Field Surveying Software | Global Satellite Positioning Solutions | SatLab Geosolutions AB","isPartOf":{"@id":"https:\/\/www.satlabgeo.com\/#website"},"datePublished":"2022-03-29T03:02:01+00:00","dateModified":"2026-01-29T05:58:31+00:00","breadcrumb":{"@id":"https:\/\/www.satlabgeo.com\/product\/satsurv\/#breadcrumb"},"inLanguage":"tr","potentialAction":[{"@type":"ReadAction","target":["https:\/\/www.satlabgeo.com\/product\/satsurv\/"]}]},{"@type":"BreadcrumbList","@id":"https:\/\/www.satlabgeo.com\/product\/satsurv\/#breadcrumb","itemListElement":[{"@type":"ListItem","position":1,"name":"Home","item":"https:\/\/www.satlabgeo.com\/"},{"@type":"ListItem","position":2,"name":"Products","item":"https:\/\/www.satlabgeo.com\/products\/"},{"@type":"ListItem","position":3,"name":"Satsurv Field Surveying Software"}]},{"@type":"WebSite","@id":"https:\/\/www.satlabgeo.com\/#website","url":"https:\/\/www.satlabgeo.com\/","name":"Global Satellite Positioning Solutions | SatLab Geosolutions AB","description":"","publisher":{"@id":"https:\/\/www.satlabgeo.com\/#organization"},"potentialAction":[{"@type":"SearchAction","target":{"@type":"EntryPoint","urlTemplate":"https:\/\/www.satlabgeo.com\/?s={search_term_string}"},"query-input":"required name=search_term_string"}],"inLanguage":"tr"},{"@type":"Organization","@id":"https:\/\/www.satlabgeo.com\/#organization","name":"Global Satellite Positioning Solutions | SatLab Geosolutions AB","url":"https:\/\/www.satlabgeo.com\/","sameAs":[],"logo":{"@type":"ImageObject","inLanguage":"tr","@id":"https:\/\/www.satlabgeo.com\/#\/schema\/logo\/image\/","url":"https:\/\/www.satlabgeo.com\/wp-content\/uploads\/2025\/08\/satlab-logo.webp","contentUrl":"https:\/\/www.satlabgeo.com\/wp-content\/uploads\/2025\/08\/satlab-logo.webp","width":191,"height":48,"caption":"Global Satellite Positioning Solutions | SatLab Geosolutions AB"},"image":{"@id":"https:\/\/www.satlabgeo.com\/#\/schema\/logo\/image\/"}}]}},"_links":{"self":[{"href":"https:\/\/www.satlabgeo.com\/tr\/wp-json\/wp\/v2\/product\/315"}],"collection":[{"href":"https:\/\/www.satlabgeo.com\/tr\/wp-json\/wp\/v2\/product"}],"about":[{"href":"https:\/\/www.satlabgeo.com\/tr\/wp-json\/wp\/v2\/types\/product"}],"replies":[{"embeddable":true,"href":"https:\/\/www.satlabgeo.com\/tr\/wp-json\/wp\/v2\/comments?post=315"}],"version-history":[{"count":8,"href":"https:\/\/www.satlabgeo.com\/tr\/wp-json\/wp\/v2\/product\/315\/revisions"}],"predecessor-version":[{"id":3402,"href":"https:\/\/www.satlabgeo.com\/tr\/wp-json\/wp\/v2\/product\/315\/revisions\/3402"}],"wp:featuredmedia":[{"embeddable":true,"href":"https:\/\/www.satlabgeo.com\/tr\/wp-json\/wp\/v2\/media\/1541"}],"wp:attachment":[{"href":"https:\/\/www.satlabgeo.com\/tr\/wp-json\/wp\/v2\/media?parent=315"}],"wp:term":[{"taxonomy":"product_cat","embeddable":true,"href":"https:\/\/www.satlabgeo.com\/tr\/wp-json\/wp\/v2\/product_cat?post=315"},{"taxonomy":"product_tag","embeddable":true,"href":"https:\/\/www.satlabgeo.com\/tr\/wp-json\/wp\/v2\/product_tag?post=315"}],"curies":[{"name":"wp","href":"https:\/\/api.w.org\/{rel}","templated":true}]}}