{"id":3125,"date":"2025-11-26T02:48:13","date_gmt":"2025-11-26T02:48:13","guid":{"rendered":"https:\/\/www.satlabgeo.com\/?post_type=product&#038;p=3125"},"modified":"2026-04-27T12:35:31","modified_gmt":"2026-04-27T12:35:31","slug":"sl8-laser-rtk-receiver","status":"publish","type":"product","link":"https:\/\/www.satlabgeo.com\/tr\/product\/sl8-laser-rtk-receiver\/","title":{"rendered":"SL8 Lazer RTK Al\u0131c\u0131s\u0131"},"content":{"rendered":"<div class=\"landscape\"><img decoding=\"async\" src=\"https:\/\/www.satlabgeo.com\/wp-content\/uploads\/2025\/11\/SL8-SLAM-RTK.webp\" alt=\"SL8-SLAM-RTK\" class=\"aligncenter\" \/><\/div>\n<p>&nbsp;<\/p>\n<h4>Lazer \u00d6l\u00e7\u00fcm \u2014 Tipik G\u00f6revler i\u00e7in Geni\u015f Kapsam<\/h4>\n<p>GNSS'in kullan\u0131lamad\u0131\u011f\u0131 ortamlarda bile Lazer RTK kullanarak 10 m i\u00e7inde 2 cm hassasiyet elde edin.<br \/>\nGeleneksel GNSS'in \u00e7al\u0131\u015famad\u0131\u011f\u0131 k\u00f6pr\u00fcler, t\u00fcneller, nehir kenarlar\u0131 ve di\u011fer karma\u015f\u0131k alanlar i\u00e7in m\u00fckemmeldir.<\/p>\n<h4>\u00d6zel G\u00f6r\u00fcnt\u00fc Destekli Aplikasyon \u2014 H\u0131zl\u0131 ve Do\u011fru hedefleme<\/h4>\n<p>Lazer noktalar\u0131, SatSurv yaz\u0131l\u0131m\u0131ndaki ger\u00e7ek zamanl\u0131 g\u00f6r\u00fcnt\u00fclere do\u011frudan yerle\u015ftirilir, b\u00f6ylece kullan\u0131c\u0131lar uzak nesneleri an\u0131nda bulabilir ve hedefleyebilir.<br \/>\nBu g\u00f6rsel i\u015f ak\u0131\u015f\u0131, sahadaki h\u0131z\u0131 ve g\u00fcveni b\u00fcy\u00fck \u00f6l\u00e7\u00fcde art\u0131r\u0131r.<\/p>\n<h4>Otomotiv s\u0131n\u0131f\u0131 IMU \u2014 B\u00fcy\u00fck \u00d6l\u00e7\u00fcde Art\u0131r\u0131lm\u0131\u015f Verimlilik<\/h4>\n<p>Otomotiv s\u0131n\u0131f\u0131 IMU, manuel kalibrasyon veya ba\u015flatma gerektirmez \u2014 sadece a\u00e7\u0131n ve \u00f6l\u00e7\u00fcn.<br \/>\nGNSS'in zorland\u0131\u011f\u0131 alanlarda bile istikrarl\u0131, hassas sonu\u00e7lar sunar ve do\u011frulu\u011fu 'a kadar art\u0131r\u0131r.<\/p>\n<h4>Geni\u015fletilmi\u015f Menzilli LoRa \u0130leti\u015fimi \u2014 15 km'nin \u00d6tesinde G\u00fcvenilir \u0130letim<\/h4>\n<p>Yerle\u015fik \u00e7oklu protokol LoRa al\u0131c\u0131-verici ile SL8, 15 km'nin \u00fczerinde istikrarl\u0131 ileti\u015fim ve \u00e7e\u015fitli RTK markalar\u0131yla sorunsuz uyumluluk sa\u011flar.<br \/>\nKendi geli\u015ftirdi\u011fimiz LoRa algoritmalar\u0131, uzun mesafelerde g\u00fc\u00e7l\u00fc ve g\u00fcvenilir ba\u011flant\u0131lar sa\u011flar.<\/p>\n<h4>CAD ve G\u00f6rsel Aplikasyon \u2014 Daha H\u0131zl\u0131 Yerle\u015fim<\/h4>\n<p>Y\u00fcksek performansl\u0131 CAD motoru, ger\u00e7ek sahne g\u00f6r\u00fcnt\u00fcleri ile birle\u015ftirilerek kullan\u0131c\u0131lar\u0131n g\u00f6rsel ve CAD g\u00f6r\u00fcn\u00fcmlerinden do\u011frudan i\u015faretleme yapmalar\u0131n\u0131 sa\u011flar.<br \/>\nHedef noktalar\u0131n\u0131z\u0131 sahada g\u00f6r\u00fcn ve daha g\u00fcvenli, daha h\u0131zl\u0131 ve daha sezgisel bir i\u015f ak\u0131\u015f\u0131 elde edin \u2014 verimlili\u011fi 'ye kadar art\u0131r\u0131n.<\/p>\n<div style=\"text-align: center, max-width: 640px; margin: 0 auto;\"><video width=\"300\" height=\"150\" class=\"wp-video-shortcode\" preload=\"metadata\" controls=\"controls\"><source type=\"video\/youtube\" src=\"https:\/\/youtu.be\/Dw8NDRDsD_8\" \/><\/video><\/div>","protected":false},"excerpt":{"rendered":"<p>SatLab SL8 Laser RTK, \u00e7ift kamera, GNSS, IMU ve g\u00f6r\u00fcn\u00fcr lazer teknolojisini bir araya getirerek \u00f6l\u00e7\u00fcm i\u015flemlerini daha h\u0131zl\u0131 ve kolay hale getirir. Temass\u0131z \u00f6l\u00e7\u00fcm, g\u00f6r\u00fcnt\u00fc destekli aplikasyon, CAD AR g\u00f6r\u00fcnt\u00fcleme ve dahili LoRa radyo ile karma\u015f\u0131k veya GNSS s\u0131n\u0131rlamal\u0131 ortamlarda bile sorunsuz ve g\u00fcvenilir \u00e7al\u0131\u015fma sa\u011flar.<\/p>","protected":false},"featured_media":3163,"comment_status":"open","ping_status":"closed","template":"","meta":{"_links_to":"","_links_to_target":""},"product_cat":[26],"product_tag":[],"yoast_head":"<!-- This site is optimized with the Yoast SEO plugin v19.8 - https:\/\/yoast.com\/wordpress\/plugins\/seo\/ -->\n<title>SL8 Laser RTK Receiver | Global Satellite Positioning Solutions | SatLab Geosolutions AB<\/title>\n<meta name=\"robots\" content=\"index, follow, max-snippet:-1, max-image-preview:large, max-video-preview:-1\" \/>\n<link rel=\"canonical\" href=\"https:\/\/www.satlabgeo.com\/tr\/product\/sl8-laser-rtk-receiver\/\" \/>\n<meta property=\"og:locale\" content=\"tr_TR\" \/>\n<meta property=\"og:type\" content=\"article\" \/>\n<meta property=\"og:title\" content=\"SL8 Laser RTK Receiver | Global Satellite Positioning Solutions | SatLab Geosolutions AB\" \/>\n<meta property=\"og:description\" content=\"SatLab SL8 Laser RTK combines dual cameras, GNSS, IMU,and visible laser technology to make surveying faster and easier. With non-contact measurement, image-assisted targeting, CAD live-view stakeout, and a built-in LoRa radio,It ensures smooth, reliable work even in complex or GNSS-limited environments.\" \/>\n<meta property=\"og:url\" content=\"https:\/\/www.satlabgeo.com\/tr\/product\/sl8-laser-rtk-receiver\/\" \/>\n<meta property=\"og:site_name\" content=\"Global Satellite Positioning Solutions | SatLab Geosolutions AB\" \/>\n<meta property=\"article:modified_time\" content=\"2026-04-27T12:35:31+00:00\" \/>\n<meta property=\"og:image\" content=\"https:\/\/www.satlabgeo.com\/wp-content\/uploads\/2025\/11\/SL8-2.webp\" \/>\n\t<meta property=\"og:image:width\" content=\"744\" \/>\n\t<meta property=\"og:image:height\" content=\"705\" \/>\n\t<meta property=\"og:image:type\" content=\"image\/webp\" \/>\n<meta name=\"twitter:card\" content=\"summary_large_image\" \/>\n<meta name=\"twitter:label1\" content=\"Est. reading time\" \/>\n\t<meta name=\"twitter:data1\" content=\"2 dakika\" \/>\n<script type=\"application\/ld+json\" class=\"yoast-schema-graph\">{\"@context\":\"https:\/\/schema.org\",\"@graph\":[{\"@type\":\"WebPage\",\"@id\":\"https:\/\/www.satlabgeo.com\/product\/sl8-laser-rtk-receiver\/\",\"url\":\"https:\/\/www.satlabgeo.com\/product\/sl8-laser-rtk-receiver\/\",\"name\":\"SL8 Laser RTK Receiver | Global Satellite Positioning Solutions | SatLab Geosolutions AB\",\"isPartOf\":{\"@id\":\"https:\/\/www.satlabgeo.com\/#website\"},\"datePublished\":\"2025-11-26T02:48:13+00:00\",\"dateModified\":\"2026-04-27T12:35:31+00:00\",\"breadcrumb\":{\"@id\":\"https:\/\/www.satlabgeo.com\/product\/sl8-laser-rtk-receiver\/#breadcrumb\"},\"inLanguage\":\"tr\",\"potentialAction\":[{\"@type\":\"ReadAction\",\"target\":[\"https:\/\/www.satlabgeo.com\/product\/sl8-laser-rtk-receiver\/\"]}]},{\"@type\":\"BreadcrumbList\",\"@id\":\"https:\/\/www.satlabgeo.com\/product\/sl8-laser-rtk-receiver\/#breadcrumb\",\"itemListElement\":[{\"@type\":\"ListItem\",\"position\":1,\"name\":\"Home\",\"item\":\"https:\/\/www.satlabgeo.com\/\"},{\"@type\":\"ListItem\",\"position\":2,\"name\":\"Products\",\"item\":\"https:\/\/www.satlabgeo.com\/products\/\"},{\"@type\":\"ListItem\",\"position\":3,\"name\":\"SL8 Laser RTK Receiver\"}]},{\"@type\":\"WebSite\",\"@id\":\"https:\/\/www.satlabgeo.com\/#website\",\"url\":\"https:\/\/www.satlabgeo.com\/\",\"name\":\"Global Satellite Positioning Solutions | SatLab Geosolutions AB\",\"description\":\"\",\"publisher\":{\"@id\":\"https:\/\/www.satlabgeo.com\/#organization\"},\"potentialAction\":[{\"@type\":\"SearchAction\",\"target\":{\"@type\":\"EntryPoint\",\"urlTemplate\":\"https:\/\/www.satlabgeo.com\/?s={search_term_string}\"},\"query-input\":\"required name=search_term_string\"}],\"inLanguage\":\"tr\"},{\"@type\":\"Organization\",\"@id\":\"https:\/\/www.satlabgeo.com\/#organization\",\"name\":\"Global Satellite Positioning Solutions | SatLab Geosolutions AB\",\"url\":\"https:\/\/www.satlabgeo.com\/\",\"sameAs\":[],\"logo\":{\"@type\":\"ImageObject\",\"inLanguage\":\"tr\",\"@id\":\"https:\/\/www.satlabgeo.com\/#\/schema\/logo\/image\/\",\"url\":\"https:\/\/www.satlabgeo.com\/wp-content\/uploads\/2025\/08\/satlab-logo.webp\",\"contentUrl\":\"https:\/\/www.satlabgeo.com\/wp-content\/uploads\/2025\/08\/satlab-logo.webp\",\"width\":191,\"height\":48,\"caption\":\"Global Satellite Positioning Solutions | SatLab Geosolutions AB\"},\"image\":{\"@id\":\"https:\/\/www.satlabgeo.com\/#\/schema\/logo\/image\/\"}}]}<\/script>\n<!-- \/ Yoast SEO plugin. -->","yoast_head_json":{"title":"SL8 Laser RTK Receiver | Global Satellite Positioning Solutions | SatLab Geosolutions AB","robots":{"index":"index","follow":"follow","max-snippet":"max-snippet:-1","max-image-preview":"max-image-preview:large","max-video-preview":"max-video-preview:-1"},"canonical":"https:\/\/www.satlabgeo.com\/tr\/product\/sl8-laser-rtk-receiver\/","og_locale":"tr_TR","og_type":"article","og_title":"SL8 Laser RTK Receiver | Global Satellite Positioning Solutions | SatLab Geosolutions AB","og_description":"SatLab SL8 Laser RTK combines dual cameras, GNSS, IMU,and visible laser technology to make surveying faster and easier. With non-contact measurement, image-assisted targeting, CAD live-view stakeout, and a built-in LoRa radio,It ensures smooth, reliable work even in complex or GNSS-limited environments.","og_url":"https:\/\/www.satlabgeo.com\/tr\/product\/sl8-laser-rtk-receiver\/","og_site_name":"Global Satellite Positioning Solutions | SatLab Geosolutions AB","article_modified_time":"2026-04-27T12:35:31+00:00","og_image":[{"width":744,"height":705,"url":"https:\/\/www.satlabgeo.com\/wp-content\/uploads\/2025\/11\/SL8-2.webp","type":"image\/webp"}],"twitter_card":"summary_large_image","twitter_misc":{"Est. reading time":"2 dakika"},"schema":{"@context":"https:\/\/schema.org","@graph":[{"@type":"WebPage","@id":"https:\/\/www.satlabgeo.com\/product\/sl8-laser-rtk-receiver\/","url":"https:\/\/www.satlabgeo.com\/product\/sl8-laser-rtk-receiver\/","name":"SL8 Laser RTK Receiver | Global Satellite Positioning Solutions | SatLab Geosolutions AB","isPartOf":{"@id":"https:\/\/www.satlabgeo.com\/#website"},"datePublished":"2025-11-26T02:48:13+00:00","dateModified":"2026-04-27T12:35:31+00:00","breadcrumb":{"@id":"https:\/\/www.satlabgeo.com\/product\/sl8-laser-rtk-receiver\/#breadcrumb"},"inLanguage":"tr","potentialAction":[{"@type":"ReadAction","target":["https:\/\/www.satlabgeo.com\/product\/sl8-laser-rtk-receiver\/"]}]},{"@type":"BreadcrumbList","@id":"https:\/\/www.satlabgeo.com\/product\/sl8-laser-rtk-receiver\/#breadcrumb","itemListElement":[{"@type":"ListItem","position":1,"name":"Home","item":"https:\/\/www.satlabgeo.com\/"},{"@type":"ListItem","position":2,"name":"Products","item":"https:\/\/www.satlabgeo.com\/products\/"},{"@type":"ListItem","position":3,"name":"SL8 Laser RTK Receiver"}]},{"@type":"WebSite","@id":"https:\/\/www.satlabgeo.com\/#website","url":"https:\/\/www.satlabgeo.com\/","name":"Global Satellite Positioning Solutions | SatLab Geosolutions AB","description":"","publisher":{"@id":"https:\/\/www.satlabgeo.com\/#organization"},"potentialAction":[{"@type":"SearchAction","target":{"@type":"EntryPoint","urlTemplate":"https:\/\/www.satlabgeo.com\/?s={search_term_string}"},"query-input":"required name=search_term_string"}],"inLanguage":"tr"},{"@type":"Organization","@id":"https:\/\/www.satlabgeo.com\/#organization","name":"Global Satellite Positioning Solutions | SatLab Geosolutions AB","url":"https:\/\/www.satlabgeo.com\/","sameAs":[],"logo":{"@type":"ImageObject","inLanguage":"tr","@id":"https:\/\/www.satlabgeo.com\/#\/schema\/logo\/image\/","url":"https:\/\/www.satlabgeo.com\/wp-content\/uploads\/2025\/08\/satlab-logo.webp","contentUrl":"https:\/\/www.satlabgeo.com\/wp-content\/uploads\/2025\/08\/satlab-logo.webp","width":191,"height":48,"caption":"Global Satellite Positioning Solutions | SatLab Geosolutions AB"},"image":{"@id":"https:\/\/www.satlabgeo.com\/#\/schema\/logo\/image\/"}}]}},"_links":{"self":[{"href":"https:\/\/www.satlabgeo.com\/tr\/wp-json\/wp\/v2\/product\/3125"}],"collection":[{"href":"https:\/\/www.satlabgeo.com\/tr\/wp-json\/wp\/v2\/product"}],"about":[{"href":"https:\/\/www.satlabgeo.com\/tr\/wp-json\/wp\/v2\/types\/product"}],"replies":[{"embeddable":true,"href":"https:\/\/www.satlabgeo.com\/tr\/wp-json\/wp\/v2\/comments?post=3125"}],"version-history":[{"count":33,"href":"https:\/\/www.satlabgeo.com\/tr\/wp-json\/wp\/v2\/product\/3125\/revisions"}],"predecessor-version":[{"id":3487,"href":"https:\/\/www.satlabgeo.com\/tr\/wp-json\/wp\/v2\/product\/3125\/revisions\/3487"}],"wp:featuredmedia":[{"embeddable":true,"href":"https:\/\/www.satlabgeo.com\/tr\/wp-json\/wp\/v2\/media\/3163"}],"wp:attachment":[{"href":"https:\/\/www.satlabgeo.com\/tr\/wp-json\/wp\/v2\/media?parent=3125"}],"wp:term":[{"taxonomy":"product_cat","embeddable":true,"href":"https:\/\/www.satlabgeo.com\/tr\/wp-json\/wp\/v2\/product_cat?post=3125"},{"taxonomy":"product_tag","embeddable":true,"href":"https:\/\/www.satlabgeo.com\/tr\/wp-json\/wp\/v2\/product_tag?post=3125"}],"curies":[{"name":"wp","href":"https:\/\/api.w.org\/{rel}","templated":true}]}}