{"id":2700,"date":"2025-06-25T11:05:35","date_gmt":"2025-06-25T11:05:35","guid":{"rendered":"https:\/\/www.satlabgeo.com\/?post_type=product&#038;p=2700"},"modified":"2025-12-04T07:59:55","modified_gmt":"2025-12-04T07:59:55","slug":"sl9-slam-rtk","status":"publish","type":"product","link":"https:\/\/www.satlabgeo.com\/tr\/product\/sl9-slam-rtk\/","title":{"rendered":"SL9 SLAM RTK"},"content":{"rendered":"<div class=\"landscape\"><img decoding=\"async\" src=\"https:\/\/www.satlabgeo.com\/wp-content\/uploads\/2025\/06\/SL9-SLAM-RTK-banner-scaled.webp\" alt=\"SLAM RTK-SL9\" class=\"aligncenter\" \/><\/div>\n<p>&nbsp;<\/p>\n<h4>1. Yeni G\u00f6r\u00fcnt\u00fc \u00d6l\u00e7\u00fcm Deneyimi<\/h4>\n<p>\u00dc\u00e7 HD kamera ve SLAM entegrasyonu ile SL9, ger\u00e7ek zamanl\u0131 \u00f6l\u00e7\u00fcm yapman\u0131z\u0131 sa\u011flar. G\u00f6r\u00fcnt\u00fcdeki hedef noktay\u0131 se\u00e7erek 3D koordinatlar\u0131n\u0131 elde edin. Satsurv uygulamas\u0131n\u0131 kullanarak 15 metre mesafede 2\u20135 cm hassasiyet elde edin.<\/p>\n<h4>2. SLAM-Fix Teknolojisi ile S\u0131n\u0131rs\u0131z \u00d6l\u00e7\u00fcm<\/h4>\n<p>SL9, RTK ve SLAM aras\u0131nda ak\u0131ll\u0131ca ge\u00e7i\u015f yapar. K\u00f6pr\u00fclerin, sa\u00e7aklar\u0131n alt\u0131nda veya kapal\u0131 mekanlarda bile g\u00fcvenilir koordinatlar elde edin \u2014 sinyal olmasa da sorun yok.<\/p>\n<h4>3. Birle\u015fik Koordinat Sistemi<\/h4>\n<p>Art\u0131k veri birle\u015ftirmeye gerek yok. SL9, koordinatlar\u0131n\u0131z\u0131 t\u00fcm ortamlarda birle\u015fik tutar \u2014 kontrol noktalar\u0131, d\u00f6ng\u00fc kapatma, zahmet yok.<\/p>\n<h4>4. H\u0131zl\u0131 ve Kolay Hacim Hesaplama<\/h4>\n<p>Android tabanl\u0131 Satsurv uygulamas\u0131n\u0131 kullanarak an\u0131nda 3D arazi olu\u015fturun ve hacimleri do\u011frudan sahada hesaplay\u0131n.<\/p>\n<h4>5. G\u00fcvenilir Sinyal, Y\u00fcksek Kaliteli Veriler<\/h4>\n<p>Zorlu ortamlarda \u00fcst\u00fcn performansla t\u00fcm \u00f6nemli tak\u0131my\u0131ld\u0131zlar\u0131 takip edin ve santimetre d\u00fczeyinde do\u011fruluk elde edin.<\/p>\n<h4>6. Sat-LiDAR ile Hassas Son \u0130\u015fleme<\/h4>\n<p>Sat-LiDAR ile verilerinizi &lt;2 cm kal\u0131nl\u0131k ve &lt;1 cm do\u011frulukla son i\u015fleme tabi tutun. Yaz\u0131l\u0131m, t\u00fcnel kaz\u0131 analizi, ilerleme izleme ve kabul kontrollerini destekler. Ayr\u0131ca kesit, plan ve y\u00fckseklik \u00e7\u0131kt\u0131lar\u0131 ile yenileme projelerine yard\u0131mc\u0131 olur.<\/p>\n<div style=\"text-align: center, max-width: 640px; margin: 0 auto;\"><video width=\"300\" height=\"150\" class=\"wp-video-shortcode\" preload=\"metadata\" controls=\"controls\"><source type=\"video\/youtube\" src=\"https:\/\/youtu.be\/hms9r8y7s0M\" \/><\/video><\/div>","protected":false},"excerpt":{"rendered":"<p>SatLab SL9 SLAM RTK, y\u00fcksek hassasiyetli GNSS konumland\u0131rma ile en son SLAM teknolojisini bir araya getirerek geleneksel RTK \u00f6l\u00e7\u00fcmlerinin mekansal k\u0131s\u0131tlamalar\u0131n\u0131 ortadan kald\u0131r\u0131r. \u0130ster kentsel binalarda, ister yo\u011fun ormanlarda veya kapal\u0131 ortamlarda olsun, SL9 g\u00fcvenilir ve hassas \u00f6l\u00e7\u00fcmler sa\u011flayarak saha \u00e7al\u0131\u015fmalar\u0131nda verimlilik ve \u00e7ok y\u00f6nl\u00fcl\u00fc\u011f\u00fc yeniden tan\u0131mlar.<\/p>","protected":false},"featured_media":2739,"comment_status":"open","ping_status":"closed","template":"","meta":{"_links_to":"","_links_to_target":""},"product_cat":[26],"product_tag":[81],"yoast_head":"<!-- This site is optimized with the Yoast SEO plugin v19.8 - https:\/\/yoast.com\/wordpress\/plugins\/seo\/ -->\n<title>SL9 SLAM RTK | Global Satellite Positioning Solutions | SatLab Geosolutions AB<\/title>\n<meta name=\"description\" content=\"SatLab SL9 SLAM RTK combines high-precision GNSS positioning with cutting-edge SLAM technology, eliminating the spatial constraints of traditional RTK measurements.\" \/>\n<meta name=\"robots\" content=\"index, follow, max-snippet:-1, max-image-preview:large, max-video-preview:-1\" \/>\n<link rel=\"canonical\" href=\"https:\/\/www.satlabgeo.com\/tr\/product\/sl9-slam-rtk\/\" \/>\n<meta property=\"og:locale\" content=\"tr_TR\" \/>\n<meta property=\"og:type\" content=\"article\" \/>\n<meta property=\"og:title\" content=\"SL9 SLAM RTK | Global Satellite Positioning Solutions | SatLab Geosolutions AB\" \/>\n<meta property=\"og:description\" content=\"SatLab SL9 SLAM RTK combines high-precision GNSS positioning with cutting-edge SLAM technology, eliminating the spatial constraints of traditional RTK measurements.\" \/>\n<meta property=\"og:url\" content=\"https:\/\/www.satlabgeo.com\/tr\/product\/sl9-slam-rtk\/\" \/>\n<meta property=\"og:site_name\" content=\"Global Satellite Positioning Solutions | SatLab Geosolutions AB\" \/>\n<meta property=\"article:modified_time\" content=\"2025-12-04T07:59:55+00:00\" \/>\n<meta property=\"og:image\" content=\"https:\/\/www.satlabgeo.com\/wp-content\/uploads\/2025\/06\/SL-SLAM-RTK-4.webp\" \/>\n\t<meta property=\"og:image:width\" content=\"600\" \/>\n\t<meta property=\"og:image:height\" content=\"445\" \/>\n\t<meta property=\"og:image:type\" content=\"image\/webp\" \/>\n<meta name=\"twitter:card\" content=\"summary_large_image\" \/>\n<meta name=\"twitter:label1\" content=\"Est. reading time\" \/>\n\t<meta name=\"twitter:data1\" content=\"1 dakika\" \/>\n<script type=\"application\/ld+json\" class=\"yoast-schema-graph\">{\"@context\":\"https:\/\/schema.org\",\"@graph\":[{\"@type\":\"WebPage\",\"@id\":\"https:\/\/www.satlabgeo.com\/product\/sl9-slam-rtk\/\",\"url\":\"https:\/\/www.satlabgeo.com\/product\/sl9-slam-rtk\/\",\"name\":\"SL9 SLAM RTK | Global Satellite Positioning Solutions | SatLab Geosolutions AB\",\"isPartOf\":{\"@id\":\"https:\/\/www.satlabgeo.com\/#website\"},\"datePublished\":\"2025-06-25T11:05:35+00:00\",\"dateModified\":\"2025-12-04T07:59:55+00:00\",\"description\":\"SatLab SL9 SLAM RTK combines high-precision GNSS positioning with cutting-edge SLAM technology, eliminating the spatial constraints of traditional RTK measurements.\",\"breadcrumb\":{\"@id\":\"https:\/\/www.satlabgeo.com\/product\/sl9-slam-rtk\/#breadcrumb\"},\"inLanguage\":\"tr\",\"potentialAction\":[{\"@type\":\"ReadAction\",\"target\":[\"https:\/\/www.satlabgeo.com\/product\/sl9-slam-rtk\/\"]}]},{\"@type\":\"BreadcrumbList\",\"@id\":\"https:\/\/www.satlabgeo.com\/product\/sl9-slam-rtk\/#breadcrumb\",\"itemListElement\":[{\"@type\":\"ListItem\",\"position\":1,\"name\":\"Home\",\"item\":\"https:\/\/www.satlabgeo.com\/\"},{\"@type\":\"ListItem\",\"position\":2,\"name\":\"Products\",\"item\":\"https:\/\/www.satlabgeo.com\/products\/\"},{\"@type\":\"ListItem\",\"position\":3,\"name\":\"SL9 SLAM RTK\"}]},{\"@type\":\"WebSite\",\"@id\":\"https:\/\/www.satlabgeo.com\/#website\",\"url\":\"https:\/\/www.satlabgeo.com\/\",\"name\":\"Global Satellite Positioning Solutions | SatLab Geosolutions AB\",\"description\":\"\",\"publisher\":{\"@id\":\"https:\/\/www.satlabgeo.com\/#organization\"},\"potentialAction\":[{\"@type\":\"SearchAction\",\"target\":{\"@type\":\"EntryPoint\",\"urlTemplate\":\"https:\/\/www.satlabgeo.com\/?s={search_term_string}\"},\"query-input\":\"required name=search_term_string\"}],\"inLanguage\":\"tr\"},{\"@type\":\"Organization\",\"@id\":\"https:\/\/www.satlabgeo.com\/#organization\",\"name\":\"Global Satellite Positioning Solutions | SatLab Geosolutions AB\",\"url\":\"https:\/\/www.satlabgeo.com\/\",\"sameAs\":[],\"logo\":{\"@type\":\"ImageObject\",\"inLanguage\":\"tr\",\"@id\":\"https:\/\/www.satlabgeo.com\/#\/schema\/logo\/image\/\",\"url\":\"https:\/\/www.satlabgeo.com\/wp-content\/uploads\/2025\/08\/satlab-logo.webp\",\"contentUrl\":\"https:\/\/www.satlabgeo.com\/wp-content\/uploads\/2025\/08\/satlab-logo.webp\",\"width\":191,\"height\":48,\"caption\":\"Global Satellite Positioning Solutions | SatLab Geosolutions AB\"},\"image\":{\"@id\":\"https:\/\/www.satlabgeo.com\/#\/schema\/logo\/image\/\"}}]}<\/script>\n<!-- \/ Yoast SEO plugin. -->","yoast_head_json":{"title":"SL9 SLAM RTK | Global Satellite Positioning Solutions | SatLab Geosolutions AB","description":"SatLab SL9 SLAM RTK combines high-precision GNSS positioning with cutting-edge SLAM technology, eliminating the spatial constraints of traditional RTK measurements.","robots":{"index":"index","follow":"follow","max-snippet":"max-snippet:-1","max-image-preview":"max-image-preview:large","max-video-preview":"max-video-preview:-1"},"canonical":"https:\/\/www.satlabgeo.com\/tr\/product\/sl9-slam-rtk\/","og_locale":"tr_TR","og_type":"article","og_title":"SL9 SLAM RTK | Global Satellite Positioning Solutions | SatLab Geosolutions AB","og_description":"SatLab SL9 SLAM RTK combines high-precision GNSS positioning with cutting-edge SLAM technology, eliminating the spatial constraints of traditional RTK measurements.","og_url":"https:\/\/www.satlabgeo.com\/tr\/product\/sl9-slam-rtk\/","og_site_name":"Global Satellite Positioning Solutions | SatLab Geosolutions AB","article_modified_time":"2025-12-04T07:59:55+00:00","og_image":[{"width":600,"height":445,"url":"https:\/\/www.satlabgeo.com\/wp-content\/uploads\/2025\/06\/SL-SLAM-RTK-4.webp","type":"image\/webp"}],"twitter_card":"summary_large_image","twitter_misc":{"Est. reading time":"1 dakika"},"schema":{"@context":"https:\/\/schema.org","@graph":[{"@type":"WebPage","@id":"https:\/\/www.satlabgeo.com\/product\/sl9-slam-rtk\/","url":"https:\/\/www.satlabgeo.com\/product\/sl9-slam-rtk\/","name":"SL9 SLAM RTK | Global Satellite Positioning Solutions | SatLab Geosolutions AB","isPartOf":{"@id":"https:\/\/www.satlabgeo.com\/#website"},"datePublished":"2025-06-25T11:05:35+00:00","dateModified":"2025-12-04T07:59:55+00:00","description":"SatLab SL9 SLAM RTK combines high-precision GNSS positioning with cutting-edge SLAM technology, eliminating the spatial constraints of traditional RTK measurements.","breadcrumb":{"@id":"https:\/\/www.satlabgeo.com\/product\/sl9-slam-rtk\/#breadcrumb"},"inLanguage":"tr","potentialAction":[{"@type":"ReadAction","target":["https:\/\/www.satlabgeo.com\/product\/sl9-slam-rtk\/"]}]},{"@type":"BreadcrumbList","@id":"https:\/\/www.satlabgeo.com\/product\/sl9-slam-rtk\/#breadcrumb","itemListElement":[{"@type":"ListItem","position":1,"name":"Home","item":"https:\/\/www.satlabgeo.com\/"},{"@type":"ListItem","position":2,"name":"Products","item":"https:\/\/www.satlabgeo.com\/products\/"},{"@type":"ListItem","position":3,"name":"SL9 SLAM RTK"}]},{"@type":"WebSite","@id":"https:\/\/www.satlabgeo.com\/#website","url":"https:\/\/www.satlabgeo.com\/","name":"Global Satellite Positioning Solutions | SatLab Geosolutions AB","description":"","publisher":{"@id":"https:\/\/www.satlabgeo.com\/#organization"},"potentialAction":[{"@type":"SearchAction","target":{"@type":"EntryPoint","urlTemplate":"https:\/\/www.satlabgeo.com\/?s={search_term_string}"},"query-input":"required name=search_term_string"}],"inLanguage":"tr"},{"@type":"Organization","@id":"https:\/\/www.satlabgeo.com\/#organization","name":"Global Satellite Positioning Solutions | SatLab Geosolutions AB","url":"https:\/\/www.satlabgeo.com\/","sameAs":[],"logo":{"@type":"ImageObject","inLanguage":"tr","@id":"https:\/\/www.satlabgeo.com\/#\/schema\/logo\/image\/","url":"https:\/\/www.satlabgeo.com\/wp-content\/uploads\/2025\/08\/satlab-logo.webp","contentUrl":"https:\/\/www.satlabgeo.com\/wp-content\/uploads\/2025\/08\/satlab-logo.webp","width":191,"height":48,"caption":"Global Satellite Positioning Solutions | SatLab Geosolutions AB"},"image":{"@id":"https:\/\/www.satlabgeo.com\/#\/schema\/logo\/image\/"}}]}},"_links":{"self":[{"href":"https:\/\/www.satlabgeo.com\/tr\/wp-json\/wp\/v2\/product\/2700"}],"collection":[{"href":"https:\/\/www.satlabgeo.com\/tr\/wp-json\/wp\/v2\/product"}],"about":[{"href":"https:\/\/www.satlabgeo.com\/tr\/wp-json\/wp\/v2\/types\/product"}],"replies":[{"embeddable":true,"href":"https:\/\/www.satlabgeo.com\/tr\/wp-json\/wp\/v2\/comments?post=2700"}],"version-history":[{"count":23,"href":"https:\/\/www.satlabgeo.com\/tr\/wp-json\/wp\/v2\/product\/2700\/revisions"}],"predecessor-version":[{"id":3266,"href":"https:\/\/www.satlabgeo.com\/tr\/wp-json\/wp\/v2\/product\/2700\/revisions\/3266"}],"wp:featuredmedia":[{"embeddable":true,"href":"https:\/\/www.satlabgeo.com\/tr\/wp-json\/wp\/v2\/media\/2739"}],"wp:attachment":[{"href":"https:\/\/www.satlabgeo.com\/tr\/wp-json\/wp\/v2\/media?parent=2700"}],"wp:term":[{"taxonomy":"product_cat","embeddable":true,"href":"https:\/\/www.satlabgeo.com\/tr\/wp-json\/wp\/v2\/product_cat?post=2700"},{"taxonomy":"product_tag","embeddable":true,"href":"https:\/\/www.satlabgeo.com\/tr\/wp-json\/wp\/v2\/product_tag?post=2700"}],"curies":[{"name":"wp","href":"https:\/\/api.w.org\/{rel}","templated":true}]}}