{"id":2541,"date":"2025-06-04T11:03:59","date_gmt":"2025-06-04T11:03:59","guid":{"rendered":"https:\/\/www.satlabgeo.com\/?post_type=product&#038;p=2541"},"modified":"2025-12-16T03:09:07","modified_gmt":"2025-12-16T03:09:07","slug":"hydroboat-1200mb-usv-multibeam-solution","status":"publish","type":"product","link":"https:\/\/www.satlabgeo.com\/tr\/product\/hydroboat-1200mb-usv-multibeam-solution\/","title":{"rendered":"HydroBoat 1200MB USV Multibeam \u00c7\u00f6z\u00fcm\u00fc"},"content":{"rendered":"<div class=\"landscape\"><img decoding=\"async\" loading=\"lazy\" width=\"2560\" height=\"896\" src=\"https:\/\/www.satlabgeo.com\/wp-content\/uploads\/2025\/06\/1200MM-\u4ea7\u54c1\u8be6\u60c5\u9875960\u20183361-scaled.webp\" alt=\"\" class=\"alignnone size-full wp-image-2586\" srcset=\"https:\/\/www.satlabgeo.com\/wp-content\/uploads\/2025\/06\/1200MM-\u4ea7\u54c1\u8be6\u60c5\u9875960\u20183361-scaled.webp 2560w, https:\/\/www.satlabgeo.com\/wp-content\/uploads\/2025\/06\/1200MM-\u4ea7\u54c1\u8be6\u60c5\u9875960\u20183361-300x105.webp 300w, https:\/\/www.satlabgeo.com\/wp-content\/uploads\/2025\/06\/1200MM-\u4ea7\u54c1\u8be6\u60c5\u9875960\u20183361-1024x358.webp 1024w, https:\/\/www.satlabgeo.com\/wp-content\/uploads\/2025\/06\/1200MM-\u4ea7\u54c1\u8be6\u60c5\u9875960\u20183361-768x269.webp 768w, https:\/\/www.satlabgeo.com\/wp-content\/uploads\/2025\/06\/1200MM-\u4ea7\u54c1\u8be6\u60c5\u9875960\u20183361-1536x538.webp 1536w, https:\/\/www.satlabgeo.com\/wp-content\/uploads\/2025\/06\/1200MM-\u4ea7\u54c1\u8be6\u60c5\u9875960\u20183361-2048x717.webp 2048w, https:\/\/www.satlabgeo.com\/wp-content\/uploads\/2025\/06\/1200MM-\u4ea7\u54c1\u8be6\u60c5\u9875960\u20183361-18x6.webp 18w, https:\/\/www.satlabgeo.com\/wp-content\/uploads\/2025\/06\/1200MM-\u4ea7\u54c1\u8be6\u60c5\u9875960\u20183361-600x210.webp 600w\" sizes=\"(max-width: 2560px) 100vw, 2560px\" \/><\/div>\n<p>&nbsp;<\/p>\n<h2 title=\"ak\u0131ll\u0131 USV\"><span style=\"font-size: 18pt;\">Ultra Entegre \u0130\u015f Ak\u0131\u015f\u0131<\/span><\/h2>\n<p><span>Geli\u015fmi\u015f insans\u0131z platform kontrol\u00fc \u00fczerine in\u015fa edilen sistem, veri toplama i\u015fleminden teslimata kadar t\u00fcm i\u015f ak\u0131\u015f\u0131n\u0131 verimli bir \u015fekilde entegre eder.<br \/>\n<\/span><\/p>\n<p>&nbsp;<\/p>\n<h3 title=\"insans\u0131z ara\u015ft\u0131rma gemileri\"><span style=\"font-size: 18pt;\">Canl\u0131 3D Nokta Bulutu ve Yan Tarama G\u00f6r\u00fcnt\u00fcleme<\/span><\/h3>\n<p><span>Birden fazla terminalde ger\u00e7ek zamanl\u0131 XYZ nokta bulutu ve yan tarama g\u00f6r\u00fcnt\u00fcleri \u2014 \u00f6l\u00e7\u00fcm yaparken g\u00f6r\u00fcnt\u00fcleyin ve izleyin.<\/span><\/p>\n<p>&nbsp;<\/p>\n<h3 title=\"otonom gemi\"><span style=\"font-size: 18pt;\">SVP'siz Ses H\u0131z\u0131 D\u00fczeltme<\/span><\/h3>\n<p><span>SPIN (Ses H\u0131z\u0131 Profili Ters \u00c7evirme) teknolojisi ile desteklenen sistem, ekstra SVP cihazlar\u0131 olmadan hassas ses h\u0131z\u0131 d\u00fczeltmesi sa\u011flar.<\/span><\/p>\n<div style=\"text-align: center, max-width: 640px; margin: 0 auto; \"><video width=\"300\" height=\"150\" class=\"wp-video-shortcode\" preload=\"metadata\" controls=\"controls\"><source type=\"video\/youtube\" src=\"https:\/\/youtu.be\/0gLXfYLMR4M\" \/><\/video><\/div>","protected":false},"excerpt":{"rendered":"<p>HydroBoat 1200MB, SatLab'\u0131n en yeni USV \u00e7ok \u0131\u015f\u0131nl\u0131 \u00e7\u00f6z\u00fcm\u00fcd\u00fcr ve kan\u0131tlanm\u0131\u015f insans\u0131z gemi teknolojisini HydroBeam M2 MBES (Multibeam Eko Ses Cihaz\u0131) ile birle\u015ftirir. Kompakt ve kullan\u0131m\u0131 kolay olan bu cihaz, kurulum s\u00fcresini ve operasyonel karma\u015f\u0131kl\u0131\u011f\u0131 azalt\u0131rken verimli ve do\u011fru hidrografik ara\u015ft\u0131rmalar sa\u011flar. \u0130\u00e7 su ve k\u0131y\u0131 ortamlar\u0131 i\u00e7in tasarlanan hafif ve \u00e7evik yap\u0131s\u0131, hassasiyetin en \u00f6nemli oldu\u011fu durumlarda g\u00fcvenilir performans sa\u011flar.<\/p>\n<p>Sezgisel kontroller ve kullan\u0131c\u0131 dostu aray\u00fcz\u00fc ile HydroBoat 1200MB, k\u00fc\u00e7\u00fck ekiplerin minimum \u00e7abayla profesyonel sonu\u00e7lar elde etmesini sa\u011flar. Performans, basitlik ve de\u011fer aras\u0131nda denge kuran bu \u00fcr\u00fcn, entegre Multibeam USV sistemi arayan ara\u015ft\u0131rmac\u0131lar i\u00e7in g\u00fcvenilir ve uygun maliyetli bir \u00e7\u00f6z\u00fcm sunar.<\/p>","protected":false},"featured_media":2562,"comment_status":"open","ping_status":"closed","template":"","meta":{"_links_to":"","_links_to_target":""},"product_cat":[73],"product_tag":[],"yoast_head":"<!-- This site is optimized with the Yoast SEO plugin v19.8 - https:\/\/yoast.com\/wordpress\/plugins\/seo\/ -->\n<title>HydroBoat 1200MB USV Multibeam Solution | SatLab<\/title>\n<meta name=\"description\" content=\"SatLab\u2019s HydroBoat 1200MB is a USV multibeam solution integrating proven unmanned vessel tech with HydroBeam M2 MBES. it enables efficient, accurate hydrographic surveys.\" \/>\n<meta name=\"robots\" content=\"index, follow, max-snippet:-1, max-image-preview:large, max-video-preview:-1\" \/>\n<link rel=\"canonical\" href=\"https:\/\/www.satlabgeo.com\/tr\/product\/hydroboat-1200mb-usv-multibeam-solution\/\" \/>\n<meta property=\"og:locale\" content=\"tr_TR\" \/>\n<meta property=\"og:type\" content=\"article\" \/>\n<meta property=\"og:title\" content=\"HydroBoat 1200MB USV Multibeam Solution | SatLab\" \/>\n<meta property=\"og:description\" content=\"SatLab\u2019s HydroBoat 1200MB is a USV multibeam solution integrating proven unmanned vessel tech with HydroBeam M2 MBES. it enables efficient, accurate hydrographic surveys.\" \/>\n<meta property=\"og:url\" content=\"https:\/\/www.satlabgeo.com\/tr\/product\/hydroboat-1200mb-usv-multibeam-solution\/\" \/>\n<meta property=\"og:site_name\" content=\"Global Satellite Positioning Solutions | SatLab Geosolutions AB\" \/>\n<meta property=\"article:modified_time\" content=\"2025-12-16T03:09:07+00:00\" \/>\n<meta property=\"og:image\" content=\"https:\/\/www.satlabgeo.com\/wp-content\/uploads\/2025\/06\/\u672a\u6807\u9898-1.webp\" \/>\n\t<meta property=\"og:image:width\" content=\"445\" \/>\n\t<meta property=\"og:image:height\" content=\"400\" \/>\n\t<meta property=\"og:image:type\" content=\"image\/webp\" \/>\n<meta name=\"twitter:card\" content=\"summary_large_image\" \/>\n<meta name=\"twitter:label1\" content=\"Est. reading time\" \/>\n\t<meta name=\"twitter:data1\" content=\"1 dakika\" \/>\n<script type=\"application\/ld+json\" class=\"yoast-schema-graph\">{\"@context\":\"https:\/\/schema.org\",\"@graph\":[{\"@type\":\"WebPage\",\"@id\":\"https:\/\/www.satlabgeo.com\/product\/hydroboat-1200mb-usv-multibeam-solution\/\",\"url\":\"https:\/\/www.satlabgeo.com\/product\/hydroboat-1200mb-usv-multibeam-solution\/\",\"name\":\"HydroBoat 1200MB USV Multibeam Solution | SatLab\",\"isPartOf\":{\"@id\":\"https:\/\/www.satlabgeo.com\/#website\"},\"datePublished\":\"2025-06-04T11:03:59+00:00\",\"dateModified\":\"2025-12-16T03:09:07+00:00\",\"description\":\"SatLab\u2019s HydroBoat 1200MB is a USV multibeam solution integrating proven unmanned vessel tech with HydroBeam M2 MBES. it enables efficient, accurate hydrographic surveys.\",\"breadcrumb\":{\"@id\":\"https:\/\/www.satlabgeo.com\/product\/hydroboat-1200mb-usv-multibeam-solution\/#breadcrumb\"},\"inLanguage\":\"tr\",\"potentialAction\":[{\"@type\":\"ReadAction\",\"target\":[\"https:\/\/www.satlabgeo.com\/product\/hydroboat-1200mb-usv-multibeam-solution\/\"]}]},{\"@type\":\"BreadcrumbList\",\"@id\":\"https:\/\/www.satlabgeo.com\/product\/hydroboat-1200mb-usv-multibeam-solution\/#breadcrumb\",\"itemListElement\":[{\"@type\":\"ListItem\",\"position\":1,\"name\":\"Home\",\"item\":\"https:\/\/www.satlabgeo.com\/\"},{\"@type\":\"ListItem\",\"position\":2,\"name\":\"Products\",\"item\":\"https:\/\/www.satlabgeo.com\/products\/\"},{\"@type\":\"ListItem\",\"position\":3,\"name\":\"HydroBoat 1200MB USV Multibeam Solution\"}]},{\"@type\":\"WebSite\",\"@id\":\"https:\/\/www.satlabgeo.com\/#website\",\"url\":\"https:\/\/www.satlabgeo.com\/\",\"name\":\"Global Satellite Positioning Solutions | SatLab Geosolutions AB\",\"description\":\"\",\"publisher\":{\"@id\":\"https:\/\/www.satlabgeo.com\/#organization\"},\"potentialAction\":[{\"@type\":\"SearchAction\",\"target\":{\"@type\":\"EntryPoint\",\"urlTemplate\":\"https:\/\/www.satlabgeo.com\/?s={search_term_string}\"},\"query-input\":\"required name=search_term_string\"}],\"inLanguage\":\"tr\"},{\"@type\":\"Organization\",\"@id\":\"https:\/\/www.satlabgeo.com\/#organization\",\"name\":\"Global Satellite Positioning Solutions | SatLab Geosolutions AB\",\"url\":\"https:\/\/www.satlabgeo.com\/\",\"sameAs\":[],\"logo\":{\"@type\":\"ImageObject\",\"inLanguage\":\"tr\",\"@id\":\"https:\/\/www.satlabgeo.com\/#\/schema\/logo\/image\/\",\"url\":\"https:\/\/www.satlabgeo.com\/wp-content\/uploads\/2025\/08\/satlab-logo.webp\",\"contentUrl\":\"https:\/\/www.satlabgeo.com\/wp-content\/uploads\/2025\/08\/satlab-logo.webp\",\"width\":191,\"height\":48,\"caption\":\"Global Satellite Positioning Solutions | SatLab Geosolutions AB\"},\"image\":{\"@id\":\"https:\/\/www.satlabgeo.com\/#\/schema\/logo\/image\/\"}}]}<\/script>\n<!-- \/ Yoast SEO plugin. -->","yoast_head_json":{"title":"HydroBoat 1200MB USV Multibeam Solution | SatLab","description":"SatLab\u2019s HydroBoat 1200MB is a USV multibeam solution integrating proven unmanned vessel tech with HydroBeam M2 MBES. it enables efficient, accurate hydrographic surveys.","robots":{"index":"index","follow":"follow","max-snippet":"max-snippet:-1","max-image-preview":"max-image-preview:large","max-video-preview":"max-video-preview:-1"},"canonical":"https:\/\/www.satlabgeo.com\/tr\/product\/hydroboat-1200mb-usv-multibeam-solution\/","og_locale":"tr_TR","og_type":"article","og_title":"HydroBoat 1200MB USV Multibeam Solution | SatLab","og_description":"SatLab\u2019s HydroBoat 1200MB is a USV multibeam solution integrating proven unmanned vessel tech with HydroBeam M2 MBES. it enables efficient, accurate hydrographic surveys.","og_url":"https:\/\/www.satlabgeo.com\/tr\/product\/hydroboat-1200mb-usv-multibeam-solution\/","og_site_name":"Global Satellite Positioning Solutions | SatLab Geosolutions AB","article_modified_time":"2025-12-16T03:09:07+00:00","og_image":[{"width":445,"height":400,"url":"https:\/\/www.satlabgeo.com\/wp-content\/uploads\/2025\/06\/\u672a\u6807\u9898-1.webp","type":"image\/webp"}],"twitter_card":"summary_large_image","twitter_misc":{"Est. reading time":"1 dakika"},"schema":{"@context":"https:\/\/schema.org","@graph":[{"@type":"WebPage","@id":"https:\/\/www.satlabgeo.com\/product\/hydroboat-1200mb-usv-multibeam-solution\/","url":"https:\/\/www.satlabgeo.com\/product\/hydroboat-1200mb-usv-multibeam-solution\/","name":"HydroBoat 1200MB USV Multibeam Solution | SatLab","isPartOf":{"@id":"https:\/\/www.satlabgeo.com\/#website"},"datePublished":"2025-06-04T11:03:59+00:00","dateModified":"2025-12-16T03:09:07+00:00","description":"SatLab\u2019s HydroBoat 1200MB is a USV multibeam solution integrating proven unmanned vessel tech with HydroBeam M2 MBES. it enables efficient, accurate hydrographic surveys.","breadcrumb":{"@id":"https:\/\/www.satlabgeo.com\/product\/hydroboat-1200mb-usv-multibeam-solution\/#breadcrumb"},"inLanguage":"tr","potentialAction":[{"@type":"ReadAction","target":["https:\/\/www.satlabgeo.com\/product\/hydroboat-1200mb-usv-multibeam-solution\/"]}]},{"@type":"BreadcrumbList","@id":"https:\/\/www.satlabgeo.com\/product\/hydroboat-1200mb-usv-multibeam-solution\/#breadcrumb","itemListElement":[{"@type":"ListItem","position":1,"name":"Home","item":"https:\/\/www.satlabgeo.com\/"},{"@type":"ListItem","position":2,"name":"Products","item":"https:\/\/www.satlabgeo.com\/products\/"},{"@type":"ListItem","position":3,"name":"HydroBoat 1200MB USV Multibeam Solution"}]},{"@type":"WebSite","@id":"https:\/\/www.satlabgeo.com\/#website","url":"https:\/\/www.satlabgeo.com\/","name":"Global Satellite Positioning Solutions | SatLab Geosolutions AB","description":"","publisher":{"@id":"https:\/\/www.satlabgeo.com\/#organization"},"potentialAction":[{"@type":"SearchAction","target":{"@type":"EntryPoint","urlTemplate":"https:\/\/www.satlabgeo.com\/?s={search_term_string}"},"query-input":"required name=search_term_string"}],"inLanguage":"tr"},{"@type":"Organization","@id":"https:\/\/www.satlabgeo.com\/#organization","name":"Global Satellite Positioning Solutions | SatLab Geosolutions AB","url":"https:\/\/www.satlabgeo.com\/","sameAs":[],"logo":{"@type":"ImageObject","inLanguage":"tr","@id":"https:\/\/www.satlabgeo.com\/#\/schema\/logo\/image\/","url":"https:\/\/www.satlabgeo.com\/wp-content\/uploads\/2025\/08\/satlab-logo.webp","contentUrl":"https:\/\/www.satlabgeo.com\/wp-content\/uploads\/2025\/08\/satlab-logo.webp","width":191,"height":48,"caption":"Global Satellite Positioning Solutions | SatLab Geosolutions AB"},"image":{"@id":"https:\/\/www.satlabgeo.com\/#\/schema\/logo\/image\/"}}]}},"_links":{"self":[{"href":"https:\/\/www.satlabgeo.com\/tr\/wp-json\/wp\/v2\/product\/2541"}],"collection":[{"href":"https:\/\/www.satlabgeo.com\/tr\/wp-json\/wp\/v2\/product"}],"about":[{"href":"https:\/\/www.satlabgeo.com\/tr\/wp-json\/wp\/v2\/types\/product"}],"replies":[{"embeddable":true,"href":"https:\/\/www.satlabgeo.com\/tr\/wp-json\/wp\/v2\/comments?post=2541"}],"version-history":[{"count":10,"href":"https:\/\/www.satlabgeo.com\/tr\/wp-json\/wp\/v2\/product\/2541\/revisions"}],"predecessor-version":[{"id":3268,"href":"https:\/\/www.satlabgeo.com\/tr\/wp-json\/wp\/v2\/product\/2541\/revisions\/3268"}],"wp:featuredmedia":[{"embeddable":true,"href":"https:\/\/www.satlabgeo.com\/tr\/wp-json\/wp\/v2\/media\/2562"}],"wp:attachment":[{"href":"https:\/\/www.satlabgeo.com\/tr\/wp-json\/wp\/v2\/media?parent=2541"}],"wp:term":[{"taxonomy":"product_cat","embeddable":true,"href":"https:\/\/www.satlabgeo.com\/tr\/wp-json\/wp\/v2\/product_cat?post=2541"},{"taxonomy":"product_tag","embeddable":true,"href":"https:\/\/www.satlabgeo.com\/tr\/wp-json\/wp\/v2\/product_tag?post=2541"}],"curies":[{"name":"wp","href":"https:\/\/api.w.org\/{rel}","templated":true}]}}