{"id":2112,"date":"2024-09-20T08:06:25","date_gmt":"2024-09-20T08:06:25","guid":{"rendered":"https:\/\/www.satlabgeo.com\/?post_type=product&#038;p=2112"},"modified":"2025-11-27T01:56:05","modified_gmt":"2025-11-27T01:56:05","slug":"sl87-pro","status":"publish","type":"product","link":"https:\/\/www.satlabgeo.com\/tr\/product\/sl87-pro\/","title":{"rendered":"SL87 Pro Y\u00fcksek Hassasiyetli Tablet"},"content":{"rendered":"<p><img decoding=\"async\" src=\"https:\/\/www.satlabgeo.com\/wp-content\/uploads\/2024\/09\/SL87-PRO-960x336-1-scaled.jpg\" alt=\"Y\u00fcksek hassasiyetli sa\u011flam tablet\" \/><\/p>\n<h4>1. Ta\u015f\u0131nabilir ve Sa\u011flam Tasar\u0131m<\/h4>\n<p>Sadece 610 g a\u011f\u0131rl\u0131\u011f\u0131nda, 8 saatlik pil \u00f6mr\u00fc, IP67 su ve toz direnci ile sorunsuz mobil \u00e7al\u0131\u015fma sa\u011flar.<\/p>\n<h4>2.  Sorunsuz Veri Toplama Deneyimi<\/h4>\n<p>Android 13 ve g\u00fc\u00e7l\u00fc 8 \u00e7ekirdekli i\u015flemci ile donat\u0131lm\u0131\u015f, ayr\u0131ca modern GIS veri toplama yaz\u0131l\u0131m mod\u00fcl\u00fc ile sorunsuz ve verimli bir veri toplama deneyimi sunar.<\/p>\n<h4>3. G\u00fcvenilir Do\u011fruluk<\/h4>\n<p>\u00c7\u0131kar\u0131labilir GNR1 y\u00fcksek hassasiyetli mod\u00fcl, 1408 kanala sahiptir ve GPS, GLONASS, Galileo ve BeiDou'yu destekler. Santimetre d\u00fczeyinde RTK do\u011frulu\u011fu ve metre alt\u0131 d\u00fczeyinde PPP hizmetleri sunar.<\/p>\n<div style=\"text-align: center, max-width: 640px; margin: 0 auto; \"><video width=\"300\" height=\"150\" class=\"wp-video-shortcode\" preload=\"metadata\" controls=\"controls\"><source type=\"video\/youtube\" src=\"https:\/\/youtu.be\/fDZYghEcYOI\" \/><\/video><\/div>","protected":false},"excerpt":{"rendered":"<p>SL87 Pro Y\u00fcksek Hassasiyetli Dayan\u0131kl\u0131 Tablet, verimlilik arayan saha kullan\u0131c\u0131lar\u0131 i\u00e7in tasarlanm\u0131\u015f g\u00fc\u00e7l\u00fc bir ara\u00e7t\u0131r. 1408 kanall\u0131 ve Android 13 ile \u00e7al\u0131\u015fan bu tablet, kesintisiz performans i\u00e7in 8 \u00e7ekirdekli y\u00fcksek h\u0131zl\u0131 i\u015flemciye sahiptir. 8 in\u00e7lik g\u00fcne\u015f \u0131\u015f\u0131\u011f\u0131nda okunabilir ekran\u0131, her ortamda net g\u00f6r\u00fcn\u00fcrl\u00fck sa\u011flar. G\u00fc\u00e7l\u00fc \u00f6zelliklerine ra\u011fmen SL87 Pro, ta\u015f\u0131nabilir ve hafif olmaya devam eder, bu da onu hareket halindeki profesyoneller i\u00e7in ideal hale getirir.<\/p>","protected":false},"featured_media":2204,"comment_status":"open","ping_status":"closed","template":"","meta":{"_links_to":"","_links_to_target":""},"product_cat":[25],"product_tag":[],"yoast_head":"<!-- This site is optimized with the Yoast SEO plugin v19.8 - https:\/\/yoast.com\/wordpress\/plugins\/seo\/ -->\n<title>SL87 Pro High-precision Rugged Tablet | SatLab<\/title>\n<meta name=\"description\" content=\"SL87 Pro, With 1408 channels and powered by Android 13, this High-precision Rugged Tablet features an 8-core high-speed processor for seamless performance.\" \/>\n<meta name=\"robots\" content=\"index, follow, max-snippet:-1, max-image-preview:large, max-video-preview:-1\" \/>\n<link rel=\"canonical\" href=\"https:\/\/www.satlabgeo.com\/tr\/product\/sl87-pro\/\" \/>\n<meta property=\"og:locale\" content=\"tr_TR\" \/>\n<meta property=\"og:type\" content=\"article\" \/>\n<meta property=\"og:title\" content=\"SL87 Pro High-precision Rugged Tablet | SatLab\" \/>\n<meta property=\"og:description\" content=\"SL87 Pro, With 1408 channels and powered by Android 13, this High-precision Rugged Tablet features an 8-core high-speed processor for seamless performance.\" \/>\n<meta property=\"og:url\" content=\"https:\/\/www.satlabgeo.com\/tr\/product\/sl87-pro\/\" \/>\n<meta property=\"og:site_name\" content=\"Global Satellite Positioning Solutions | SatLab Geosolutions AB\" \/>\n<meta property=\"article:modified_time\" content=\"2025-11-27T01:56:05+00:00\" \/>\n<meta property=\"og:image\" content=\"https:\/\/www.satlabgeo.com\/wp-content\/uploads\/2024\/09\/700x519-6.png\" \/>\n\t<meta property=\"og:image:width\" content=\"700\" \/>\n\t<meta property=\"og:image:height\" content=\"519\" \/>\n\t<meta property=\"og:image:type\" content=\"image\/png\" \/>\n<meta name=\"twitter:card\" content=\"summary_large_image\" \/>\n<meta name=\"twitter:label1\" content=\"Est. reading time\" \/>\n\t<meta name=\"twitter:data1\" content=\"1 dakika\" \/>\n<script type=\"application\/ld+json\" class=\"yoast-schema-graph\">{\"@context\":\"https:\/\/schema.org\",\"@graph\":[{\"@type\":\"WebPage\",\"@id\":\"https:\/\/www.satlabgeo.com\/product\/sl87-pro\/\",\"url\":\"https:\/\/www.satlabgeo.com\/product\/sl87-pro\/\",\"name\":\"SL87 Pro High-precision Rugged Tablet | SatLab\",\"isPartOf\":{\"@id\":\"https:\/\/www.satlabgeo.com\/#website\"},\"datePublished\":\"2024-09-20T08:06:25+00:00\",\"dateModified\":\"2025-11-27T01:56:05+00:00\",\"description\":\"SL87 Pro, With 1408 channels and powered by Android 13, this High-precision Rugged Tablet features an 8-core high-speed processor for seamless performance.\",\"breadcrumb\":{\"@id\":\"https:\/\/www.satlabgeo.com\/product\/sl87-pro\/#breadcrumb\"},\"inLanguage\":\"tr\",\"potentialAction\":[{\"@type\":\"ReadAction\",\"target\":[\"https:\/\/www.satlabgeo.com\/product\/sl87-pro\/\"]}]},{\"@type\":\"BreadcrumbList\",\"@id\":\"https:\/\/www.satlabgeo.com\/product\/sl87-pro\/#breadcrumb\",\"itemListElement\":[{\"@type\":\"ListItem\",\"position\":1,\"name\":\"Home\",\"item\":\"https:\/\/www.satlabgeo.com\/\"},{\"@type\":\"ListItem\",\"position\":2,\"name\":\"Products\",\"item\":\"https:\/\/www.satlabgeo.com\/products\/\"},{\"@type\":\"ListItem\",\"position\":3,\"name\":\"SL87 Pro High-precision Tablet\"}]},{\"@type\":\"WebSite\",\"@id\":\"https:\/\/www.satlabgeo.com\/#website\",\"url\":\"https:\/\/www.satlabgeo.com\/\",\"name\":\"Global Satellite Positioning Solutions | SatLab Geosolutions AB\",\"description\":\"\",\"publisher\":{\"@id\":\"https:\/\/www.satlabgeo.com\/#organization\"},\"potentialAction\":[{\"@type\":\"SearchAction\",\"target\":{\"@type\":\"EntryPoint\",\"urlTemplate\":\"https:\/\/www.satlabgeo.com\/?s={search_term_string}\"},\"query-input\":\"required name=search_term_string\"}],\"inLanguage\":\"tr\"},{\"@type\":\"Organization\",\"@id\":\"https:\/\/www.satlabgeo.com\/#organization\",\"name\":\"Global Satellite Positioning Solutions | SatLab Geosolutions AB\",\"url\":\"https:\/\/www.satlabgeo.com\/\",\"sameAs\":[],\"logo\":{\"@type\":\"ImageObject\",\"inLanguage\":\"tr\",\"@id\":\"https:\/\/www.satlabgeo.com\/#\/schema\/logo\/image\/\",\"url\":\"https:\/\/www.satlabgeo.com\/wp-content\/uploads\/2025\/08\/satlab-logo.webp\",\"contentUrl\":\"https:\/\/www.satlabgeo.com\/wp-content\/uploads\/2025\/08\/satlab-logo.webp\",\"width\":191,\"height\":48,\"caption\":\"Global Satellite Positioning Solutions | SatLab Geosolutions AB\"},\"image\":{\"@id\":\"https:\/\/www.satlabgeo.com\/#\/schema\/logo\/image\/\"}}]}<\/script>\n<!-- \/ Yoast SEO plugin. -->","yoast_head_json":{"title":"SL87 Pro High-precision Rugged Tablet | SatLab","description":"SL87 Pro, With 1408 channels and powered by Android 13, this High-precision Rugged Tablet features an 8-core high-speed processor for seamless performance.","robots":{"index":"index","follow":"follow","max-snippet":"max-snippet:-1","max-image-preview":"max-image-preview:large","max-video-preview":"max-video-preview:-1"},"canonical":"https:\/\/www.satlabgeo.com\/tr\/product\/sl87-pro\/","og_locale":"tr_TR","og_type":"article","og_title":"SL87 Pro High-precision Rugged Tablet | SatLab","og_description":"SL87 Pro, With 1408 channels and powered by Android 13, this High-precision Rugged Tablet features an 8-core high-speed processor for seamless performance.","og_url":"https:\/\/www.satlabgeo.com\/tr\/product\/sl87-pro\/","og_site_name":"Global Satellite Positioning Solutions | SatLab Geosolutions AB","article_modified_time":"2025-11-27T01:56:05+00:00","og_image":[{"width":700,"height":519,"url":"https:\/\/www.satlabgeo.com\/wp-content\/uploads\/2024\/09\/700x519-6.png","type":"image\/png"}],"twitter_card":"summary_large_image","twitter_misc":{"Est. reading time":"1 dakika"},"schema":{"@context":"https:\/\/schema.org","@graph":[{"@type":"WebPage","@id":"https:\/\/www.satlabgeo.com\/product\/sl87-pro\/","url":"https:\/\/www.satlabgeo.com\/product\/sl87-pro\/","name":"SL87 Pro High-precision Rugged Tablet | SatLab","isPartOf":{"@id":"https:\/\/www.satlabgeo.com\/#website"},"datePublished":"2024-09-20T08:06:25+00:00","dateModified":"2025-11-27T01:56:05+00:00","description":"SL87 Pro, With 1408 channels and powered by Android 13, this High-precision Rugged Tablet features an 8-core high-speed processor for seamless performance.","breadcrumb":{"@id":"https:\/\/www.satlabgeo.com\/product\/sl87-pro\/#breadcrumb"},"inLanguage":"tr","potentialAction":[{"@type":"ReadAction","target":["https:\/\/www.satlabgeo.com\/product\/sl87-pro\/"]}]},{"@type":"BreadcrumbList","@id":"https:\/\/www.satlabgeo.com\/product\/sl87-pro\/#breadcrumb","itemListElement":[{"@type":"ListItem","position":1,"name":"Home","item":"https:\/\/www.satlabgeo.com\/"},{"@type":"ListItem","position":2,"name":"Products","item":"https:\/\/www.satlabgeo.com\/products\/"},{"@type":"ListItem","position":3,"name":"SL87 Pro High-precision Tablet"}]},{"@type":"WebSite","@id":"https:\/\/www.satlabgeo.com\/#website","url":"https:\/\/www.satlabgeo.com\/","name":"Global Satellite Positioning Solutions | SatLab Geosolutions AB","description":"","publisher":{"@id":"https:\/\/www.satlabgeo.com\/#organization"},"potentialAction":[{"@type":"SearchAction","target":{"@type":"EntryPoint","urlTemplate":"https:\/\/www.satlabgeo.com\/?s={search_term_string}"},"query-input":"required name=search_term_string"}],"inLanguage":"tr"},{"@type":"Organization","@id":"https:\/\/www.satlabgeo.com\/#organization","name":"Global Satellite Positioning Solutions | SatLab Geosolutions AB","url":"https:\/\/www.satlabgeo.com\/","sameAs":[],"logo":{"@type":"ImageObject","inLanguage":"tr","@id":"https:\/\/www.satlabgeo.com\/#\/schema\/logo\/image\/","url":"https:\/\/www.satlabgeo.com\/wp-content\/uploads\/2025\/08\/satlab-logo.webp","contentUrl":"https:\/\/www.satlabgeo.com\/wp-content\/uploads\/2025\/08\/satlab-logo.webp","width":191,"height":48,"caption":"Global Satellite Positioning Solutions | SatLab Geosolutions AB"},"image":{"@id":"https:\/\/www.satlabgeo.com\/#\/schema\/logo\/image\/"}}]}},"_links":{"self":[{"href":"https:\/\/www.satlabgeo.com\/tr\/wp-json\/wp\/v2\/product\/2112"}],"collection":[{"href":"https:\/\/www.satlabgeo.com\/tr\/wp-json\/wp\/v2\/product"}],"about":[{"href":"https:\/\/www.satlabgeo.com\/tr\/wp-json\/wp\/v2\/types\/product"}],"replies":[{"embeddable":true,"href":"https:\/\/www.satlabgeo.com\/tr\/wp-json\/wp\/v2\/comments?post=2112"}],"version-history":[{"count":5,"href":"https:\/\/www.satlabgeo.com\/tr\/wp-json\/wp\/v2\/product\/2112\/revisions"}],"predecessor-version":[{"id":3204,"href":"https:\/\/www.satlabgeo.com\/tr\/wp-json\/wp\/v2\/product\/2112\/revisions\/3204"}],"wp:featuredmedia":[{"embeddable":true,"href":"https:\/\/www.satlabgeo.com\/tr\/wp-json\/wp\/v2\/media\/2204"}],"wp:attachment":[{"href":"https:\/\/www.satlabgeo.com\/tr\/wp-json\/wp\/v2\/media?parent=2112"}],"wp:term":[{"taxonomy":"product_cat","embeddable":true,"href":"https:\/\/www.satlabgeo.com\/tr\/wp-json\/wp\/v2\/product_cat?post=2112"},{"taxonomy":"product_tag","embeddable":true,"href":"https:\/\/www.satlabgeo.com\/tr\/wp-json\/wp\/v2\/product_tag?post=2112"}],"curies":[{"name":"wp","href":"https:\/\/api.w.org\/{rel}","templated":true}]}}