{"id":2044,"date":"2024-09-09T11:42:00","date_gmt":"2024-09-09T11:42:00","guid":{"rendered":"https:\/\/www.satlabgeo.com\/?post_type=product&#038;p=2044"},"modified":"2025-11-26T09:05:19","modified_gmt":"2025-11-26T09:05:19","slug":"ecs-d60-bulldozer-control-system","status":"publish","type":"product","link":"https:\/\/www.satlabgeo.com\/tr\/product\/ecs-d60-bulldozer-control-system\/","title":{"rendered":"ECS-D60 Buldozer Kontrol Sistemi"},"content":{"rendered":"<h3><img decoding=\"async\" src=\"https:\/\/www.satlabgeo.com\/wp-content\/uploads\/2025\/09\/ECS-D60-scaled.webp\" alt=\"\" class=\"alignnone size-full wp-image-2260\" \/><\/h3>\n<h3>Kapsaml\u0131 3D G\u00f6rselle\u015ftirme<\/h3>\n<p><span>ECS-D60 dozer kontrol sistemi, kabin i\u00e7i tablette sezgisel 3D g\u00f6rselle\u015ftirme sa\u011flayarak operat\u00f6rlere tasar\u0131m y\u00fczeyleri, kesme\/doldurma bilgileri, e\u011fimler, y\u00fckseklikler, referans \u00e7izgileri ve hafriyat ilerlemesi gibi kapsaml\u0131 in\u015faat verileri sunar ve operat\u00f6rlerin dozer hareketlerini ger\u00e7ek zamanl\u0131 olarak g\u00f6rselle\u015ftirmelerini sa\u011flar.<\/span><\/p>\n<h3>Ola\u011fan\u00fcst\u00fc Do\u011fruluk<\/h3>\n<p><span>Y\u00fcksek hassasiyetli \u00e7ift GNSS, \u00f6zelle\u015ftirilmi\u015f IMU sens\u00f6r\u00fc ve geli\u015fmi\u015f algoritmalarla donat\u0131lm\u0131\u015f ECS-D60 dozer kontrol sistemi, \u00b13 cm'lik bir do\u011fruluk sa\u011flar. Bu hassasiyet, kep\u00e7e ucunun her iki taraf\u0131nda ve \u00e7e\u015fitli \u00e7al\u0131\u015fma pozisyonlar\u0131nda korunur.<\/span><\/p>\n<h3>Geli\u015fmi\u015f G\u00fcvenlik<\/h3>\n<p>Co\u011frafi s\u0131n\u0131rlama \u00f6zelli\u011fi, operat\u00f6rleri olas\u0131 tehlikelere kar\u015f\u0131 uyar\u0131r ve belirlenen ka\u00e7\u0131nma b\u00f6lgelerine girmelerini engelleyerek ek saha personelinin ihtiyac\u0131n\u0131 azalt\u0131r.<\/p>\n<h3>Uyarlanabilir Uyumluluk<\/h3>\n<p><span>ECS-D60 dozer k\u0131lavuz sisteminin uyarlanabilir tasar\u0131m\u0131, ekskavat\u00f6rler, greyderler ve dozerler dahil olmak \u00fczere \u00e7ok \u00e7e\u015fitli ekipmanlarla uyumlulu\u011fu garanti eder. Operat\u00f6rler, makine al\u0131c\u0131lar\u0131n\u0131, antenleri ve tabletleri bu ekipman t\u00fcrleri aras\u0131nda kolayca de\u011fi\u015ftirebilir, b\u00f6ylece t\u00fcm filolar\u0131 genelinde verimli ve \u00e7ok y\u00f6nl\u00fc operasyonlar ger\u00e7ekle\u015ftirebilir.<\/span><\/p>","protected":false},"excerpt":{"rendered":"<p>ECS-D60 dozer kontrol sistemi, ger\u00e7ek zamanl\u0131 3D g\u00f6rselle\u015ftirme, ola\u011fan\u00fcst\u00fc do\u011fruluk ve kapsaml\u0131 hafriyat verileri sunarak tesviye i\u015flemlerini optimize eder ve riskleri en aza indirir. Ayr\u0131nt\u0131l\u0131 analizler ve kullan\u0131c\u0131 dostu aray\u00fcz\u00fc ile sistem, \u00fcretkenli\u011fi art\u0131r\u0131r ve verimlili\u011fi en \u00fcst d\u00fczeye \u00e7\u0131kar\u0131r.<\/p>","protected":false},"featured_media":2732,"comment_status":"open","ping_status":"closed","template":"","meta":{"_links_to":"","_links_to_target":""},"product_cat":[101],"product_tag":[],"yoast_head":"<!-- This site is optimized with the Yoast SEO plugin v19.8 - https:\/\/yoast.com\/wordpress\/plugins\/seo\/ -->\n<title>ECS-D60 Dozer Guidance System | SatLab<\/title>\n<meta name=\"robots\" content=\"index, follow, max-snippet:-1, max-image-preview:large, max-video-preview:-1\" \/>\n<link rel=\"canonical\" href=\"https:\/\/www.satlabgeo.com\/tr\/product\/ecs-d60-bulldozer-control-system\/\" \/>\n<meta property=\"og:locale\" content=\"tr_TR\" \/>\n<meta property=\"og:type\" content=\"article\" \/>\n<meta property=\"og:title\" content=\"ECS-D60 Dozer Guidance System | SatLab\" \/>\n<meta property=\"og:description\" content=\"The ECS-D60 dozer control system offers real-time 3D visualization, exceptional accuracy, and comprehensive earthwork data to optimize grading operations and minimize risks. With detailed analytics and a user-friendly interface, the system enhances productivity and maximizes efficiency.\" \/>\n<meta property=\"og:url\" content=\"https:\/\/www.satlabgeo.com\/tr\/product\/ecs-d60-bulldozer-control-system\/\" \/>\n<meta property=\"og:site_name\" content=\"Global Satellite Positioning Solutions | SatLab Geosolutions AB\" \/>\n<meta property=\"article:modified_time\" content=\"2025-11-26T09:05:19+00:00\" \/>\n<meta property=\"og:image\" content=\"https:\/\/www.satlabgeo.com\/wp-content\/uploads\/2024\/09\/ECS-D60\uff08700X519\uff09-250627-scaled.webp\" \/>\n\t<meta property=\"og:image:width\" content=\"2560\" \/>\n\t<meta property=\"og:image:height\" content=\"1903\" \/>\n\t<meta property=\"og:image:type\" content=\"image\/webp\" \/>\n<meta name=\"twitter:card\" content=\"summary_large_image\" \/>\n<meta name=\"twitter:label1\" content=\"Est. reading time\" \/>\n\t<meta name=\"twitter:data1\" content=\"1 dakika\" \/>\n<script type=\"application\/ld+json\" class=\"yoast-schema-graph\">{\"@context\":\"https:\/\/schema.org\",\"@graph\":[{\"@type\":\"WebPage\",\"@id\":\"https:\/\/www.satlabgeo.com\/product\/ecs-d60-bulldozer-control-system\/\",\"url\":\"https:\/\/www.satlabgeo.com\/product\/ecs-d60-bulldozer-control-system\/\",\"name\":\"ECS-D60 Dozer Guidance System | SatLab\",\"isPartOf\":{\"@id\":\"https:\/\/www.satlabgeo.com\/#website\"},\"datePublished\":\"2024-09-09T11:42:00+00:00\",\"dateModified\":\"2025-11-26T09:05:19+00:00\",\"breadcrumb\":{\"@id\":\"https:\/\/www.satlabgeo.com\/product\/ecs-d60-bulldozer-control-system\/#breadcrumb\"},\"inLanguage\":\"tr\",\"potentialAction\":[{\"@type\":\"ReadAction\",\"target\":[\"https:\/\/www.satlabgeo.com\/product\/ecs-d60-bulldozer-control-system\/\"]}]},{\"@type\":\"BreadcrumbList\",\"@id\":\"https:\/\/www.satlabgeo.com\/product\/ecs-d60-bulldozer-control-system\/#breadcrumb\",\"itemListElement\":[{\"@type\":\"ListItem\",\"position\":1,\"name\":\"Home\",\"item\":\"https:\/\/www.satlabgeo.com\/\"},{\"@type\":\"ListItem\",\"position\":2,\"name\":\"Products\",\"item\":\"https:\/\/www.satlabgeo.com\/products\/\"},{\"@type\":\"ListItem\",\"position\":3,\"name\":\"ECS-D60 Bulldozer Control System\"}]},{\"@type\":\"WebSite\",\"@id\":\"https:\/\/www.satlabgeo.com\/#website\",\"url\":\"https:\/\/www.satlabgeo.com\/\",\"name\":\"Global Satellite Positioning Solutions | SatLab Geosolutions AB\",\"description\":\"\",\"publisher\":{\"@id\":\"https:\/\/www.satlabgeo.com\/#organization\"},\"potentialAction\":[{\"@type\":\"SearchAction\",\"target\":{\"@type\":\"EntryPoint\",\"urlTemplate\":\"https:\/\/www.satlabgeo.com\/?s={search_term_string}\"},\"query-input\":\"required name=search_term_string\"}],\"inLanguage\":\"tr\"},{\"@type\":\"Organization\",\"@id\":\"https:\/\/www.satlabgeo.com\/#organization\",\"name\":\"Global Satellite Positioning Solutions | SatLab Geosolutions AB\",\"url\":\"https:\/\/www.satlabgeo.com\/\",\"sameAs\":[],\"logo\":{\"@type\":\"ImageObject\",\"inLanguage\":\"tr\",\"@id\":\"https:\/\/www.satlabgeo.com\/#\/schema\/logo\/image\/\",\"url\":\"https:\/\/www.satlabgeo.com\/wp-content\/uploads\/2025\/08\/satlab-logo.webp\",\"contentUrl\":\"https:\/\/www.satlabgeo.com\/wp-content\/uploads\/2025\/08\/satlab-logo.webp\",\"width\":191,\"height\":48,\"caption\":\"Global Satellite Positioning Solutions | SatLab Geosolutions AB\"},\"image\":{\"@id\":\"https:\/\/www.satlabgeo.com\/#\/schema\/logo\/image\/\"}}]}<\/script>\n<!-- \/ Yoast SEO plugin. -->","yoast_head_json":{"title":"ECS-D60 Dozer Guidance System | SatLab","robots":{"index":"index","follow":"follow","max-snippet":"max-snippet:-1","max-image-preview":"max-image-preview:large","max-video-preview":"max-video-preview:-1"},"canonical":"https:\/\/www.satlabgeo.com\/tr\/product\/ecs-d60-bulldozer-control-system\/","og_locale":"tr_TR","og_type":"article","og_title":"ECS-D60 Dozer Guidance System | SatLab","og_description":"The ECS-D60 dozer control system offers real-time 3D visualization, exceptional accuracy, and comprehensive earthwork data to optimize grading operations and minimize risks. With detailed analytics and a user-friendly interface, the system enhances productivity and maximizes efficiency.","og_url":"https:\/\/www.satlabgeo.com\/tr\/product\/ecs-d60-bulldozer-control-system\/","og_site_name":"Global Satellite Positioning Solutions | SatLab Geosolutions AB","article_modified_time":"2025-11-26T09:05:19+00:00","og_image":[{"width":2560,"height":1903,"url":"https:\/\/www.satlabgeo.com\/wp-content\/uploads\/2024\/09\/ECS-D60\uff08700X519\uff09-250627-scaled.webp","type":"image\/webp"}],"twitter_card":"summary_large_image","twitter_misc":{"Est. reading time":"1 dakika"},"schema":{"@context":"https:\/\/schema.org","@graph":[{"@type":"WebPage","@id":"https:\/\/www.satlabgeo.com\/product\/ecs-d60-bulldozer-control-system\/","url":"https:\/\/www.satlabgeo.com\/product\/ecs-d60-bulldozer-control-system\/","name":"ECS-D60 Dozer Guidance System | SatLab","isPartOf":{"@id":"https:\/\/www.satlabgeo.com\/#website"},"datePublished":"2024-09-09T11:42:00+00:00","dateModified":"2025-11-26T09:05:19+00:00","breadcrumb":{"@id":"https:\/\/www.satlabgeo.com\/product\/ecs-d60-bulldozer-control-system\/#breadcrumb"},"inLanguage":"tr","potentialAction":[{"@type":"ReadAction","target":["https:\/\/www.satlabgeo.com\/product\/ecs-d60-bulldozer-control-system\/"]}]},{"@type":"BreadcrumbList","@id":"https:\/\/www.satlabgeo.com\/product\/ecs-d60-bulldozer-control-system\/#breadcrumb","itemListElement":[{"@type":"ListItem","position":1,"name":"Home","item":"https:\/\/www.satlabgeo.com\/"},{"@type":"ListItem","position":2,"name":"Products","item":"https:\/\/www.satlabgeo.com\/products\/"},{"@type":"ListItem","position":3,"name":"ECS-D60 Bulldozer Control System"}]},{"@type":"WebSite","@id":"https:\/\/www.satlabgeo.com\/#website","url":"https:\/\/www.satlabgeo.com\/","name":"Global Satellite Positioning Solutions | SatLab Geosolutions AB","description":"","publisher":{"@id":"https:\/\/www.satlabgeo.com\/#organization"},"potentialAction":[{"@type":"SearchAction","target":{"@type":"EntryPoint","urlTemplate":"https:\/\/www.satlabgeo.com\/?s={search_term_string}"},"query-input":"required name=search_term_string"}],"inLanguage":"tr"},{"@type":"Organization","@id":"https:\/\/www.satlabgeo.com\/#organization","name":"Global Satellite Positioning Solutions | SatLab Geosolutions AB","url":"https:\/\/www.satlabgeo.com\/","sameAs":[],"logo":{"@type":"ImageObject","inLanguage":"tr","@id":"https:\/\/www.satlabgeo.com\/#\/schema\/logo\/image\/","url":"https:\/\/www.satlabgeo.com\/wp-content\/uploads\/2025\/08\/satlab-logo.webp","contentUrl":"https:\/\/www.satlabgeo.com\/wp-content\/uploads\/2025\/08\/satlab-logo.webp","width":191,"height":48,"caption":"Global Satellite Positioning Solutions | SatLab Geosolutions AB"},"image":{"@id":"https:\/\/www.satlabgeo.com\/#\/schema\/logo\/image\/"}}]}},"_links":{"self":[{"href":"https:\/\/www.satlabgeo.com\/tr\/wp-json\/wp\/v2\/product\/2044"}],"collection":[{"href":"https:\/\/www.satlabgeo.com\/tr\/wp-json\/wp\/v2\/product"}],"about":[{"href":"https:\/\/www.satlabgeo.com\/tr\/wp-json\/wp\/v2\/types\/product"}],"replies":[{"embeddable":true,"href":"https:\/\/www.satlabgeo.com\/tr\/wp-json\/wp\/v2\/comments?post=2044"}],"version-history":[{"count":6,"href":"https:\/\/www.satlabgeo.com\/tr\/wp-json\/wp\/v2\/product\/2044\/revisions"}],"predecessor-version":[{"id":3200,"href":"https:\/\/www.satlabgeo.com\/tr\/wp-json\/wp\/v2\/product\/2044\/revisions\/3200"}],"wp:featuredmedia":[{"embeddable":true,"href":"https:\/\/www.satlabgeo.com\/tr\/wp-json\/wp\/v2\/media\/2732"}],"wp:attachment":[{"href":"https:\/\/www.satlabgeo.com\/tr\/wp-json\/wp\/v2\/media?parent=2044"}],"wp:term":[{"taxonomy":"product_cat","embeddable":true,"href":"https:\/\/www.satlabgeo.com\/tr\/wp-json\/wp\/v2\/product_cat?post=2044"},{"taxonomy":"product_tag","embeddable":true,"href":"https:\/\/www.satlabgeo.com\/tr\/wp-json\/wp\/v2\/product_tag?post=2044"}],"curies":[{"name":"wp","href":"https:\/\/api.w.org\/{rel}","templated":true}]}}