{"id":2042,"date":"2024-09-09T11:33:41","date_gmt":"2024-09-09T11:33:41","guid":{"rendered":"https:\/\/www.satlabgeo.com\/?post_type=product&#038;p=2042"},"modified":"2025-09-09T06:36:55","modified_gmt":"2025-09-09T06:36:55","slug":"ecs-g60-grader-control-system","status":"publish","type":"product","link":"https:\/\/www.satlabgeo.com\/tr\/product\/ecs-g60-grader-control-system\/","title":{"rendered":"ECS-G60 Greyder Kontrol Sistemi"},"content":{"rendered":"<h3><img decoding=\"async\" src=\"https:\/\/www.satlabgeo.com\/wp-content\/uploads\/2025\/09\/ECS-G60-scaled.webp\" alt=\"\" class=\"alignnone size-full wp-image-2259\" \/><\/h3>\n<h3>Kapsaml\u0131 3D G\u00f6rselle\u015ftirme<\/h3>\n<p>ECS-G60 greyder kontrol sistemi, kabin i\u00e7i tablette sezgisel 3D g\u00f6rselle\u015ftirme sa\u011flar ve operat\u00f6rlere tasar\u0131m y\u00fczeyleri, kesme\/doldurma bilgileri, e\u011fimler, y\u00fckseklikler, referans \u00e7izgileri ve tesviye ilerlemesi gibi kapsaml\u0131 in\u015faat verileri sunarak operat\u00f6rlerin greyder hareketlerini ger\u00e7ek zamanl\u0131 olarak g\u00f6rselle\u015ftirmelerini sa\u011flar.<\/p>\n<h3>Otomatik Kontrol<\/h3>\n<p>Grader@3D model algoritmas\u0131, GNSS y\u00fcksek hassasiyetli konumland\u0131rma, e\u011fim alg\u0131lama ve hidrolik kontrol ile birle\u015ftirilerek, ECS-G60 greyder kontrol sisteminin tasar\u0131m belgeleri ve saha ko\u015fullar\u0131na g\u00f6re b\u0131\u00e7a\u011f\u0131n konumunu otomatik olarak ayarlamas\u0131n\u0131 sa\u011flar. Bu otomasyon, greyderleme verimlili\u011fini ve do\u011frulu\u011funu art\u0131rarak operat\u00f6rlerin g\u00f6revleri etkili bir \u015fekilde tamamlamaya odaklanmalar\u0131n\u0131 sa\u011flar.<\/p>\n<h3>Ola\u011fan\u00fcst\u00fc Do\u011fruluk<\/h3>\n<p>ECS-G60 greyder kontrol sistemi, \u00b12 cm y\u00fckseklik hassasiyeti ve 3 m'de 15 mm d\u00fczl\u00fck ile ola\u011fan\u00fcst\u00fc bir do\u011fruluk sunar. Dinamik model algoritmas\u0131 ve y\u00fcksek performansl\u0131 al\u0131c\u0131, \u00e7e\u015fitli arazi ko\u015fullar\u0131nda tutarl\u0131 bir do\u011fruluk sa\u011flar.<\/p>\n<h3>Geli\u015fmi\u015f G\u00fcvenlik<\/h3>\n<p>ECS-G60 greyder kontrol sisteminin co\u011frafi s\u0131n\u0131rlama \u00f6zelli\u011fi, operat\u00f6rleri olas\u0131 tehlikelere kar\u015f\u0131 uyar\u0131r ve k\u0131s\u0131tl\u0131 alanlara girmelerini engeller. Ek \u00f6l\u00e7\u00fcm personeli ihtiyac\u0131n\u0131 azaltarak, sistem \u015fantiye g\u00fcvenli\u011fini art\u0131r\u0131r.<\/p>\n<h3>Uyarlanabilir Uyumluluk<\/h3>\n<p><span>ECS-G60 greyder kontrol sisteminin uyarlanabilir tasar\u0131m\u0131, ekskavat\u00f6rler, greyderler ve dozerler dahil olmak \u00fczere \u00e7ok \u00e7e\u015fitli ekipmanlarla uyumluluk sa\u011flar. Operat\u00f6rler, makine al\u0131c\u0131lar\u0131n\u0131, antenleri ve tabletleri bu t\u00fcr ekipmanlar aras\u0131nda kolayca de\u011fi\u015ftirebilir, b\u00f6ylece t\u00fcm filolar\u0131 genelinde verimli ve \u00e7ok y\u00f6nl\u00fc operasyonlar ger\u00e7ekle\u015ftirebilir.<\/span><\/p>","protected":false},"excerpt":{"rendered":"<p>ECS-G60 greyder kontrol sistemi, hafriyat verimlili\u011fini \u00f6nemli \u00f6l\u00e7\u00fcde art\u0131ran devrim niteli\u011finde bir \u00e7\u00f6z\u00fcmd\u00fcr. GNSS y\u00fcksek hassasiyetli konumland\u0131rma, e\u011fim alg\u0131lama, hidrolik kontrol ve yenilik\u00e7i Grader@3D model algoritmas\u0131 gibi en son teknolojileri bir araya getiren ECS-G60, tesviye i\u015flerinde e\u015fsiz bir do\u011fruluk ve tutarl\u0131l\u0131k sunar. Ger\u00e7ek zamanl\u0131 izleme ve ayarlama \u00f6zellikleri, \u00b12 cm'lik y\u00fckseklik do\u011frulu\u011fu ve 3 m'de 15 mm'lik d\u00fczl\u00fck ile ola\u011fan\u00fcst\u00fc bir hassasiyet sa\u011flar.<\/p>","protected":false},"featured_media":2279,"comment_status":"open","ping_status":"closed","template":"","meta":{"_links_to":"","_links_to_target":""},"product_cat":[101],"product_tag":[],"yoast_head":"<!-- This site is optimized with the Yoast SEO plugin v19.8 - https:\/\/yoast.com\/wordpress\/plugins\/seo\/ -->\n<title>ECS-G60 Grader Control System | SatLab<\/title>\n<meta name=\"robots\" content=\"index, follow, max-snippet:-1, max-image-preview:large, max-video-preview:-1\" \/>\n<link rel=\"canonical\" href=\"https:\/\/www.satlabgeo.com\/tr\/product\/ecs-g60-grader-control-system\/\" \/>\n<meta property=\"og:locale\" content=\"tr_TR\" \/>\n<meta property=\"og:type\" content=\"article\" \/>\n<meta property=\"og:title\" content=\"ECS-G60 Grader Control System | SatLab\" \/>\n<meta property=\"og:description\" content=\"The ECS-G60 grader control system is a revolutionary solution that significantly improves earthmoving efficiency. By incorporating cutting-edge technologies such as GNSS high-precision positioning, tilt sensing, hydraulic control, and the innovative Grader@3D model algorithm, the ECS-G60 delivers unmatched accuracy and consistency in grading tasks. Its real-time monitoring and adjustment capabilities ensure exceptional precision, achieving an elevation accuracy of \u00b12 cm and a flatness of 15 mm per 3 m.\" \/>\n<meta property=\"og:url\" content=\"https:\/\/www.satlabgeo.com\/tr\/product\/ecs-g60-grader-control-system\/\" \/>\n<meta property=\"og:site_name\" content=\"Global Satellite Positioning Solutions | SatLab Geosolutions AB\" \/>\n<meta property=\"article:modified_time\" content=\"2025-09-09T06:36:55+00:00\" \/>\n<meta property=\"og:image\" content=\"https:\/\/www.satlabgeo.com\/wp-content\/uploads\/2024\/09\/700X519-2-1.png\" \/>\n\t<meta property=\"og:image:width\" content=\"700\" \/>\n\t<meta property=\"og:image:height\" content=\"519\" \/>\n\t<meta property=\"og:image:type\" content=\"image\/png\" \/>\n<meta name=\"twitter:card\" content=\"summary_large_image\" \/>\n<meta name=\"twitter:label1\" content=\"Est. reading time\" \/>\n\t<meta name=\"twitter:data1\" content=\"2 dakika\" \/>\n<script type=\"application\/ld+json\" class=\"yoast-schema-graph\">{\"@context\":\"https:\/\/schema.org\",\"@graph\":[{\"@type\":\"WebPage\",\"@id\":\"https:\/\/www.satlabgeo.com\/product\/ecs-g60-grader-control-system\/\",\"url\":\"https:\/\/www.satlabgeo.com\/product\/ecs-g60-grader-control-system\/\",\"name\":\"ECS-G60 Grader Control System | SatLab\",\"isPartOf\":{\"@id\":\"https:\/\/www.satlabgeo.com\/#website\"},\"datePublished\":\"2024-09-09T11:33:41+00:00\",\"dateModified\":\"2025-09-09T06:36:55+00:00\",\"breadcrumb\":{\"@id\":\"https:\/\/www.satlabgeo.com\/product\/ecs-g60-grader-control-system\/#breadcrumb\"},\"inLanguage\":\"tr\",\"potentialAction\":[{\"@type\":\"ReadAction\",\"target\":[\"https:\/\/www.satlabgeo.com\/product\/ecs-g60-grader-control-system\/\"]}]},{\"@type\":\"BreadcrumbList\",\"@id\":\"https:\/\/www.satlabgeo.com\/product\/ecs-g60-grader-control-system\/#breadcrumb\",\"itemListElement\":[{\"@type\":\"ListItem\",\"position\":1,\"name\":\"Home\",\"item\":\"https:\/\/www.satlabgeo.com\/\"},{\"@type\":\"ListItem\",\"position\":2,\"name\":\"Products\",\"item\":\"https:\/\/www.satlabgeo.com\/products\/\"},{\"@type\":\"ListItem\",\"position\":3,\"name\":\"ECS-G60 Grader Control System\"}]},{\"@type\":\"WebSite\",\"@id\":\"https:\/\/www.satlabgeo.com\/#website\",\"url\":\"https:\/\/www.satlabgeo.com\/\",\"name\":\"Global Satellite Positioning Solutions | SatLab Geosolutions AB\",\"description\":\"\",\"publisher\":{\"@id\":\"https:\/\/www.satlabgeo.com\/#organization\"},\"potentialAction\":[{\"@type\":\"SearchAction\",\"target\":{\"@type\":\"EntryPoint\",\"urlTemplate\":\"https:\/\/www.satlabgeo.com\/?s={search_term_string}\"},\"query-input\":\"required name=search_term_string\"}],\"inLanguage\":\"tr\"},{\"@type\":\"Organization\",\"@id\":\"https:\/\/www.satlabgeo.com\/#organization\",\"name\":\"Global Satellite Positioning Solutions | SatLab Geosolutions AB\",\"url\":\"https:\/\/www.satlabgeo.com\/\",\"sameAs\":[],\"logo\":{\"@type\":\"ImageObject\",\"inLanguage\":\"tr\",\"@id\":\"https:\/\/www.satlabgeo.com\/#\/schema\/logo\/image\/\",\"url\":\"https:\/\/www.satlabgeo.com\/wp-content\/uploads\/2025\/08\/satlab-logo.webp\",\"contentUrl\":\"https:\/\/www.satlabgeo.com\/wp-content\/uploads\/2025\/08\/satlab-logo.webp\",\"width\":191,\"height\":48,\"caption\":\"Global Satellite Positioning Solutions | SatLab Geosolutions AB\"},\"image\":{\"@id\":\"https:\/\/www.satlabgeo.com\/#\/schema\/logo\/image\/\"}}]}<\/script>\n<!-- \/ Yoast SEO plugin. -->","yoast_head_json":{"title":"ECS-G60 Grader Control System | SatLab","robots":{"index":"index","follow":"follow","max-snippet":"max-snippet:-1","max-image-preview":"max-image-preview:large","max-video-preview":"max-video-preview:-1"},"canonical":"https:\/\/www.satlabgeo.com\/tr\/product\/ecs-g60-grader-control-system\/","og_locale":"tr_TR","og_type":"article","og_title":"ECS-G60 Grader Control System | SatLab","og_description":"The ECS-G60 grader control system is a revolutionary solution that significantly improves earthmoving efficiency. By incorporating cutting-edge technologies such as GNSS high-precision positioning, tilt sensing, hydraulic control, and the innovative Grader@3D model algorithm, the ECS-G60 delivers unmatched accuracy and consistency in grading tasks. Its real-time monitoring and adjustment capabilities ensure exceptional precision, achieving an elevation accuracy of \u00b12 cm and a flatness of 15 mm per 3 m.","og_url":"https:\/\/www.satlabgeo.com\/tr\/product\/ecs-g60-grader-control-system\/","og_site_name":"Global Satellite Positioning Solutions | SatLab Geosolutions AB","article_modified_time":"2025-09-09T06:36:55+00:00","og_image":[{"width":700,"height":519,"url":"https:\/\/www.satlabgeo.com\/wp-content\/uploads\/2024\/09\/700X519-2-1.png","type":"image\/png"}],"twitter_card":"summary_large_image","twitter_misc":{"Est. reading time":"2 dakika"},"schema":{"@context":"https:\/\/schema.org","@graph":[{"@type":"WebPage","@id":"https:\/\/www.satlabgeo.com\/product\/ecs-g60-grader-control-system\/","url":"https:\/\/www.satlabgeo.com\/product\/ecs-g60-grader-control-system\/","name":"ECS-G60 Grader Control System | SatLab","isPartOf":{"@id":"https:\/\/www.satlabgeo.com\/#website"},"datePublished":"2024-09-09T11:33:41+00:00","dateModified":"2025-09-09T06:36:55+00:00","breadcrumb":{"@id":"https:\/\/www.satlabgeo.com\/product\/ecs-g60-grader-control-system\/#breadcrumb"},"inLanguage":"tr","potentialAction":[{"@type":"ReadAction","target":["https:\/\/www.satlabgeo.com\/product\/ecs-g60-grader-control-system\/"]}]},{"@type":"BreadcrumbList","@id":"https:\/\/www.satlabgeo.com\/product\/ecs-g60-grader-control-system\/#breadcrumb","itemListElement":[{"@type":"ListItem","position":1,"name":"Home","item":"https:\/\/www.satlabgeo.com\/"},{"@type":"ListItem","position":2,"name":"Products","item":"https:\/\/www.satlabgeo.com\/products\/"},{"@type":"ListItem","position":3,"name":"ECS-G60 Grader Control System"}]},{"@type":"WebSite","@id":"https:\/\/www.satlabgeo.com\/#website","url":"https:\/\/www.satlabgeo.com\/","name":"Global Satellite Positioning Solutions | SatLab Geosolutions AB","description":"","publisher":{"@id":"https:\/\/www.satlabgeo.com\/#organization"},"potentialAction":[{"@type":"SearchAction","target":{"@type":"EntryPoint","urlTemplate":"https:\/\/www.satlabgeo.com\/?s={search_term_string}"},"query-input":"required name=search_term_string"}],"inLanguage":"tr"},{"@type":"Organization","@id":"https:\/\/www.satlabgeo.com\/#organization","name":"Global Satellite Positioning Solutions | SatLab Geosolutions AB","url":"https:\/\/www.satlabgeo.com\/","sameAs":[],"logo":{"@type":"ImageObject","inLanguage":"tr","@id":"https:\/\/www.satlabgeo.com\/#\/schema\/logo\/image\/","url":"https:\/\/www.satlabgeo.com\/wp-content\/uploads\/2025\/08\/satlab-logo.webp","contentUrl":"https:\/\/www.satlabgeo.com\/wp-content\/uploads\/2025\/08\/satlab-logo.webp","width":191,"height":48,"caption":"Global Satellite Positioning Solutions | SatLab Geosolutions AB"},"image":{"@id":"https:\/\/www.satlabgeo.com\/#\/schema\/logo\/image\/"}}]}},"_links":{"self":[{"href":"https:\/\/www.satlabgeo.com\/tr\/wp-json\/wp\/v2\/product\/2042"}],"collection":[{"href":"https:\/\/www.satlabgeo.com\/tr\/wp-json\/wp\/v2\/product"}],"about":[{"href":"https:\/\/www.satlabgeo.com\/tr\/wp-json\/wp\/v2\/types\/product"}],"replies":[{"embeddable":true,"href":"https:\/\/www.satlabgeo.com\/tr\/wp-json\/wp\/v2\/comments?post=2042"}],"version-history":[{"count":5,"href":"https:\/\/www.satlabgeo.com\/tr\/wp-json\/wp\/v2\/product\/2042\/revisions"}],"predecessor-version":[{"id":2855,"href":"https:\/\/www.satlabgeo.com\/tr\/wp-json\/wp\/v2\/product\/2042\/revisions\/2855"}],"wp:featuredmedia":[{"embeddable":true,"href":"https:\/\/www.satlabgeo.com\/tr\/wp-json\/wp\/v2\/media\/2279"}],"wp:attachment":[{"href":"https:\/\/www.satlabgeo.com\/tr\/wp-json\/wp\/v2\/media?parent=2042"}],"wp:term":[{"taxonomy":"product_cat","embeddable":true,"href":"https:\/\/www.satlabgeo.com\/tr\/wp-json\/wp\/v2\/product_cat?post=2042"},{"taxonomy":"product_tag","embeddable":true,"href":"https:\/\/www.satlabgeo.com\/tr\/wp-json\/wp\/v2\/product_tag?post=2042"}],"curies":[{"name":"wp","href":"https:\/\/api.w.org\/{rel}","templated":true}]}}