{"id":2027,"date":"2024-09-09T10:01:54","date_gmt":"2024-09-09T10:01:54","guid":{"rendered":"https:\/\/www.satlabgeo.com\/?post_type=product&#038;p=2027"},"modified":"2025-11-14T07:17:34","modified_gmt":"2025-11-14T07:17:34","slug":"ecs-e30-pro-excavator-guidance-system","status":"publish","type":"product","link":"https:\/\/www.satlabgeo.com\/tr\/product\/ecs-e30-pro-excavator-guidance-system\/","title":{"rendered":"ECS-E30 PRO Ekskavat\u00f6r Y\u00f6netim Sistemi"},"content":{"rendered":"<p><img decoding=\"async\" src=\"https:\/\/www.satlabgeo.com\/wp-content\/uploads\/2025\/09\/ECS-E30-PRO--scaled.webp\" alt=\"\" class=\"alignnone size-full wp-image-2261\" \/><\/p>\n<h3>Kapsaml\u0131 3D G\u00f6rselle\u015ftirme<\/h3>\n<p>ECS-E30 PRO ekskavat\u00f6r k\u0131lavuz sistemi, kabin i\u00e7i tablette sezgisel 3D g\u00f6rselle\u015ftirme sa\u011flayarak operat\u00f6rlere tasar\u0131m y\u00fczeyleri, kesme\/doldurma bilgileri, e\u011fimler, derinlikler, referans \u00e7izgileri ve kaz\u0131 ilerlemesi gibi kapsaml\u0131 in\u015faat verileri sunar ve operat\u00f6rlerin ekskavat\u00f6r hareketlerini ger\u00e7ek zamanl\u0131 olarak g\u00f6rselle\u015ftirmelerini sa\u011flar.<\/p>\n<h3>Ola\u011fan\u00fcst\u00fc Do\u011fruluk<\/h3>\n<p>Y\u00fcksek hassasiyetli \u00e7ift GNSS ve \u00f6zelle\u015ftirilmi\u015f IMU sens\u00f6rleri ile \u00e7al\u0131\u015fan ECS-E30 ekskavat\u00f6r k\u0131lavuz sistemi, \u00b13 cm hassasiyet sunar. Dinamik model algoritmas\u0131, t\u00fcm konumlarda optimum kep\u00e7e hassasiyeti sa\u011flar ve y\u00fcksek performansl\u0131 al\u0131c\u0131, \u00e7e\u015fitli arazi ko\u015fullar\u0131nda hassas konumland\u0131rma garantisi verir.<\/p>\n<h3>Geli\u015fmi\u015f G\u00fcvenlik<\/h3>\n<p>Co\u011frafi s\u0131n\u0131rlama \u00f6zelli\u011fi, operat\u00f6rleri potansiyel tehlikelere kar\u015f\u0131 proaktif olarak uyararak, k\u0131s\u0131tl\u0131 alanlara yetkisiz eri\u015fimi \u00f6nler ve \u015fantiye g\u00fcvenli\u011fini \u00f6nemli \u00f6l\u00e7\u00fcde art\u0131r\u0131r. ECS-E30 ekskavat\u00f6r k\u0131lavuz sistemi, ek \u00f6l\u00e7\u00fcm personeli ihtiyac\u0131n\u0131 ortadan kald\u0131rarak riskleri daha da azalt\u0131r ve genel g\u00fcvenlik standartlar\u0131n\u0131 y\u00fckseltir.<\/p>\n<h3>Uyarlanabilir Uyumluluk<\/h3>\n<p>ECS-E30 PRO ekskavat\u00f6r k\u0131lavuz sisteminin uyarlanabilir tasar\u0131m\u0131, ekskavat\u00f6rler, greyderler ve dozerler dahil olmak \u00fczere \u00e7ok \u00e7e\u015fitli ekipmanlarla uyumluluk sa\u011flar. Operat\u00f6rler, makine al\u0131c\u0131lar\u0131n\u0131, antenleri ve tabletleri bu t\u00fcr ekipmanlar aras\u0131nda kolayca de\u011fi\u015ftirebilir, b\u00f6ylece t\u00fcm filolar\u0131nda verimli ve \u00e7ok y\u00f6nl\u00fc operasyonlar ger\u00e7ekle\u015ftirebilir. <span>makine al\u0131c\u0131lar\u0131, anten ve tablet<\/span> Bu t\u00fcr ekipmanlar aras\u0131nda, t\u00fcm filolar\u0131nda verimli ve \u00e7ok y\u00f6nl\u00fc operasyonlara olanak sa\u011flayan bir sistem bulunmaktad\u0131r.<\/p>","protected":false},"excerpt":{"rendered":"<p>ECS-E30 PRO ekskavat\u00f6r y\u00f6netim sistemi, ger\u00e7ek zamanl\u0131, hassas konumland\u0131rma ve y\u00f6n bilgisi sa\u011flayarak, hedef tasar\u0131m koordinatlar\u0131na g\u00f6re kaz\u0131 i\u015fleminin do\u011frulu\u011funu ve verimlili\u011fini \u00f6nemli \u00f6l\u00e7\u00fcde art\u0131r\u0131r. Sezgisel, kullan\u0131c\u0131 dostu aray\u00fcz\u00fc ve geli\u015fmi\u015f GNSS anten konumland\u0131rma teknolojisi, tescilli sens\u00f6rlerle bir araya gelerek, acemi operat\u00f6rlerin bile kaz\u0131 i\u015flerini her zamankinden daha h\u0131zl\u0131 ve verimli bir \u015fekilde tamamlamas\u0131n\u0131 sa\u011flar.<\/p>","protected":false},"featured_media":2284,"comment_status":"open","ping_status":"closed","template":"","meta":{"_links_to":"","_links_to_target":""},"product_cat":[101],"product_tag":[],"yoast_head":"<!-- This site is optimized with the Yoast SEO plugin v19.8 - https:\/\/yoast.com\/wordpress\/plugins\/seo\/ -->\n<title>ECS-E30 PRO Excavator Guidance System | SatLab<\/title>\n<meta name=\"robots\" content=\"index, follow, max-snippet:-1, max-image-preview:large, max-video-preview:-1\" \/>\n<link rel=\"canonical\" href=\"https:\/\/www.satlabgeo.com\/tr\/product\/ecs-e30-pro-excavator-guidance-system\/\" \/>\n<meta property=\"og:locale\" content=\"tr_TR\" \/>\n<meta property=\"og:type\" content=\"article\" \/>\n<meta property=\"og:title\" content=\"ECS-E30 PRO Excavator Guidance System | SatLab\" \/>\n<meta property=\"og:description\" content=\"The ECS-E30 PRO excavator guidance system provides real-time, precise positioning and heading information, significantly improving the accuracy and efficiency of excavating to target design coordinates. Its intuitive, user-friendly interface and advanced GNSS antenna positioning technology, combined with proprietary sensors, enable even novice operators to complete excavation tasks more quickly and productively than ever before.\" \/>\n<meta property=\"og:url\" content=\"https:\/\/www.satlabgeo.com\/tr\/product\/ecs-e30-pro-excavator-guidance-system\/\" \/>\n<meta property=\"og:site_name\" content=\"Global Satellite Positioning Solutions | SatLab Geosolutions AB\" \/>\n<meta property=\"article:modified_time\" content=\"2025-11-14T07:17:34+00:00\" \/>\n<meta property=\"og:image\" content=\"https:\/\/www.satlabgeo.com\/wp-content\/uploads\/2024\/09\/\u753b\u677f-1-\u526f\u672c-1.png\" \/>\n\t<meta property=\"og:image:width\" content=\"700\" \/>\n\t<meta property=\"og:image:height\" content=\"519\" \/>\n\t<meta property=\"og:image:type\" content=\"image\/png\" \/>\n<meta name=\"twitter:card\" content=\"summary_large_image\" \/>\n<meta name=\"twitter:label1\" content=\"Est. reading time\" \/>\n\t<meta name=\"twitter:data1\" content=\"1 dakika\" \/>\n<script type=\"application\/ld+json\" class=\"yoast-schema-graph\">{\"@context\":\"https:\/\/schema.org\",\"@graph\":[{\"@type\":\"WebPage\",\"@id\":\"https:\/\/www.satlabgeo.com\/product\/ecs-e30-pro-excavator-guidance-system\/\",\"url\":\"https:\/\/www.satlabgeo.com\/product\/ecs-e30-pro-excavator-guidance-system\/\",\"name\":\"ECS-E30 PRO Excavator Guidance System | SatLab\",\"isPartOf\":{\"@id\":\"https:\/\/www.satlabgeo.com\/#website\"},\"datePublished\":\"2024-09-09T10:01:54+00:00\",\"dateModified\":\"2025-11-14T07:17:34+00:00\",\"breadcrumb\":{\"@id\":\"https:\/\/www.satlabgeo.com\/product\/ecs-e30-pro-excavator-guidance-system\/#breadcrumb\"},\"inLanguage\":\"tr\",\"potentialAction\":[{\"@type\":\"ReadAction\",\"target\":[\"https:\/\/www.satlabgeo.com\/product\/ecs-e30-pro-excavator-guidance-system\/\"]}]},{\"@type\":\"BreadcrumbList\",\"@id\":\"https:\/\/www.satlabgeo.com\/product\/ecs-e30-pro-excavator-guidance-system\/#breadcrumb\",\"itemListElement\":[{\"@type\":\"ListItem\",\"position\":1,\"name\":\"Home\",\"item\":\"https:\/\/www.satlabgeo.com\/\"},{\"@type\":\"ListItem\",\"position\":2,\"name\":\"Products\",\"item\":\"https:\/\/www.satlabgeo.com\/products\/\"},{\"@type\":\"ListItem\",\"position\":3,\"name\":\"ECS-E30 PRO Excavator Guidance System\"}]},{\"@type\":\"WebSite\",\"@id\":\"https:\/\/www.satlabgeo.com\/#website\",\"url\":\"https:\/\/www.satlabgeo.com\/\",\"name\":\"Global Satellite Positioning Solutions | SatLab Geosolutions AB\",\"description\":\"\",\"publisher\":{\"@id\":\"https:\/\/www.satlabgeo.com\/#organization\"},\"potentialAction\":[{\"@type\":\"SearchAction\",\"target\":{\"@type\":\"EntryPoint\",\"urlTemplate\":\"https:\/\/www.satlabgeo.com\/?s={search_term_string}\"},\"query-input\":\"required name=search_term_string\"}],\"inLanguage\":\"tr\"},{\"@type\":\"Organization\",\"@id\":\"https:\/\/www.satlabgeo.com\/#organization\",\"name\":\"Global Satellite Positioning Solutions | SatLab Geosolutions AB\",\"url\":\"https:\/\/www.satlabgeo.com\/\",\"sameAs\":[],\"logo\":{\"@type\":\"ImageObject\",\"inLanguage\":\"tr\",\"@id\":\"https:\/\/www.satlabgeo.com\/#\/schema\/logo\/image\/\",\"url\":\"https:\/\/www.satlabgeo.com\/wp-content\/uploads\/2025\/08\/satlab-logo.webp\",\"contentUrl\":\"https:\/\/www.satlabgeo.com\/wp-content\/uploads\/2025\/08\/satlab-logo.webp\",\"width\":191,\"height\":48,\"caption\":\"Global Satellite Positioning Solutions | SatLab Geosolutions AB\"},\"image\":{\"@id\":\"https:\/\/www.satlabgeo.com\/#\/schema\/logo\/image\/\"}}]}<\/script>\n<!-- \/ Yoast SEO plugin. -->","yoast_head_json":{"title":"ECS-E30 PRO Excavator Guidance System | SatLab","robots":{"index":"index","follow":"follow","max-snippet":"max-snippet:-1","max-image-preview":"max-image-preview:large","max-video-preview":"max-video-preview:-1"},"canonical":"https:\/\/www.satlabgeo.com\/tr\/product\/ecs-e30-pro-excavator-guidance-system\/","og_locale":"tr_TR","og_type":"article","og_title":"ECS-E30 PRO Excavator Guidance System | SatLab","og_description":"The ECS-E30 PRO excavator guidance system provides real-time, precise positioning and heading information, significantly improving the accuracy and efficiency of excavating to target design coordinates. Its intuitive, user-friendly interface and advanced GNSS antenna positioning technology, combined with proprietary sensors, enable even novice operators to complete excavation tasks more quickly and productively than ever before.","og_url":"https:\/\/www.satlabgeo.com\/tr\/product\/ecs-e30-pro-excavator-guidance-system\/","og_site_name":"Global Satellite Positioning Solutions | SatLab Geosolutions AB","article_modified_time":"2025-11-14T07:17:34+00:00","og_image":[{"width":700,"height":519,"url":"https:\/\/www.satlabgeo.com\/wp-content\/uploads\/2024\/09\/\u753b\u677f-1-\u526f\u672c-1.png","type":"image\/png"}],"twitter_card":"summary_large_image","twitter_misc":{"Est. reading time":"1 dakika"},"schema":{"@context":"https:\/\/schema.org","@graph":[{"@type":"WebPage","@id":"https:\/\/www.satlabgeo.com\/product\/ecs-e30-pro-excavator-guidance-system\/","url":"https:\/\/www.satlabgeo.com\/product\/ecs-e30-pro-excavator-guidance-system\/","name":"ECS-E30 PRO Excavator Guidance System | SatLab","isPartOf":{"@id":"https:\/\/www.satlabgeo.com\/#website"},"datePublished":"2024-09-09T10:01:54+00:00","dateModified":"2025-11-14T07:17:34+00:00","breadcrumb":{"@id":"https:\/\/www.satlabgeo.com\/product\/ecs-e30-pro-excavator-guidance-system\/#breadcrumb"},"inLanguage":"tr","potentialAction":[{"@type":"ReadAction","target":["https:\/\/www.satlabgeo.com\/product\/ecs-e30-pro-excavator-guidance-system\/"]}]},{"@type":"BreadcrumbList","@id":"https:\/\/www.satlabgeo.com\/product\/ecs-e30-pro-excavator-guidance-system\/#breadcrumb","itemListElement":[{"@type":"ListItem","position":1,"name":"Home","item":"https:\/\/www.satlabgeo.com\/"},{"@type":"ListItem","position":2,"name":"Products","item":"https:\/\/www.satlabgeo.com\/products\/"},{"@type":"ListItem","position":3,"name":"ECS-E30 PRO Excavator Guidance System"}]},{"@type":"WebSite","@id":"https:\/\/www.satlabgeo.com\/#website","url":"https:\/\/www.satlabgeo.com\/","name":"Global Satellite Positioning Solutions | SatLab Geosolutions AB","description":"","publisher":{"@id":"https:\/\/www.satlabgeo.com\/#organization"},"potentialAction":[{"@type":"SearchAction","target":{"@type":"EntryPoint","urlTemplate":"https:\/\/www.satlabgeo.com\/?s={search_term_string}"},"query-input":"required name=search_term_string"}],"inLanguage":"tr"},{"@type":"Organization","@id":"https:\/\/www.satlabgeo.com\/#organization","name":"Global Satellite Positioning Solutions | SatLab Geosolutions AB","url":"https:\/\/www.satlabgeo.com\/","sameAs":[],"logo":{"@type":"ImageObject","inLanguage":"tr","@id":"https:\/\/www.satlabgeo.com\/#\/schema\/logo\/image\/","url":"https:\/\/www.satlabgeo.com\/wp-content\/uploads\/2025\/08\/satlab-logo.webp","contentUrl":"https:\/\/www.satlabgeo.com\/wp-content\/uploads\/2025\/08\/satlab-logo.webp","width":191,"height":48,"caption":"Global Satellite Positioning Solutions | SatLab Geosolutions AB"},"image":{"@id":"https:\/\/www.satlabgeo.com\/#\/schema\/logo\/image\/"}}]}},"_links":{"self":[{"href":"https:\/\/www.satlabgeo.com\/tr\/wp-json\/wp\/v2\/product\/2027"}],"collection":[{"href":"https:\/\/www.satlabgeo.com\/tr\/wp-json\/wp\/v2\/product"}],"about":[{"href":"https:\/\/www.satlabgeo.com\/tr\/wp-json\/wp\/v2\/types\/product"}],"replies":[{"embeddable":true,"href":"https:\/\/www.satlabgeo.com\/tr\/wp-json\/wp\/v2\/comments?post=2027"}],"version-history":[{"count":7,"href":"https:\/\/www.satlabgeo.com\/tr\/wp-json\/wp\/v2\/product\/2027\/revisions"}],"predecessor-version":[{"id":3117,"href":"https:\/\/www.satlabgeo.com\/tr\/wp-json\/wp\/v2\/product\/2027\/revisions\/3117"}],"wp:featuredmedia":[{"embeddable":true,"href":"https:\/\/www.satlabgeo.com\/tr\/wp-json\/wp\/v2\/media\/2284"}],"wp:attachment":[{"href":"https:\/\/www.satlabgeo.com\/tr\/wp-json\/wp\/v2\/media?parent=2027"}],"wp:term":[{"taxonomy":"product_cat","embeddable":true,"href":"https:\/\/www.satlabgeo.com\/tr\/wp-json\/wp\/v2\/product_cat?post=2027"},{"taxonomy":"product_tag","embeddable":true,"href":"https:\/\/www.satlabgeo.com\/tr\/wp-json\/wp\/v2\/product_tag?post=2027"}],"curies":[{"name":"wp","href":"https:\/\/api.w.org\/{rel}","templated":true}]}}