{"id":1927,"date":"2024-08-29T09:42:41","date_gmt":"2024-08-29T09:42:41","guid":{"rendered":"https:\/\/www.satlabgeo.com\/?post_type=product&#038;p=1927"},"modified":"2025-11-26T03:15:18","modified_gmt":"2025-11-26T03:15:18","slug":"cygnus-2-handheld-slam-scanner","status":"publish","type":"product","link":"https:\/\/www.satlabgeo.com\/tr\/product\/cygnus-2-handheld-slam-scanner\/","title":{"rendered":"Cygnus 2<br> El Tipi SLAM Taray\u0131c\u0131"},"content":{"rendered":"<p><img decoding=\"async\" src=\"https:\/\/www.satlabgeo.com\/wp-content\/uploads\/2024\/08\/CY2-main-page-banner\uff081920x800\uff09.png\" alt=\"Elde ta\u015f\u0131nabilir 3D SLAM taray\u0131c\u0131\" \/><\/p>\n<h4 title=\"Elde ta\u015f\u0131nabilir 3D SLAM taray\u0131c\u0131\">1.  E\u015fsiz Do\u011fruluk<\/h4>\n<p>Geli\u015fmi\u015f GNSS RTK ve g\u00f6rsel SLAM entegrasyonu ile 1,5 cm hassasiyetle kesinlik elde edin.<\/p>\n<h4>2. Ger\u00e7ek Zamanl\u0131 \u0130\u015fleme<\/h4>\n<p>G\u00fc\u00e7l\u00fc i\u015flemciler ve geli\u015fmi\u015f SLAM algoritmalar\u0131 ile an\u0131nda 3D modelleme ve veri aktar\u0131m\u0131.<\/p>\n<h4>3. Ta\u015f\u0131nabilir ve Hafif<\/h4>\n<p>Sadece 1,9 kg a\u011f\u0131rl\u0131\u011f\u0131nda ve 90 dakikal\u0131k pil \u00f6mr\u00fc ile b\u00fcy\u00fck projeler i\u00e7in m\u00fckemmeldir ve operat\u00f6r yorgunlu\u011funu azalt\u0131r<\/p>\n<div style=\"text-align: center, max-width: 640px; margin: 0 auto;\"><video width=\"300\" height=\"150\" class=\"wp-video-shortcode\" preload=\"metadata\" controls=\"controls\"><source type=\"video\/youtube\" src=\"https:\/\/youtu.be\/5b5qIhEC4OE\" \/><\/video><\/div>","protected":false},"excerpt":{"rendered":"<p>Cygnus 2 El Tipi SLAM Taray\u0131c\u0131, en son teknoloji LiDAR ve g\u00f6rsel f\u00fczyon SLAM teknolojisini kullanarak sekt\u00f6r lideri do\u011fruluk ve performans sunar. Hassasiyet ve g\u00fcvenilirlik i\u00e7in tasarlanan bu cihaz, do\u011fru konum verilerinin \u00e7ok \u00f6nemli oldu\u011fu ortamlarda santimetre d\u00fczeyinde konumland\u0131rma do\u011frulu\u011fu sa\u011flar ve GPS sinyalinin al\u0131namad\u0131\u011f\u0131 alanlarda ger\u00e7ek zamanl\u0131 izleme konusunda \u00fcst\u00fcn performans g\u00f6sterir.<\/p>","protected":false},"featured_media":1966,"comment_status":"open","ping_status":"closed","template":"","meta":{"_links_to":"","_links_to_target":""},"product_cat":[22],"product_tag":[],"yoast_head":"<!-- This site is optimized with the Yoast SEO plugin v19.8 - https:\/\/yoast.com\/wordpress\/plugins\/seo\/ -->\n<title>Cygnus 2 Handheld 3D SLAM scanner | SatLab<\/title>\n<meta name=\"description\" content=\"The Cygnus 2 Handheld 3D SLAM scanner delivers industry-leading accuracy and performance, utilizing cutting-edge LiDAR and visual fusion SLAM.\" \/>\n<meta name=\"robots\" content=\"index, follow, max-snippet:-1, max-image-preview:large, max-video-preview:-1\" \/>\n<link rel=\"canonical\" href=\"https:\/\/www.satlabgeo.com\/tr\/product\/cygnus-2-handheld-slam-scanner\/\" \/>\n<meta property=\"og:locale\" content=\"tr_TR\" \/>\n<meta property=\"og:type\" content=\"article\" \/>\n<meta property=\"og:title\" content=\"Cygnus 2 Handheld 3D SLAM scanner | SatLab\" \/>\n<meta property=\"og:description\" content=\"The Cygnus 2 Handheld 3D SLAM scanner delivers industry-leading accuracy and performance, utilizing cutting-edge LiDAR and visual fusion SLAM.\" \/>\n<meta property=\"og:url\" content=\"https:\/\/www.satlabgeo.com\/tr\/product\/cygnus-2-handheld-slam-scanner\/\" \/>\n<meta property=\"og:site_name\" content=\"Global Satellite Positioning Solutions | SatLab Geosolutions AB\" \/>\n<meta property=\"article:modified_time\" content=\"2025-11-26T03:15:18+00:00\" \/>\n<meta property=\"og:image\" content=\"https:\/\/www.satlabgeo.com\/wp-content\/uploads\/2024\/08\/Cygnus-2-700x519-1.png\" \/>\n\t<meta property=\"og:image:width\" content=\"700\" \/>\n\t<meta property=\"og:image:height\" content=\"519\" \/>\n\t<meta property=\"og:image:type\" content=\"image\/png\" \/>\n<meta name=\"twitter:card\" content=\"summary_large_image\" \/>\n<meta name=\"twitter:label1\" content=\"Est. reading time\" \/>\n\t<meta name=\"twitter:data1\" content=\"1 dakika\" \/>\n<script type=\"application\/ld+json\" class=\"yoast-schema-graph\">{\"@context\":\"https:\/\/schema.org\",\"@graph\":[{\"@type\":\"WebPage\",\"@id\":\"https:\/\/www.satlabgeo.com\/product\/cygnus-2-handheld-slam-scanner\/\",\"url\":\"https:\/\/www.satlabgeo.com\/product\/cygnus-2-handheld-slam-scanner\/\",\"name\":\"Cygnus 2 Handheld 3D SLAM scanner | SatLab\",\"isPartOf\":{\"@id\":\"https:\/\/www.satlabgeo.com\/#website\"},\"datePublished\":\"2024-08-29T09:42:41+00:00\",\"dateModified\":\"2025-11-26T03:15:18+00:00\",\"description\":\"The Cygnus 2 Handheld 3D SLAM scanner delivers industry-leading accuracy and performance, utilizing cutting-edge LiDAR and visual fusion SLAM.\",\"breadcrumb\":{\"@id\":\"https:\/\/www.satlabgeo.com\/product\/cygnus-2-handheld-slam-scanner\/#breadcrumb\"},\"inLanguage\":\"tr\",\"potentialAction\":[{\"@type\":\"ReadAction\",\"target\":[\"https:\/\/www.satlabgeo.com\/product\/cygnus-2-handheld-slam-scanner\/\"]}]},{\"@type\":\"BreadcrumbList\",\"@id\":\"https:\/\/www.satlabgeo.com\/product\/cygnus-2-handheld-slam-scanner\/#breadcrumb\",\"itemListElement\":[{\"@type\":\"ListItem\",\"position\":1,\"name\":\"Home\",\"item\":\"https:\/\/www.satlabgeo.com\/\"},{\"@type\":\"ListItem\",\"position\":2,\"name\":\"Products\",\"item\":\"https:\/\/www.satlabgeo.com\/products\/\"},{\"@type\":\"ListItem\",\"position\":3,\"name\":\"Cygnus 2 Handheld SLAM Scanner\"}]},{\"@type\":\"WebSite\",\"@id\":\"https:\/\/www.satlabgeo.com\/#website\",\"url\":\"https:\/\/www.satlabgeo.com\/\",\"name\":\"Global Satellite Positioning Solutions | SatLab Geosolutions AB\",\"description\":\"\",\"publisher\":{\"@id\":\"https:\/\/www.satlabgeo.com\/#organization\"},\"potentialAction\":[{\"@type\":\"SearchAction\",\"target\":{\"@type\":\"EntryPoint\",\"urlTemplate\":\"https:\/\/www.satlabgeo.com\/?s={search_term_string}\"},\"query-input\":\"required name=search_term_string\"}],\"inLanguage\":\"tr\"},{\"@type\":\"Organization\",\"@id\":\"https:\/\/www.satlabgeo.com\/#organization\",\"name\":\"Global Satellite Positioning Solutions | SatLab Geosolutions AB\",\"url\":\"https:\/\/www.satlabgeo.com\/\",\"sameAs\":[],\"logo\":{\"@type\":\"ImageObject\",\"inLanguage\":\"tr\",\"@id\":\"https:\/\/www.satlabgeo.com\/#\/schema\/logo\/image\/\",\"url\":\"https:\/\/www.satlabgeo.com\/wp-content\/uploads\/2025\/08\/satlab-logo.webp\",\"contentUrl\":\"https:\/\/www.satlabgeo.com\/wp-content\/uploads\/2025\/08\/satlab-logo.webp\",\"width\":191,\"height\":48,\"caption\":\"Global Satellite Positioning Solutions | SatLab Geosolutions AB\"},\"image\":{\"@id\":\"https:\/\/www.satlabgeo.com\/#\/schema\/logo\/image\/\"}}]}<\/script>\n<!-- \/ Yoast SEO plugin. -->","yoast_head_json":{"title":"Cygnus 2 Handheld 3D SLAM scanner | SatLab","description":"The Cygnus 2 Handheld 3D SLAM scanner delivers industry-leading accuracy and performance, utilizing cutting-edge LiDAR and visual fusion SLAM.","robots":{"index":"index","follow":"follow","max-snippet":"max-snippet:-1","max-image-preview":"max-image-preview:large","max-video-preview":"max-video-preview:-1"},"canonical":"https:\/\/www.satlabgeo.com\/tr\/product\/cygnus-2-handheld-slam-scanner\/","og_locale":"tr_TR","og_type":"article","og_title":"Cygnus 2 Handheld 3D SLAM scanner | SatLab","og_description":"The Cygnus 2 Handheld 3D SLAM scanner delivers industry-leading accuracy and performance, utilizing cutting-edge LiDAR and visual fusion SLAM.","og_url":"https:\/\/www.satlabgeo.com\/tr\/product\/cygnus-2-handheld-slam-scanner\/","og_site_name":"Global Satellite Positioning Solutions | SatLab Geosolutions AB","article_modified_time":"2025-11-26T03:15:18+00:00","og_image":[{"width":700,"height":519,"url":"https:\/\/www.satlabgeo.com\/wp-content\/uploads\/2024\/08\/Cygnus-2-700x519-1.png","type":"image\/png"}],"twitter_card":"summary_large_image","twitter_misc":{"Est. reading time":"1 dakika"},"schema":{"@context":"https:\/\/schema.org","@graph":[{"@type":"WebPage","@id":"https:\/\/www.satlabgeo.com\/product\/cygnus-2-handheld-slam-scanner\/","url":"https:\/\/www.satlabgeo.com\/product\/cygnus-2-handheld-slam-scanner\/","name":"Cygnus 2 Handheld 3D SLAM scanner | SatLab","isPartOf":{"@id":"https:\/\/www.satlabgeo.com\/#website"},"datePublished":"2024-08-29T09:42:41+00:00","dateModified":"2025-11-26T03:15:18+00:00","description":"The Cygnus 2 Handheld 3D SLAM scanner delivers industry-leading accuracy and performance, utilizing cutting-edge LiDAR and visual fusion SLAM.","breadcrumb":{"@id":"https:\/\/www.satlabgeo.com\/product\/cygnus-2-handheld-slam-scanner\/#breadcrumb"},"inLanguage":"tr","potentialAction":[{"@type":"ReadAction","target":["https:\/\/www.satlabgeo.com\/product\/cygnus-2-handheld-slam-scanner\/"]}]},{"@type":"BreadcrumbList","@id":"https:\/\/www.satlabgeo.com\/product\/cygnus-2-handheld-slam-scanner\/#breadcrumb","itemListElement":[{"@type":"ListItem","position":1,"name":"Home","item":"https:\/\/www.satlabgeo.com\/"},{"@type":"ListItem","position":2,"name":"Products","item":"https:\/\/www.satlabgeo.com\/products\/"},{"@type":"ListItem","position":3,"name":"Cygnus 2 Handheld SLAM Scanner"}]},{"@type":"WebSite","@id":"https:\/\/www.satlabgeo.com\/#website","url":"https:\/\/www.satlabgeo.com\/","name":"Global Satellite Positioning Solutions | SatLab Geosolutions AB","description":"","publisher":{"@id":"https:\/\/www.satlabgeo.com\/#organization"},"potentialAction":[{"@type":"SearchAction","target":{"@type":"EntryPoint","urlTemplate":"https:\/\/www.satlabgeo.com\/?s={search_term_string}"},"query-input":"required name=search_term_string"}],"inLanguage":"tr"},{"@type":"Organization","@id":"https:\/\/www.satlabgeo.com\/#organization","name":"Global Satellite Positioning Solutions | SatLab Geosolutions AB","url":"https:\/\/www.satlabgeo.com\/","sameAs":[],"logo":{"@type":"ImageObject","inLanguage":"tr","@id":"https:\/\/www.satlabgeo.com\/#\/schema\/logo\/image\/","url":"https:\/\/www.satlabgeo.com\/wp-content\/uploads\/2025\/08\/satlab-logo.webp","contentUrl":"https:\/\/www.satlabgeo.com\/wp-content\/uploads\/2025\/08\/satlab-logo.webp","width":191,"height":48,"caption":"Global Satellite Positioning Solutions | SatLab Geosolutions AB"},"image":{"@id":"https:\/\/www.satlabgeo.com\/#\/schema\/logo\/image\/"}}]}},"_links":{"self":[{"href":"https:\/\/www.satlabgeo.com\/tr\/wp-json\/wp\/v2\/product\/1927"}],"collection":[{"href":"https:\/\/www.satlabgeo.com\/tr\/wp-json\/wp\/v2\/product"}],"about":[{"href":"https:\/\/www.satlabgeo.com\/tr\/wp-json\/wp\/v2\/types\/product"}],"replies":[{"embeddable":true,"href":"https:\/\/www.satlabgeo.com\/tr\/wp-json\/wp\/v2\/comments?post=1927"}],"version-history":[{"count":3,"href":"https:\/\/www.satlabgeo.com\/tr\/wp-json\/wp\/v2\/product\/1927\/revisions"}],"predecessor-version":[{"id":3168,"href":"https:\/\/www.satlabgeo.com\/tr\/wp-json\/wp\/v2\/product\/1927\/revisions\/3168"}],"wp:featuredmedia":[{"embeddable":true,"href":"https:\/\/www.satlabgeo.com\/tr\/wp-json\/wp\/v2\/media\/1966"}],"wp:attachment":[{"href":"https:\/\/www.satlabgeo.com\/tr\/wp-json\/wp\/v2\/media?parent=1927"}],"wp:term":[{"taxonomy":"product_cat","embeddable":true,"href":"https:\/\/www.satlabgeo.com\/tr\/wp-json\/wp\/v2\/product_cat?post=1927"},{"taxonomy":"product_tag","embeddable":true,"href":"https:\/\/www.satlabgeo.com\/tr\/wp-json\/wp\/v2\/product_tag?post=1927"}],"curies":[{"name":"wp","href":"https:\/\/api.w.org\/{rel}","templated":true}]}}