{"id":1895,"date":"2024-08-01T09:56:55","date_gmt":"2024-08-01T09:56:55","guid":{"rendered":"https:\/\/www.satlabgeo.com\/?post_type=product&#038;p=1895"},"modified":"2025-11-26T03:17:28","modified_gmt":"2025-11-26T03:17:28","slug":"sl700-gnss-receiver-copy","status":"publish","type":"product","link":"https:\/\/www.satlabgeo.com\/tr\/product\/sl700-gnss-receiver-copy\/","title":{"rendered":"SL700 GNSS Al\u0131c\u0131s\u0131"},"content":{"rendered":"<div style=\"text-align: center, max-width: 640px; margin: 0 auto;\"><video width=\"300\" height=\"150\" class=\"wp-video-shortcode\" preload=\"metadata\" controls=\"controls\"><source type=\"video\/youtube\" src=\"https:\/\/youtu.be\/fb856rj-_QE\" \/><\/video><\/div>\n<p><\/p>\n<h3>Yeni ve geli\u015ftirilmi\u015f inovasyon teknolojisi<\/h3>\n<p>\u00c7oklu tak\u0131my\u0131ld\u0131z takibiyle g\u00fc\u00e7lendirilen SL700 GNSS Al\u0131c\u0131s\u0131, geli\u015fmi\u015f performansla do\u011fru ve hassas sonu\u00e7lar sunar. Geli\u015fmi\u015f bir motorla donat\u0131lan bu <span style=\"color: #909090;\">Bu GNSS al\u0131c\u0131s\u0131 ile,<\/span> Uygulaman\u0131za ba\u011fl\u0131 olarak \u00e7oklu cihaz aray\u00fcz\u00fcne sahiptir, bu da \u00fcretkenli\u011finizi ve verimlili\u011finizi art\u0131r\u0131r.<\/p>\n<div class=\"landscape\"><img decoding=\"async\" loading=\"lazy\" src=\"https:\/\/www.satlabgeo.com\/wp-content\/uploads\/2022\/03\/SL700-Banner-01-2-1.jpg\" alt=\"GNSS Al\u0131c\u0131s\u0131\" width=\"1259\" height=\"684\" class=\"alignnone size-full wp-image-1486\" \/><\/div>\n<h3><\/h3>\n<h3>Verimli ve g\u00fcvenilir<\/h3>\n<p>Geli\u015fmi\u015f motorla desteklenen bu al\u0131c\u0131, en uzak veya zorlu ortamlarda bile hassas konumland\u0131rma ve geli\u015fmi\u015f parazit azaltma \u00f6zelli\u011fi sunar. 555 kanal izleme \u00f6zelliklerini kullanarak, t\u00fcm mevcut ve gelecek sinyalleri izleyebilir ve farkl\u0131 modlarla metreden santimetreye kadar hassas konumland\u0131rma sunar (<span style=\"color: #333333;\">RTK<\/span>, PPK, Statik).<\/p>\n<h3>Uydu d\u00fczeltme hizmeti<\/h3>\n<p>SL700, \u00e7oklu GNSS referans istasyonlar\u0131ndan olu\u015fan k\u00fcresel bir a\u011f ve geli\u015fmi\u015f algoritmalar kullanarak son derece hassas GNSS uydu y\u00f6r\u00fcngesi, saati, sapmalar\u0131 ve di\u011fer sistem parametrelerini \u00fcreten TerraStar \u00f6zelliklerine sahiptir. Bu veriler, TerraStar&#039;\u0131n SL700 al\u0131c\u0131lar\u0131na metre alt\u0131 veya santimetre d\u00fczeyinde konumland\u0131rma do\u011frulu\u011funa sahip d\u00fczeltme hizmetleri sunmas\u0131n\u0131 sa\u011flar. D\u00fczeltmelerinizin d\u00fcnya \u00e7ap\u0131ndaki uydular ve h\u00fccresel a\u011flar arac\u0131l\u0131\u011f\u0131yla minimum gecikmeyle ger\u00e7ek zamanl\u0131 olarak iletilmesini sa\u011flay\u0131n.<\/p>\n<table border=\"0\" style=\"border-collapse: collapse; width: 100%;\">\n<tbody>\n<tr><\/tr>\n<\/tbody>\n<\/table>","protected":false},"excerpt":{"rendered":"<p>GNSS Al\u0131c\u0131s\u0131, g\u00fcnl\u00fck \u00f6l\u00e7\u00fcmleriniz i\u00e7in kompakt ve sa\u011flam olacak \u015fekilde tasarlanm\u0131\u015f, kullan\u0131m\u0131 kolay bir GNSS cihaz\u0131d\u0131r. En zorlu hava ko\u015fullar\u0131na dayanacak \u015fekilde \u00fcretilen SL700, m\u00fckemmel hareket kabiliyeti ve esneklikle \u00e7al\u0131\u015f\u0131r. Bu yenilik\u00e7i al\u0131c\u0131, saha \u00e7al\u0131\u015fmalar\u0131n\u0131z i\u00e7in en do\u011fru sonu\u00e7lar\u0131 en verimli \u015fekilde sunar.<\/p>","protected":false},"featured_media":1915,"comment_status":"open","ping_status":"closed","template":"","meta":{"_links_to":"","_links_to_target":""},"product_cat":[26],"product_tag":[],"yoast_head":"<!-- This site is optimized with the Yoast SEO plugin v19.8 - https:\/\/yoast.com\/wordpress\/plugins\/seo\/ -->\n<title>SL700 GNSS Receiver | SatLab<\/title>\n<meta name=\"description\" content=\"SL700 GNSS Receiver is an easy-to-use gnss device that is designed to be compact and rugged for your everyday surveying usage.\" \/>\n<meta name=\"robots\" content=\"index, follow, max-snippet:-1, max-image-preview:large, max-video-preview:-1\" \/>\n<link rel=\"canonical\" href=\"https:\/\/www.satlabgeo.com\/tr\/product\/sl700-gnss-receiver-copy\/\" \/>\n<meta property=\"og:locale\" content=\"tr_TR\" \/>\n<meta property=\"og:type\" content=\"article\" \/>\n<meta property=\"og:title\" content=\"SL700 GNSS Receiver | SatLab\" \/>\n<meta property=\"og:description\" content=\"SL700 GNSS Receiver is an easy-to-use gnss device that is designed to be compact and rugged for your everyday surveying usage.\" \/>\n<meta property=\"og:url\" content=\"https:\/\/www.satlabgeo.com\/tr\/product\/sl700-gnss-receiver-copy\/\" \/>\n<meta property=\"og:site_name\" content=\"Global Satellite Positioning Solutions | SatLab Geosolutions AB\" \/>\n<meta property=\"article:modified_time\" content=\"2025-11-26T03:17:28+00:00\" \/>\n<meta property=\"og:image\" content=\"https:\/\/www.satlabgeo.com\/wp-content\/uploads\/2024\/08\/SL700-22.png\" \/>\n\t<meta property=\"og:image:width\" content=\"700\" \/>\n\t<meta property=\"og:image:height\" content=\"519\" \/>\n\t<meta property=\"og:image:type\" content=\"image\/png\" \/>\n<meta name=\"twitter:card\" content=\"summary_large_image\" \/>\n<meta name=\"twitter:label1\" content=\"Est. reading time\" \/>\n\t<meta name=\"twitter:data1\" content=\"1 dakika\" \/>\n<script type=\"application\/ld+json\" class=\"yoast-schema-graph\">{\"@context\":\"https:\/\/schema.org\",\"@graph\":[{\"@type\":\"WebPage\",\"@id\":\"https:\/\/www.satlabgeo.com\/product\/sl700-gnss-receiver-copy\/\",\"url\":\"https:\/\/www.satlabgeo.com\/product\/sl700-gnss-receiver-copy\/\",\"name\":\"SL700 GNSS Receiver | SatLab\",\"isPartOf\":{\"@id\":\"https:\/\/www.satlabgeo.com\/#website\"},\"datePublished\":\"2024-08-01T09:56:55+00:00\",\"dateModified\":\"2025-11-26T03:17:28+00:00\",\"description\":\"SL700 GNSS Receiver is an easy-to-use gnss device that is designed to be compact and rugged for your everyday surveying usage.\",\"breadcrumb\":{\"@id\":\"https:\/\/www.satlabgeo.com\/product\/sl700-gnss-receiver-copy\/#breadcrumb\"},\"inLanguage\":\"tr\",\"potentialAction\":[{\"@type\":\"ReadAction\",\"target\":[\"https:\/\/www.satlabgeo.com\/product\/sl700-gnss-receiver-copy\/\"]}]},{\"@type\":\"BreadcrumbList\",\"@id\":\"https:\/\/www.satlabgeo.com\/product\/sl700-gnss-receiver-copy\/#breadcrumb\",\"itemListElement\":[{\"@type\":\"ListItem\",\"position\":1,\"name\":\"Home\",\"item\":\"https:\/\/www.satlabgeo.com\/\"},{\"@type\":\"ListItem\",\"position\":2,\"name\":\"Products\",\"item\":\"https:\/\/www.satlabgeo.com\/products\/\"},{\"@type\":\"ListItem\",\"position\":3,\"name\":\"SL700 GNSS Receiver\"}]},{\"@type\":\"WebSite\",\"@id\":\"https:\/\/www.satlabgeo.com\/#website\",\"url\":\"https:\/\/www.satlabgeo.com\/\",\"name\":\"Global Satellite Positioning Solutions | SatLab Geosolutions AB\",\"description\":\"\",\"publisher\":{\"@id\":\"https:\/\/www.satlabgeo.com\/#organization\"},\"potentialAction\":[{\"@type\":\"SearchAction\",\"target\":{\"@type\":\"EntryPoint\",\"urlTemplate\":\"https:\/\/www.satlabgeo.com\/?s={search_term_string}\"},\"query-input\":\"required name=search_term_string\"}],\"inLanguage\":\"tr\"},{\"@type\":\"Organization\",\"@id\":\"https:\/\/www.satlabgeo.com\/#organization\",\"name\":\"Global Satellite Positioning Solutions | SatLab Geosolutions AB\",\"url\":\"https:\/\/www.satlabgeo.com\/\",\"sameAs\":[],\"logo\":{\"@type\":\"ImageObject\",\"inLanguage\":\"tr\",\"@id\":\"https:\/\/www.satlabgeo.com\/#\/schema\/logo\/image\/\",\"url\":\"https:\/\/www.satlabgeo.com\/wp-content\/uploads\/2025\/08\/satlab-logo.webp\",\"contentUrl\":\"https:\/\/www.satlabgeo.com\/wp-content\/uploads\/2025\/08\/satlab-logo.webp\",\"width\":191,\"height\":48,\"caption\":\"Global Satellite Positioning Solutions | SatLab Geosolutions AB\"},\"image\":{\"@id\":\"https:\/\/www.satlabgeo.com\/#\/schema\/logo\/image\/\"}}]}<\/script>\n<!-- \/ Yoast SEO plugin. -->","yoast_head_json":{"title":"SL700 GNSS Receiver | SatLab","description":"SL700 GNSS Receiver is an easy-to-use gnss device that is designed to be compact and rugged for your everyday surveying usage.","robots":{"index":"index","follow":"follow","max-snippet":"max-snippet:-1","max-image-preview":"max-image-preview:large","max-video-preview":"max-video-preview:-1"},"canonical":"https:\/\/www.satlabgeo.com\/tr\/product\/sl700-gnss-receiver-copy\/","og_locale":"tr_TR","og_type":"article","og_title":"SL700 GNSS Receiver | SatLab","og_description":"SL700 GNSS Receiver is an easy-to-use gnss device that is designed to be compact and rugged for your everyday surveying usage.","og_url":"https:\/\/www.satlabgeo.com\/tr\/product\/sl700-gnss-receiver-copy\/","og_site_name":"Global Satellite Positioning Solutions | SatLab Geosolutions AB","article_modified_time":"2025-11-26T03:17:28+00:00","og_image":[{"width":700,"height":519,"url":"https:\/\/www.satlabgeo.com\/wp-content\/uploads\/2024\/08\/SL700-22.png","type":"image\/png"}],"twitter_card":"summary_large_image","twitter_misc":{"Est. reading time":"1 dakika"},"schema":{"@context":"https:\/\/schema.org","@graph":[{"@type":"WebPage","@id":"https:\/\/www.satlabgeo.com\/product\/sl700-gnss-receiver-copy\/","url":"https:\/\/www.satlabgeo.com\/product\/sl700-gnss-receiver-copy\/","name":"SL700 GNSS Receiver | SatLab","isPartOf":{"@id":"https:\/\/www.satlabgeo.com\/#website"},"datePublished":"2024-08-01T09:56:55+00:00","dateModified":"2025-11-26T03:17:28+00:00","description":"SL700 GNSS Receiver is an easy-to-use gnss device that is designed to be compact and rugged for your everyday surveying usage.","breadcrumb":{"@id":"https:\/\/www.satlabgeo.com\/product\/sl700-gnss-receiver-copy\/#breadcrumb"},"inLanguage":"tr","potentialAction":[{"@type":"ReadAction","target":["https:\/\/www.satlabgeo.com\/product\/sl700-gnss-receiver-copy\/"]}]},{"@type":"BreadcrumbList","@id":"https:\/\/www.satlabgeo.com\/product\/sl700-gnss-receiver-copy\/#breadcrumb","itemListElement":[{"@type":"ListItem","position":1,"name":"Home","item":"https:\/\/www.satlabgeo.com\/"},{"@type":"ListItem","position":2,"name":"Products","item":"https:\/\/www.satlabgeo.com\/products\/"},{"@type":"ListItem","position":3,"name":"SL700 GNSS Receiver"}]},{"@type":"WebSite","@id":"https:\/\/www.satlabgeo.com\/#website","url":"https:\/\/www.satlabgeo.com\/","name":"Global Satellite Positioning Solutions | SatLab Geosolutions AB","description":"","publisher":{"@id":"https:\/\/www.satlabgeo.com\/#organization"},"potentialAction":[{"@type":"SearchAction","target":{"@type":"EntryPoint","urlTemplate":"https:\/\/www.satlabgeo.com\/?s={search_term_string}"},"query-input":"required name=search_term_string"}],"inLanguage":"tr"},{"@type":"Organization","@id":"https:\/\/www.satlabgeo.com\/#organization","name":"Global Satellite Positioning Solutions | SatLab Geosolutions AB","url":"https:\/\/www.satlabgeo.com\/","sameAs":[],"logo":{"@type":"ImageObject","inLanguage":"tr","@id":"https:\/\/www.satlabgeo.com\/#\/schema\/logo\/image\/","url":"https:\/\/www.satlabgeo.com\/wp-content\/uploads\/2025\/08\/satlab-logo.webp","contentUrl":"https:\/\/www.satlabgeo.com\/wp-content\/uploads\/2025\/08\/satlab-logo.webp","width":191,"height":48,"caption":"Global Satellite Positioning Solutions | SatLab Geosolutions AB"},"image":{"@id":"https:\/\/www.satlabgeo.com\/#\/schema\/logo\/image\/"}}]}},"_links":{"self":[{"href":"https:\/\/www.satlabgeo.com\/tr\/wp-json\/wp\/v2\/product\/1895"}],"collection":[{"href":"https:\/\/www.satlabgeo.com\/tr\/wp-json\/wp\/v2\/product"}],"about":[{"href":"https:\/\/www.satlabgeo.com\/tr\/wp-json\/wp\/v2\/types\/product"}],"replies":[{"embeddable":true,"href":"https:\/\/www.satlabgeo.com\/tr\/wp-json\/wp\/v2\/comments?post=1895"}],"version-history":[{"count":3,"href":"https:\/\/www.satlabgeo.com\/tr\/wp-json\/wp\/v2\/product\/1895\/revisions"}],"predecessor-version":[{"id":3170,"href":"https:\/\/www.satlabgeo.com\/tr\/wp-json\/wp\/v2\/product\/1895\/revisions\/3170"}],"wp:featuredmedia":[{"embeddable":true,"href":"https:\/\/www.satlabgeo.com\/tr\/wp-json\/wp\/v2\/media\/1915"}],"wp:attachment":[{"href":"https:\/\/www.satlabgeo.com\/tr\/wp-json\/wp\/v2\/media?parent=1895"}],"wp:term":[{"taxonomy":"product_cat","embeddable":true,"href":"https:\/\/www.satlabgeo.com\/tr\/wp-json\/wp\/v2\/product_cat?post=1895"},{"taxonomy":"product_tag","embeddable":true,"href":"https:\/\/www.satlabgeo.com\/tr\/wp-json\/wp\/v2\/product_tag?post=1895"}],"curies":[{"name":"wp","href":"https:\/\/api.w.org\/{rel}","templated":true}]}}