{"id":182,"date":"2022-02-01T14:06:11","date_gmt":"2022-02-01T14:06:11","guid":{"rendered":"https:\/\/www.satlabgeo.com\/?post_type=product&#038;p=182"},"modified":"2026-02-03T07:37:07","modified_gmt":"2026-02-03T07:37:07","slug":"freyja-gnss-receiver","status":"publish","type":"product","link":"https:\/\/www.satlabgeo.com\/tr\/product\/freyja-gnss-receiver\/","title":{"rendered":"Freyja GNSS Al\u0131c\u0131s\u0131"},"content":{"rendered":"<div class=\"landscape\"><a href=\"https:\/\/www.satlabgeo.com\/tr\/contact-us\/\"><img decoding=\"async\" src=\"https:\/\/www.satlabgeo.com\/wp-content\/uploads\/2022\/02\/freyja-scaled.jpg\" alt=\"GNSS Al\u0131c\u0131s\u0131\" class=\"aligncenter\" \/><\/a><\/div>\n<p>&nbsp;<\/p>\n<h3><span style=\"font-size: 14pt;\"><b><span lang=\"EN-US\">Yeni GNSS Anteni<\/span><\/b><\/span><\/h3>\n<p><span lang=\"EN-US\">Freyja GNSS al\u0131c\u0131s\u0131, d\u00fc\u015f\u00fck y\u00fckseklik a\u00e7\u0131s\u0131n\u0131n parazit \u00f6nleme \u00f6zelli\u011fini ve izleme yeteneklerini geli\u015ftiren yeni bir GNSS anteni kullan\u0131r. Bluetooth ve konekt\u00f6r\u00fcn kararl\u0131l\u0131\u011f\u0131 \u00f6nemli \u00f6l\u00e7\u00fcde art\u0131r\u0131larak projenin planland\u0131\u011f\u0131 gibi ilerlemesi sa\u011flan\u0131r.<\/span><\/p>\n<h3><span style=\"font-size: 14pt;\"><b><span lang=\"EN-US\">Geli\u015fmi\u015f IMU Konumland\u0131rma Teknolojisi<\/span><\/b><\/span><\/h3>\n<p><span lang=\"EN-US\">9 eksenli IMU sens\u00f6r\u00fc, ak\u0131ll\u0131 \u00f6l\u00e7\u00fcm performans\u0131 sa\u011flar. Daha h\u0131zl\u0131 konum hesaplama ve bilgi \u00e7\u0131k\u0131\u015f\u0131 sayesinde \u00f6l\u00e7\u00fcm h\u0131z\u0131 artar. Ayr\u0131ca, ger\u00e7ek zamanl\u0131 direk e\u011fim d\u00fczeltmesi, her t\u00fcrl\u00fc zorlu \u00f6l\u00e7\u00fcm ko\u015fulunda kaliteli sonu\u00e7lar elde edilmesini garanti eder. 60\u00b0 e\u011fimde 2,5 cm hassasiyet elde edilir. <\/span><\/p>\n<h3><span style=\"font-size: 14pt;\"><b><span lang=\"EN-US\">Yaz\u0131l\u0131m Deste\u011fi<\/span><\/b><\/span><\/h3>\n<p><span lang=\"EN-US\">SatLab Satsurv, Freyja GNSS al\u0131c\u0131s\u0131 i\u00e7in en iyi yard\u0131mc\u0131d\u0131r.<\/span><span lang=\"EN-US\"> <\/span><span lang=\"EN-US\">Profesyonel saha \u00f6l\u00e7\u00fcm yaz\u0131l\u0131m\u0131, Freyja'n\u0131n performans\u0131n\u0131 daha da art\u0131rmak i\u00e7in tam i\u015flevlerle kullan\u0131m\u0131 kolayd\u0131r. Size daha esnek, verimli ve etkile\u015fimli bir<\/span><span lang=\"EN-US\">ti<\/span><span lang=\"EN-US\">deneyim sunar.<\/span><\/p>\n<div style=\"text-align: center, max-width: 640px; margin: 0 auto;\"><video width=\"300\" height=\"150\" class=\"wp-video-shortcode\" preload=\"metadata\" controls=\"controls\"><source type=\"video\/youtube\" src=\"https:\/\/youtu.be\/Szbgd7-liVs\" \/><\/video><\/div>","protected":false},"excerpt":{"rendered":"<p><span lang=\"EN-US\">Freyja GNSS al\u0131c\u0131s\u0131 Entegre RTK teknolojisi ile, geli\u015fmi\u015f bir konumland\u0131rma \u00e7\u00f6z\u00fcm\u00fc olarak verimlilik ve g\u00fcvenilirlik sunar. Tasar\u0131m optimizasyonundan sonra, Freyja, yaln\u0131zca 770 g a\u011f\u0131rl\u0131\u011f\u0131yla SatLab'\u0131n \u00e7o\u011fu al\u0131c\u0131s\u0131ndan daha k\u00fc\u00e7\u00fckt\u00fcr.<\/span><\/p>","protected":false},"featured_media":636,"comment_status":"open","ping_status":"closed","template":"","meta":{"_links_to":"","_links_to_target":""},"product_cat":[26],"product_tag":[],"yoast_head":"<!-- This site is optimized with the Yoast SEO plugin v19.8 - https:\/\/yoast.com\/wordpress\/plugins\/seo\/ -->\n<title>Freyja GNSS Receiver | Global Satellite Positioning Solutions | SatLab Geosolutions AB<\/title>\n<meta name=\"description\" content=\"Smaller than most of SatLab&#039;s receivers, the Freyja GNSS receiver offers efficiency and reliability as an advanced positioning solution.\" \/>\n<meta name=\"robots\" content=\"index, follow, max-snippet:-1, max-image-preview:large, max-video-preview:-1\" \/>\n<link rel=\"canonical\" href=\"https:\/\/www.satlabgeo.com\/tr\/product\/freyja-gnss-receiver\/\" \/>\n<meta property=\"og:locale\" content=\"tr_TR\" \/>\n<meta property=\"og:type\" content=\"article\" \/>\n<meta property=\"og:title\" content=\"Freyja GNSS Receiver | Global Satellite Positioning Solutions | SatLab Geosolutions AB\" \/>\n<meta property=\"og:description\" content=\"Smaller than most of SatLab&#039;s receivers, the Freyja GNSS receiver offers efficiency and reliability as an advanced positioning solution.\" \/>\n<meta property=\"og:url\" content=\"https:\/\/www.satlabgeo.com\/tr\/product\/freyja-gnss-receiver\/\" \/>\n<meta property=\"og:site_name\" content=\"Global Satellite Positioning Solutions | SatLab Geosolutions AB\" \/>\n<meta property=\"article:modified_time\" content=\"2026-02-03T07:37:07+00:00\" \/>\n<meta property=\"og:image\" content=\"https:\/\/www.satlabgeo.com\/wp-content\/uploads\/2022\/02\/744x705-01.png\" \/>\n\t<meta property=\"og:image:width\" content=\"744\" \/>\n\t<meta property=\"og:image:height\" content=\"705\" \/>\n\t<meta property=\"og:image:type\" content=\"image\/png\" \/>\n<meta name=\"twitter:card\" content=\"summary_large_image\" \/>\n<meta name=\"twitter:label1\" content=\"Est. reading time\" \/>\n\t<meta name=\"twitter:data1\" content=\"1 dakika\" \/>\n<script type=\"application\/ld+json\" class=\"yoast-schema-graph\">{\"@context\":\"https:\/\/schema.org\",\"@graph\":[{\"@type\":\"WebPage\",\"@id\":\"https:\/\/www.satlabgeo.com\/product\/freyja-gnss-receiver\/\",\"url\":\"https:\/\/www.satlabgeo.com\/product\/freyja-gnss-receiver\/\",\"name\":\"Freyja GNSS Receiver | Global Satellite Positioning Solutions | SatLab Geosolutions AB\",\"isPartOf\":{\"@id\":\"https:\/\/www.satlabgeo.com\/#website\"},\"datePublished\":\"2022-02-01T14:06:11+00:00\",\"dateModified\":\"2026-02-03T07:37:07+00:00\",\"description\":\"Smaller than most of SatLab's receivers, the Freyja GNSS receiver offers efficiency and reliability as an advanced positioning solution.\",\"breadcrumb\":{\"@id\":\"https:\/\/www.satlabgeo.com\/product\/freyja-gnss-receiver\/#breadcrumb\"},\"inLanguage\":\"tr\",\"potentialAction\":[{\"@type\":\"ReadAction\",\"target\":[\"https:\/\/www.satlabgeo.com\/product\/freyja-gnss-receiver\/\"]}]},{\"@type\":\"BreadcrumbList\",\"@id\":\"https:\/\/www.satlabgeo.com\/product\/freyja-gnss-receiver\/#breadcrumb\",\"itemListElement\":[{\"@type\":\"ListItem\",\"position\":1,\"name\":\"Home\",\"item\":\"https:\/\/www.satlabgeo.com\/\"},{\"@type\":\"ListItem\",\"position\":2,\"name\":\"Products\",\"item\":\"https:\/\/www.satlabgeo.com\/products\/\"},{\"@type\":\"ListItem\",\"position\":3,\"name\":\"Freyja GNSS Receiver\"}]},{\"@type\":\"WebSite\",\"@id\":\"https:\/\/www.satlabgeo.com\/#website\",\"url\":\"https:\/\/www.satlabgeo.com\/\",\"name\":\"Global Satellite Positioning Solutions | SatLab Geosolutions AB\",\"description\":\"\",\"publisher\":{\"@id\":\"https:\/\/www.satlabgeo.com\/#organization\"},\"potentialAction\":[{\"@type\":\"SearchAction\",\"target\":{\"@type\":\"EntryPoint\",\"urlTemplate\":\"https:\/\/www.satlabgeo.com\/?s={search_term_string}\"},\"query-input\":\"required name=search_term_string\"}],\"inLanguage\":\"tr\"},{\"@type\":\"Organization\",\"@id\":\"https:\/\/www.satlabgeo.com\/#organization\",\"name\":\"Global Satellite Positioning Solutions | SatLab Geosolutions AB\",\"url\":\"https:\/\/www.satlabgeo.com\/\",\"sameAs\":[],\"logo\":{\"@type\":\"ImageObject\",\"inLanguage\":\"tr\",\"@id\":\"https:\/\/www.satlabgeo.com\/#\/schema\/logo\/image\/\",\"url\":\"https:\/\/www.satlabgeo.com\/wp-content\/uploads\/2025\/08\/satlab-logo.webp\",\"contentUrl\":\"https:\/\/www.satlabgeo.com\/wp-content\/uploads\/2025\/08\/satlab-logo.webp\",\"width\":191,\"height\":48,\"caption\":\"Global Satellite Positioning Solutions | SatLab Geosolutions AB\"},\"image\":{\"@id\":\"https:\/\/www.satlabgeo.com\/#\/schema\/logo\/image\/\"}}]}<\/script>\n<!-- \/ Yoast SEO plugin. -->","yoast_head_json":{"title":"Freyja GNSS Receiver | Global Satellite Positioning Solutions | SatLab Geosolutions AB","description":"Smaller than most of SatLab's receivers, the Freyja GNSS receiver offers efficiency and reliability as an advanced positioning solution.","robots":{"index":"index","follow":"follow","max-snippet":"max-snippet:-1","max-image-preview":"max-image-preview:large","max-video-preview":"max-video-preview:-1"},"canonical":"https:\/\/www.satlabgeo.com\/tr\/product\/freyja-gnss-receiver\/","og_locale":"tr_TR","og_type":"article","og_title":"Freyja GNSS Receiver | Global Satellite Positioning Solutions | SatLab Geosolutions AB","og_description":"Smaller than most of SatLab's receivers, the Freyja GNSS receiver offers efficiency and reliability as an advanced positioning solution.","og_url":"https:\/\/www.satlabgeo.com\/tr\/product\/freyja-gnss-receiver\/","og_site_name":"Global Satellite Positioning Solutions | SatLab Geosolutions AB","article_modified_time":"2026-02-03T07:37:07+00:00","og_image":[{"width":744,"height":705,"url":"https:\/\/www.satlabgeo.com\/wp-content\/uploads\/2022\/02\/744x705-01.png","type":"image\/png"}],"twitter_card":"summary_large_image","twitter_misc":{"Est. reading time":"1 dakika"},"schema":{"@context":"https:\/\/schema.org","@graph":[{"@type":"WebPage","@id":"https:\/\/www.satlabgeo.com\/product\/freyja-gnss-receiver\/","url":"https:\/\/www.satlabgeo.com\/product\/freyja-gnss-receiver\/","name":"Freyja GNSS Receiver | Global Satellite Positioning Solutions | SatLab Geosolutions AB","isPartOf":{"@id":"https:\/\/www.satlabgeo.com\/#website"},"datePublished":"2022-02-01T14:06:11+00:00","dateModified":"2026-02-03T07:37:07+00:00","description":"Smaller than most of SatLab's receivers, the Freyja GNSS receiver offers efficiency and reliability as an advanced positioning solution.","breadcrumb":{"@id":"https:\/\/www.satlabgeo.com\/product\/freyja-gnss-receiver\/#breadcrumb"},"inLanguage":"tr","potentialAction":[{"@type":"ReadAction","target":["https:\/\/www.satlabgeo.com\/product\/freyja-gnss-receiver\/"]}]},{"@type":"BreadcrumbList","@id":"https:\/\/www.satlabgeo.com\/product\/freyja-gnss-receiver\/#breadcrumb","itemListElement":[{"@type":"ListItem","position":1,"name":"Home","item":"https:\/\/www.satlabgeo.com\/"},{"@type":"ListItem","position":2,"name":"Products","item":"https:\/\/www.satlabgeo.com\/products\/"},{"@type":"ListItem","position":3,"name":"Freyja GNSS Receiver"}]},{"@type":"WebSite","@id":"https:\/\/www.satlabgeo.com\/#website","url":"https:\/\/www.satlabgeo.com\/","name":"Global Satellite Positioning Solutions | SatLab Geosolutions AB","description":"","publisher":{"@id":"https:\/\/www.satlabgeo.com\/#organization"},"potentialAction":[{"@type":"SearchAction","target":{"@type":"EntryPoint","urlTemplate":"https:\/\/www.satlabgeo.com\/?s={search_term_string}"},"query-input":"required name=search_term_string"}],"inLanguage":"tr"},{"@type":"Organization","@id":"https:\/\/www.satlabgeo.com\/#organization","name":"Global Satellite Positioning Solutions | SatLab Geosolutions AB","url":"https:\/\/www.satlabgeo.com\/","sameAs":[],"logo":{"@type":"ImageObject","inLanguage":"tr","@id":"https:\/\/www.satlabgeo.com\/#\/schema\/logo\/image\/","url":"https:\/\/www.satlabgeo.com\/wp-content\/uploads\/2025\/08\/satlab-logo.webp","contentUrl":"https:\/\/www.satlabgeo.com\/wp-content\/uploads\/2025\/08\/satlab-logo.webp","width":191,"height":48,"caption":"Global Satellite Positioning Solutions | SatLab Geosolutions AB"},"image":{"@id":"https:\/\/www.satlabgeo.com\/#\/schema\/logo\/image\/"}}]}},"_links":{"self":[{"href":"https:\/\/www.satlabgeo.com\/tr\/wp-json\/wp\/v2\/product\/182"}],"collection":[{"href":"https:\/\/www.satlabgeo.com\/tr\/wp-json\/wp\/v2\/product"}],"about":[{"href":"https:\/\/www.satlabgeo.com\/tr\/wp-json\/wp\/v2\/types\/product"}],"replies":[{"embeddable":true,"href":"https:\/\/www.satlabgeo.com\/tr\/wp-json\/wp\/v2\/comments?post=182"}],"version-history":[{"count":12,"href":"https:\/\/www.satlabgeo.com\/tr\/wp-json\/wp\/v2\/product\/182\/revisions"}],"predecessor-version":[{"id":3191,"href":"https:\/\/www.satlabgeo.com\/tr\/wp-json\/wp\/v2\/product\/182\/revisions\/3191"}],"wp:featuredmedia":[{"embeddable":true,"href":"https:\/\/www.satlabgeo.com\/tr\/wp-json\/wp\/v2\/media\/636"}],"wp:attachment":[{"href":"https:\/\/www.satlabgeo.com\/tr\/wp-json\/wp\/v2\/media?parent=182"}],"wp:term":[{"taxonomy":"product_cat","embeddable":true,"href":"https:\/\/www.satlabgeo.com\/tr\/wp-json\/wp\/v2\/product_cat?post=182"},{"taxonomy":"product_tag","embeddable":true,"href":"https:\/\/www.satlabgeo.com\/tr\/wp-json\/wp\/v2\/product_tag?post=182"}],"curies":[{"name":"wp","href":"https:\/\/api.w.org\/{rel}","templated":true}]}}