{"id":178,"date":"2022-02-01T14:04:52","date_gmt":"2022-02-01T14:04:52","guid":{"rendered":"https:\/\/www.satlabgeo.com\/?post_type=product&#038;p=178"},"modified":"2025-11-26T09:53:54","modified_gmt":"2025-11-26T09:53:54","slug":"sl900-gnss-receiver","status":"publish","type":"product","link":"https:\/\/www.satlabgeo.com\/tr\/product\/sl900-gnss-receiver\/","title":{"rendered":"SL900 GNSS Al\u0131c\u0131s\u0131"},"content":{"rendered":"<div style=\"text-align: center, max-width: 640px; margin: 0 auto;\"><video width=\"300\" height=\"150\" class=\"wp-video-shortcode\" preload=\"metadata\" controls=\"controls\"><source type=\"video\/youtube\" src=\"https:\/\/youtu.be\/uU4gEWUFc54\" \/><\/video><\/div>\n<p><\/p>\n<h3>E\u011fim d\u00fczeltme \u00e7\u00f6z\u00fcm\u00fc<\/h3>\n<p><span>SatLab GNSS, \u00f6l\u00e7\u00fcm uzmanlar\u0131n\u0131 g\u00f6z \u00f6n\u00fcnde bulundurarak, e\u011fimli \u00f6l\u00e7\u00fcmlerin d\u00fczeltilmesi i\u00e7in harcanan zaman\u0131 azaltarak i\u015f ak\u0131\u015f\u0131n\u0131z\u0131n verimlili\u011fini art\u0131racak bir \u00e7\u00f6z\u00fcm tasarlad\u0131. E\u011fim d\u00fczeltici ve GNSS anteni ile GNSS Al\u0131c\u0131, geleneksel \u00f6l\u00e7\u00fcm uygulamalar\u0131na k\u0131yasla 'ye varan zaman tasarrufu sa\u011flar. Bu GNSS \u00e7\u00f6z\u00fcm\u00fc, g\u00fcvenli\u011finizi ve konforunuzu sa\u011flarken, \u00e7evrenize rahat\u00e7a odaklanman\u0131z\u0131 sa\u011flar.<\/span><\/p>\n<p><img decoding=\"async\" loading=\"lazy\" src=\"https:\/\/www.satlabgeo.com\/wp-content\/uploads\/2022\/02\/SL900-Banner-03-1.png\" alt=\"GNSS\" width=\"902\" height=\"378\" class=\"size-full wp-image-1491 aligncenter\" \/><\/p>\n<h3>Verimli ve g\u00fcvenilir<\/h3>\n<p>Geli\u015fmi\u015f hesaplama motoru ile \u00e7al\u0131\u015fan bu al\u0131c\u0131, en uzak veya zorlu ortamlarda bile hassas konumland\u0131rma ve geli\u015fmi\u015f parazit azaltma \u00f6zelli\u011fi sunar. 1408\/1706 kanal izleme \u00f6zelli\u011fi sayesinde, mevcut ve gelecek t\u00fcm sinyalleri izleyebilir ve farkl\u0131 modlarla (RTK, PPK, Statik) metre alt\u0131 hassasiyetinde santimetre d\u00fczeyinde konumland\u0131rma sa\u011flar.<\/p>\n<h3>Uydu d\u00fczeltme hizmeti<\/h3>\n<p>GNSS Al\u0131c\u0131s\u0131, \u00e7oklu GNSS referans istasyonlar\u0131ndan olu\u015fan k\u00fcresel bir a\u011f ve geli\u015fmi\u015f algoritmalar kullanarak son derece hassas GNSS uydu y\u00f6r\u00fcngesi, saat, sapmalar ve di\u011fer sistem parametrelerini olu\u015fturan TerraStar \u00f6zelliklerine sahiptir. Bu veriler, TerraStar'\u0131n al\u0131c\u0131lara metre alt\u0131 veya santimetre d\u00fczeyinde konumland\u0131rma hassasiyeti ile d\u00fczeltme hizmetleri sunmas\u0131n\u0131 sa\u011flar. D\u00fczeltmeleriniz, d\u00fcnya \u00e7ap\u0131ndaki uydular ve h\u00fccresel a\u011flar arac\u0131l\u0131\u011f\u0131yla minimum gecikmeyle ger\u00e7ek zamanl\u0131 olarak iletilir.<\/span>\n<tbody>\n<tr>\n<td style=\"width: 50%;\"><\/td>\n<\/tr>\n<\/tbody>\n<\/table>","protected":false},"excerpt":{"rendered":"<p>SatLab GNSS al\u0131c\u0131s\u0131, en zorlu ko\u015fullarda bile performans g\u00f6steren y\u00fcksek hassasiyetli bir cihazd\u0131r. <span style=\"color: #909090;\"><a href=\"https:\/\/www.satlabgeo.com\/tr\/product_category\/gnss\/\" style=\"color: #909090;\">Bu GNSS al\u0131c\u0131s\u0131 ile,<\/a><\/span>Bu GNSS al\u0131c\u0131s\u0131 ile, Bluetooth ve Wifi ba\u011flant\u0131s\u0131 arac\u0131l\u0131\u011f\u0131yla herhangi bir cihaza ger\u00e7ek zamanl\u0131 olarak y\u00fcksek hassasiyetli GPS verileri sunabilir. Uydu d\u00fczeltme hizmeti, kompakt ve hafif olan bu <span style=\"color: #909090;\"><a href=\"https:\/\/www.satlabgeo.com\/tr\/product_category\/gnss\/\" style=\"color: #909090;\">rtk<\/a><\/span> GNSS, konumland\u0131rma g\u00fcvenilirli\u011fi vaat eden en esnek \u00e7\u00f6z\u00fcmlerden biridir.<\/p>","protected":false},"featured_media":651,"comment_status":"open","ping_status":"closed","template":"","meta":{"_links_to":"","_links_to_target":""},"product_cat":[26],"product_tag":[],"yoast_head":"<!-- This site is optimized with the Yoast SEO plugin v19.8 - https:\/\/yoast.com\/wordpress\/plugins\/seo\/ -->\n<title>SL900 GNSS Receiver | Global Satellite Positioning Solutions | SatLab Geosolutions AB<\/title>\n<meta name=\"robots\" content=\"index, follow, max-snippet:-1, max-image-preview:large, max-video-preview:-1\" \/>\n<link rel=\"canonical\" href=\"https:\/\/www.satlabgeo.com\/tr\/product\/sl900-gnss-receiver\/\" \/>\n<meta property=\"og:locale\" content=\"tr_TR\" \/>\n<meta property=\"og:type\" content=\"article\" \/>\n<meta property=\"og:title\" content=\"SL900 GNSS Receiver | Global Satellite Positioning Solutions | SatLab Geosolutions AB\" \/>\n<meta property=\"og:description\" content=\"The SatLab GNSS receiver is a high-precision\u00a0that performs even under the most demanding conditions. With this GNSS receiver, it is capable of delivering highly accurate GPS data in real-time to any device via a Bluetooth connection. Satellite correction service, compact and lightweight, this rtk GNSS is one of the most flexible solutions that promise positioning reliability.\" \/>\n<meta property=\"og:url\" content=\"https:\/\/www.satlabgeo.com\/tr\/product\/sl900-gnss-receiver\/\" \/>\n<meta property=\"og:site_name\" content=\"Global Satellite Positioning Solutions | SatLab Geosolutions AB\" \/>\n<meta property=\"article:modified_time\" content=\"2025-11-26T09:53:54+00:00\" \/>\n<meta property=\"og:image\" content=\"https:\/\/www.satlabgeo.com\/wp-content\/uploads\/2022\/02\/SL900-02.png\" \/>\n\t<meta property=\"og:image:width\" content=\"744\" \/>\n\t<meta property=\"og:image:height\" content=\"705\" \/>\n\t<meta property=\"og:image:type\" content=\"image\/png\" \/>\n<meta name=\"twitter:card\" content=\"summary_large_image\" \/>\n<meta name=\"twitter:label1\" content=\"Est. reading time\" \/>\n\t<meta name=\"twitter:data1\" content=\"2 dakika\" \/>\n<script type=\"application\/ld+json\" class=\"yoast-schema-graph\">{\"@context\":\"https:\/\/schema.org\",\"@graph\":[{\"@type\":\"WebPage\",\"@id\":\"https:\/\/www.satlabgeo.com\/product\/sl900-gnss-receiver\/\",\"url\":\"https:\/\/www.satlabgeo.com\/product\/sl900-gnss-receiver\/\",\"name\":\"SL900 GNSS Receiver | Global Satellite Positioning Solutions | SatLab Geosolutions AB\",\"isPartOf\":{\"@id\":\"https:\/\/www.satlabgeo.com\/#website\"},\"datePublished\":\"2022-02-01T14:04:52+00:00\",\"dateModified\":\"2025-11-26T09:53:54+00:00\",\"breadcrumb\":{\"@id\":\"https:\/\/www.satlabgeo.com\/product\/sl900-gnss-receiver\/#breadcrumb\"},\"inLanguage\":\"tr\",\"potentialAction\":[{\"@type\":\"ReadAction\",\"target\":[\"https:\/\/www.satlabgeo.com\/product\/sl900-gnss-receiver\/\"]}]},{\"@type\":\"BreadcrumbList\",\"@id\":\"https:\/\/www.satlabgeo.com\/product\/sl900-gnss-receiver\/#breadcrumb\",\"itemListElement\":[{\"@type\":\"ListItem\",\"position\":1,\"name\":\"Home\",\"item\":\"https:\/\/www.satlabgeo.com\/\"},{\"@type\":\"ListItem\",\"position\":2,\"name\":\"Products\",\"item\":\"https:\/\/www.satlabgeo.com\/products\/\"},{\"@type\":\"ListItem\",\"position\":3,\"name\":\"SL900 GNSS Receiver\"}]},{\"@type\":\"WebSite\",\"@id\":\"https:\/\/www.satlabgeo.com\/#website\",\"url\":\"https:\/\/www.satlabgeo.com\/\",\"name\":\"Global Satellite Positioning Solutions | SatLab Geosolutions AB\",\"description\":\"\",\"publisher\":{\"@id\":\"https:\/\/www.satlabgeo.com\/#organization\"},\"potentialAction\":[{\"@type\":\"SearchAction\",\"target\":{\"@type\":\"EntryPoint\",\"urlTemplate\":\"https:\/\/www.satlabgeo.com\/?s={search_term_string}\"},\"query-input\":\"required name=search_term_string\"}],\"inLanguage\":\"tr\"},{\"@type\":\"Organization\",\"@id\":\"https:\/\/www.satlabgeo.com\/#organization\",\"name\":\"Global Satellite Positioning Solutions | SatLab Geosolutions AB\",\"url\":\"https:\/\/www.satlabgeo.com\/\",\"sameAs\":[],\"logo\":{\"@type\":\"ImageObject\",\"inLanguage\":\"tr\",\"@id\":\"https:\/\/www.satlabgeo.com\/#\/schema\/logo\/image\/\",\"url\":\"https:\/\/www.satlabgeo.com\/wp-content\/uploads\/2025\/08\/satlab-logo.webp\",\"contentUrl\":\"https:\/\/www.satlabgeo.com\/wp-content\/uploads\/2025\/08\/satlab-logo.webp\",\"width\":191,\"height\":48,\"caption\":\"Global Satellite Positioning Solutions | SatLab Geosolutions AB\"},\"image\":{\"@id\":\"https:\/\/www.satlabgeo.com\/#\/schema\/logo\/image\/\"}}]}<\/script>\n<!-- \/ Yoast SEO plugin. -->","yoast_head_json":{"title":"SL900 GNSS Receiver | Global Satellite Positioning Solutions | SatLab Geosolutions AB","robots":{"index":"index","follow":"follow","max-snippet":"max-snippet:-1","max-image-preview":"max-image-preview:large","max-video-preview":"max-video-preview:-1"},"canonical":"https:\/\/www.satlabgeo.com\/tr\/product\/sl900-gnss-receiver\/","og_locale":"tr_TR","og_type":"article","og_title":"SL900 GNSS Receiver | Global Satellite Positioning Solutions | SatLab Geosolutions AB","og_description":"The SatLab GNSS receiver is a high-precision\u00a0that performs even under the most demanding conditions. With this GNSS receiver, it is capable of delivering highly accurate GPS data in real-time to any device via a Bluetooth connection. Satellite correction service, compact and lightweight, this rtk GNSS is one of the most flexible solutions that promise positioning reliability.","og_url":"https:\/\/www.satlabgeo.com\/tr\/product\/sl900-gnss-receiver\/","og_site_name":"Global Satellite Positioning Solutions | SatLab Geosolutions AB","article_modified_time":"2025-11-26T09:53:54+00:00","og_image":[{"width":744,"height":705,"url":"https:\/\/www.satlabgeo.com\/wp-content\/uploads\/2022\/02\/SL900-02.png","type":"image\/png"}],"twitter_card":"summary_large_image","twitter_misc":{"Est. reading time":"2 dakika"},"schema":{"@context":"https:\/\/schema.org","@graph":[{"@type":"WebPage","@id":"https:\/\/www.satlabgeo.com\/product\/sl900-gnss-receiver\/","url":"https:\/\/www.satlabgeo.com\/product\/sl900-gnss-receiver\/","name":"SL900 GNSS Receiver | Global Satellite Positioning Solutions | SatLab Geosolutions AB","isPartOf":{"@id":"https:\/\/www.satlabgeo.com\/#website"},"datePublished":"2022-02-01T14:04:52+00:00","dateModified":"2025-11-26T09:53:54+00:00","breadcrumb":{"@id":"https:\/\/www.satlabgeo.com\/product\/sl900-gnss-receiver\/#breadcrumb"},"inLanguage":"tr","potentialAction":[{"@type":"ReadAction","target":["https:\/\/www.satlabgeo.com\/product\/sl900-gnss-receiver\/"]}]},{"@type":"BreadcrumbList","@id":"https:\/\/www.satlabgeo.com\/product\/sl900-gnss-receiver\/#breadcrumb","itemListElement":[{"@type":"ListItem","position":1,"name":"Home","item":"https:\/\/www.satlabgeo.com\/"},{"@type":"ListItem","position":2,"name":"Products","item":"https:\/\/www.satlabgeo.com\/products\/"},{"@type":"ListItem","position":3,"name":"SL900 GNSS Receiver"}]},{"@type":"WebSite","@id":"https:\/\/www.satlabgeo.com\/#website","url":"https:\/\/www.satlabgeo.com\/","name":"Global Satellite Positioning Solutions | SatLab Geosolutions AB","description":"","publisher":{"@id":"https:\/\/www.satlabgeo.com\/#organization"},"potentialAction":[{"@type":"SearchAction","target":{"@type":"EntryPoint","urlTemplate":"https:\/\/www.satlabgeo.com\/?s={search_term_string}"},"query-input":"required name=search_term_string"}],"inLanguage":"tr"},{"@type":"Organization","@id":"https:\/\/www.satlabgeo.com\/#organization","name":"Global Satellite Positioning Solutions | SatLab Geosolutions AB","url":"https:\/\/www.satlabgeo.com\/","sameAs":[],"logo":{"@type":"ImageObject","inLanguage":"tr","@id":"https:\/\/www.satlabgeo.com\/#\/schema\/logo\/image\/","url":"https:\/\/www.satlabgeo.com\/wp-content\/uploads\/2025\/08\/satlab-logo.webp","contentUrl":"https:\/\/www.satlabgeo.com\/wp-content\/uploads\/2025\/08\/satlab-logo.webp","width":191,"height":48,"caption":"Global Satellite Positioning Solutions | SatLab Geosolutions AB"},"image":{"@id":"https:\/\/www.satlabgeo.com\/#\/schema\/logo\/image\/"}}]}},"_links":{"self":[{"href":"https:\/\/www.satlabgeo.com\/tr\/wp-json\/wp\/v2\/product\/178"}],"collection":[{"href":"https:\/\/www.satlabgeo.com\/tr\/wp-json\/wp\/v2\/product"}],"about":[{"href":"https:\/\/www.satlabgeo.com\/tr\/wp-json\/wp\/v2\/types\/product"}],"replies":[{"embeddable":true,"href":"https:\/\/www.satlabgeo.com\/tr\/wp-json\/wp\/v2\/comments?post=178"}],"version-history":[{"count":8,"href":"https:\/\/www.satlabgeo.com\/tr\/wp-json\/wp\/v2\/product\/178\/revisions"}],"predecessor-version":[{"id":3203,"href":"https:\/\/www.satlabgeo.com\/tr\/wp-json\/wp\/v2\/product\/178\/revisions\/3203"}],"wp:featuredmedia":[{"embeddable":true,"href":"https:\/\/www.satlabgeo.com\/tr\/wp-json\/wp\/v2\/media\/651"}],"wp:attachment":[{"href":"https:\/\/www.satlabgeo.com\/tr\/wp-json\/wp\/v2\/media?parent=178"}],"wp:term":[{"taxonomy":"product_cat","embeddable":true,"href":"https:\/\/www.satlabgeo.com\/tr\/wp-json\/wp\/v2\/product_cat?post=178"},{"taxonomy":"product_tag","embeddable":true,"href":"https:\/\/www.satlabgeo.com\/tr\/wp-json\/wp\/v2\/product_tag?post=178"}],"curies":[{"name":"wp","href":"https:\/\/api.w.org\/{rel}","templated":true}]}}