{"id":1637,"date":"2024-05-10T07:31:20","date_gmt":"2024-05-10T07:31:20","guid":{"rendered":"https:\/\/www.satlabgeo.com\/?post_type=product&#038;p=1637"},"modified":"2025-11-27T02:33:30","modified_gmt":"2025-11-27T02:33:30","slug":"hydroboat-1500-usv","status":"publish","type":"product","link":"https:\/\/www.satlabgeo.com\/tr\/product\/hydroboat-1500-usv\/","title":{"rendered":"HydroBoat 1500 USV"},"content":{"rendered":"<p><img decoding=\"async\" src=\"https:\/\/www.satlabgeo.com\/wp-content\/uploads\/2024\/05\/Hydroboat-1500-Youtube-2048x1152-1.jpg\" alt=\"ak\u0131ll\u0131 USV\" \/><\/p>\n<h3 title=\"ak\u0131ll\u0131 USV\">Ola\u011fan\u00fcst\u00fc Y\u00fck Kapasitesi<\/h3>\n<p>\u00c7e\u015fitli \u00f6l\u00e7\u00fcm g\u00f6revlerine uyum sa\u011flamak i\u00e7in tekne g\u00f6vdesi i\u00e7inden ge\u00e7en tasar\u0131mla 60 kg'a kadar y\u00fck ta\u015f\u0131yabilir.<\/p>\n<h3 title=\"insans\u0131z ara\u015ft\u0131rma gemileri\">Sezgisel Android Kontrol<\/h3>\n<p>Rota planlama, tekne kontrol\u00fc ve durum izleme \u00f6zelliklerine sahip, kullan\u0131c\u0131 dostu SLHydro USV yaz\u0131l\u0131m\u0131 ile i\u015flemleri basitle\u015ftirin.<\/p>\n<h3 title=\"otonom gemi\">S\u0131n\u0131rs\u0131z Menzil \u0130letimi<\/h3>\n<p>Ofisten bile s\u0131n\u0131rs\u0131z eri\u015fim ve ger\u00e7ek zamanl\u0131 veri toplama i\u00e7in 4G ve 2,4G \u00e7ift kanall\u0131 kontrol ve ileti\u015fim deneyimi ya\u015fay\u0131n.<\/p>\n<h3>Tavizsiz G\u00fcvenlik<\/h3>\n<p>360\u00b0 \u00e7ok y\u00f6nl\u00fc kamera, milimetre dalga radar\u0131, \u00e7ift katmanl\u0131 batmaz g\u00f6vde ve s\u0131\u011f suda havada as\u0131l\u0131 kalma \u00f6zellikleri sayesinde g\u00fcvenle seyredin.<\/p>\n<div style=\"text-align: center, max-width: 640px; margin: 0 auto;\"><video width=\"300\" height=\"150\" class=\"wp-video-shortcode\" preload=\"metadata\" controls=\"controls\"><source type=\"video\/youtube\" src=\"https:\/\/youtu.be\/8KzI6mkGlLE\" \/><\/video><\/div>","protected":false},"excerpt":{"rendered":"<p>HydroBoat 1500, HydroBeam M4 Ta\u015f\u0131nabilir Multibeam Eko Ses Cihaz\u0131 Ses Sistemi'ni ta\u015f\u0131yarak g\u00f6ller, nehirler ve rezervuarlar\u0131n su alt\u0131 topografik ara\u015ft\u0131rmalar\u0131 i\u00e7in tasarlanm\u0131\u015f \u00e7ok y\u00f6nl\u00fc, ak\u0131ll\u0131 bir USV'dir. Konum ve y\u00f6nlendirme i\u00e7in y\u00fcksek hassasiyetli GNSS al\u0131c\u0131s\u0131 ve IMU ile donat\u0131lm\u0131\u015f HydroBoat 1500, uydu sinyalleri engellendi\u011finde bile bir metreden daha az bir hassasiyet sa\u011flar. IP67 su ge\u00e7irmezlik \u00f6zelli\u011fine sahip hafif ve sa\u011flam bir g\u00f6vdeye ve hareket kabiliyetini ve esnekli\u011fi art\u0131ran yanlarda d\u00f6rt adet g\u00fc\u00e7l\u00fc iticiye sahiptir, bu da \u00e7e\u015fitli su ortamlar\u0131na kolayca uyum sa\u011flamas\u0131na ve su alt\u0131 arazi ara\u015ft\u0131rmalar\u0131n\u0131 verimli bir \u015fekilde tamamlamas\u0131na olanak tan\u0131r.<\/p>","protected":false},"featured_media":1782,"comment_status":"open","ping_status":"closed","template":"","meta":{"_links_to":"","_links_to_target":""},"product_cat":[73],"product_tag":[],"yoast_head":"<!-- This site is optimized with the Yoast SEO plugin v19.8 - https:\/\/yoast.com\/wordpress\/plugins\/seo\/ -->\n<title>HydroBoat 1500 USV | SatLab<\/title>\n<meta name=\"description\" content=\"HydroBoat 1500 is a versatile, intelligent USV designed for underwater topographic surveys of lakes, reservoirs by carrying the HydroBeam M4 Portable MEBS.\" \/>\n<meta name=\"robots\" content=\"index, follow, max-snippet:-1, max-image-preview:large, max-video-preview:-1\" \/>\n<link rel=\"canonical\" href=\"https:\/\/www.satlabgeo.com\/tr\/product\/hydroboat-1500-usv\/\" \/>\n<meta property=\"og:locale\" content=\"tr_TR\" \/>\n<meta property=\"og:type\" content=\"article\" \/>\n<meta property=\"og:title\" content=\"HydroBoat 1500 USV | SatLab\" \/>\n<meta property=\"og:description\" content=\"HydroBoat 1500 is a versatile, intelligent USV designed for underwater topographic surveys of lakes, reservoirs by carrying the HydroBeam M4 Portable MEBS.\" \/>\n<meta property=\"og:url\" content=\"https:\/\/www.satlabgeo.com\/tr\/product\/hydroboat-1500-usv\/\" \/>\n<meta property=\"og:site_name\" content=\"Global Satellite Positioning Solutions | SatLab Geosolutions AB\" \/>\n<meta property=\"article:modified_time\" content=\"2025-11-27T02:33:30+00:00\" \/>\n<meta property=\"og:image\" content=\"https:\/\/www.satlabgeo.com\/wp-content\/uploads\/2024\/05\/1.6.png\" \/>\n\t<meta property=\"og:image:width\" content=\"300\" \/>\n\t<meta property=\"og:image:height\" content=\"229\" \/>\n\t<meta property=\"og:image:type\" content=\"image\/png\" \/>\n<meta name=\"twitter:card\" content=\"summary_large_image\" \/>\n<meta name=\"twitter:label1\" content=\"Est. reading time\" \/>\n\t<meta name=\"twitter:data1\" content=\"1 dakika\" \/>\n<script type=\"application\/ld+json\" class=\"yoast-schema-graph\">{\"@context\":\"https:\/\/schema.org\",\"@graph\":[{\"@type\":\"WebPage\",\"@id\":\"https:\/\/www.satlabgeo.com\/product\/hydroboat-1500-usv\/\",\"url\":\"https:\/\/www.satlabgeo.com\/product\/hydroboat-1500-usv\/\",\"name\":\"HydroBoat 1500 USV | SatLab\",\"isPartOf\":{\"@id\":\"https:\/\/www.satlabgeo.com\/#website\"},\"datePublished\":\"2024-05-10T07:31:20+00:00\",\"dateModified\":\"2025-11-27T02:33:30+00:00\",\"description\":\"HydroBoat 1500 is a versatile, intelligent USV designed for underwater topographic surveys of lakes, reservoirs by carrying the HydroBeam M4 Portable MEBS.\",\"breadcrumb\":{\"@id\":\"https:\/\/www.satlabgeo.com\/product\/hydroboat-1500-usv\/#breadcrumb\"},\"inLanguage\":\"tr\",\"potentialAction\":[{\"@type\":\"ReadAction\",\"target\":[\"https:\/\/www.satlabgeo.com\/product\/hydroboat-1500-usv\/\"]}]},{\"@type\":\"BreadcrumbList\",\"@id\":\"https:\/\/www.satlabgeo.com\/product\/hydroboat-1500-usv\/#breadcrumb\",\"itemListElement\":[{\"@type\":\"ListItem\",\"position\":1,\"name\":\"Home\",\"item\":\"https:\/\/www.satlabgeo.com\/\"},{\"@type\":\"ListItem\",\"position\":2,\"name\":\"Products\",\"item\":\"https:\/\/www.satlabgeo.com\/products\/\"},{\"@type\":\"ListItem\",\"position\":3,\"name\":\"HydroBoat 1500 USV\"}]},{\"@type\":\"WebSite\",\"@id\":\"https:\/\/www.satlabgeo.com\/#website\",\"url\":\"https:\/\/www.satlabgeo.com\/\",\"name\":\"Global Satellite Positioning Solutions | SatLab Geosolutions AB\",\"description\":\"\",\"publisher\":{\"@id\":\"https:\/\/www.satlabgeo.com\/#organization\"},\"potentialAction\":[{\"@type\":\"SearchAction\",\"target\":{\"@type\":\"EntryPoint\",\"urlTemplate\":\"https:\/\/www.satlabgeo.com\/?s={search_term_string}\"},\"query-input\":\"required name=search_term_string\"}],\"inLanguage\":\"tr\"},{\"@type\":\"Organization\",\"@id\":\"https:\/\/www.satlabgeo.com\/#organization\",\"name\":\"Global Satellite Positioning Solutions | SatLab Geosolutions AB\",\"url\":\"https:\/\/www.satlabgeo.com\/\",\"sameAs\":[],\"logo\":{\"@type\":\"ImageObject\",\"inLanguage\":\"tr\",\"@id\":\"https:\/\/www.satlabgeo.com\/#\/schema\/logo\/image\/\",\"url\":\"https:\/\/www.satlabgeo.com\/wp-content\/uploads\/2025\/08\/satlab-logo.webp\",\"contentUrl\":\"https:\/\/www.satlabgeo.com\/wp-content\/uploads\/2025\/08\/satlab-logo.webp\",\"width\":191,\"height\":48,\"caption\":\"Global Satellite Positioning Solutions | SatLab Geosolutions AB\"},\"image\":{\"@id\":\"https:\/\/www.satlabgeo.com\/#\/schema\/logo\/image\/\"}}]}<\/script>\n<!-- \/ Yoast SEO plugin. -->","yoast_head_json":{"title":"HydroBoat 1500 USV | SatLab","description":"HydroBoat 1500 is a versatile, intelligent USV designed for underwater topographic surveys of lakes, reservoirs by carrying the HydroBeam M4 Portable MEBS.","robots":{"index":"index","follow":"follow","max-snippet":"max-snippet:-1","max-image-preview":"max-image-preview:large","max-video-preview":"max-video-preview:-1"},"canonical":"https:\/\/www.satlabgeo.com\/tr\/product\/hydroboat-1500-usv\/","og_locale":"tr_TR","og_type":"article","og_title":"HydroBoat 1500 USV | SatLab","og_description":"HydroBoat 1500 is a versatile, intelligent USV designed for underwater topographic surveys of lakes, reservoirs by carrying the HydroBeam M4 Portable MEBS.","og_url":"https:\/\/www.satlabgeo.com\/tr\/product\/hydroboat-1500-usv\/","og_site_name":"Global Satellite Positioning Solutions | SatLab Geosolutions AB","article_modified_time":"2025-11-27T02:33:30+00:00","og_image":[{"width":300,"height":229,"url":"https:\/\/www.satlabgeo.com\/wp-content\/uploads\/2024\/05\/1.6.png","type":"image\/png"}],"twitter_card":"summary_large_image","twitter_misc":{"Est. reading time":"1 dakika"},"schema":{"@context":"https:\/\/schema.org","@graph":[{"@type":"WebPage","@id":"https:\/\/www.satlabgeo.com\/product\/hydroboat-1500-usv\/","url":"https:\/\/www.satlabgeo.com\/product\/hydroboat-1500-usv\/","name":"HydroBoat 1500 USV | SatLab","isPartOf":{"@id":"https:\/\/www.satlabgeo.com\/#website"},"datePublished":"2024-05-10T07:31:20+00:00","dateModified":"2025-11-27T02:33:30+00:00","description":"HydroBoat 1500 is a versatile, intelligent USV designed for underwater topographic surveys of lakes, reservoirs by carrying the HydroBeam M4 Portable MEBS.","breadcrumb":{"@id":"https:\/\/www.satlabgeo.com\/product\/hydroboat-1500-usv\/#breadcrumb"},"inLanguage":"tr","potentialAction":[{"@type":"ReadAction","target":["https:\/\/www.satlabgeo.com\/product\/hydroboat-1500-usv\/"]}]},{"@type":"BreadcrumbList","@id":"https:\/\/www.satlabgeo.com\/product\/hydroboat-1500-usv\/#breadcrumb","itemListElement":[{"@type":"ListItem","position":1,"name":"Home","item":"https:\/\/www.satlabgeo.com\/"},{"@type":"ListItem","position":2,"name":"Products","item":"https:\/\/www.satlabgeo.com\/products\/"},{"@type":"ListItem","position":3,"name":"HydroBoat 1500 USV"}]},{"@type":"WebSite","@id":"https:\/\/www.satlabgeo.com\/#website","url":"https:\/\/www.satlabgeo.com\/","name":"Global Satellite Positioning Solutions | SatLab Geosolutions AB","description":"","publisher":{"@id":"https:\/\/www.satlabgeo.com\/#organization"},"potentialAction":[{"@type":"SearchAction","target":{"@type":"EntryPoint","urlTemplate":"https:\/\/www.satlabgeo.com\/?s={search_term_string}"},"query-input":"required name=search_term_string"}],"inLanguage":"tr"},{"@type":"Organization","@id":"https:\/\/www.satlabgeo.com\/#organization","name":"Global Satellite Positioning Solutions | SatLab Geosolutions AB","url":"https:\/\/www.satlabgeo.com\/","sameAs":[],"logo":{"@type":"ImageObject","inLanguage":"tr","@id":"https:\/\/www.satlabgeo.com\/#\/schema\/logo\/image\/","url":"https:\/\/www.satlabgeo.com\/wp-content\/uploads\/2025\/08\/satlab-logo.webp","contentUrl":"https:\/\/www.satlabgeo.com\/wp-content\/uploads\/2025\/08\/satlab-logo.webp","width":191,"height":48,"caption":"Global Satellite Positioning Solutions | SatLab Geosolutions AB"},"image":{"@id":"https:\/\/www.satlabgeo.com\/#\/schema\/logo\/image\/"}}]}},"_links":{"self":[{"href":"https:\/\/www.satlabgeo.com\/tr\/wp-json\/wp\/v2\/product\/1637"}],"collection":[{"href":"https:\/\/www.satlabgeo.com\/tr\/wp-json\/wp\/v2\/product"}],"about":[{"href":"https:\/\/www.satlabgeo.com\/tr\/wp-json\/wp\/v2\/types\/product"}],"replies":[{"embeddable":true,"href":"https:\/\/www.satlabgeo.com\/tr\/wp-json\/wp\/v2\/comments?post=1637"}],"version-history":[{"count":10,"href":"https:\/\/www.satlabgeo.com\/tr\/wp-json\/wp\/v2\/product\/1637\/revisions"}],"predecessor-version":[{"id":3207,"href":"https:\/\/www.satlabgeo.com\/tr\/wp-json\/wp\/v2\/product\/1637\/revisions\/3207"}],"wp:featuredmedia":[{"embeddable":true,"href":"https:\/\/www.satlabgeo.com\/tr\/wp-json\/wp\/v2\/media\/1782"}],"wp:attachment":[{"href":"https:\/\/www.satlabgeo.com\/tr\/wp-json\/wp\/v2\/media?parent=1637"}],"wp:term":[{"taxonomy":"product_cat","embeddable":true,"href":"https:\/\/www.satlabgeo.com\/tr\/wp-json\/wp\/v2\/product_cat?post=1637"},{"taxonomy":"product_tag","embeddable":true,"href":"https:\/\/www.satlabgeo.com\/tr\/wp-json\/wp\/v2\/product_tag?post=1637"}],"curies":[{"name":"wp","href":"https:\/\/api.w.org\/{rel}","templated":true}]}}