{"id":131,"date":"2022-01-31T13:45:29","date_gmt":"2022-01-31T13:45:29","guid":{"rendered":"https:\/\/www.satlabgeo.com\/?post_type=product&#038;p=131"},"modified":"2024-06-21T07:10:57","modified_gmt":"2024-06-21T07:10:57","slug":"slc-gnss-receiver","status":"publish","type":"product","link":"https:\/\/www.satlabgeo.com\/tr\/product\/slc-gnss-receiver\/","title":{"rendered":"SLC GNSS Al\u0131c\u0131s\u0131"},"content":{"rendered":"<h3>Son Derece Hassas \u00c7ok Ama\u00e7l\u0131 \u00c7\u00f6z\u00fcm<\/h3>\n<p>Kullan\u0131\u015fl\u0131 dahili tam tak\u0131my\u0131ld\u0131z \u00e7ift frekansl\u0131 izleme antenine sahip SLC \u00e7ok ama\u00e7l\u0131 GNSS al\u0131c\u0131s\u0131, sahadaki her t\u00fcrl\u00fc uygulama i\u00e7in do\u011fru veriler elde etme kapasitesine sahiptir. Seri port \u00fczerinden GNSS konumunu kabul eden Windows, Android veya iOS&#039;ta \u00e7al\u0131\u015fan t\u00fcm yaz\u0131l\u0131mlar, neredeyse s\u0131n\u0131rs\u0131z say\u0131da uygulama i\u00e7in y\u00fcksek hassasiyetli bir konumland\u0131rma \u00e7\u00f6z\u00fcm\u00fc sunan SLC ile uyumludur.<\/p>\n<h3>Verimli ve G\u00fcvenilir<\/h3>\n<p>NovAtel OEM719 GNSS motoruyla g\u00fc\u00e7lendirilen bu al\u0131c\u0131, en uzak veya zorlu ortamlarda bile hassas konumland\u0131rma ve geli\u015fmi\u015f parazit azaltma \u00f6zellikleri sunar. 555 kanal izleme \u00f6zelli\u011fi sayesinde, mevcut ve gelecek t\u00fcm sinyalleri izleyerek metreden santimetreye kadar hassas konumland\u0131rma sa\u011flar.<\/p>\n<figure><img decoding=\"async\" loading=\"lazy\" width=\"1043\" height=\"437\" src=\"https:\/\/www.satlabgeo.com\/wp-content\/uploads\/2022\/01\/product-info-photo.jpg\" alt=\"\" class=\"alignnone size-medium wp-image-132\" srcset=\"https:\/\/www.satlabgeo.com\/wp-content\/uploads\/2022\/01\/product-info-photo.jpg 1043w, https:\/\/www.satlabgeo.com\/wp-content\/uploads\/2022\/01\/product-info-photo-600x251.jpg 600w, https:\/\/www.satlabgeo.com\/wp-content\/uploads\/2022\/01\/product-info-photo-300x126.jpg 300w, https:\/\/www.satlabgeo.com\/wp-content\/uploads\/2022\/01\/product-info-photo-1024x429.jpg 1024w, https:\/\/www.satlabgeo.com\/wp-content\/uploads\/2022\/01\/product-info-photo-768x322.jpg 768w\" sizes=\"(max-width: 1043px) 100vw, 1043px\" \/><\/figure>\n<h3>Uydu D\u00fczeltme Hizmeti<\/h3>\n<p>SLC, \u00e7oklu GNSS referans istasyonlar\u0131ndan olu\u015fan k\u00fcresel bir a\u011f ve geli\u015fmi\u015f algoritmalar kullanarak son derece hassas GNSS uydu y\u00f6r\u00fcngesi, saati, sapmalar\u0131 ve di\u011fer sistem parametrelerini olu\u015fturma yetene\u011fine sahiptir. Bu veriler, TerraStar&#039;\u0131n SLC al\u0131c\u0131s\u0131na metre alt\u0131 veya santimetre d\u00fczeyinde konumland\u0131rma do\u011frulu\u011fu ile d\u00fczeltme hizmetleri sunmas\u0131n\u0131 sa\u011flar. D\u00fczeltmelerinizin d\u00fcnya \u00e7ap\u0131ndaki uydular arac\u0131l\u0131\u011f\u0131yla minimum gecikmeyle ger\u00e7ek zamanl\u0131 olarak iletilmesini sa\u011flay\u0131n.<\/p>","protected":false},"excerpt":{"rendered":"<p>SatLab SLC, kablosuz a\u011fa eri\u015fim i\u00e7in end\u00fcstriyel bir modem ve kolay kullan\u0131m i\u00e7in tek tu\u015fla \u00e7al\u0131\u015ft\u0131r\u0131labilen RTK GNSS al\u0131c\u0131s\u0131yla donat\u0131lm\u0131\u015f \u00e7ok ama\u00e7l\u0131 bir GNSS al\u0131c\u0131s\u0131d\u0131r. Tabletinizi mevcut montaj plakalar\u0131na tak\u0131n ve 3.5G modeme ba\u011flay\u0131n. <strong><span style=\"color: #909090;\">GNSS <a href=\"https:\/\/www.satlabgeo.com\/tr\/product_category\/gnss\/\" style=\"color: #909090;\">RTK <\/a>al\u0131c\u0131<\/span>\u00a0<\/strong>cm hassasiyetinde d\u00fczeltmeler. USB\/RS232 seri ba\u011flant\u0131s\u0131 ayr\u0131ca ekrana UHF radyo ba\u011flant\u0131s\u0131 veya kablolu ba\u011flant\u0131 imkan\u0131 da sa\u011flar.<\/p>","protected":false},"featured_media":350,"comment_status":"open","ping_status":"closed","template":"","meta":{"_links_to":"","_links_to_target":""},"product_cat":[26],"product_tag":[],"yoast_head":"<!-- This site is optimized with the Yoast SEO plugin v19.8 - https:\/\/yoast.com\/wordpress\/plugins\/seo\/ -->\n<title>SLC GNSS Receiver | Global Satellite Positioning Solutions | SatLab Geosolutions AB<\/title>\n<meta name=\"robots\" content=\"index, follow, max-snippet:-1, max-image-preview:large, max-video-preview:-1\" \/>\n<link rel=\"canonical\" href=\"https:\/\/www.satlabgeo.com\/tr\/product\/slc-gnss-receiver\/\" \/>\n<meta property=\"og:locale\" content=\"tr_TR\" \/>\n<meta property=\"og:type\" content=\"article\" \/>\n<meta property=\"og:title\" content=\"SLC GNSS Receiver | Global Satellite Positioning Solutions | SatLab Geosolutions AB\" \/>\n<meta property=\"og:description\" content=\"SatLab SLC is a multi-purpose GNSS receiver, armed with an industrial modem to access the wireless network and a one-button operation of rtk gnss receiver for easy usage. Attach your tablet to the mounting plates available and connect it to the 3.5G modem, with GNSS RTK receiver\u00a0corrections for cm accuracy. The USB\/RS232 serial connection also allows for UHF radio connection or wired connection to the display.\" \/>\n<meta property=\"og:url\" content=\"https:\/\/www.satlabgeo.com\/tr\/product\/slc-gnss-receiver\/\" \/>\n<meta property=\"og:site_name\" content=\"Global Satellite Positioning Solutions | SatLab Geosolutions AB\" \/>\n<meta property=\"article:modified_time\" content=\"2024-06-21T07:10:57+00:00\" \/>\n<meta property=\"og:image\" content=\"https:\/\/www.satlabgeo.com\/wp-content\/uploads\/2022\/01\/SLC-04.png\" \/>\n\t<meta property=\"og:image:width\" content=\"248\" \/>\n\t<meta property=\"og:image:height\" content=\"235\" \/>\n\t<meta property=\"og:image:type\" content=\"image\/png\" \/>\n<meta name=\"twitter:card\" content=\"summary_large_image\" \/>\n<meta name=\"twitter:label1\" content=\"Est. reading time\" \/>\n\t<meta name=\"twitter:data1\" content=\"1 dakika\" \/>\n<script type=\"application\/ld+json\" class=\"yoast-schema-graph\">{\"@context\":\"https:\/\/schema.org\",\"@graph\":[{\"@type\":\"WebPage\",\"@id\":\"https:\/\/www.satlabgeo.com\/product\/slc-gnss-receiver\/\",\"url\":\"https:\/\/www.satlabgeo.com\/product\/slc-gnss-receiver\/\",\"name\":\"SLC GNSS Receiver | Global Satellite Positioning Solutions | SatLab Geosolutions AB\",\"isPartOf\":{\"@id\":\"https:\/\/www.satlabgeo.com\/#website\"},\"datePublished\":\"2022-01-31T13:45:29+00:00\",\"dateModified\":\"2024-06-21T07:10:57+00:00\",\"breadcrumb\":{\"@id\":\"https:\/\/www.satlabgeo.com\/product\/slc-gnss-receiver\/#breadcrumb\"},\"inLanguage\":\"tr\",\"potentialAction\":[{\"@type\":\"ReadAction\",\"target\":[\"https:\/\/www.satlabgeo.com\/product\/slc-gnss-receiver\/\"]}]},{\"@type\":\"BreadcrumbList\",\"@id\":\"https:\/\/www.satlabgeo.com\/product\/slc-gnss-receiver\/#breadcrumb\",\"itemListElement\":[{\"@type\":\"ListItem\",\"position\":1,\"name\":\"Home\",\"item\":\"https:\/\/www.satlabgeo.com\/\"},{\"@type\":\"ListItem\",\"position\":2,\"name\":\"Products\",\"item\":\"https:\/\/www.satlabgeo.com\/products\/\"},{\"@type\":\"ListItem\",\"position\":3,\"name\":\"SLC GNSS Receiver\"}]},{\"@type\":\"WebSite\",\"@id\":\"https:\/\/www.satlabgeo.com\/#website\",\"url\":\"https:\/\/www.satlabgeo.com\/\",\"name\":\"Global Satellite Positioning Solutions | SatLab Geosolutions AB\",\"description\":\"\",\"publisher\":{\"@id\":\"https:\/\/www.satlabgeo.com\/#organization\"},\"potentialAction\":[{\"@type\":\"SearchAction\",\"target\":{\"@type\":\"EntryPoint\",\"urlTemplate\":\"https:\/\/www.satlabgeo.com\/?s={search_term_string}\"},\"query-input\":\"required name=search_term_string\"}],\"inLanguage\":\"tr\"},{\"@type\":\"Organization\",\"@id\":\"https:\/\/www.satlabgeo.com\/#organization\",\"name\":\"Global Satellite Positioning Solutions | SatLab Geosolutions AB\",\"url\":\"https:\/\/www.satlabgeo.com\/\",\"sameAs\":[],\"logo\":{\"@type\":\"ImageObject\",\"inLanguage\":\"tr\",\"@id\":\"https:\/\/www.satlabgeo.com\/#\/schema\/logo\/image\/\",\"url\":\"https:\/\/www.satlabgeo.com\/wp-content\/uploads\/2025\/08\/satlab-logo.webp\",\"contentUrl\":\"https:\/\/www.satlabgeo.com\/wp-content\/uploads\/2025\/08\/satlab-logo.webp\",\"width\":191,\"height\":48,\"caption\":\"Global Satellite Positioning Solutions | SatLab Geosolutions AB\"},\"image\":{\"@id\":\"https:\/\/www.satlabgeo.com\/#\/schema\/logo\/image\/\"}}]}<\/script>\n<!-- \/ Yoast SEO plugin. -->","yoast_head_json":{"title":"SLC GNSS Receiver | Global Satellite Positioning Solutions | SatLab Geosolutions AB","robots":{"index":"index","follow":"follow","max-snippet":"max-snippet:-1","max-image-preview":"max-image-preview:large","max-video-preview":"max-video-preview:-1"},"canonical":"https:\/\/www.satlabgeo.com\/tr\/product\/slc-gnss-receiver\/","og_locale":"tr_TR","og_type":"article","og_title":"SLC GNSS Receiver | Global Satellite Positioning Solutions | SatLab Geosolutions AB","og_description":"SatLab SLC is a multi-purpose GNSS receiver, armed with an industrial modem to access the wireless network and a one-button operation of rtk gnss receiver for easy usage. Attach your tablet to the mounting plates available and connect it to the 3.5G modem, with GNSS RTK receiver\u00a0corrections for cm accuracy. The USB\/RS232 serial connection also allows for UHF radio connection or wired connection to the display.","og_url":"https:\/\/www.satlabgeo.com\/tr\/product\/slc-gnss-receiver\/","og_site_name":"Global Satellite Positioning Solutions | SatLab Geosolutions AB","article_modified_time":"2024-06-21T07:10:57+00:00","og_image":[{"width":248,"height":235,"url":"https:\/\/www.satlabgeo.com\/wp-content\/uploads\/2022\/01\/SLC-04.png","type":"image\/png"}],"twitter_card":"summary_large_image","twitter_misc":{"Est. reading time":"1 dakika"},"schema":{"@context":"https:\/\/schema.org","@graph":[{"@type":"WebPage","@id":"https:\/\/www.satlabgeo.com\/product\/slc-gnss-receiver\/","url":"https:\/\/www.satlabgeo.com\/product\/slc-gnss-receiver\/","name":"SLC GNSS Receiver | Global Satellite Positioning Solutions | SatLab Geosolutions AB","isPartOf":{"@id":"https:\/\/www.satlabgeo.com\/#website"},"datePublished":"2022-01-31T13:45:29+00:00","dateModified":"2024-06-21T07:10:57+00:00","breadcrumb":{"@id":"https:\/\/www.satlabgeo.com\/product\/slc-gnss-receiver\/#breadcrumb"},"inLanguage":"tr","potentialAction":[{"@type":"ReadAction","target":["https:\/\/www.satlabgeo.com\/product\/slc-gnss-receiver\/"]}]},{"@type":"BreadcrumbList","@id":"https:\/\/www.satlabgeo.com\/product\/slc-gnss-receiver\/#breadcrumb","itemListElement":[{"@type":"ListItem","position":1,"name":"Home","item":"https:\/\/www.satlabgeo.com\/"},{"@type":"ListItem","position":2,"name":"Products","item":"https:\/\/www.satlabgeo.com\/products\/"},{"@type":"ListItem","position":3,"name":"SLC GNSS Receiver"}]},{"@type":"WebSite","@id":"https:\/\/www.satlabgeo.com\/#website","url":"https:\/\/www.satlabgeo.com\/","name":"Global Satellite Positioning Solutions | SatLab Geosolutions AB","description":"","publisher":{"@id":"https:\/\/www.satlabgeo.com\/#organization"},"potentialAction":[{"@type":"SearchAction","target":{"@type":"EntryPoint","urlTemplate":"https:\/\/www.satlabgeo.com\/?s={search_term_string}"},"query-input":"required name=search_term_string"}],"inLanguage":"tr"},{"@type":"Organization","@id":"https:\/\/www.satlabgeo.com\/#organization","name":"Global Satellite Positioning Solutions | SatLab Geosolutions AB","url":"https:\/\/www.satlabgeo.com\/","sameAs":[],"logo":{"@type":"ImageObject","inLanguage":"tr","@id":"https:\/\/www.satlabgeo.com\/#\/schema\/logo\/image\/","url":"https:\/\/www.satlabgeo.com\/wp-content\/uploads\/2025\/08\/satlab-logo.webp","contentUrl":"https:\/\/www.satlabgeo.com\/wp-content\/uploads\/2025\/08\/satlab-logo.webp","width":191,"height":48,"caption":"Global Satellite Positioning Solutions | SatLab Geosolutions AB"},"image":{"@id":"https:\/\/www.satlabgeo.com\/#\/schema\/logo\/image\/"}}]}},"_links":{"self":[{"href":"https:\/\/www.satlabgeo.com\/tr\/wp-json\/wp\/v2\/product\/131"}],"collection":[{"href":"https:\/\/www.satlabgeo.com\/tr\/wp-json\/wp\/v2\/product"}],"about":[{"href":"https:\/\/www.satlabgeo.com\/tr\/wp-json\/wp\/v2\/types\/product"}],"replies":[{"embeddable":true,"href":"https:\/\/www.satlabgeo.com\/tr\/wp-json\/wp\/v2\/comments?post=131"}],"version-history":[{"count":1,"href":"https:\/\/www.satlabgeo.com\/tr\/wp-json\/wp\/v2\/product\/131\/revisions"}],"predecessor-version":[{"id":349,"href":"https:\/\/www.satlabgeo.com\/tr\/wp-json\/wp\/v2\/product\/131\/revisions\/349"}],"wp:featuredmedia":[{"embeddable":true,"href":"https:\/\/www.satlabgeo.com\/tr\/wp-json\/wp\/v2\/media\/350"}],"wp:attachment":[{"href":"https:\/\/www.satlabgeo.com\/tr\/wp-json\/wp\/v2\/media?parent=131"}],"wp:term":[{"taxonomy":"product_cat","embeddable":true,"href":"https:\/\/www.satlabgeo.com\/tr\/wp-json\/wp\/v2\/product_cat?post=131"},{"taxonomy":"product_tag","embeddable":true,"href":"https:\/\/www.satlabgeo.com\/tr\/wp-json\/wp\/v2\/product_tag?post=131"}],"curies":[{"name":"wp","href":"https:\/\/api.w.org\/{rel}","templated":true}]}}