{"id":1277,"date":"2023-10-10T08:00:08","date_gmt":"2023-10-10T08:00:08","guid":{"rendered":"https:\/\/www.satlabgeo.com\/?post_type=product&#038;p=1277"},"modified":"2025-04-23T08:59:55","modified_gmt":"2025-04-23T08:59:55","slug":"hydrobeam-m4-multi-beam-echo-sounder","status":"publish","type":"product","link":"https:\/\/www.satlabgeo.com\/tr\/product\/hydrobeam-m4-multi-beam-echo-sounder\/","title":{"rendered":"HydroBeam M4 Multi-Beam Eko Sondas\u0131"},"content":{"rendered":"<div class=\"landscape\"><a href=\"https:\/\/www.satlabgeo.com\/tr\/contact-us\/\"><img decoding=\"async\" src=\"https:\/\/www.satlabgeo.com\/wp-content\/uploads\/2023\/10\/M4-FB-851x315-1.jpg\" alt=\"M4 \u00c7ok I\u015f\u0131nl\u0131 Eko Ses Cihaz\u0131\" class=\"aligncenter\" \/><\/a><\/div>\n<p>&nbsp;<\/p>\n<h4>\u00c7e\u015fitli Uyumluluk<\/h4>\n<p>\u03a6228 mm'lik kompakt silindirik \u015fekli ve 5,9 kg'l\u0131k hafif tasar\u0131m\u0131, \u00e7e\u015fitli insans\u0131z platformlarla kolayca uyumlu olmas\u0131n\u0131 ve \u00e7e\u015fitli ortamlarda ta\u015f\u0131ma ve kurulum kolayl\u0131\u011f\u0131 sa\u011flar.<\/p>\n<h4>G\u00fcvenilir Performans ve Sorunsuz Entegrasyon<\/h4>\n<p>7,5 mm'ye kadar \u00e7\u00f6z\u00fcn\u00fcrl\u00fckle 1024 adede kadar y\u00fcksek yo\u011funluklu \u0131\u015f\u0131n\u0131 destekler, farkl\u0131 g\u00f6revler ve ko\u015fullarda y\u00fcksek performans ve do\u011frulu\u011fu korur. D\u00f6n\u00fc\u015ft\u00fcr\u00fcc\u00fcde yerle\u015fik INS ve SVS, karma\u015f\u0131k konum kalibrasyonunu ortadan kald\u0131rarak kurulumu basitle\u015ftirir ve ar\u0131za s\u00fcresini azalt\u0131r.<\/p>\n<h4>Y\u00fcksek Verimlilik ve Ak\u0131ll\u0131 \u00c7al\u0131\u015fma<\/h4>\n<p>8\u00b0 ila 150\u00b0 aras\u0131nda ayarlanabilir tarama geni\u015fli\u011fi, 7,5 kata kadar derinlik kapsam\u0131 sa\u011flar, b\u00f6ylece \u00f6l\u00e7\u00fcm tekrarlar\u0131n\u0131 azalt\u0131r ve genel verimlili\u011fi art\u0131r\u0131r. \u0130\u015flevsel ve ak\u0131ll\u0131 anket yaz\u0131l\u0131m\u0131, operat\u00f6rlerin anketin ilerlemesini izlemesine olanak tan\u0131r, manuel i\u015flemi azalt\u0131r ve Kongsberg, R2sonic, Reson ve di\u011fer cihazlara eri\u015fimi destekler.<\/p>","protected":false},"excerpt":{"rendered":"<p>HydroBeam M4, SatLab taraf\u0131ndan hayata ge\u00e7irilen, ustaca tasarlanm\u0131\u015f ve kompakt bir ta\u015f\u0131nabilir \u00e7ok \u0131\u015f\u0131nl\u0131 batimetrik sistemdir. S\u0131k s\u0131k kalibrasyona gerek kalmadan ola\u011fan\u00fcst\u00fc hassasiyet sunar, bu da onu hafif operasyonlar i\u00e7in ideal bir se\u00e7im haline getirir.<\/p>\n<p>Kompakt tasar\u0131m\u0131, ak\u0131ll\u0131 \u00f6zellikleri ve dairesel d\u00f6n\u00fc\u015ft\u00fcr\u00fcc\u00fcs\u00fc ile USV'ler, AUV'ler ve ROV'lar dahil olmak \u00fczere \u00e7e\u015fitli platformlarda kolayca kullan\u0131labilir. Bu \u00e7ok y\u00f6nl\u00fcl\u00fck, kullan\u0131c\u0131lar\u0131n herhangi bir yerde ve zamanda h\u0131zl\u0131 ve hassas \u00f6l\u00e7\u00fcmler yapmalar\u0131n\u0131 sa\u011flar ve onlar\u0131 geleneksel \u00e7ok \u0131\u015f\u0131nl\u0131 sistemlerin k\u0131s\u0131tlamalar\u0131ndan kurtar\u0131r. Ayr\u0131ca, sakin g\u00f6ller ve k\u0131vr\u0131ml\u0131 nehirlerden kalabal\u0131k limanlara, terminallere ve karma\u015f\u0131k su yollar\u0131na kadar \u00e7e\u015fitli ortamlarda insans\u0131z g\u00f6revlerin g\u00fcvenilir ve istikrarl\u0131 bir \u015fekilde y\u00fcr\u00fct\u00fclmesini sa\u011flar.<\/p>","protected":false},"featured_media":1281,"comment_status":"open","ping_status":"closed","template":"","meta":{"_links_to":"","_links_to_target":""},"product_cat":[73],"product_tag":[],"yoast_head":"<!-- This site is optimized with the Yoast SEO plugin v19.8 - https:\/\/yoast.com\/wordpress\/plugins\/seo\/ -->\n<title>HydroBeam M4 Multi-Beam Echo Sounder | SatLab<\/title>\n<meta name=\"description\" content=\"HydroBeam M4 Multi-Beam Echo Sounder is a portable multi-beam bathymetry system suitable for various rivers, lakes, and complex waterways.\" \/>\n<meta name=\"robots\" content=\"index, follow, max-snippet:-1, max-image-preview:large, max-video-preview:-1\" \/>\n<link rel=\"canonical\" href=\"https:\/\/www.satlabgeo.com\/tr\/product\/hydrobeam-m4-multi-beam-echo-sounder\/\" \/>\n<meta property=\"og:locale\" content=\"tr_TR\" \/>\n<meta property=\"og:type\" content=\"article\" \/>\n<meta property=\"og:title\" content=\"HydroBeam M4 Multi-Beam Echo Sounder | SatLab\" \/>\n<meta property=\"og:description\" content=\"HydroBeam M4 Multi-Beam Echo Sounder is a portable multi-beam bathymetry system suitable for various rivers, lakes, and complex waterways.\" \/>\n<meta property=\"og:url\" content=\"https:\/\/www.satlabgeo.com\/tr\/product\/hydrobeam-m4-multi-beam-echo-sounder\/\" \/>\n<meta property=\"og:site_name\" content=\"Global Satellite Positioning Solutions | SatLab Geosolutions AB\" \/>\n<meta property=\"article:modified_time\" content=\"2025-04-23T08:59:55+00:00\" \/>\n<meta property=\"og:image\" content=\"https:\/\/www.satlabgeo.com\/wp-content\/uploads\/2023\/10\/M4800-800.png\" \/>\n\t<meta property=\"og:image:width\" content=\"800\" \/>\n\t<meta property=\"og:image:height\" content=\"800\" \/>\n\t<meta property=\"og:image:type\" content=\"image\/png\" \/>\n<meta name=\"twitter:card\" content=\"summary_large_image\" \/>\n<meta name=\"twitter:label1\" content=\"Est. reading time\" \/>\n\t<meta name=\"twitter:data1\" content=\"1 dakika\" \/>\n<script type=\"application\/ld+json\" class=\"yoast-schema-graph\">{\"@context\":\"https:\/\/schema.org\",\"@graph\":[{\"@type\":\"WebPage\",\"@id\":\"https:\/\/www.satlabgeo.com\/product\/hydrobeam-m4-multi-beam-echo-sounder\/\",\"url\":\"https:\/\/www.satlabgeo.com\/product\/hydrobeam-m4-multi-beam-echo-sounder\/\",\"name\":\"HydroBeam M4 Multi-Beam Echo Sounder | SatLab\",\"isPartOf\":{\"@id\":\"https:\/\/www.satlabgeo.com\/#website\"},\"datePublished\":\"2023-10-10T08:00:08+00:00\",\"dateModified\":\"2025-04-23T08:59:55+00:00\",\"description\":\"HydroBeam M4 Multi-Beam Echo Sounder is a portable multi-beam bathymetry system suitable for various rivers, lakes, and complex waterways.\",\"breadcrumb\":{\"@id\":\"https:\/\/www.satlabgeo.com\/product\/hydrobeam-m4-multi-beam-echo-sounder\/#breadcrumb\"},\"inLanguage\":\"tr\",\"potentialAction\":[{\"@type\":\"ReadAction\",\"target\":[\"https:\/\/www.satlabgeo.com\/product\/hydrobeam-m4-multi-beam-echo-sounder\/\"]}]},{\"@type\":\"BreadcrumbList\",\"@id\":\"https:\/\/www.satlabgeo.com\/product\/hydrobeam-m4-multi-beam-echo-sounder\/#breadcrumb\",\"itemListElement\":[{\"@type\":\"ListItem\",\"position\":1,\"name\":\"Home\",\"item\":\"https:\/\/www.satlabgeo.com\/\"},{\"@type\":\"ListItem\",\"position\":2,\"name\":\"Products\",\"item\":\"https:\/\/www.satlabgeo.com\/products\/\"},{\"@type\":\"ListItem\",\"position\":3,\"name\":\"HydroBeam M4 Multi-Beam Echo Sounder\"}]},{\"@type\":\"WebSite\",\"@id\":\"https:\/\/www.satlabgeo.com\/#website\",\"url\":\"https:\/\/www.satlabgeo.com\/\",\"name\":\"Global Satellite Positioning Solutions | SatLab Geosolutions AB\",\"description\":\"\",\"publisher\":{\"@id\":\"https:\/\/www.satlabgeo.com\/#organization\"},\"potentialAction\":[{\"@type\":\"SearchAction\",\"target\":{\"@type\":\"EntryPoint\",\"urlTemplate\":\"https:\/\/www.satlabgeo.com\/?s={search_term_string}\"},\"query-input\":\"required name=search_term_string\"}],\"inLanguage\":\"tr\"},{\"@type\":\"Organization\",\"@id\":\"https:\/\/www.satlabgeo.com\/#organization\",\"name\":\"Global Satellite Positioning Solutions | SatLab Geosolutions AB\",\"url\":\"https:\/\/www.satlabgeo.com\/\",\"sameAs\":[],\"logo\":{\"@type\":\"ImageObject\",\"inLanguage\":\"tr\",\"@id\":\"https:\/\/www.satlabgeo.com\/#\/schema\/logo\/image\/\",\"url\":\"https:\/\/www.satlabgeo.com\/wp-content\/uploads\/2025\/08\/satlab-logo.webp\",\"contentUrl\":\"https:\/\/www.satlabgeo.com\/wp-content\/uploads\/2025\/08\/satlab-logo.webp\",\"width\":191,\"height\":48,\"caption\":\"Global Satellite Positioning Solutions | SatLab Geosolutions AB\"},\"image\":{\"@id\":\"https:\/\/www.satlabgeo.com\/#\/schema\/logo\/image\/\"}}]}<\/script>\n<!-- \/ Yoast SEO plugin. -->","yoast_head_json":{"title":"HydroBeam M4 Multi-Beam Echo Sounder | SatLab","description":"HydroBeam M4 Multi-Beam Echo Sounder is a portable multi-beam bathymetry system suitable for various rivers, lakes, and complex waterways.","robots":{"index":"index","follow":"follow","max-snippet":"max-snippet:-1","max-image-preview":"max-image-preview:large","max-video-preview":"max-video-preview:-1"},"canonical":"https:\/\/www.satlabgeo.com\/tr\/product\/hydrobeam-m4-multi-beam-echo-sounder\/","og_locale":"tr_TR","og_type":"article","og_title":"HydroBeam M4 Multi-Beam Echo Sounder | SatLab","og_description":"HydroBeam M4 Multi-Beam Echo Sounder is a portable multi-beam bathymetry system suitable for various rivers, lakes, and complex waterways.","og_url":"https:\/\/www.satlabgeo.com\/tr\/product\/hydrobeam-m4-multi-beam-echo-sounder\/","og_site_name":"Global Satellite Positioning Solutions | SatLab Geosolutions AB","article_modified_time":"2025-04-23T08:59:55+00:00","og_image":[{"width":800,"height":800,"url":"https:\/\/www.satlabgeo.com\/wp-content\/uploads\/2023\/10\/M4800-800.png","type":"image\/png"}],"twitter_card":"summary_large_image","twitter_misc":{"Est. reading time":"1 dakika"},"schema":{"@context":"https:\/\/schema.org","@graph":[{"@type":"WebPage","@id":"https:\/\/www.satlabgeo.com\/product\/hydrobeam-m4-multi-beam-echo-sounder\/","url":"https:\/\/www.satlabgeo.com\/product\/hydrobeam-m4-multi-beam-echo-sounder\/","name":"HydroBeam M4 Multi-Beam Echo Sounder | SatLab","isPartOf":{"@id":"https:\/\/www.satlabgeo.com\/#website"},"datePublished":"2023-10-10T08:00:08+00:00","dateModified":"2025-04-23T08:59:55+00:00","description":"HydroBeam M4 Multi-Beam Echo Sounder is a portable multi-beam bathymetry system suitable for various rivers, lakes, and complex waterways.","breadcrumb":{"@id":"https:\/\/www.satlabgeo.com\/product\/hydrobeam-m4-multi-beam-echo-sounder\/#breadcrumb"},"inLanguage":"tr","potentialAction":[{"@type":"ReadAction","target":["https:\/\/www.satlabgeo.com\/product\/hydrobeam-m4-multi-beam-echo-sounder\/"]}]},{"@type":"BreadcrumbList","@id":"https:\/\/www.satlabgeo.com\/product\/hydrobeam-m4-multi-beam-echo-sounder\/#breadcrumb","itemListElement":[{"@type":"ListItem","position":1,"name":"Home","item":"https:\/\/www.satlabgeo.com\/"},{"@type":"ListItem","position":2,"name":"Products","item":"https:\/\/www.satlabgeo.com\/products\/"},{"@type":"ListItem","position":3,"name":"HydroBeam M4 Multi-Beam Echo Sounder"}]},{"@type":"WebSite","@id":"https:\/\/www.satlabgeo.com\/#website","url":"https:\/\/www.satlabgeo.com\/","name":"Global Satellite Positioning Solutions | SatLab Geosolutions AB","description":"","publisher":{"@id":"https:\/\/www.satlabgeo.com\/#organization"},"potentialAction":[{"@type":"SearchAction","target":{"@type":"EntryPoint","urlTemplate":"https:\/\/www.satlabgeo.com\/?s={search_term_string}"},"query-input":"required name=search_term_string"}],"inLanguage":"tr"},{"@type":"Organization","@id":"https:\/\/www.satlabgeo.com\/#organization","name":"Global Satellite Positioning Solutions | SatLab Geosolutions AB","url":"https:\/\/www.satlabgeo.com\/","sameAs":[],"logo":{"@type":"ImageObject","inLanguage":"tr","@id":"https:\/\/www.satlabgeo.com\/#\/schema\/logo\/image\/","url":"https:\/\/www.satlabgeo.com\/wp-content\/uploads\/2025\/08\/satlab-logo.webp","contentUrl":"https:\/\/www.satlabgeo.com\/wp-content\/uploads\/2025\/08\/satlab-logo.webp","width":191,"height":48,"caption":"Global Satellite Positioning Solutions | SatLab Geosolutions AB"},"image":{"@id":"https:\/\/www.satlabgeo.com\/#\/schema\/logo\/image\/"}}]}},"_links":{"self":[{"href":"https:\/\/www.satlabgeo.com\/tr\/wp-json\/wp\/v2\/product\/1277"}],"collection":[{"href":"https:\/\/www.satlabgeo.com\/tr\/wp-json\/wp\/v2\/product"}],"about":[{"href":"https:\/\/www.satlabgeo.com\/tr\/wp-json\/wp\/v2\/types\/product"}],"replies":[{"embeddable":true,"href":"https:\/\/www.satlabgeo.com\/tr\/wp-json\/wp\/v2\/comments?post=1277"}],"version-history":[{"count":0,"href":"https:\/\/www.satlabgeo.com\/tr\/wp-json\/wp\/v2\/product\/1277\/revisions"}],"wp:featuredmedia":[{"embeddable":true,"href":"https:\/\/www.satlabgeo.com\/tr\/wp-json\/wp\/v2\/media\/1281"}],"wp:attachment":[{"href":"https:\/\/www.satlabgeo.com\/tr\/wp-json\/wp\/v2\/media?parent=1277"}],"wp:term":[{"taxonomy":"product_cat","embeddable":true,"href":"https:\/\/www.satlabgeo.com\/tr\/wp-json\/wp\/v2\/product_cat?post=1277"},{"taxonomy":"product_tag","embeddable":true,"href":"https:\/\/www.satlabgeo.com\/tr\/wp-json\/wp\/v2\/product_tag?post=1277"}],"curies":[{"name":"wp","href":"https:\/\/api.w.org\/{rel}","templated":true}]}}