{"id":1264,"date":"2023-10-07T07:45:38","date_gmt":"2023-10-07T07:45:38","guid":{"rendered":"https:\/\/www.satlabgeo.com\/?post_type=product&#038;p=1264"},"modified":"2025-11-26T03:23:13","modified_gmt":"2025-11-26T03:23:13","slug":"apus-uav-lidar","status":"publish","type":"product","link":"https:\/\/www.satlabgeo.com\/tr\/product\/apus-uav-lidar\/","title":{"rendered":"Apus \u0130HA LiDAR"},"content":{"rendered":"<p><img decoding=\"async\" src=\"https:\/\/www.satlabgeo.com\/wp-content\/uploads\/2023\/10\/APUS-960x336-2.jpg\" alt=\"geli\u015fmi\u015f lazer taray\u0131c\u0131\" \/><\/p>\n<h4>1. Kullan\u0131c\u0131 Odakl\u0131 Basitlik<\/h4>\n<p>Geli\u015fmi\u015f lazer taray\u0131c\u0131 Apus, zarafet ve basitli\u011fi b\u00fcnyesinde bar\u0131nd\u0131r\u0131r. \u0130ster deneyimli bir LiDAR \u00f6l\u00e7\u00fcm uzman\u0131 olun, ister bu alana yeni ad\u0131m atm\u0131\u015f olun, tak ve \u00e7al\u0131\u015ft\u0131r kurulumumuz ve sezgisel tek tu\u015fla \u00e7al\u0131\u015ft\u0131rma \u00f6zelli\u011fimiz sayesinde haritalama herkes i\u00e7in eri\u015filebilir hale gelir. H\u0131zl\u0131 ve uygun maliyetli bir \u015fekilde \u00e7al\u0131\u015fmaya ba\u015flay\u0131n.<\/p>\n<h4>2. Geli\u015fmi\u015f Entegrasyon, Ola\u011fan\u00fcst\u00fc Performans<\/h4>\n<p>Apus'un i\u00e7inde, inovasyonun uyumlu bir birle\u015fimini bulacaks\u0131n\u0131z. HESAI geli\u015fmi\u015f lazer taray\u0131c\u0131, y\u00fcksek hassasiyetli GNSS destekli atalet navigasyon sistemi ve y\u00fcksek \u00e7\u00f6z\u00fcn\u00fcrl\u00fckl\u00fc kamera, hepsi 1 kg'l\u0131k kompakt bir \u00e7er\u00e7eve i\u00e7inde zarif bir \u015fekilde yerle\u015ftirilmi\u015ftir. \u00dc\u00e7 geri d\u00f6n\u00fc\u015f modu, \u00e7e\u015fitli arazileri zahmetsizce fethetmesini sa\u011flar.<\/p>\n<h4>3. Kesintisiz \u0130\u015f Ak\u0131\u015f\u0131, Zahmetsiz Sonu\u00e7lar<\/h4>\n<p>Sat-LiDAR yaz\u0131l\u0131m\u0131n\u0131n g\u00fcc\u00fcnden yararlanan Apus, tek bir t\u0131klama ile i\u015f ak\u0131\u015f\u0131nda devrim yarat\u0131r. Y\u00f6r\u00fcnge \u00e7\u00f6zme, veri f\u00fczyonu, \u015ferit ayarlama, nokta bulutu optimizasyonu ve canl\u0131 renklendirme \u00f6zelliklerinin kesintisiz entegrasyonu ile t\u00fcm s\u00fcre\u00e7 kolayla\u015ft\u0131r\u0131l\u0131r ve basitle\u015ftirilir. Sonu\u00e7, benzersiz bir kolayl\u0131k ve verimlilikle elde edilen, veri \u00e7\u0131kt\u0131lar\u0131nda hassasiyet ve g\u00f6rsel m\u00fckemmelli\u011fin ola\u011fan\u00fcst\u00fc bir birle\u015fimidir.<\/p>\n<div style=\"text-align: center, max-width: 640px; margin: 0 auto;\"><video width=\"300\" height=\"150\" class=\"wp-video-shortcode\" preload=\"metadata\" controls=\"controls\"><source type=\"video\/youtube\" src=\"https:\/\/youtu.be\/6LFP6fbxp5E\" \/><\/video><\/div>","protected":false},"excerpt":{"rendered":"<p>Apus, SatLab'\u0131n LiDAR \u00e7\u00f6z\u00fcmlerinin evrimini temsil eder. Bu hafif, kompakt ve \u00fcst\u00fcn sistem, geli\u015fmi\u015f bir lazer taray\u0131c\u0131y\u0131 end\u00fcstriyel s\u0131n\u0131f bir kamera ve sofistike bir atalet navigasyon sistemi ile entegre eder ve g\u00fcvenilir, son derece ayr\u0131nt\u0131l\u0131 nokta bulutu ve zengin g\u00f6r\u00fcnt\u00fc bilgileri toplayabilir.\n\u00c7e\u015fitli uygulamalar\u0131, arazi haritalama, elektrik, ormanc\u0131l\u0131k ve tar\u0131m ara\u015ft\u0131rmalar\u0131, acil durum m\u00fcdahalesi ve arazi planlamas\u0131 i\u00e7in 3D uzamsal veri toplama alanlar\u0131n\u0131 kapsar.<br \/>\n\u00c7e\u015fitli uygulamalar\u0131 aras\u0131nda arazi haritalama, elektrik, ormanc\u0131l\u0131k ve tar\u0131m ara\u015ft\u0131rmalar\u0131, acil m\u00fcdahale ve arazi planlamas\u0131 i\u00e7in 3 boyutlu mekansal veri toplama yer almaktad\u0131r.<\/p>","protected":false},"featured_media":1273,"comment_status":"open","ping_status":"closed","template":"","meta":{"_links_to":"","_links_to_target":""},"product_cat":[22],"product_tag":[],"yoast_head":"<!-- This site is optimized with the Yoast SEO plugin v19.8 - https:\/\/yoast.com\/wordpress\/plugins\/seo\/ -->\n<title>Apus Airborne LiDAR System | SatLab<\/title>\n<meta name=\"description\" content=\"The Apus is a Advanced Laser Scanner LiDAR system, Its diverse applications span across 3D spatial data acquisition for terrain mapping,etc.\" \/>\n<meta name=\"robots\" content=\"index, follow, max-snippet:-1, max-image-preview:large, max-video-preview:-1\" \/>\n<link rel=\"canonical\" href=\"https:\/\/www.satlabgeo.com\/tr\/product\/apus-uav-lidar\/\" \/>\n<meta property=\"og:locale\" content=\"tr_TR\" \/>\n<meta property=\"og:type\" content=\"article\" \/>\n<meta property=\"og:title\" content=\"Apus Airborne LiDAR System | SatLab\" \/>\n<meta property=\"og:description\" content=\"The Apus is a Advanced Laser Scanner LiDAR system, Its diverse applications span across 3D spatial data acquisition for terrain mapping,etc.\" \/>\n<meta property=\"og:url\" content=\"https:\/\/www.satlabgeo.com\/tr\/product\/apus-uav-lidar\/\" \/>\n<meta property=\"og:site_name\" content=\"Global Satellite Positioning Solutions | SatLab Geosolutions AB\" \/>\n<meta property=\"article:modified_time\" content=\"2025-11-26T03:23:13+00:00\" \/>\n<meta property=\"og:image\" content=\"https:\/\/www.satlabgeo.com\/wp-content\/uploads\/2023\/10\/APUSM300\uff08700-700\uff09.png\" \/>\n\t<meta property=\"og:image:width\" content=\"700\" \/>\n\t<meta property=\"og:image:height\" content=\"519\" \/>\n\t<meta property=\"og:image:type\" content=\"image\/png\" \/>\n<meta name=\"twitter:card\" content=\"summary_large_image\" \/>\n<meta name=\"twitter:label1\" content=\"Est. reading time\" \/>\n\t<meta name=\"twitter:data1\" content=\"1 dakika\" \/>\n<script type=\"application\/ld+json\" class=\"yoast-schema-graph\">{\"@context\":\"https:\/\/schema.org\",\"@graph\":[{\"@type\":\"WebPage\",\"@id\":\"https:\/\/www.satlabgeo.com\/product\/apus-uav-lidar\/\",\"url\":\"https:\/\/www.satlabgeo.com\/product\/apus-uav-lidar\/\",\"name\":\"Apus Airborne LiDAR System | SatLab\",\"isPartOf\":{\"@id\":\"https:\/\/www.satlabgeo.com\/#website\"},\"datePublished\":\"2023-10-07T07:45:38+00:00\",\"dateModified\":\"2025-11-26T03:23:13+00:00\",\"description\":\"The Apus is a Advanced Laser Scanner LiDAR system, Its diverse applications span across 3D spatial data acquisition for terrain mapping,etc.\",\"breadcrumb\":{\"@id\":\"https:\/\/www.satlabgeo.com\/product\/apus-uav-lidar\/#breadcrumb\"},\"inLanguage\":\"tr\",\"potentialAction\":[{\"@type\":\"ReadAction\",\"target\":[\"https:\/\/www.satlabgeo.com\/product\/apus-uav-lidar\/\"]}]},{\"@type\":\"BreadcrumbList\",\"@id\":\"https:\/\/www.satlabgeo.com\/product\/apus-uav-lidar\/#breadcrumb\",\"itemListElement\":[{\"@type\":\"ListItem\",\"position\":1,\"name\":\"Home\",\"item\":\"https:\/\/www.satlabgeo.com\/\"},{\"@type\":\"ListItem\",\"position\":2,\"name\":\"Products\",\"item\":\"https:\/\/www.satlabgeo.com\/products\/\"},{\"@type\":\"ListItem\",\"position\":3,\"name\":\"Apus UAV LiDAR\"}]},{\"@type\":\"WebSite\",\"@id\":\"https:\/\/www.satlabgeo.com\/#website\",\"url\":\"https:\/\/www.satlabgeo.com\/\",\"name\":\"Global Satellite Positioning Solutions | SatLab Geosolutions AB\",\"description\":\"\",\"publisher\":{\"@id\":\"https:\/\/www.satlabgeo.com\/#organization\"},\"potentialAction\":[{\"@type\":\"SearchAction\",\"target\":{\"@type\":\"EntryPoint\",\"urlTemplate\":\"https:\/\/www.satlabgeo.com\/?s={search_term_string}\"},\"query-input\":\"required name=search_term_string\"}],\"inLanguage\":\"tr\"},{\"@type\":\"Organization\",\"@id\":\"https:\/\/www.satlabgeo.com\/#organization\",\"name\":\"Global Satellite Positioning Solutions | SatLab Geosolutions AB\",\"url\":\"https:\/\/www.satlabgeo.com\/\",\"sameAs\":[],\"logo\":{\"@type\":\"ImageObject\",\"inLanguage\":\"tr\",\"@id\":\"https:\/\/www.satlabgeo.com\/#\/schema\/logo\/image\/\",\"url\":\"https:\/\/www.satlabgeo.com\/wp-content\/uploads\/2025\/08\/satlab-logo.webp\",\"contentUrl\":\"https:\/\/www.satlabgeo.com\/wp-content\/uploads\/2025\/08\/satlab-logo.webp\",\"width\":191,\"height\":48,\"caption\":\"Global Satellite Positioning Solutions | SatLab Geosolutions AB\"},\"image\":{\"@id\":\"https:\/\/www.satlabgeo.com\/#\/schema\/logo\/image\/\"}}]}<\/script>\n<!-- \/ Yoast SEO plugin. -->","yoast_head_json":{"title":"Apus Airborne LiDAR System | SatLab","description":"The Apus is a Advanced Laser Scanner LiDAR system, Its diverse applications span across 3D spatial data acquisition for terrain mapping,etc.","robots":{"index":"index","follow":"follow","max-snippet":"max-snippet:-1","max-image-preview":"max-image-preview:large","max-video-preview":"max-video-preview:-1"},"canonical":"https:\/\/www.satlabgeo.com\/tr\/product\/apus-uav-lidar\/","og_locale":"tr_TR","og_type":"article","og_title":"Apus Airborne LiDAR System | SatLab","og_description":"The Apus is a Advanced Laser Scanner LiDAR system, Its diverse applications span across 3D spatial data acquisition for terrain mapping,etc.","og_url":"https:\/\/www.satlabgeo.com\/tr\/product\/apus-uav-lidar\/","og_site_name":"Global Satellite Positioning Solutions | SatLab Geosolutions AB","article_modified_time":"2025-11-26T03:23:13+00:00","og_image":[{"width":700,"height":519,"url":"https:\/\/www.satlabgeo.com\/wp-content\/uploads\/2023\/10\/APUSM300\uff08700-700\uff09.png","type":"image\/png"}],"twitter_card":"summary_large_image","twitter_misc":{"Est. reading time":"1 dakika"},"schema":{"@context":"https:\/\/schema.org","@graph":[{"@type":"WebPage","@id":"https:\/\/www.satlabgeo.com\/product\/apus-uav-lidar\/","url":"https:\/\/www.satlabgeo.com\/product\/apus-uav-lidar\/","name":"Apus Airborne LiDAR System | SatLab","isPartOf":{"@id":"https:\/\/www.satlabgeo.com\/#website"},"datePublished":"2023-10-07T07:45:38+00:00","dateModified":"2025-11-26T03:23:13+00:00","description":"The Apus is a Advanced Laser Scanner LiDAR system, Its diverse applications span across 3D spatial data acquisition for terrain mapping,etc.","breadcrumb":{"@id":"https:\/\/www.satlabgeo.com\/product\/apus-uav-lidar\/#breadcrumb"},"inLanguage":"tr","potentialAction":[{"@type":"ReadAction","target":["https:\/\/www.satlabgeo.com\/product\/apus-uav-lidar\/"]}]},{"@type":"BreadcrumbList","@id":"https:\/\/www.satlabgeo.com\/product\/apus-uav-lidar\/#breadcrumb","itemListElement":[{"@type":"ListItem","position":1,"name":"Home","item":"https:\/\/www.satlabgeo.com\/"},{"@type":"ListItem","position":2,"name":"Products","item":"https:\/\/www.satlabgeo.com\/products\/"},{"@type":"ListItem","position":3,"name":"Apus UAV LiDAR"}]},{"@type":"WebSite","@id":"https:\/\/www.satlabgeo.com\/#website","url":"https:\/\/www.satlabgeo.com\/","name":"Global Satellite Positioning Solutions | SatLab Geosolutions AB","description":"","publisher":{"@id":"https:\/\/www.satlabgeo.com\/#organization"},"potentialAction":[{"@type":"SearchAction","target":{"@type":"EntryPoint","urlTemplate":"https:\/\/www.satlabgeo.com\/?s={search_term_string}"},"query-input":"required name=search_term_string"}],"inLanguage":"tr"},{"@type":"Organization","@id":"https:\/\/www.satlabgeo.com\/#organization","name":"Global Satellite Positioning Solutions | SatLab Geosolutions AB","url":"https:\/\/www.satlabgeo.com\/","sameAs":[],"logo":{"@type":"ImageObject","inLanguage":"tr","@id":"https:\/\/www.satlabgeo.com\/#\/schema\/logo\/image\/","url":"https:\/\/www.satlabgeo.com\/wp-content\/uploads\/2025\/08\/satlab-logo.webp","contentUrl":"https:\/\/www.satlabgeo.com\/wp-content\/uploads\/2025\/08\/satlab-logo.webp","width":191,"height":48,"caption":"Global Satellite Positioning Solutions | SatLab Geosolutions AB"},"image":{"@id":"https:\/\/www.satlabgeo.com\/#\/schema\/logo\/image\/"}}]}},"_links":{"self":[{"href":"https:\/\/www.satlabgeo.com\/tr\/wp-json\/wp\/v2\/product\/1264"}],"collection":[{"href":"https:\/\/www.satlabgeo.com\/tr\/wp-json\/wp\/v2\/product"}],"about":[{"href":"https:\/\/www.satlabgeo.com\/tr\/wp-json\/wp\/v2\/types\/product"}],"replies":[{"embeddable":true,"href":"https:\/\/www.satlabgeo.com\/tr\/wp-json\/wp\/v2\/comments?post=1264"}],"version-history":[{"count":2,"href":"https:\/\/www.satlabgeo.com\/tr\/wp-json\/wp\/v2\/product\/1264\/revisions"}],"predecessor-version":[{"id":3174,"href":"https:\/\/www.satlabgeo.com\/tr\/wp-json\/wp\/v2\/product\/1264\/revisions\/3174"}],"wp:featuredmedia":[{"embeddable":true,"href":"https:\/\/www.satlabgeo.com\/tr\/wp-json\/wp\/v2\/media\/1273"}],"wp:attachment":[{"href":"https:\/\/www.satlabgeo.com\/tr\/wp-json\/wp\/v2\/media?parent=1264"}],"wp:term":[{"taxonomy":"product_cat","embeddable":true,"href":"https:\/\/www.satlabgeo.com\/tr\/wp-json\/wp\/v2\/product_cat?post=1264"},{"taxonomy":"product_tag","embeddable":true,"href":"https:\/\/www.satlabgeo.com\/tr\/wp-json\/wp\/v2\/product_tag?post=1264"}],"curies":[{"name":"wp","href":"https:\/\/api.w.org\/{rel}","templated":true}]}}