{"id":1143,"date":"2023-09-04T02:15:05","date_gmt":"2023-09-04T02:15:05","guid":{"rendered":"https:\/\/www.satlabgeo.com\/?post_type=product&#038;p=1143"},"modified":"2025-06-20T16:04:59","modified_gmt":"2025-06-20T16:04:59","slug":"hydroboat-1200-usv","status":"publish","type":"product","link":"https:\/\/www.satlabgeo.com\/tr\/product\/hydroboat-1200-usv\/","title":{"rendered":"HydroBoat 1200 USV"},"content":{"rendered":"<div class=\"landscape\"><a href=\"https:\/\/www.satlabgeo.com\/tr\/contact-us\/\"><img decoding=\"async\" src=\"https:\/\/www.satlabgeo.com\/wp-content\/uploads\/2023\/09\/HydroBoat-1200-.jpg\" alt=\"otonom gemi\" class=\"aligncenter\" \/><\/a><\/div>\n<p>&nbsp;<\/p>\n<h2 title=\"otonom gemi\"><span style=\"font-size: 18pt;\">E\u015fsiz \u00c7ok Y\u00f6nl\u00fcl\u00fck ve Ta\u015f\u0131nabilirlik<\/span><\/h2>\n<p><span>Hidrografik ara\u015ft\u0131rmalar ve \u00e7evresel izleme i\u00e7in \u00e7e\u015fitli su \u00f6l\u00e7\u00fcm cihazlar\u0131yla entegrasyon i\u00e7in \u00f6zel olarak tasarlanm\u0131\u015f kapsaml\u0131 bir platform. Hafif tasar\u0131m\u0131 ve geli\u015fmi\u015f manevra kabiliyeti, farkl\u0131 cihazlar\u0131n konu\u015fland\u0131r\u0131lmas\u0131nda ve farkl\u0131 sahalar aras\u0131nda ara\u015ft\u0131rma i\u00e7in nakliyede operasyonel esnekli\u011fi kolayla\u015ft\u0131r\u0131r.<\/span><\/p>\n<h3 title=\"insans\u0131z ara\u015ft\u0131rma gemileri\"><span style=\"font-size: 18pt;\">Uyarlanabilir Su Ak\u0131\u015f\u0131<\/span><\/h3>\n<p><span>Hassas havada as\u0131l\u0131 kalma ve verimli y\u00f6r\u00fcnge izleme. Dalgalardan ve r\u00fczgardan korkmay\u0131n. Zorlu ortamlarda bile \u00f6nceden tan\u0131mlanm\u0131\u015f yolu hassas bir \u015fekilde takip edin. CFD sim\u00fclasyonu ile y\u00f6nlendirilen, USV'nin ama\u00e7lanan operasyonlar\u0131 i\u00e7in hidrodinamik olarak verimli tasar\u0131m, \u00e7e\u015fitli su ko\u015fullar\u0131 ve y\u00fckler alt\u0131nda g\u00f6vde stabilitesini ve g\u00fcr\u00fclt\u00fc azaltmay\u0131 art\u0131r\u0131r.<\/span><\/p>\n<h3 title=\"otonom gemi\"><span style=\"font-size: 18pt;\">Yeni GNSS+IMU Kombinasyon Algoritmas\u0131<\/span><\/h3>\n<p><span>Milisaniye d\u00fczeyinde dinamik tepki ile y\u00fcksek performansl\u0131 CAD motoru, \u00f6l\u00e7\u00fcm noktas\u0131 ve \u00e7izgi se\u00e7imini basitle\u015ftirerek, s\u00fcreci tek bir t\u0131klama ile inan\u0131lmaz derecede sezgisel ve verimli hale getirir.<\/span><\/p>\n<h3><span style=\"font-size: 18pt;\">Kapsaml\u0131 G\u00fcvenlik Geli\u015ftirmesi<\/span><\/h3>\n<p><span>360\u00b0 g\u00fcvenlik ve hassasiyet. Dahili SBES, GNSS, IMU, 360\u00b0 PTZ kamera, milimetre dalga radar\u0131 ve \u00e7ift renkli seyir \u0131\u015f\u0131klar\u0131, do\u011fru su derinli\u011fi ve konumland\u0131rma verilerini garanti eder ve teknenin karaya oturmas\u0131 ve \u00e7arp\u0131\u015fmalara kar\u015f\u0131 her y\u00f6nden koruma sa\u011flar.<\/span><br \/>\n<\/p>\n<div style=\"text-align: center; max-width: 640px; margin: 0 auto; max-height: 400px;\" >\n<video class=\"wp-video-shortcode\" preload=\"metadata\" controls=\"controls\"><source type=\"video\/youtube\" src=\"https:\/\/youtu.be\/J4VMHv0T0-E\" \/><\/video>\n<\/div>","protected":false},"excerpt":{"rendered":"<p>HydroBoat 1200 \u2014 kompaktl\u0131k ve kolayl\u0131\u011f\u0131n somut \u00f6rne\u011fi, \u00e7e\u015fitli ekipmanlarla sorunsuz \u00e7al\u0131\u015fmak \u00fczere tasarlanm\u0131\u015ft\u0131r.<br \/>\nProfesyonel CFD teknolojisiyle geli\u015ftirilmi\u015f olan bu teknenin stabilitesi yeni boyutlara ula\u015fm\u0131\u015ft\u0131r. Y\u00fcksek hassasiyetli tek \u0131\u015f\u0131nl\u0131 yank\u0131 sondas\u0131, GNSS y\u00f6nsel konumland\u0131rma al\u0131c\u0131s\u0131 ve geli\u015fmi\u015f ak\u0131ll\u0131 tekne kontrol sistemi ile bir araya gelen bu tekne, \u00e7e\u015fitli su operasyonel taleplerini ustaca kar\u015f\u0131lar.<br \/>\nG\u00f6m\u00fcl\u00fc IMU, 360\u00b0 pan-tilt kamera ve milimetre dalga radar\u0131 ile art\u0131r\u0131lm\u0131\u015f g\u00fcvenlik, \u00f6zelliklerini kapsaml\u0131 bir \u015fekilde g\u00fc\u00e7lendirir. \u00d6nde gelen ADCP, yan tarama sonar\u0131, \u00e7ift frekansl\u0131 sonar, \u00e7ok parametreli su kalitesi \u00f6l\u00e7er, g\u00f6r\u00fcnt\u00fc sonar\u0131 ve daha fazlas\u0131 ile donat\u0131labilen bu otonom gemi, ak\u0131nt\u0131 \u00f6l\u00e7\u00fcm\u00fc, batimetri, su alt\u0131 ara\u015ft\u0131rmas\u0131 ve su kalitesi de\u011ferlendirmesi gibi g\u00f6revler i\u00e7in ideal bir ortakt\u0131r.<\/p>","protected":false},"featured_media":1157,"comment_status":"open","ping_status":"closed","template":"","meta":{"_links_to":"","_links_to_target":""},"product_cat":[73],"product_tag":[],"yoast_head":"<!-- This site is optimized with the Yoast SEO plugin v19.8 - https:\/\/yoast.com\/wordpress\/plugins\/seo\/ -->\n<title>HydroBoat 1200 USV | SatLab<\/title>\n<meta name=\"description\" content=\"Efficient &amp; reliable, our autonomous vessel are perfect for marine data collection. Hydrographic Surveys. Coastal &amp; Harbor Monitoring.\" \/>\n<meta name=\"robots\" content=\"index, follow, max-snippet:-1, max-image-preview:large, max-video-preview:-1\" \/>\n<link rel=\"canonical\" href=\"https:\/\/www.satlabgeo.com\/tr\/product\/hydroboat-1200-usv\/\" \/>\n<meta property=\"og:locale\" content=\"tr_TR\" \/>\n<meta property=\"og:type\" content=\"article\" \/>\n<meta property=\"og:title\" content=\"HydroBoat 1200 USV | SatLab\" \/>\n<meta property=\"og:description\" content=\"Efficient &amp; reliable, our autonomous vessel are perfect for marine data collection. Hydrographic Surveys. Coastal &amp; Harbor Monitoring.\" \/>\n<meta property=\"og:url\" content=\"https:\/\/www.satlabgeo.com\/tr\/product\/hydroboat-1200-usv\/\" \/>\n<meta property=\"og:site_name\" content=\"Global Satellite Positioning Solutions | SatLab Geosolutions AB\" \/>\n<meta property=\"article:modified_time\" content=\"2025-06-20T16:04:59+00:00\" \/>\n<meta property=\"og:image\" content=\"https:\/\/www.satlabgeo.com\/wp-content\/uploads\/2023\/09\/1.1.png\" \/>\n\t<meta property=\"og:image:width\" content=\"300\" \/>\n\t<meta property=\"og:image:height\" content=\"229\" \/>\n\t<meta property=\"og:image:type\" content=\"image\/png\" \/>\n<meta name=\"twitter:card\" content=\"summary_large_image\" \/>\n<meta name=\"twitter:label1\" content=\"Est. reading time\" \/>\n\t<meta name=\"twitter:data1\" content=\"1 dakika\" \/>\n<script type=\"application\/ld+json\" class=\"yoast-schema-graph\">{\"@context\":\"https:\/\/schema.org\",\"@graph\":[{\"@type\":\"WebPage\",\"@id\":\"https:\/\/www.satlabgeo.com\/product\/hydroboat-1200-usv\/\",\"url\":\"https:\/\/www.satlabgeo.com\/product\/hydroboat-1200-usv\/\",\"name\":\"HydroBoat 1200 USV | SatLab\",\"isPartOf\":{\"@id\":\"https:\/\/www.satlabgeo.com\/#website\"},\"datePublished\":\"2023-09-04T02:15:05+00:00\",\"dateModified\":\"2025-06-20T16:04:59+00:00\",\"description\":\"Efficient & reliable, our autonomous vessel are perfect for marine data collection. Hydrographic Surveys. Coastal & Harbor Monitoring.\",\"breadcrumb\":{\"@id\":\"https:\/\/www.satlabgeo.com\/product\/hydroboat-1200-usv\/#breadcrumb\"},\"inLanguage\":\"tr\",\"potentialAction\":[{\"@type\":\"ReadAction\",\"target\":[\"https:\/\/www.satlabgeo.com\/product\/hydroboat-1200-usv\/\"]}]},{\"@type\":\"BreadcrumbList\",\"@id\":\"https:\/\/www.satlabgeo.com\/product\/hydroboat-1200-usv\/#breadcrumb\",\"itemListElement\":[{\"@type\":\"ListItem\",\"position\":1,\"name\":\"Home\",\"item\":\"https:\/\/www.satlabgeo.com\/\"},{\"@type\":\"ListItem\",\"position\":2,\"name\":\"Products\",\"item\":\"https:\/\/www.satlabgeo.com\/products\/\"},{\"@type\":\"ListItem\",\"position\":3,\"name\":\"HydroBoat 1200 USV\"}]},{\"@type\":\"WebSite\",\"@id\":\"https:\/\/www.satlabgeo.com\/#website\",\"url\":\"https:\/\/www.satlabgeo.com\/\",\"name\":\"Global Satellite Positioning Solutions | SatLab Geosolutions AB\",\"description\":\"\",\"publisher\":{\"@id\":\"https:\/\/www.satlabgeo.com\/#organization\"},\"potentialAction\":[{\"@type\":\"SearchAction\",\"target\":{\"@type\":\"EntryPoint\",\"urlTemplate\":\"https:\/\/www.satlabgeo.com\/?s={search_term_string}\"},\"query-input\":\"required name=search_term_string\"}],\"inLanguage\":\"tr\"},{\"@type\":\"Organization\",\"@id\":\"https:\/\/www.satlabgeo.com\/#organization\",\"name\":\"Global Satellite Positioning Solutions | SatLab Geosolutions AB\",\"url\":\"https:\/\/www.satlabgeo.com\/\",\"sameAs\":[],\"logo\":{\"@type\":\"ImageObject\",\"inLanguage\":\"tr\",\"@id\":\"https:\/\/www.satlabgeo.com\/#\/schema\/logo\/image\/\",\"url\":\"https:\/\/www.satlabgeo.com\/wp-content\/uploads\/2025\/08\/satlab-logo.webp\",\"contentUrl\":\"https:\/\/www.satlabgeo.com\/wp-content\/uploads\/2025\/08\/satlab-logo.webp\",\"width\":191,\"height\":48,\"caption\":\"Global Satellite Positioning Solutions | SatLab Geosolutions AB\"},\"image\":{\"@id\":\"https:\/\/www.satlabgeo.com\/#\/schema\/logo\/image\/\"}}]}<\/script>\n<!-- \/ Yoast SEO plugin. -->","yoast_head_json":{"title":"HydroBoat 1200 USV | SatLab","description":"Efficient & reliable, our autonomous vessel are perfect for marine data collection. Hydrographic Surveys. Coastal & Harbor Monitoring.","robots":{"index":"index","follow":"follow","max-snippet":"max-snippet:-1","max-image-preview":"max-image-preview:large","max-video-preview":"max-video-preview:-1"},"canonical":"https:\/\/www.satlabgeo.com\/tr\/product\/hydroboat-1200-usv\/","og_locale":"tr_TR","og_type":"article","og_title":"HydroBoat 1200 USV | SatLab","og_description":"Efficient & reliable, our autonomous vessel are perfect for marine data collection. Hydrographic Surveys. Coastal & Harbor Monitoring.","og_url":"https:\/\/www.satlabgeo.com\/tr\/product\/hydroboat-1200-usv\/","og_site_name":"Global Satellite Positioning Solutions | SatLab Geosolutions AB","article_modified_time":"2025-06-20T16:04:59+00:00","og_image":[{"width":300,"height":229,"url":"https:\/\/www.satlabgeo.com\/wp-content\/uploads\/2023\/09\/1.1.png","type":"image\/png"}],"twitter_card":"summary_large_image","twitter_misc":{"Est. reading time":"1 dakika"},"schema":{"@context":"https:\/\/schema.org","@graph":[{"@type":"WebPage","@id":"https:\/\/www.satlabgeo.com\/product\/hydroboat-1200-usv\/","url":"https:\/\/www.satlabgeo.com\/product\/hydroboat-1200-usv\/","name":"HydroBoat 1200 USV | SatLab","isPartOf":{"@id":"https:\/\/www.satlabgeo.com\/#website"},"datePublished":"2023-09-04T02:15:05+00:00","dateModified":"2025-06-20T16:04:59+00:00","description":"Efficient & reliable, our autonomous vessel are perfect for marine data collection. Hydrographic Surveys. Coastal & Harbor Monitoring.","breadcrumb":{"@id":"https:\/\/www.satlabgeo.com\/product\/hydroboat-1200-usv\/#breadcrumb"},"inLanguage":"tr","potentialAction":[{"@type":"ReadAction","target":["https:\/\/www.satlabgeo.com\/product\/hydroboat-1200-usv\/"]}]},{"@type":"BreadcrumbList","@id":"https:\/\/www.satlabgeo.com\/product\/hydroboat-1200-usv\/#breadcrumb","itemListElement":[{"@type":"ListItem","position":1,"name":"Home","item":"https:\/\/www.satlabgeo.com\/"},{"@type":"ListItem","position":2,"name":"Products","item":"https:\/\/www.satlabgeo.com\/products\/"},{"@type":"ListItem","position":3,"name":"HydroBoat 1200 USV"}]},{"@type":"WebSite","@id":"https:\/\/www.satlabgeo.com\/#website","url":"https:\/\/www.satlabgeo.com\/","name":"Global Satellite Positioning Solutions | SatLab Geosolutions AB","description":"","publisher":{"@id":"https:\/\/www.satlabgeo.com\/#organization"},"potentialAction":[{"@type":"SearchAction","target":{"@type":"EntryPoint","urlTemplate":"https:\/\/www.satlabgeo.com\/?s={search_term_string}"},"query-input":"required name=search_term_string"}],"inLanguage":"tr"},{"@type":"Organization","@id":"https:\/\/www.satlabgeo.com\/#organization","name":"Global Satellite Positioning Solutions | SatLab Geosolutions AB","url":"https:\/\/www.satlabgeo.com\/","sameAs":[],"logo":{"@type":"ImageObject","inLanguage":"tr","@id":"https:\/\/www.satlabgeo.com\/#\/schema\/logo\/image\/","url":"https:\/\/www.satlabgeo.com\/wp-content\/uploads\/2025\/08\/satlab-logo.webp","contentUrl":"https:\/\/www.satlabgeo.com\/wp-content\/uploads\/2025\/08\/satlab-logo.webp","width":191,"height":48,"caption":"Global Satellite Positioning Solutions | SatLab Geosolutions AB"},"image":{"@id":"https:\/\/www.satlabgeo.com\/#\/schema\/logo\/image\/"}}]}},"_links":{"self":[{"href":"https:\/\/www.satlabgeo.com\/tr\/wp-json\/wp\/v2\/product\/1143"}],"collection":[{"href":"https:\/\/www.satlabgeo.com\/tr\/wp-json\/wp\/v2\/product"}],"about":[{"href":"https:\/\/www.satlabgeo.com\/tr\/wp-json\/wp\/v2\/types\/product"}],"replies":[{"embeddable":true,"href":"https:\/\/www.satlabgeo.com\/tr\/wp-json\/wp\/v2\/comments?post=1143"}],"version-history":[{"count":18,"href":"https:\/\/www.satlabgeo.com\/tr\/wp-json\/wp\/v2\/product\/1143\/revisions"}],"predecessor-version":[{"id":2677,"href":"https:\/\/www.satlabgeo.com\/tr\/wp-json\/wp\/v2\/product\/1143\/revisions\/2677"}],"wp:featuredmedia":[{"embeddable":true,"href":"https:\/\/www.satlabgeo.com\/tr\/wp-json\/wp\/v2\/media\/1157"}],"wp:attachment":[{"href":"https:\/\/www.satlabgeo.com\/tr\/wp-json\/wp\/v2\/media?parent=1143"}],"wp:term":[{"taxonomy":"product_cat","embeddable":true,"href":"https:\/\/www.satlabgeo.com\/tr\/wp-json\/wp\/v2\/product_cat?post=1143"},{"taxonomy":"product_tag","embeddable":true,"href":"https:\/\/www.satlabgeo.com\/tr\/wp-json\/wp\/v2\/product_tag?post=1143"}],"curies":[{"name":"wp","href":"https:\/\/api.w.org\/{rel}","templated":true}]}}