{"id":1043,"date":"2023-07-18T08:42:15","date_gmt":"2023-07-18T08:42:15","guid":{"rendered":"https:\/\/www.satlabgeo.com\/?post_type=product&#038;p=1043"},"modified":"2026-02-03T07:35:32","modified_gmt":"2026-02-03T07:35:32","slug":"slt12-android-total-station","status":"publish","type":"product","link":"https:\/\/www.satlabgeo.com\/tr\/product\/slt12-android-total-station\/","title":{"rendered":"SLT12 Android Total Station"},"content":{"rendered":"<div class=\"landscape\"><img decoding=\"async\" src=\"https:\/\/www.satlabgeo.com\/wp-content\/uploads\/2023\/07\/SLT12-banner.jpg\" alt=\"Toplam \u0130stasyon-SLT12\" class=\"aligncenter\" \/><\/div>\n<p>&nbsp;<\/p>\n<h4>1. Optimize edilmi\u015f ST-Surv Yaz\u0131l\u0131m\u0131<\/h4>\n<p>\u00c7e\u015fitli senaryolar\u0131 h\u0131zl\u0131 ve kolay bir \u015fekilde yap\u0131land\u0131r\u0131r ve \u00e7evrimi\u00e7i g\u00fcncellemeleri destekler, b\u00f6ylece en son \u00f6zellikler ve geli\u015ftirmelerden haberdar olman\u0131z\u0131 sa\u011flar.<\/p>\n<h4>2. G\u00f6rsel Y\u00f6nlendirmeli \u00f6l\u00e7me<\/h4>\n<p>Kamera g\u00f6r\u00fcnt\u00fcs\u00fc arac\u0131l\u0131\u011f\u0131yla \u00f6l\u00e7me noktalar\u0131n\u0131 g\u00f6rselle\u015ftirerek, \u00f6\u011feleri ve i\u015faretleri zeminde hassas bir \u015fekilde konumland\u0131rabilirsiniz. Teleskopa bakma s\u0131kl\u0131\u011f\u0131n\u0131 azalt\u0131r, g\u00f6r\u00fcnt\u00fc k\u0131lavuzuyla noktalar\u0131 kolayca bulur ve \u00f6l\u00e7\u00fcmlerinizi ger\u00e7ek zamanl\u0131 olarak g\u00f6rsel olarak do\u011frular.<\/p>\n<h4>3. CAD Aplikasyon<\/h4>\n<p>Milisaniye d\u00fczeyinde dinamik tepki ile y\u00fcksek performansl\u0131 CAD motoru, \u00f6l\u00e7\u00fcm noktas\u0131 ve \u00e7izgi se\u00e7imini basitle\u015ftirerek, s\u00fcreci tek bir t\u0131klama ile inan\u0131lmaz derecede sezgisel ve verimli hale getirir.<\/p>\n<h4>4. G\u00f6rsel Belgeleme<\/h4>\n<p>Entegre kamera, \u00f6l\u00e7\u00fclen noktalar\u0131n g\u00f6r\u00fcnt\u00fclerini ve g\u00f6rsel kay\u0131tlar\u0131n\u0131 yakalaman\u0131z\u0131 sa\u011flar. Bu belgeler, gelecekte referans, analiz ve raporlama i\u00e7in de\u011ferli olabilir.<\/p>\n<h4>5. E-d\u00fcze\u00e7 Animasyonlu K\u0131lavuz<\/h4>\n<p>Animasyonlu talimatlar kurulumu basitle\u015ftirir ve kullan\u0131c\u0131lar\u0131n tekrarlanan d\u00f6n\u00fc\u015flere gerek kalmadan ayak vidas\u0131n\u0131 ayarlamas\u0131na ve cihaz\u0131 ayn\u0131 anda dengelemesine olanak tan\u0131r.<\/p>\n<div style=\"text-align: center, max-width: 640px; margin: 0 auto;\"><video width=\"300\" height=\"150\" class=\"wp-video-shortcode\" preload=\"metadata\" controls=\"controls\"><source type=\"video\/youtube\" src=\"https:\/\/youtu.be\/AFK4gctZlsY\" \/><\/video><\/div>","protected":false},"excerpt":{"rendered":"<p>Entegre Android i\u015fletim sistemi ve \u00f6zel Android yaz\u0131l\u0131m\u0131 ile SLT12, her \u00f6l\u00e7\u00fcm g\u00f6revine en son teknolojiyi sorunsuz bir \u015fekilde entegre eder. \u0130ki y\u00fcksek \u00e7\u00f6z\u00fcn\u00fcrl\u00fckl\u00fc dokunmatik ekran, operasyonel ak\u0131c\u0131l\u0131\u011f\u0131 art\u0131r\u0131rken, yerle\u015fik kamera zahmetsizce AR aplikasyonu m\u00fcmk\u00fcn k\u0131lar ve SLT12'yi i\u015f ak\u0131\u015flar\u0131n\u0131 optimize etmek ve ola\u011fan\u00fcst\u00fc sonu\u00e7lar elde etmek i\u00e7in vazge\u00e7ilmez bir ara\u00e7 haline getirir.<\/p>","protected":false},"featured_media":1369,"comment_status":"open","ping_status":"closed","template":"","meta":{"_links_to":"","_links_to_target":""},"product_cat":[24],"product_tag":[81],"yoast_head":"<!-- This site is optimized with the Yoast SEO plugin v19.8 - https:\/\/yoast.com\/wordpress\/plugins\/seo\/ -->\n<title>SLT12 Android Total Station | Global Satellite Positioning Solutions | SatLab Geosolutions AB<\/title>\n<meta name=\"description\" content=\"Streamline workflows with Android total station solutions from SatLab. Surveyors around the world trust SatLab high-performance ...\" \/>\n<meta name=\"robots\" content=\"index, follow, max-snippet:-1, max-image-preview:large, max-video-preview:-1\" \/>\n<link rel=\"canonical\" href=\"https:\/\/www.satlabgeo.com\/tr\/product\/slt12-android-total-station\/\" \/>\n<meta property=\"og:locale\" content=\"tr_TR\" \/>\n<meta property=\"og:type\" content=\"article\" \/>\n<meta property=\"og:title\" content=\"SLT12 Android Total Station | Global Satellite Positioning Solutions | SatLab Geosolutions AB\" \/>\n<meta property=\"og:description\" content=\"Streamline workflows with Android total station solutions from SatLab. Surveyors around the world trust SatLab high-performance ...\" \/>\n<meta property=\"og:url\" content=\"https:\/\/www.satlabgeo.com\/tr\/product\/slt12-android-total-station\/\" \/>\n<meta property=\"og:site_name\" content=\"Global Satellite Positioning Solutions | SatLab Geosolutions AB\" \/>\n<meta property=\"article:modified_time\" content=\"2026-02-03T07:35:32+00:00\" \/>\n<meta property=\"og:image\" content=\"https:\/\/www.satlabgeo.com\/wp-content\/uploads\/2023\/07\/total-station.png\" \/>\n\t<meta property=\"og:image:width\" content=\"800\" \/>\n\t<meta property=\"og:image:height\" content=\"800\" \/>\n\t<meta property=\"og:image:type\" content=\"image\/png\" \/>\n<meta name=\"twitter:card\" content=\"summary_large_image\" \/>\n<meta name=\"twitter:label1\" content=\"Est. reading time\" \/>\n\t<meta name=\"twitter:data1\" content=\"1 dakika\" \/>\n<script type=\"application\/ld+json\" class=\"yoast-schema-graph\">{\"@context\":\"https:\/\/schema.org\",\"@graph\":[{\"@type\":\"WebPage\",\"@id\":\"https:\/\/www.satlabgeo.com\/product\/slt12-android-total-station\/\",\"url\":\"https:\/\/www.satlabgeo.com\/product\/slt12-android-total-station\/\",\"name\":\"SLT12 Android Total Station | Global Satellite Positioning Solutions | SatLab Geosolutions AB\",\"isPartOf\":{\"@id\":\"https:\/\/www.satlabgeo.com\/#website\"},\"datePublished\":\"2023-07-18T08:42:15+00:00\",\"dateModified\":\"2026-02-03T07:35:32+00:00\",\"description\":\"Streamline workflows with Android total station solutions from SatLab. Surveyors around the world trust SatLab high-performance ...\",\"breadcrumb\":{\"@id\":\"https:\/\/www.satlabgeo.com\/product\/slt12-android-total-station\/#breadcrumb\"},\"inLanguage\":\"tr\",\"potentialAction\":[{\"@type\":\"ReadAction\",\"target\":[\"https:\/\/www.satlabgeo.com\/product\/slt12-android-total-station\/\"]}]},{\"@type\":\"BreadcrumbList\",\"@id\":\"https:\/\/www.satlabgeo.com\/product\/slt12-android-total-station\/#breadcrumb\",\"itemListElement\":[{\"@type\":\"ListItem\",\"position\":1,\"name\":\"Home\",\"item\":\"https:\/\/www.satlabgeo.com\/\"},{\"@type\":\"ListItem\",\"position\":2,\"name\":\"Products\",\"item\":\"https:\/\/www.satlabgeo.com\/products\/\"},{\"@type\":\"ListItem\",\"position\":3,\"name\":\"SLT12 Android Total Station\"}]},{\"@type\":\"WebSite\",\"@id\":\"https:\/\/www.satlabgeo.com\/#website\",\"url\":\"https:\/\/www.satlabgeo.com\/\",\"name\":\"Global Satellite Positioning Solutions | SatLab Geosolutions AB\",\"description\":\"\",\"publisher\":{\"@id\":\"https:\/\/www.satlabgeo.com\/#organization\"},\"potentialAction\":[{\"@type\":\"SearchAction\",\"target\":{\"@type\":\"EntryPoint\",\"urlTemplate\":\"https:\/\/www.satlabgeo.com\/?s={search_term_string}\"},\"query-input\":\"required name=search_term_string\"}],\"inLanguage\":\"tr\"},{\"@type\":\"Organization\",\"@id\":\"https:\/\/www.satlabgeo.com\/#organization\",\"name\":\"Global Satellite Positioning Solutions | SatLab Geosolutions AB\",\"url\":\"https:\/\/www.satlabgeo.com\/\",\"sameAs\":[],\"logo\":{\"@type\":\"ImageObject\",\"inLanguage\":\"tr\",\"@id\":\"https:\/\/www.satlabgeo.com\/#\/schema\/logo\/image\/\",\"url\":\"https:\/\/www.satlabgeo.com\/wp-content\/uploads\/2025\/08\/satlab-logo.webp\",\"contentUrl\":\"https:\/\/www.satlabgeo.com\/wp-content\/uploads\/2025\/08\/satlab-logo.webp\",\"width\":191,\"height\":48,\"caption\":\"Global Satellite Positioning Solutions | SatLab Geosolutions AB\"},\"image\":{\"@id\":\"https:\/\/www.satlabgeo.com\/#\/schema\/logo\/image\/\"}}]}<\/script>\n<!-- \/ Yoast SEO plugin. -->","yoast_head_json":{"title":"SLT12 Android Total Station | Global Satellite Positioning Solutions | SatLab Geosolutions AB","description":"Streamline workflows with Android total station solutions from SatLab. Surveyors around the world trust SatLab high-performance ...","robots":{"index":"index","follow":"follow","max-snippet":"max-snippet:-1","max-image-preview":"max-image-preview:large","max-video-preview":"max-video-preview:-1"},"canonical":"https:\/\/www.satlabgeo.com\/tr\/product\/slt12-android-total-station\/","og_locale":"tr_TR","og_type":"article","og_title":"SLT12 Android Total Station | Global Satellite Positioning Solutions | SatLab Geosolutions AB","og_description":"Streamline workflows with Android total station solutions from SatLab. Surveyors around the world trust SatLab high-performance ...","og_url":"https:\/\/www.satlabgeo.com\/tr\/product\/slt12-android-total-station\/","og_site_name":"Global Satellite Positioning Solutions | SatLab Geosolutions AB","article_modified_time":"2026-02-03T07:35:32+00:00","og_image":[{"width":800,"height":800,"url":"https:\/\/www.satlabgeo.com\/wp-content\/uploads\/2023\/07\/total-station.png","type":"image\/png"}],"twitter_card":"summary_large_image","twitter_misc":{"Est. reading time":"1 dakika"},"schema":{"@context":"https:\/\/schema.org","@graph":[{"@type":"WebPage","@id":"https:\/\/www.satlabgeo.com\/product\/slt12-android-total-station\/","url":"https:\/\/www.satlabgeo.com\/product\/slt12-android-total-station\/","name":"SLT12 Android Total Station | Global Satellite Positioning Solutions | SatLab Geosolutions AB","isPartOf":{"@id":"https:\/\/www.satlabgeo.com\/#website"},"datePublished":"2023-07-18T08:42:15+00:00","dateModified":"2026-02-03T07:35:32+00:00","description":"Streamline workflows with Android total station solutions from SatLab. Surveyors around the world trust SatLab high-performance ...","breadcrumb":{"@id":"https:\/\/www.satlabgeo.com\/product\/slt12-android-total-station\/#breadcrumb"},"inLanguage":"tr","potentialAction":[{"@type":"ReadAction","target":["https:\/\/www.satlabgeo.com\/product\/slt12-android-total-station\/"]}]},{"@type":"BreadcrumbList","@id":"https:\/\/www.satlabgeo.com\/product\/slt12-android-total-station\/#breadcrumb","itemListElement":[{"@type":"ListItem","position":1,"name":"Home","item":"https:\/\/www.satlabgeo.com\/"},{"@type":"ListItem","position":2,"name":"Products","item":"https:\/\/www.satlabgeo.com\/products\/"},{"@type":"ListItem","position":3,"name":"SLT12 Android Total Station"}]},{"@type":"WebSite","@id":"https:\/\/www.satlabgeo.com\/#website","url":"https:\/\/www.satlabgeo.com\/","name":"Global Satellite Positioning Solutions | SatLab Geosolutions AB","description":"","publisher":{"@id":"https:\/\/www.satlabgeo.com\/#organization"},"potentialAction":[{"@type":"SearchAction","target":{"@type":"EntryPoint","urlTemplate":"https:\/\/www.satlabgeo.com\/?s={search_term_string}"},"query-input":"required name=search_term_string"}],"inLanguage":"tr"},{"@type":"Organization","@id":"https:\/\/www.satlabgeo.com\/#organization","name":"Global Satellite Positioning Solutions | SatLab Geosolutions AB","url":"https:\/\/www.satlabgeo.com\/","sameAs":[],"logo":{"@type":"ImageObject","inLanguage":"tr","@id":"https:\/\/www.satlabgeo.com\/#\/schema\/logo\/image\/","url":"https:\/\/www.satlabgeo.com\/wp-content\/uploads\/2025\/08\/satlab-logo.webp","contentUrl":"https:\/\/www.satlabgeo.com\/wp-content\/uploads\/2025\/08\/satlab-logo.webp","width":191,"height":48,"caption":"Global Satellite Positioning Solutions | SatLab Geosolutions AB"},"image":{"@id":"https:\/\/www.satlabgeo.com\/#\/schema\/logo\/image\/"}}]}},"_links":{"self":[{"href":"https:\/\/www.satlabgeo.com\/tr\/wp-json\/wp\/v2\/product\/1043"}],"collection":[{"href":"https:\/\/www.satlabgeo.com\/tr\/wp-json\/wp\/v2\/product"}],"about":[{"href":"https:\/\/www.satlabgeo.com\/tr\/wp-json\/wp\/v2\/types\/product"}],"replies":[{"embeddable":true,"href":"https:\/\/www.satlabgeo.com\/tr\/wp-json\/wp\/v2\/comments?post=1043"}],"version-history":[{"count":7,"href":"https:\/\/www.satlabgeo.com\/tr\/wp-json\/wp\/v2\/product\/1043\/revisions"}],"predecessor-version":[{"id":3405,"href":"https:\/\/www.satlabgeo.com\/tr\/wp-json\/wp\/v2\/product\/1043\/revisions\/3405"}],"wp:featuredmedia":[{"embeddable":true,"href":"https:\/\/www.satlabgeo.com\/tr\/wp-json\/wp\/v2\/media\/1369"}],"wp:attachment":[{"href":"https:\/\/www.satlabgeo.com\/tr\/wp-json\/wp\/v2\/media?parent=1043"}],"wp:term":[{"taxonomy":"product_cat","embeddable":true,"href":"https:\/\/www.satlabgeo.com\/tr\/wp-json\/wp\/v2\/product_cat?post=1043"},{"taxonomy":"product_tag","embeddable":true,"href":"https:\/\/www.satlabgeo.com\/tr\/wp-json\/wp\/v2\/product_tag?post=1043"}],"curies":[{"name":"wp","href":"https:\/\/api.w.org\/{rel}","templated":true}]}}