{"id":981,"date":"2023-06-20T04:08:11","date_gmt":"2023-06-20T04:08:11","guid":{"rendered":"https:\/\/www.satlabgeo.com\/?post_type=product&#038;p=981"},"modified":"2025-11-26T03:28:02","modified_gmt":"2025-11-26T03:28:02","slug":"hydroboat-990-bathymetric-usv-system","status":"publish","type":"product","link":"https:\/\/www.satlabgeo.com\/pt\/product\/hydroboat-990-bathymetric-usv-system\/","title":{"rendered":"HydroBoat 990 USV"},"content":{"rendered":"<div class=\"landscape\"><a href=\"https:\/\/www.satlabgeo.com\/pt\/contact-us\/\"><img decoding=\"async\" src=\"https:\/\/www.satlabgeo.com\/wp-content\/uploads\/2023\/06\/hydroboat-990-product-banner.jpg\" alt=\"Hidrobarco 990\" class=\"aligncenter\" \/><\/a><\/div>\n<p>&nbsp;<\/p>\n<h3>Usabilidade<\/h3>\n<p>O confi\u00e1vel software SLHydro USV \u00e9 instalado em um controlador Android inteligente, com medi\u00e7\u00e3o batim\u00e9trica, planejamento de curso, mapa online e navega\u00e7\u00e3o por v\u00eddeo. Um receptor GNSS e um ecobat\u00edmetro SBES est\u00e3o bem equipados no barco. Basta clicar em &quot;Conectar&quot; e o sistema GNSS, juntamente com o ecobat\u00edmetro e o sistema de v\u00eddeo, ser\u00e3o configurados automaticamente no SLHydro USV. Simples e pr\u00e1tico, diga adeus \u00e0s esta\u00e7\u00f5es de comunica\u00e7\u00e3o e aos computadores.<\/p>\n<h3>Funcionalidade<\/h3>\n<p>Receptor GNSS de posicionamento e dire\u00e7\u00e3o de alta precis\u00e3o e sensores INS integrados para dire\u00e7\u00e3o correta, al\u00e9m de exibi\u00e7\u00e3o em tempo real de informa\u00e7\u00f5es de eco para determinar a topografia do fundo do mar. A fun\u00e7\u00e3o de pairar mant\u00e9m o barco no lugar enquanto estiver em \u00e1gua corrente, e a estrutura geral do barco o estabiliza e reduz a eleva\u00e7\u00e3o da proa.<\/p>\n<h3>Confiabilidade<\/h3>\n<p>O radar de ondas milim\u00e9tricas detecta obst\u00e1culos com precis\u00e3o para garantir a navega\u00e7\u00e3o segura da embarca\u00e7\u00e3o. O design de casco duplo e a prote\u00e7\u00e3o IP67 \u00e0 prova d&#039;\u00e1gua impedem que o HydroBoat 990 se desgaste e afunde, mantendo-se intacto em caso de impactos inesperados. Confiabilidade \u00e9 fundamental em campo!<\/p>\n<div style=\"text-align: center, max-width: 640px; margin: 0 auto;\"><video width=\"300\" height=\"150\" class=\"wp-video-shortcode\" preload=\"metadata\" controls=\"controls\"><source type=\"video\/youtube\" src=\"https:\/\/youtu.be\/ezSyzpfXCHY\" \/><\/video><\/div>","protected":false},"excerpt":{"rendered":"<p>Verdadeiramente pr\u00e1tico, verdadeiramente potente e verdadeiramente confi\u00e1vel, o HydroBoat 990 \u00e9 um sistema USV com Android para levantamentos batim\u00e9tricos. Com apenas um homem, um barco e um controlador para realizar os levantamentos batim\u00e9tricos.<\/p>\n<p>Com software Android f\u00e1cil de usar e uma estrutura de barco integrada e pr\u00e1tica, o HydroBoat 990 navega r\u00e1pido e mede com precis\u00e3o, com excelente desempenho t\u00e9cnico.<\/p>","protected":false},"featured_media":982,"comment_status":"open","ping_status":"closed","template":"","meta":{"_links_to":"","_links_to_target":""},"product_cat":[73],"product_tag":[],"yoast_head":"<!-- This site is optimized with the Yoast SEO plugin v19.8 - https:\/\/yoast.com\/wordpress\/plugins\/seo\/ -->\n<title>HydroBoat 990 USV | SatLab<\/title>\n<meta name=\"description\" content=\"HydroBoat 990 is an Android-powered USV system for bathymetric surveys. With only one man, one boat, and one controller to get the bathymetric surveys done.\" \/>\n<meta name=\"robots\" content=\"index, follow, max-snippet:-1, max-image-preview:large, max-video-preview:-1\" \/>\n<link rel=\"canonical\" href=\"https:\/\/www.satlabgeo.com\/pt\/product\/hydroboat-990-bathymetric-usv-system\/\" \/>\n<meta property=\"og:locale\" content=\"pt_PT\" \/>\n<meta property=\"og:type\" content=\"article\" \/>\n<meta property=\"og:title\" content=\"HydroBoat 990 USV | SatLab\" \/>\n<meta property=\"og:description\" content=\"HydroBoat 990 is an Android-powered USV system for bathymetric surveys. With only one man, one boat, and one controller to get the bathymetric surveys done.\" \/>\n<meta property=\"og:url\" content=\"https:\/\/www.satlabgeo.com\/pt\/product\/hydroboat-990-bathymetric-usv-system\/\" \/>\n<meta property=\"og:site_name\" content=\"Global Satellite Positioning Solutions | SatLab Geosolutions AB\" \/>\n<meta property=\"article:modified_time\" content=\"2025-11-26T03:28:02+00:00\" \/>\n<meta property=\"og:image\" content=\"https:\/\/www.satlabgeo.com\/wp-content\/uploads\/2023\/06\/hydroboat-990-03.png\" \/>\n\t<meta property=\"og:image:width\" content=\"744\" \/>\n\t<meta property=\"og:image:height\" content=\"705\" \/>\n\t<meta property=\"og:image:type\" content=\"image\/png\" \/>\n<meta name=\"twitter:card\" content=\"summary_large_image\" \/>\n<meta name=\"twitter:label1\" content=\"Est. reading time\" \/>\n\t<meta name=\"twitter:data1\" content=\"1 minuto\" \/>\n<script type=\"application\/ld+json\" class=\"yoast-schema-graph\">{\"@context\":\"https:\/\/schema.org\",\"@graph\":[{\"@type\":\"WebPage\",\"@id\":\"https:\/\/www.satlabgeo.com\/product\/hydroboat-990-bathymetric-usv-system\/\",\"url\":\"https:\/\/www.satlabgeo.com\/product\/hydroboat-990-bathymetric-usv-system\/\",\"name\":\"HydroBoat 990 USV | SatLab\",\"isPartOf\":{\"@id\":\"https:\/\/www.satlabgeo.com\/#website\"},\"datePublished\":\"2023-06-20T04:08:11+00:00\",\"dateModified\":\"2025-11-26T03:28:02+00:00\",\"description\":\"HydroBoat 990 is an Android-powered USV system for bathymetric surveys. With only one man, one boat, and one controller to get the bathymetric surveys done.\",\"breadcrumb\":{\"@id\":\"https:\/\/www.satlabgeo.com\/product\/hydroboat-990-bathymetric-usv-system\/#breadcrumb\"},\"inLanguage\":\"pt-PT\",\"potentialAction\":[{\"@type\":\"ReadAction\",\"target\":[\"https:\/\/www.satlabgeo.com\/product\/hydroboat-990-bathymetric-usv-system\/\"]}]},{\"@type\":\"BreadcrumbList\",\"@id\":\"https:\/\/www.satlabgeo.com\/product\/hydroboat-990-bathymetric-usv-system\/#breadcrumb\",\"itemListElement\":[{\"@type\":\"ListItem\",\"position\":1,\"name\":\"Home\",\"item\":\"https:\/\/www.satlabgeo.com\/\"},{\"@type\":\"ListItem\",\"position\":2,\"name\":\"Products\",\"item\":\"https:\/\/www.satlabgeo.com\/products\/\"},{\"@type\":\"ListItem\",\"position\":3,\"name\":\"HydroBoat 990 USV\"}]},{\"@type\":\"WebSite\",\"@id\":\"https:\/\/www.satlabgeo.com\/#website\",\"url\":\"https:\/\/www.satlabgeo.com\/\",\"name\":\"Global Satellite Positioning Solutions | SatLab Geosolutions AB\",\"description\":\"\",\"publisher\":{\"@id\":\"https:\/\/www.satlabgeo.com\/#organization\"},\"potentialAction\":[{\"@type\":\"SearchAction\",\"target\":{\"@type\":\"EntryPoint\",\"urlTemplate\":\"https:\/\/www.satlabgeo.com\/?s={search_term_string}\"},\"query-input\":\"required name=search_term_string\"}],\"inLanguage\":\"pt-PT\"},{\"@type\":\"Organization\",\"@id\":\"https:\/\/www.satlabgeo.com\/#organization\",\"name\":\"Global Satellite Positioning Solutions | SatLab Geosolutions AB\",\"url\":\"https:\/\/www.satlabgeo.com\/\",\"sameAs\":[],\"logo\":{\"@type\":\"ImageObject\",\"inLanguage\":\"pt-PT\",\"@id\":\"https:\/\/www.satlabgeo.com\/#\/schema\/logo\/image\/\",\"url\":\"https:\/\/www.satlabgeo.com\/wp-content\/uploads\/2025\/08\/satlab-logo.webp\",\"contentUrl\":\"https:\/\/www.satlabgeo.com\/wp-content\/uploads\/2025\/08\/satlab-logo.webp\",\"width\":191,\"height\":48,\"caption\":\"Global Satellite Positioning Solutions | SatLab Geosolutions AB\"},\"image\":{\"@id\":\"https:\/\/www.satlabgeo.com\/#\/schema\/logo\/image\/\"}}]}<\/script>\n<!-- \/ Yoast SEO plugin. -->","yoast_head_json":{"title":"HydroBoat 990 USV | SatLab","description":"HydroBoat 990 is an Android-powered USV system for bathymetric surveys. With only one man, one boat, and one controller to get the bathymetric surveys done.","robots":{"index":"index","follow":"follow","max-snippet":"max-snippet:-1","max-image-preview":"max-image-preview:large","max-video-preview":"max-video-preview:-1"},"canonical":"https:\/\/www.satlabgeo.com\/pt\/product\/hydroboat-990-bathymetric-usv-system\/","og_locale":"pt_PT","og_type":"article","og_title":"HydroBoat 990 USV | SatLab","og_description":"HydroBoat 990 is an Android-powered USV system for bathymetric surveys. With only one man, one boat, and one controller to get the bathymetric surveys done.","og_url":"https:\/\/www.satlabgeo.com\/pt\/product\/hydroboat-990-bathymetric-usv-system\/","og_site_name":"Global Satellite Positioning Solutions | SatLab Geosolutions AB","article_modified_time":"2025-11-26T03:28:02+00:00","og_image":[{"width":744,"height":705,"url":"https:\/\/www.satlabgeo.com\/wp-content\/uploads\/2023\/06\/hydroboat-990-03.png","type":"image\/png"}],"twitter_card":"summary_large_image","twitter_misc":{"Est. reading time":"1 minuto"},"schema":{"@context":"https:\/\/schema.org","@graph":[{"@type":"WebPage","@id":"https:\/\/www.satlabgeo.com\/product\/hydroboat-990-bathymetric-usv-system\/","url":"https:\/\/www.satlabgeo.com\/product\/hydroboat-990-bathymetric-usv-system\/","name":"HydroBoat 990 USV | SatLab","isPartOf":{"@id":"https:\/\/www.satlabgeo.com\/#website"},"datePublished":"2023-06-20T04:08:11+00:00","dateModified":"2025-11-26T03:28:02+00:00","description":"HydroBoat 990 is an Android-powered USV system for bathymetric surveys. With only one man, one boat, and one controller to get the bathymetric surveys done.","breadcrumb":{"@id":"https:\/\/www.satlabgeo.com\/product\/hydroboat-990-bathymetric-usv-system\/#breadcrumb"},"inLanguage":"pt-PT","potentialAction":[{"@type":"ReadAction","target":["https:\/\/www.satlabgeo.com\/product\/hydroboat-990-bathymetric-usv-system\/"]}]},{"@type":"BreadcrumbList","@id":"https:\/\/www.satlabgeo.com\/product\/hydroboat-990-bathymetric-usv-system\/#breadcrumb","itemListElement":[{"@type":"ListItem","position":1,"name":"Home","item":"https:\/\/www.satlabgeo.com\/"},{"@type":"ListItem","position":2,"name":"Products","item":"https:\/\/www.satlabgeo.com\/products\/"},{"@type":"ListItem","position":3,"name":"HydroBoat 990 USV"}]},{"@type":"WebSite","@id":"https:\/\/www.satlabgeo.com\/#website","url":"https:\/\/www.satlabgeo.com\/","name":"Global Satellite Positioning Solutions | SatLab Geosolutions AB","description":"","publisher":{"@id":"https:\/\/www.satlabgeo.com\/#organization"},"potentialAction":[{"@type":"SearchAction","target":{"@type":"EntryPoint","urlTemplate":"https:\/\/www.satlabgeo.com\/?s={search_term_string}"},"query-input":"required name=search_term_string"}],"inLanguage":"pt-PT"},{"@type":"Organization","@id":"https:\/\/www.satlabgeo.com\/#organization","name":"Global Satellite Positioning Solutions | SatLab Geosolutions AB","url":"https:\/\/www.satlabgeo.com\/","sameAs":[],"logo":{"@type":"ImageObject","inLanguage":"pt-PT","@id":"https:\/\/www.satlabgeo.com\/#\/schema\/logo\/image\/","url":"https:\/\/www.satlabgeo.com\/wp-content\/uploads\/2025\/08\/satlab-logo.webp","contentUrl":"https:\/\/www.satlabgeo.com\/wp-content\/uploads\/2025\/08\/satlab-logo.webp","width":191,"height":48,"caption":"Global Satellite Positioning Solutions | SatLab Geosolutions AB"},"image":{"@id":"https:\/\/www.satlabgeo.com\/#\/schema\/logo\/image\/"}}]}},"_links":{"self":[{"href":"https:\/\/www.satlabgeo.com\/pt\/wp-json\/wp\/v2\/product\/981"}],"collection":[{"href":"https:\/\/www.satlabgeo.com\/pt\/wp-json\/wp\/v2\/product"}],"about":[{"href":"https:\/\/www.satlabgeo.com\/pt\/wp-json\/wp\/v2\/types\/product"}],"replies":[{"embeddable":true,"href":"https:\/\/www.satlabgeo.com\/pt\/wp-json\/wp\/v2\/comments?post=981"}],"version-history":[{"count":3,"href":"https:\/\/www.satlabgeo.com\/pt\/wp-json\/wp\/v2\/product\/981\/revisions"}],"predecessor-version":[{"id":3178,"href":"https:\/\/www.satlabgeo.com\/pt\/wp-json\/wp\/v2\/product\/981\/revisions\/3178"}],"wp:featuredmedia":[{"embeddable":true,"href":"https:\/\/www.satlabgeo.com\/pt\/wp-json\/wp\/v2\/media\/982"}],"wp:attachment":[{"href":"https:\/\/www.satlabgeo.com\/pt\/wp-json\/wp\/v2\/media?parent=981"}],"wp:term":[{"taxonomy":"product_cat","embeddable":true,"href":"https:\/\/www.satlabgeo.com\/pt\/wp-json\/wp\/v2\/product_cat?post=981"},{"taxonomy":"product_tag","embeddable":true,"href":"https:\/\/www.satlabgeo.com\/pt\/wp-json\/wp\/v2\/product_tag?post=981"}],"curies":[{"name":"wp","href":"https:\/\/api.w.org\/{rel}","templated":true}]}}