{"id":743,"date":"2022-10-11T02:42:11","date_gmt":"2022-10-11T02:42:11","guid":{"rendered":"https:\/\/www.satlabgeo.com\/?post_type=product&#038;p=743"},"modified":"2025-09-23T06:47:15","modified_gmt":"2025-09-23T06:47:15","slug":"eyr-gnss-rtk-system","status":"publish","type":"product","link":"https:\/\/www.satlabgeo.com\/pt\/product\/eyr-gnss-rtk-system\/","title":{"rendered":"Sistema Eyr GNSS RTK"},"content":{"rendered":"<div class=\"landscape\"><img decoding=\"async\" src=\"https:\/\/www.satlabgeo.com\/wp-content\/uploads\/2022\/10\/Eyr-product.jpg\" alt=\"GNSS\" class=\"Eyr\" \/><\/div>\n<h3><\/h3>\n<h3>Sat\u00e9lites de rastreamento mais potentes e maior capacidade anti-interfer\u00eancia<\/h3>\n<p>O Eyr \u00e9 equipado com o design exclusivo do produto SatLab e uma antena desenvolvida pela pr\u00f3pria empresa para uma opera\u00e7\u00e3o mais est\u00e1vel e eficiente. Al\u00e9m disso, um chip de placa-m\u00e3e altamente integrado com baixo consumo de energia, que suporta at\u00e9 1408\/1760 canais e uma plataforma SoC avan\u00e7ada, tamb\u00e9m s\u00e3o os principais recursos do Eyr.<\/p>\n<p>As vantagens do chip s\u00e3o a excelente configura\u00e7\u00e3o de hardware que suprime eficientemente os sinais de interfer\u00eancia e obt\u00e9m dados de observa\u00e7\u00e3o de maior qualidade de constela\u00e7\u00f5es de sat\u00e9lites.<\/p>\n<h3>Transceptor multiprotocolo com r\u00e1dio integrado<\/h3>\n<p>O r\u00e1dio multiprotocolo integrado transmite e recebe dados diferenciais compat\u00edveis com diversas marcas de links de dados de r\u00e1dio RTK.<\/p>\n<p>O m\u00f3dulo de r\u00e1dio desenvolvido por n\u00f3s permite que o Eyr n\u00e3o apenas tenha um bom desempenho em um alcance operacional t\u00edpico de 7 km ao ar livre, mas ainda melhor em condi\u00e7\u00f5es ideais de trabalho.<\/p>\n<h3>C\u00e2mera dupla HD para f\u00e1cil visualiza\u00e7\u00e3o de levantamentos de eleva\u00e7\u00e3o de edif\u00edcios e r\u00e1pida implanta\u00e7\u00e3o<\/h3>\n<p>Com base na tecnologia de processamento de imagem de alto desempenho do sistema Android, a c\u00e2mera de r\u00e9 de 5 megapixels, combinada com o controlador, captura coordenadas precisas em tempo real, em um intervalo de 2 a 15 metros e com uma precis\u00e3o de 2 a 4 cm.<\/p>\n<p>A c\u00e2mera de 2 MP na parte inferior permite a demarca\u00e7\u00e3o com visualiza\u00e7\u00e3o ao vivo em RA com precis\u00e3o de 2 cm, economizando tempo e esfor\u00e7o para alcan\u00e7ar o ponto de demarca\u00e7\u00e3o. Sem d\u00favida, a nova fun\u00e7\u00e3o de levantamento de imagens permite medi\u00e7\u00f5es sem contato, aumentando significativamente o alcance \u00fatil do GNSS para uma opera\u00e7\u00e3o eficiente e segura.<\/p>\n<h3>Suporte de software<\/h3>\n<p>O SatLab Satsurv \u00e9 o melhor companheiro para o receptor GNSS Eyr. O software profissional de levantamento de campo \u00e9 funcional e f\u00e1cil de usar, melhorando ainda mais o desempenho do Eyr.<br \/>\nO SGS \u00e9 um software de desktop vers\u00e1til para o p\u00f3s-processamento de dados de medi\u00e7\u00e3o, satisfazendo as necessidades dos usu\u00e1rios no tratamento de uma ampla gama de p\u00f3s-processamento de dados.<\/p>\n<p>Al\u00e9m disso, o tipo de resultado de dados de imagem obtido com o Eyr \u00e9 compat\u00edvel com os principais softwares de modelagem 3D de terceiros, como ContextCapture, DPSmart e Pix4D.<\/p>\n<p>O recurso de modelagem 3D faz da Eyr uma parceira perfeita para opera\u00e7\u00f5es colaborativas de UAV.<\/p>","protected":false},"excerpt":{"rendered":"<p>Equipado com c\u00e2meras duplas, o Eyr conta com medi\u00e7\u00e3o de imagem e demarca\u00e7\u00e3o visual, que n\u00e3o s\u00f3 oferecem uma ampla gama de solu\u00e7\u00f5es de medi\u00e7\u00e3o sem contato, como tamb\u00e9m tornam as opera\u00e7\u00f5es de demarca\u00e7\u00e3o intuitivas e simples. O design do RTK \u00e9 est\u00e9tico, por\u00e9m pr\u00e1tico, e o corpo leve e compacto o torna port\u00e1til e vers\u00e1til.<\/p>","protected":false},"featured_media":744,"comment_status":"open","ping_status":"closed","template":"","meta":{"_links_to":"","_links_to_target":""},"product_cat":[26],"product_tag":[],"yoast_head":"<!-- This site is optimized with the Yoast SEO plugin v19.8 - https:\/\/yoast.com\/wordpress\/plugins\/seo\/ -->\n<title>Eyr GNSS RTK System | Global Satellite Positioning Solutions | SatLab Geosolutions AB<\/title>\n<meta name=\"robots\" content=\"index, follow, max-snippet:-1, max-image-preview:large, max-video-preview:-1\" \/>\n<link rel=\"canonical\" href=\"https:\/\/www.satlabgeo.com\/pt\/product\/eyr-gnss-rtk-system\/\" \/>\n<meta property=\"og:locale\" content=\"pt_PT\" \/>\n<meta property=\"og:type\" content=\"article\" \/>\n<meta property=\"og:title\" content=\"Eyr GNSS RTK System | Global Satellite Positioning Solutions | SatLab Geosolutions AB\" \/>\n<meta property=\"og:description\" content=\"Equipped with dual cameras, the Eyr features image measurement and visual stakeout, which not only provide a wide range of contact-free measurement solutions but also make stakeout operations intuitive and simple. The design of the RTK is aesthetic but practical, and the pocket-sized and lightweight body makes it portable and versatile.\" \/>\n<meta property=\"og:url\" content=\"https:\/\/www.satlabgeo.com\/pt\/product\/eyr-gnss-rtk-system\/\" \/>\n<meta property=\"og:site_name\" content=\"Global Satellite Positioning Solutions | SatLab Geosolutions AB\" \/>\n<meta property=\"article:modified_time\" content=\"2025-09-23T06:47:15+00:00\" \/>\n<meta property=\"og:image\" content=\"https:\/\/www.satlabgeo.com\/wp-content\/uploads\/2022\/10\/Eyr-01.png\" \/>\n\t<meta property=\"og:image:width\" content=\"744\" \/>\n\t<meta property=\"og:image:height\" content=\"705\" \/>\n\t<meta property=\"og:image:type\" content=\"image\/png\" \/>\n<meta name=\"twitter:card\" content=\"summary_large_image\" \/>\n<meta name=\"twitter:label1\" content=\"Est. reading time\" \/>\n\t<meta name=\"twitter:data1\" content=\"2 minutos\" \/>\n<script type=\"application\/ld+json\" class=\"yoast-schema-graph\">{\"@context\":\"https:\/\/schema.org\",\"@graph\":[{\"@type\":\"WebPage\",\"@id\":\"https:\/\/www.satlabgeo.com\/product\/eyr-gnss-rtk-system\/\",\"url\":\"https:\/\/www.satlabgeo.com\/product\/eyr-gnss-rtk-system\/\",\"name\":\"Eyr GNSS RTK System | Global Satellite Positioning Solutions | SatLab Geosolutions AB\",\"isPartOf\":{\"@id\":\"https:\/\/www.satlabgeo.com\/#website\"},\"datePublished\":\"2022-10-11T02:42:11+00:00\",\"dateModified\":\"2025-09-23T06:47:15+00:00\",\"breadcrumb\":{\"@id\":\"https:\/\/www.satlabgeo.com\/product\/eyr-gnss-rtk-system\/#breadcrumb\"},\"inLanguage\":\"pt-PT\",\"potentialAction\":[{\"@type\":\"ReadAction\",\"target\":[\"https:\/\/www.satlabgeo.com\/product\/eyr-gnss-rtk-system\/\"]}]},{\"@type\":\"BreadcrumbList\",\"@id\":\"https:\/\/www.satlabgeo.com\/product\/eyr-gnss-rtk-system\/#breadcrumb\",\"itemListElement\":[{\"@type\":\"ListItem\",\"position\":1,\"name\":\"Home\",\"item\":\"https:\/\/www.satlabgeo.com\/\"},{\"@type\":\"ListItem\",\"position\":2,\"name\":\"Products\",\"item\":\"https:\/\/www.satlabgeo.com\/products\/\"},{\"@type\":\"ListItem\",\"position\":3,\"name\":\"Eyr GNSS RTK System\"}]},{\"@type\":\"WebSite\",\"@id\":\"https:\/\/www.satlabgeo.com\/#website\",\"url\":\"https:\/\/www.satlabgeo.com\/\",\"name\":\"Global Satellite Positioning Solutions | SatLab Geosolutions AB\",\"description\":\"\",\"publisher\":{\"@id\":\"https:\/\/www.satlabgeo.com\/#organization\"},\"potentialAction\":[{\"@type\":\"SearchAction\",\"target\":{\"@type\":\"EntryPoint\",\"urlTemplate\":\"https:\/\/www.satlabgeo.com\/?s={search_term_string}\"},\"query-input\":\"required name=search_term_string\"}],\"inLanguage\":\"pt-PT\"},{\"@type\":\"Organization\",\"@id\":\"https:\/\/www.satlabgeo.com\/#organization\",\"name\":\"Global Satellite Positioning Solutions | SatLab Geosolutions AB\",\"url\":\"https:\/\/www.satlabgeo.com\/\",\"sameAs\":[],\"logo\":{\"@type\":\"ImageObject\",\"inLanguage\":\"pt-PT\",\"@id\":\"https:\/\/www.satlabgeo.com\/#\/schema\/logo\/image\/\",\"url\":\"https:\/\/www.satlabgeo.com\/wp-content\/uploads\/2025\/08\/satlab-logo.webp\",\"contentUrl\":\"https:\/\/www.satlabgeo.com\/wp-content\/uploads\/2025\/08\/satlab-logo.webp\",\"width\":191,\"height\":48,\"caption\":\"Global Satellite Positioning Solutions | SatLab Geosolutions AB\"},\"image\":{\"@id\":\"https:\/\/www.satlabgeo.com\/#\/schema\/logo\/image\/\"}}]}<\/script>\n<!-- \/ Yoast SEO plugin. -->","yoast_head_json":{"title":"Eyr GNSS RTK System | Global Satellite Positioning Solutions | SatLab Geosolutions AB","robots":{"index":"index","follow":"follow","max-snippet":"max-snippet:-1","max-image-preview":"max-image-preview:large","max-video-preview":"max-video-preview:-1"},"canonical":"https:\/\/www.satlabgeo.com\/pt\/product\/eyr-gnss-rtk-system\/","og_locale":"pt_PT","og_type":"article","og_title":"Eyr GNSS RTK System | Global Satellite Positioning Solutions | SatLab Geosolutions AB","og_description":"Equipped with dual cameras, the Eyr features image measurement and visual stakeout, which not only provide a wide range of contact-free measurement solutions but also make stakeout operations intuitive and simple. The design of the RTK is aesthetic but practical, and the pocket-sized and lightweight body makes it portable and versatile.","og_url":"https:\/\/www.satlabgeo.com\/pt\/product\/eyr-gnss-rtk-system\/","og_site_name":"Global Satellite Positioning Solutions | SatLab Geosolutions AB","article_modified_time":"2025-09-23T06:47:15+00:00","og_image":[{"width":744,"height":705,"url":"https:\/\/www.satlabgeo.com\/wp-content\/uploads\/2022\/10\/Eyr-01.png","type":"image\/png"}],"twitter_card":"summary_large_image","twitter_misc":{"Est. reading time":"2 minutos"},"schema":{"@context":"https:\/\/schema.org","@graph":[{"@type":"WebPage","@id":"https:\/\/www.satlabgeo.com\/product\/eyr-gnss-rtk-system\/","url":"https:\/\/www.satlabgeo.com\/product\/eyr-gnss-rtk-system\/","name":"Eyr GNSS RTK System | Global Satellite Positioning Solutions | SatLab Geosolutions AB","isPartOf":{"@id":"https:\/\/www.satlabgeo.com\/#website"},"datePublished":"2022-10-11T02:42:11+00:00","dateModified":"2025-09-23T06:47:15+00:00","breadcrumb":{"@id":"https:\/\/www.satlabgeo.com\/product\/eyr-gnss-rtk-system\/#breadcrumb"},"inLanguage":"pt-PT","potentialAction":[{"@type":"ReadAction","target":["https:\/\/www.satlabgeo.com\/product\/eyr-gnss-rtk-system\/"]}]},{"@type":"BreadcrumbList","@id":"https:\/\/www.satlabgeo.com\/product\/eyr-gnss-rtk-system\/#breadcrumb","itemListElement":[{"@type":"ListItem","position":1,"name":"Home","item":"https:\/\/www.satlabgeo.com\/"},{"@type":"ListItem","position":2,"name":"Products","item":"https:\/\/www.satlabgeo.com\/products\/"},{"@type":"ListItem","position":3,"name":"Eyr GNSS RTK System"}]},{"@type":"WebSite","@id":"https:\/\/www.satlabgeo.com\/#website","url":"https:\/\/www.satlabgeo.com\/","name":"Global Satellite Positioning Solutions | SatLab Geosolutions AB","description":"","publisher":{"@id":"https:\/\/www.satlabgeo.com\/#organization"},"potentialAction":[{"@type":"SearchAction","target":{"@type":"EntryPoint","urlTemplate":"https:\/\/www.satlabgeo.com\/?s={search_term_string}"},"query-input":"required name=search_term_string"}],"inLanguage":"pt-PT"},{"@type":"Organization","@id":"https:\/\/www.satlabgeo.com\/#organization","name":"Global Satellite Positioning Solutions | SatLab Geosolutions AB","url":"https:\/\/www.satlabgeo.com\/","sameAs":[],"logo":{"@type":"ImageObject","inLanguage":"pt-PT","@id":"https:\/\/www.satlabgeo.com\/#\/schema\/logo\/image\/","url":"https:\/\/www.satlabgeo.com\/wp-content\/uploads\/2025\/08\/satlab-logo.webp","contentUrl":"https:\/\/www.satlabgeo.com\/wp-content\/uploads\/2025\/08\/satlab-logo.webp","width":191,"height":48,"caption":"Global Satellite Positioning Solutions | SatLab Geosolutions AB"},"image":{"@id":"https:\/\/www.satlabgeo.com\/#\/schema\/logo\/image\/"}}]}},"_links":{"self":[{"href":"https:\/\/www.satlabgeo.com\/pt\/wp-json\/wp\/v2\/product\/743"}],"collection":[{"href":"https:\/\/www.satlabgeo.com\/pt\/wp-json\/wp\/v2\/product"}],"about":[{"href":"https:\/\/www.satlabgeo.com\/pt\/wp-json\/wp\/v2\/types\/product"}],"replies":[{"embeddable":true,"href":"https:\/\/www.satlabgeo.com\/pt\/wp-json\/wp\/v2\/comments?post=743"}],"version-history":[{"count":4,"href":"https:\/\/www.satlabgeo.com\/pt\/wp-json\/wp\/v2\/product\/743\/revisions"}],"predecessor-version":[{"id":2867,"href":"https:\/\/www.satlabgeo.com\/pt\/wp-json\/wp\/v2\/product\/743\/revisions\/2867"}],"wp:featuredmedia":[{"embeddable":true,"href":"https:\/\/www.satlabgeo.com\/pt\/wp-json\/wp\/v2\/media\/744"}],"wp:attachment":[{"href":"https:\/\/www.satlabgeo.com\/pt\/wp-json\/wp\/v2\/media?parent=743"}],"wp:term":[{"taxonomy":"product_cat","embeddable":true,"href":"https:\/\/www.satlabgeo.com\/pt\/wp-json\/wp\/v2\/product_cat?post=743"},{"taxonomy":"product_tag","embeddable":true,"href":"https:\/\/www.satlabgeo.com\/pt\/wp-json\/wp\/v2\/product_tag?post=743"}],"curies":[{"name":"wp","href":"https:\/\/api.w.org\/{rel}","templated":true}]}}