{"id":734,"date":"2022-10-11T07:04:03","date_gmt":"2022-10-11T07:04:03","guid":{"rendered":"https:\/\/www.satlabgeo.com\/?post_type=product&#038;p=734"},"modified":"2024-06-21T07:00:55","modified_gmt":"2024-06-21T07:00:55","slug":"cygnus-handheld-slam-scanner","status":"publish","type":"product","link":"https:\/\/www.satlabgeo.com\/pt\/product\/cygnus-handheld-slam-scanner\/","title":{"rendered":"Scanner SLAM port\u00e1til Cygnus"},"content":{"rendered":"<div class=\"landscape\"><img decoding=\"async\" src=\"https:\/\/www.satlabgeo.com\/wp-content\/uploads\/2022\/10\/Cygnus-2560x896-1.jpg\" alt=\"Cisne\" class=\"aligncenter\" \/><\/div>\n<h3><\/h3>\n<p>Obten\u00e7\u00e3o de dados em qualquer \u00e1rea externa, interna, subterr\u00e2nea ou outra \u00e1rea muito obscura sem sinal GNSS.<\/p>\n<p>Processamento r\u00e1pido de dados em tempo real e visualiza\u00e7\u00e3o de dados.<\/p>\n<p>Suporte a m\u00faltiplas fun\u00e7\u00f5es de p\u00f3s-processamento de dados.<\/p>\n<p>Uso para minera\u00e7\u00e3o, silvicultura, digitaliza\u00e7\u00e3o subterr\u00e2nea, constru\u00e7\u00e3o e outros cen\u00e1rios ou ambientes de trabalho que exigem modelagem 3D.<\/p>\n<p>Montagem em drones, ve\u00edculos ou mochilas.<\/p>","protected":false},"excerpt":{"rendered":"<p>Um novo scanner 3D m\u00f3vel para sua efici\u00eancia. Combinando a mais recente tecnologia SLAM (Localiza\u00e7\u00e3o e Mapeamento Simult\u00e2neos) com os algoritmos mais eficientes e revolucion\u00e1rios, o Scanner LiDAR Port\u00e1til Cygnus oferece suporte e aux\u00edlio para aprimorar ao m\u00e1ximo a efici\u00eancia da aquisi\u00e7\u00e3o de dados de nuvem de pontos 3D.<\/p>","protected":false},"featured_media":735,"comment_status":"open","ping_status":"closed","template":"","meta":{"_links_to":"","_links_to_target":""},"product_cat":[22],"product_tag":[],"yoast_head":"<!-- This site is optimized with the Yoast SEO plugin v19.8 - https:\/\/yoast.com\/wordpress\/plugins\/seo\/ -->\n<title>Cygnus Handheld SLAM Scanner | Global Satellite Positioning Solutions | SatLab Geosolutions AB<\/title>\n<meta name=\"robots\" content=\"index, follow, max-snippet:-1, max-image-preview:large, max-video-preview:-1\" \/>\n<link rel=\"canonical\" href=\"https:\/\/www.satlabgeo.com\/pt\/product\/cygnus-handheld-slam-scanner\/\" \/>\n<meta property=\"og:locale\" content=\"pt_PT\" \/>\n<meta property=\"og:type\" content=\"article\" \/>\n<meta property=\"og:title\" content=\"Cygnus Handheld SLAM Scanner | Global Satellite Positioning Solutions | SatLab Geosolutions AB\" \/>\n<meta property=\"og:description\" content=\"A new mobile 3D scanner for your efficiency. By combining the latest SLAM (Simultaneous Localization And Mapping) technology with the most efficient and revolutionary algorithms, the Cygnus Handheld LiDAR Scanner supports and assists you in improving 3D point cloud data acquisition efficiency to the fullest.\" \/>\n<meta property=\"og:url\" content=\"https:\/\/www.satlabgeo.com\/pt\/product\/cygnus-handheld-slam-scanner\/\" \/>\n<meta property=\"og:site_name\" content=\"Global Satellite Positioning Solutions | SatLab Geosolutions AB\" \/>\n<meta property=\"article:modified_time\" content=\"2024-06-21T07:00:55+00:00\" \/>\n<meta property=\"og:image\" content=\"https:\/\/www.satlabgeo.com\/wp-content\/uploads\/2022\/10\/Cygnus-4.png\" \/>\n\t<meta property=\"og:image:width\" content=\"744\" \/>\n\t<meta property=\"og:image:height\" content=\"705\" \/>\n\t<meta property=\"og:image:type\" content=\"image\/png\" \/>\n<meta name=\"twitter:card\" content=\"summary_large_image\" \/>\n<meta name=\"twitter:label1\" content=\"Est. reading time\" \/>\n\t<meta name=\"twitter:data1\" content=\"1 minuto\" \/>\n<script type=\"application\/ld+json\" class=\"yoast-schema-graph\">{\"@context\":\"https:\/\/schema.org\",\"@graph\":[{\"@type\":\"WebPage\",\"@id\":\"https:\/\/www.satlabgeo.com\/product\/cygnus-handheld-slam-scanner\/\",\"url\":\"https:\/\/www.satlabgeo.com\/product\/cygnus-handheld-slam-scanner\/\",\"name\":\"Cygnus Handheld SLAM Scanner | Global Satellite Positioning Solutions | SatLab Geosolutions AB\",\"isPartOf\":{\"@id\":\"https:\/\/www.satlabgeo.com\/#website\"},\"datePublished\":\"2022-10-11T07:04:03+00:00\",\"dateModified\":\"2024-06-21T07:00:55+00:00\",\"breadcrumb\":{\"@id\":\"https:\/\/www.satlabgeo.com\/product\/cygnus-handheld-slam-scanner\/#breadcrumb\"},\"inLanguage\":\"pt-PT\",\"potentialAction\":[{\"@type\":\"ReadAction\",\"target\":[\"https:\/\/www.satlabgeo.com\/product\/cygnus-handheld-slam-scanner\/\"]}]},{\"@type\":\"BreadcrumbList\",\"@id\":\"https:\/\/www.satlabgeo.com\/product\/cygnus-handheld-slam-scanner\/#breadcrumb\",\"itemListElement\":[{\"@type\":\"ListItem\",\"position\":1,\"name\":\"Home\",\"item\":\"https:\/\/www.satlabgeo.com\/\"},{\"@type\":\"ListItem\",\"position\":2,\"name\":\"Products\",\"item\":\"https:\/\/www.satlabgeo.com\/products\/\"},{\"@type\":\"ListItem\",\"position\":3,\"name\":\"Cygnus Handheld SLAM Scanner\"}]},{\"@type\":\"WebSite\",\"@id\":\"https:\/\/www.satlabgeo.com\/#website\",\"url\":\"https:\/\/www.satlabgeo.com\/\",\"name\":\"Global Satellite Positioning Solutions | SatLab Geosolutions AB\",\"description\":\"\",\"publisher\":{\"@id\":\"https:\/\/www.satlabgeo.com\/#organization\"},\"potentialAction\":[{\"@type\":\"SearchAction\",\"target\":{\"@type\":\"EntryPoint\",\"urlTemplate\":\"https:\/\/www.satlabgeo.com\/?s={search_term_string}\"},\"query-input\":\"required name=search_term_string\"}],\"inLanguage\":\"pt-PT\"},{\"@type\":\"Organization\",\"@id\":\"https:\/\/www.satlabgeo.com\/#organization\",\"name\":\"Global Satellite Positioning Solutions | SatLab Geosolutions AB\",\"url\":\"https:\/\/www.satlabgeo.com\/\",\"sameAs\":[],\"logo\":{\"@type\":\"ImageObject\",\"inLanguage\":\"pt-PT\",\"@id\":\"https:\/\/www.satlabgeo.com\/#\/schema\/logo\/image\/\",\"url\":\"https:\/\/www.satlabgeo.com\/wp-content\/uploads\/2025\/08\/satlab-logo.webp\",\"contentUrl\":\"https:\/\/www.satlabgeo.com\/wp-content\/uploads\/2025\/08\/satlab-logo.webp\",\"width\":191,\"height\":48,\"caption\":\"Global Satellite Positioning Solutions | SatLab Geosolutions AB\"},\"image\":{\"@id\":\"https:\/\/www.satlabgeo.com\/#\/schema\/logo\/image\/\"}}]}<\/script>\n<!-- \/ Yoast SEO plugin. -->","yoast_head_json":{"title":"Cygnus Handheld SLAM Scanner | Global Satellite Positioning Solutions | SatLab Geosolutions AB","robots":{"index":"index","follow":"follow","max-snippet":"max-snippet:-1","max-image-preview":"max-image-preview:large","max-video-preview":"max-video-preview:-1"},"canonical":"https:\/\/www.satlabgeo.com\/pt\/product\/cygnus-handheld-slam-scanner\/","og_locale":"pt_PT","og_type":"article","og_title":"Cygnus Handheld SLAM Scanner | Global Satellite Positioning Solutions | SatLab Geosolutions AB","og_description":"A new mobile 3D scanner for your efficiency. By combining the latest SLAM (Simultaneous Localization And Mapping) technology with the most efficient and revolutionary algorithms, the Cygnus Handheld LiDAR Scanner supports and assists you in improving 3D point cloud data acquisition efficiency to the fullest.","og_url":"https:\/\/www.satlabgeo.com\/pt\/product\/cygnus-handheld-slam-scanner\/","og_site_name":"Global Satellite Positioning Solutions | SatLab Geosolutions AB","article_modified_time":"2024-06-21T07:00:55+00:00","og_image":[{"width":744,"height":705,"url":"https:\/\/www.satlabgeo.com\/wp-content\/uploads\/2022\/10\/Cygnus-4.png","type":"image\/png"}],"twitter_card":"summary_large_image","twitter_misc":{"Est. reading time":"1 minuto"},"schema":{"@context":"https:\/\/schema.org","@graph":[{"@type":"WebPage","@id":"https:\/\/www.satlabgeo.com\/product\/cygnus-handheld-slam-scanner\/","url":"https:\/\/www.satlabgeo.com\/product\/cygnus-handheld-slam-scanner\/","name":"Cygnus Handheld SLAM Scanner | Global Satellite Positioning Solutions | SatLab Geosolutions AB","isPartOf":{"@id":"https:\/\/www.satlabgeo.com\/#website"},"datePublished":"2022-10-11T07:04:03+00:00","dateModified":"2024-06-21T07:00:55+00:00","breadcrumb":{"@id":"https:\/\/www.satlabgeo.com\/product\/cygnus-handheld-slam-scanner\/#breadcrumb"},"inLanguage":"pt-PT","potentialAction":[{"@type":"ReadAction","target":["https:\/\/www.satlabgeo.com\/product\/cygnus-handheld-slam-scanner\/"]}]},{"@type":"BreadcrumbList","@id":"https:\/\/www.satlabgeo.com\/product\/cygnus-handheld-slam-scanner\/#breadcrumb","itemListElement":[{"@type":"ListItem","position":1,"name":"Home","item":"https:\/\/www.satlabgeo.com\/"},{"@type":"ListItem","position":2,"name":"Products","item":"https:\/\/www.satlabgeo.com\/products\/"},{"@type":"ListItem","position":3,"name":"Cygnus Handheld SLAM Scanner"}]},{"@type":"WebSite","@id":"https:\/\/www.satlabgeo.com\/#website","url":"https:\/\/www.satlabgeo.com\/","name":"Global Satellite Positioning Solutions | SatLab Geosolutions AB","description":"","publisher":{"@id":"https:\/\/www.satlabgeo.com\/#organization"},"potentialAction":[{"@type":"SearchAction","target":{"@type":"EntryPoint","urlTemplate":"https:\/\/www.satlabgeo.com\/?s={search_term_string}"},"query-input":"required name=search_term_string"}],"inLanguage":"pt-PT"},{"@type":"Organization","@id":"https:\/\/www.satlabgeo.com\/#organization","name":"Global Satellite Positioning Solutions | SatLab Geosolutions AB","url":"https:\/\/www.satlabgeo.com\/","sameAs":[],"logo":{"@type":"ImageObject","inLanguage":"pt-PT","@id":"https:\/\/www.satlabgeo.com\/#\/schema\/logo\/image\/","url":"https:\/\/www.satlabgeo.com\/wp-content\/uploads\/2025\/08\/satlab-logo.webp","contentUrl":"https:\/\/www.satlabgeo.com\/wp-content\/uploads\/2025\/08\/satlab-logo.webp","width":191,"height":48,"caption":"Global Satellite Positioning Solutions | SatLab Geosolutions AB"},"image":{"@id":"https:\/\/www.satlabgeo.com\/#\/schema\/logo\/image\/"}}]}},"_links":{"self":[{"href":"https:\/\/www.satlabgeo.com\/pt\/wp-json\/wp\/v2\/product\/734"}],"collection":[{"href":"https:\/\/www.satlabgeo.com\/pt\/wp-json\/wp\/v2\/product"}],"about":[{"href":"https:\/\/www.satlabgeo.com\/pt\/wp-json\/wp\/v2\/types\/product"}],"replies":[{"embeddable":true,"href":"https:\/\/www.satlabgeo.com\/pt\/wp-json\/wp\/v2\/comments?post=734"}],"version-history":[{"count":1,"href":"https:\/\/www.satlabgeo.com\/pt\/wp-json\/wp\/v2\/product\/734\/revisions"}],"predecessor-version":[{"id":756,"href":"https:\/\/www.satlabgeo.com\/pt\/wp-json\/wp\/v2\/product\/734\/revisions\/756"}],"wp:featuredmedia":[{"embeddable":true,"href":"https:\/\/www.satlabgeo.com\/pt\/wp-json\/wp\/v2\/media\/735"}],"wp:attachment":[{"href":"https:\/\/www.satlabgeo.com\/pt\/wp-json\/wp\/v2\/media?parent=734"}],"wp:term":[{"taxonomy":"product_cat","embeddable":true,"href":"https:\/\/www.satlabgeo.com\/pt\/wp-json\/wp\/v2\/product_cat?post=734"},{"taxonomy":"product_tag","embeddable":true,"href":"https:\/\/www.satlabgeo.com\/pt\/wp-json\/wp\/v2\/product_tag?post=734"}],"curies":[{"name":"wp","href":"https:\/\/api.w.org\/{rel}","templated":true}]}}