{"id":704,"date":"2022-09-28T01:37:45","date_gmt":"2022-09-28T01:37:45","guid":{"rendered":"https:\/\/www.satlabgeo.com\/?post_type=product&#038;p=704"},"modified":"2025-08-15T07:54:57","modified_gmt":"2025-08-15T07:54:57","slug":"hydroflow","status":"publish","type":"product","link":"https:\/\/www.satlabgeo.com\/pt\/product\/hydroflow\/","title":{"rendered":"Perfilador de Corrente Doppler Ac\u00fastico HydroFlow"},"content":{"rendered":"<div class=\"landscape\"><img decoding=\"async\" src=\"https:\/\/www.satlabgeo.com\/wp-content\/uploads\/2022\/09\/ADCP-1.jpg\" alt=\"ADCP\" \/><\/div>\n<h3><\/h3>\n<h3>V\u00e1rios sensores integrados<\/h3>\n<p>Integrando o girosc\u00f3pio, a temperatura, a press\u00e3o e o sensor de inclina\u00e7\u00e3o, o HydroFlow 600\/1200 oferece m\u00faltiplas fontes de informa\u00e7\u00f5es para refer\u00eancia de opera\u00e7\u00e3o.<\/p>\n<h3>Longo alcance de perfil de v\u00e1rias c\u00e9lulas<\/h3>\n<p>A frequ\u00eancia de trabalho de 600 Hz amplia o alcance de medi\u00e7\u00e3o de corrente para at\u00e9 75 metros (Hydro-FLow1200 at\u00e9 25 m) com um m\u00e1ximo de 256 c\u00e9lulas.<\/p>\n<h3>Medi\u00e7\u00e3o de corrente de alta precis\u00e3o<\/h3>\n<p>Com o suporte da tecnologia de processamento de sinal de banda larga, o n\u00edvel antirru\u00eddo foi aprimorado, enquanto a precis\u00e3o da medi\u00e7\u00e3o atual pode ser de at\u00e9 0,25 \u00b10,25 cm\/s.<\/p>\n<h3>Software f\u00e1cil de usar<\/h3>\n<p>O fluxo de trabalho claro do software e a interface do usu\u00e1rio diminuem a curva de aprendizado, tornando-o f\u00e1cil de usar.<\/p>","protected":false},"excerpt":{"rendered":"<p>O Perfilador de Corrente Ac\u00fastico Doppler (ADCP) de leitura direta da s\u00e9rie HydroFlow \u00e9 um sistema de perfil de corrente preciso e f\u00e1cil de usar, que pode ser implantado em plataformas flex\u00edveis: trimar\u00e3s, UVS, b\u00f3ias, montagem no fundo do mar, entre outras. Oferecendo medi\u00e7\u00f5es precisas com alcance de 75 m\/25 m, o HydroFlow 600\/1200 pode ser amplamente utilizado para monitoramento e levantamento de descargas em rios, canais, offshore e outros projetos de engenharia.<\/p>","protected":false},"featured_media":705,"comment_status":"open","ping_status":"closed","template":"","meta":{"_links_to":"","_links_to_target":""},"product_cat":[73],"product_tag":[],"yoast_head":"<!-- This site is optimized with the Yoast SEO plugin v19.8 - https:\/\/yoast.com\/wordpress\/plugins\/seo\/ -->\n<title>HydroFlow ADCP | SatLab<\/title>\n<meta name=\"description\" content=\"Providing accurate measurement with 75m\/25m range, the ADCP 600\/ 1200 can be widely used for monitoring and surveying discharge of rivers, canal, ect.\" \/>\n<meta name=\"robots\" content=\"index, follow, max-snippet:-1, max-image-preview:large, max-video-preview:-1\" \/>\n<link rel=\"canonical\" href=\"https:\/\/www.satlabgeo.com\/pt\/product\/hydroflow\/\" \/>\n<meta property=\"og:locale\" content=\"pt_PT\" \/>\n<meta property=\"og:type\" content=\"article\" \/>\n<meta property=\"og:title\" content=\"HydroFlow ADCP | SatLab\" \/>\n<meta property=\"og:description\" content=\"Providing accurate measurement with 75m\/25m range, the ADCP 600\/ 1200 can be widely used for monitoring and surveying discharge of rivers, canal, ect.\" \/>\n<meta property=\"og:url\" content=\"https:\/\/www.satlabgeo.com\/pt\/product\/hydroflow\/\" \/>\n<meta property=\"og:site_name\" content=\"Global Satellite Positioning Solutions | SatLab Geosolutions AB\" \/>\n<meta property=\"article:modified_time\" content=\"2025-08-15T07:54:57+00:00\" \/>\n<meta property=\"og:image\" content=\"https:\/\/www.satlabgeo.com\/wp-content\/uploads\/2022\/09\/HydroFlow-600-2.png\" \/>\n\t<meta property=\"og:image:width\" content=\"744\" \/>\n\t<meta property=\"og:image:height\" content=\"705\" \/>\n\t<meta property=\"og:image:type\" content=\"image\/png\" \/>\n<meta name=\"twitter:card\" content=\"summary_large_image\" \/>\n<meta name=\"twitter:label1\" content=\"Est. reading time\" \/>\n\t<meta name=\"twitter:data1\" content=\"1 minuto\" \/>\n<script type=\"application\/ld+json\" class=\"yoast-schema-graph\">{\"@context\":\"https:\/\/schema.org\",\"@graph\":[{\"@type\":\"WebPage\",\"@id\":\"https:\/\/www.satlabgeo.com\/product\/hydroflow\/\",\"url\":\"https:\/\/www.satlabgeo.com\/product\/hydroflow\/\",\"name\":\"HydroFlow ADCP | SatLab\",\"isPartOf\":{\"@id\":\"https:\/\/www.satlabgeo.com\/#website\"},\"datePublished\":\"2022-09-28T01:37:45+00:00\",\"dateModified\":\"2025-08-15T07:54:57+00:00\",\"description\":\"Providing accurate measurement with 75m\/25m range, the ADCP 600\/ 1200 can be widely used for monitoring and surveying discharge of rivers, canal, ect.\",\"breadcrumb\":{\"@id\":\"https:\/\/www.satlabgeo.com\/product\/hydroflow\/#breadcrumb\"},\"inLanguage\":\"pt-PT\",\"potentialAction\":[{\"@type\":\"ReadAction\",\"target\":[\"https:\/\/www.satlabgeo.com\/product\/hydroflow\/\"]}]},{\"@type\":\"BreadcrumbList\",\"@id\":\"https:\/\/www.satlabgeo.com\/product\/hydroflow\/#breadcrumb\",\"itemListElement\":[{\"@type\":\"ListItem\",\"position\":1,\"name\":\"Home\",\"item\":\"https:\/\/www.satlabgeo.com\/\"},{\"@type\":\"ListItem\",\"position\":2,\"name\":\"Products\",\"item\":\"https:\/\/www.satlabgeo.com\/products\/\"},{\"@type\":\"ListItem\",\"position\":3,\"name\":\"HydroFlow Acoustic Doppler Current Profiler\"}]},{\"@type\":\"WebSite\",\"@id\":\"https:\/\/www.satlabgeo.com\/#website\",\"url\":\"https:\/\/www.satlabgeo.com\/\",\"name\":\"Global Satellite Positioning Solutions | SatLab Geosolutions AB\",\"description\":\"\",\"publisher\":{\"@id\":\"https:\/\/www.satlabgeo.com\/#organization\"},\"potentialAction\":[{\"@type\":\"SearchAction\",\"target\":{\"@type\":\"EntryPoint\",\"urlTemplate\":\"https:\/\/www.satlabgeo.com\/?s={search_term_string}\"},\"query-input\":\"required name=search_term_string\"}],\"inLanguage\":\"pt-PT\"},{\"@type\":\"Organization\",\"@id\":\"https:\/\/www.satlabgeo.com\/#organization\",\"name\":\"Global Satellite Positioning Solutions | SatLab Geosolutions AB\",\"url\":\"https:\/\/www.satlabgeo.com\/\",\"sameAs\":[],\"logo\":{\"@type\":\"ImageObject\",\"inLanguage\":\"pt-PT\",\"@id\":\"https:\/\/www.satlabgeo.com\/#\/schema\/logo\/image\/\",\"url\":\"https:\/\/www.satlabgeo.com\/wp-content\/uploads\/2025\/08\/satlab-logo.webp\",\"contentUrl\":\"https:\/\/www.satlabgeo.com\/wp-content\/uploads\/2025\/08\/satlab-logo.webp\",\"width\":191,\"height\":48,\"caption\":\"Global Satellite Positioning Solutions | SatLab Geosolutions AB\"},\"image\":{\"@id\":\"https:\/\/www.satlabgeo.com\/#\/schema\/logo\/image\/\"}}]}<\/script>\n<!-- \/ Yoast SEO plugin. -->","yoast_head_json":{"title":"HydroFlow ADCP | SatLab","description":"Providing accurate measurement with 75m\/25m range, the ADCP 600\/ 1200 can be widely used for monitoring and surveying discharge of rivers, canal, ect.","robots":{"index":"index","follow":"follow","max-snippet":"max-snippet:-1","max-image-preview":"max-image-preview:large","max-video-preview":"max-video-preview:-1"},"canonical":"https:\/\/www.satlabgeo.com\/pt\/product\/hydroflow\/","og_locale":"pt_PT","og_type":"article","og_title":"HydroFlow ADCP | SatLab","og_description":"Providing accurate measurement with 75m\/25m range, the ADCP 600\/ 1200 can be widely used for monitoring and surveying discharge of rivers, canal, ect.","og_url":"https:\/\/www.satlabgeo.com\/pt\/product\/hydroflow\/","og_site_name":"Global Satellite Positioning Solutions | SatLab Geosolutions AB","article_modified_time":"2025-08-15T07:54:57+00:00","og_image":[{"width":744,"height":705,"url":"https:\/\/www.satlabgeo.com\/wp-content\/uploads\/2022\/09\/HydroFlow-600-2.png","type":"image\/png"}],"twitter_card":"summary_large_image","twitter_misc":{"Est. reading time":"1 minuto"},"schema":{"@context":"https:\/\/schema.org","@graph":[{"@type":"WebPage","@id":"https:\/\/www.satlabgeo.com\/product\/hydroflow\/","url":"https:\/\/www.satlabgeo.com\/product\/hydroflow\/","name":"HydroFlow ADCP | SatLab","isPartOf":{"@id":"https:\/\/www.satlabgeo.com\/#website"},"datePublished":"2022-09-28T01:37:45+00:00","dateModified":"2025-08-15T07:54:57+00:00","description":"Providing accurate measurement with 75m\/25m range, the ADCP 600\/ 1200 can be widely used for monitoring and surveying discharge of rivers, canal, ect.","breadcrumb":{"@id":"https:\/\/www.satlabgeo.com\/product\/hydroflow\/#breadcrumb"},"inLanguage":"pt-PT","potentialAction":[{"@type":"ReadAction","target":["https:\/\/www.satlabgeo.com\/product\/hydroflow\/"]}]},{"@type":"BreadcrumbList","@id":"https:\/\/www.satlabgeo.com\/product\/hydroflow\/#breadcrumb","itemListElement":[{"@type":"ListItem","position":1,"name":"Home","item":"https:\/\/www.satlabgeo.com\/"},{"@type":"ListItem","position":2,"name":"Products","item":"https:\/\/www.satlabgeo.com\/products\/"},{"@type":"ListItem","position":3,"name":"HydroFlow Acoustic Doppler Current Profiler"}]},{"@type":"WebSite","@id":"https:\/\/www.satlabgeo.com\/#website","url":"https:\/\/www.satlabgeo.com\/","name":"Global Satellite Positioning Solutions | SatLab Geosolutions AB","description":"","publisher":{"@id":"https:\/\/www.satlabgeo.com\/#organization"},"potentialAction":[{"@type":"SearchAction","target":{"@type":"EntryPoint","urlTemplate":"https:\/\/www.satlabgeo.com\/?s={search_term_string}"},"query-input":"required name=search_term_string"}],"inLanguage":"pt-PT"},{"@type":"Organization","@id":"https:\/\/www.satlabgeo.com\/#organization","name":"Global Satellite Positioning Solutions | SatLab Geosolutions AB","url":"https:\/\/www.satlabgeo.com\/","sameAs":[],"logo":{"@type":"ImageObject","inLanguage":"pt-PT","@id":"https:\/\/www.satlabgeo.com\/#\/schema\/logo\/image\/","url":"https:\/\/www.satlabgeo.com\/wp-content\/uploads\/2025\/08\/satlab-logo.webp","contentUrl":"https:\/\/www.satlabgeo.com\/wp-content\/uploads\/2025\/08\/satlab-logo.webp","width":191,"height":48,"caption":"Global Satellite Positioning Solutions | SatLab Geosolutions AB"},"image":{"@id":"https:\/\/www.satlabgeo.com\/#\/schema\/logo\/image\/"}}]}},"_links":{"self":[{"href":"https:\/\/www.satlabgeo.com\/pt\/wp-json\/wp\/v2\/product\/704"}],"collection":[{"href":"https:\/\/www.satlabgeo.com\/pt\/wp-json\/wp\/v2\/product"}],"about":[{"href":"https:\/\/www.satlabgeo.com\/pt\/wp-json\/wp\/v2\/types\/product"}],"replies":[{"embeddable":true,"href":"https:\/\/www.satlabgeo.com\/pt\/wp-json\/wp\/v2\/comments?post=704"}],"version-history":[{"count":2,"href":"https:\/\/www.satlabgeo.com\/pt\/wp-json\/wp\/v2\/product\/704\/revisions"}],"predecessor-version":[{"id":2815,"href":"https:\/\/www.satlabgeo.com\/pt\/wp-json\/wp\/v2\/product\/704\/revisions\/2815"}],"wp:featuredmedia":[{"embeddable":true,"href":"https:\/\/www.satlabgeo.com\/pt\/wp-json\/wp\/v2\/media\/705"}],"wp:attachment":[{"href":"https:\/\/www.satlabgeo.com\/pt\/wp-json\/wp\/v2\/media?parent=704"}],"wp:term":[{"taxonomy":"product_cat","embeddable":true,"href":"https:\/\/www.satlabgeo.com\/pt\/wp-json\/wp\/v2\/product_cat?post=704"},{"taxonomy":"product_tag","embeddable":true,"href":"https:\/\/www.satlabgeo.com\/pt\/wp-json\/wp\/v2\/product_tag?post=704"}],"curies":[{"name":"wp","href":"https:\/\/api.w.org\/{rel}","templated":true}]}}