{"id":688,"date":"2022-09-28T01:16:30","date_gmt":"2022-09-28T01:16:30","guid":{"rendered":"https:\/\/www.satlabgeo.com\/?post_type=product&#038;p=688"},"modified":"2025-04-23T09:17:05","modified_gmt":"2025-04-23T09:17:05","slug":"njord-gnss-receiver","status":"publish","type":"product","link":"https:\/\/www.satlabgeo.com\/pt\/product\/njord-gnss-receiver\/","title":{"rendered":"Receptor GNSS de posicionamento e dire\u00e7\u00e3o Njord"},"content":{"rendered":"<div class=\"landscape\"><img decoding=\"async\" src=\"https:\/\/www.satlabgeo.com\/wp-content\/uploads\/2022\/09\/Njord-1.jpg\" alt=\"GNSS\" class=\"aligncenter\" \/><\/div>\n<h3><\/h3>\n<h3>Motor GNSS RTK avan\u00e7ado<\/h3>\n<p>Compartilhado com a mesma plataforma do mecanismo GNSS mais avan\u00e7ado do Satlab, seu gerenciamento flex\u00edvel de sinal de sat\u00e9lite ajuda voc\u00ea a obter solu\u00e7\u00f5es mais precisas e fornece desempenho 20% melhor para posi\u00e7\u00e3o e dire\u00e7\u00e3o em ambientes GNSS desafiadores.<\/p>\n<h3>F\u00e1cil opera\u00e7\u00e3o e conex\u00e3o<\/h3>\n<p>O status e a opera\u00e7\u00e3o podem ser facilmente feitos pelo painel de controle na parte frontal, enquanto h\u00e1 muitas portas f\u00edsicas para enviar os dados necess\u00e1rios para diferentes prop\u00f3sitos na parte traseira.<\/p>\n<h3>Energia de reserva para ambientes adversos<\/h3>\n<p>Energia com dura\u00e7\u00e3o de tr\u00eas horas reservada no receptor como fonte de reserva para dar suporte ao trabalho em caso de emerg\u00eancia quando a energia externa for suspensa inesperadamente.<\/p>","protected":false},"excerpt":{"rendered":"<p>O Njord \u00e9 um receptor multi-GNSS, multifrequ\u00eancia, de posi\u00e7\u00e3o e dire\u00e7\u00e3o de \u00faltima gera\u00e7\u00e3o da SatLab, projetado especificamente para aplica\u00e7\u00f5es mar\u00edtimas e de constru\u00e7\u00e3o, com capacidade de corre\u00e7\u00e3o de banda L e m\u00faltiplas interfaces de E\/S para comunica\u00e7\u00e3o de dados vers\u00e1til.<\/p>","protected":false},"featured_media":689,"comment_status":"open","ping_status":"closed","template":"","meta":{"_links_to":"","_links_to_target":""},"product_cat":[73],"product_tag":[],"yoast_head":"<!-- This site is optimized with the Yoast SEO plugin v19.8 - https:\/\/yoast.com\/wordpress\/plugins\/seo\/ -->\n<title>Njord GNSS Receiver | SatLab<\/title>\n<meta name=\"description\" content=\"The Njord is a next-generation multi-GNSS, multi-frequency positioning and heading receiver purpose-built for marine and construction applications.\" \/>\n<meta name=\"robots\" content=\"index, follow, max-snippet:-1, max-image-preview:large, max-video-preview:-1\" \/>\n<link rel=\"canonical\" href=\"https:\/\/www.satlabgeo.com\/pt\/product\/njord-gnss-receiver\/\" \/>\n<meta property=\"og:locale\" content=\"pt_PT\" \/>\n<meta property=\"og:type\" content=\"article\" \/>\n<meta property=\"og:title\" content=\"Njord GNSS Receiver | SatLab\" \/>\n<meta property=\"og:description\" content=\"The Njord is a next-generation multi-GNSS, multi-frequency positioning and heading receiver purpose-built for marine and construction applications.\" \/>\n<meta property=\"og:url\" content=\"https:\/\/www.satlabgeo.com\/pt\/product\/njord-gnss-receiver\/\" \/>\n<meta property=\"og:site_name\" content=\"Global Satellite Positioning Solutions | SatLab Geosolutions AB\" \/>\n<meta property=\"article:modified_time\" content=\"2025-04-23T09:17:05+00:00\" \/>\n<meta property=\"og:image\" content=\"https:\/\/www.satlabgeo.com\/wp-content\/uploads\/2022\/09\/Njord-01.png\" \/>\n\t<meta property=\"og:image:width\" content=\"800\" \/>\n\t<meta property=\"og:image:height\" content=\"800\" \/>\n\t<meta property=\"og:image:type\" content=\"image\/png\" \/>\n<meta name=\"twitter:card\" content=\"summary_large_image\" \/>\n<meta name=\"twitter:label1\" content=\"Est. reading time\" \/>\n\t<meta name=\"twitter:data1\" content=\"1 minuto\" \/>\n<script type=\"application\/ld+json\" class=\"yoast-schema-graph\">{\"@context\":\"https:\/\/schema.org\",\"@graph\":[{\"@type\":\"WebPage\",\"@id\":\"https:\/\/www.satlabgeo.com\/product\/njord-gnss-receiver\/\",\"url\":\"https:\/\/www.satlabgeo.com\/product\/njord-gnss-receiver\/\",\"name\":\"Njord GNSS Receiver | SatLab\",\"isPartOf\":{\"@id\":\"https:\/\/www.satlabgeo.com\/#website\"},\"datePublished\":\"2022-09-28T01:16:30+00:00\",\"dateModified\":\"2025-04-23T09:17:05+00:00\",\"description\":\"The Njord is a next-generation multi-GNSS, multi-frequency positioning and heading receiver purpose-built for marine and construction applications.\",\"breadcrumb\":{\"@id\":\"https:\/\/www.satlabgeo.com\/product\/njord-gnss-receiver\/#breadcrumb\"},\"inLanguage\":\"pt-PT\",\"potentialAction\":[{\"@type\":\"ReadAction\",\"target\":[\"https:\/\/www.satlabgeo.com\/product\/njord-gnss-receiver\/\"]}]},{\"@type\":\"BreadcrumbList\",\"@id\":\"https:\/\/www.satlabgeo.com\/product\/njord-gnss-receiver\/#breadcrumb\",\"itemListElement\":[{\"@type\":\"ListItem\",\"position\":1,\"name\":\"Home\",\"item\":\"https:\/\/www.satlabgeo.com\/\"},{\"@type\":\"ListItem\",\"position\":2,\"name\":\"Products\",\"item\":\"https:\/\/www.satlabgeo.com\/products\/\"},{\"@type\":\"ListItem\",\"position\":3,\"name\":\"Njord Positioning and Heading GNSS Receiver\"}]},{\"@type\":\"WebSite\",\"@id\":\"https:\/\/www.satlabgeo.com\/#website\",\"url\":\"https:\/\/www.satlabgeo.com\/\",\"name\":\"Global Satellite Positioning Solutions | SatLab Geosolutions AB\",\"description\":\"\",\"publisher\":{\"@id\":\"https:\/\/www.satlabgeo.com\/#organization\"},\"potentialAction\":[{\"@type\":\"SearchAction\",\"target\":{\"@type\":\"EntryPoint\",\"urlTemplate\":\"https:\/\/www.satlabgeo.com\/?s={search_term_string}\"},\"query-input\":\"required name=search_term_string\"}],\"inLanguage\":\"pt-PT\"},{\"@type\":\"Organization\",\"@id\":\"https:\/\/www.satlabgeo.com\/#organization\",\"name\":\"Global Satellite Positioning Solutions | SatLab Geosolutions AB\",\"url\":\"https:\/\/www.satlabgeo.com\/\",\"sameAs\":[],\"logo\":{\"@type\":\"ImageObject\",\"inLanguage\":\"pt-PT\",\"@id\":\"https:\/\/www.satlabgeo.com\/#\/schema\/logo\/image\/\",\"url\":\"https:\/\/www.satlabgeo.com\/wp-content\/uploads\/2025\/08\/satlab-logo.webp\",\"contentUrl\":\"https:\/\/www.satlabgeo.com\/wp-content\/uploads\/2025\/08\/satlab-logo.webp\",\"width\":191,\"height\":48,\"caption\":\"Global Satellite Positioning Solutions | SatLab Geosolutions AB\"},\"image\":{\"@id\":\"https:\/\/www.satlabgeo.com\/#\/schema\/logo\/image\/\"}}]}<\/script>\n<!-- \/ Yoast SEO plugin. -->","yoast_head_json":{"title":"Njord GNSS Receiver | SatLab","description":"The Njord is a next-generation multi-GNSS, multi-frequency positioning and heading receiver purpose-built for marine and construction applications.","robots":{"index":"index","follow":"follow","max-snippet":"max-snippet:-1","max-image-preview":"max-image-preview:large","max-video-preview":"max-video-preview:-1"},"canonical":"https:\/\/www.satlabgeo.com\/pt\/product\/njord-gnss-receiver\/","og_locale":"pt_PT","og_type":"article","og_title":"Njord GNSS Receiver | SatLab","og_description":"The Njord is a next-generation multi-GNSS, multi-frequency positioning and heading receiver purpose-built for marine and construction applications.","og_url":"https:\/\/www.satlabgeo.com\/pt\/product\/njord-gnss-receiver\/","og_site_name":"Global Satellite Positioning Solutions | SatLab Geosolutions AB","article_modified_time":"2025-04-23T09:17:05+00:00","og_image":[{"width":800,"height":800,"url":"https:\/\/www.satlabgeo.com\/wp-content\/uploads\/2022\/09\/Njord-01.png","type":"image\/png"}],"twitter_card":"summary_large_image","twitter_misc":{"Est. reading time":"1 minuto"},"schema":{"@context":"https:\/\/schema.org","@graph":[{"@type":"WebPage","@id":"https:\/\/www.satlabgeo.com\/product\/njord-gnss-receiver\/","url":"https:\/\/www.satlabgeo.com\/product\/njord-gnss-receiver\/","name":"Njord GNSS Receiver | SatLab","isPartOf":{"@id":"https:\/\/www.satlabgeo.com\/#website"},"datePublished":"2022-09-28T01:16:30+00:00","dateModified":"2025-04-23T09:17:05+00:00","description":"The Njord is a next-generation multi-GNSS, multi-frequency positioning and heading receiver purpose-built for marine and construction applications.","breadcrumb":{"@id":"https:\/\/www.satlabgeo.com\/product\/njord-gnss-receiver\/#breadcrumb"},"inLanguage":"pt-PT","potentialAction":[{"@type":"ReadAction","target":["https:\/\/www.satlabgeo.com\/product\/njord-gnss-receiver\/"]}]},{"@type":"BreadcrumbList","@id":"https:\/\/www.satlabgeo.com\/product\/njord-gnss-receiver\/#breadcrumb","itemListElement":[{"@type":"ListItem","position":1,"name":"Home","item":"https:\/\/www.satlabgeo.com\/"},{"@type":"ListItem","position":2,"name":"Products","item":"https:\/\/www.satlabgeo.com\/products\/"},{"@type":"ListItem","position":3,"name":"Njord Positioning and Heading GNSS Receiver"}]},{"@type":"WebSite","@id":"https:\/\/www.satlabgeo.com\/#website","url":"https:\/\/www.satlabgeo.com\/","name":"Global Satellite Positioning Solutions | SatLab Geosolutions AB","description":"","publisher":{"@id":"https:\/\/www.satlabgeo.com\/#organization"},"potentialAction":[{"@type":"SearchAction","target":{"@type":"EntryPoint","urlTemplate":"https:\/\/www.satlabgeo.com\/?s={search_term_string}"},"query-input":"required name=search_term_string"}],"inLanguage":"pt-PT"},{"@type":"Organization","@id":"https:\/\/www.satlabgeo.com\/#organization","name":"Global Satellite Positioning Solutions | SatLab Geosolutions AB","url":"https:\/\/www.satlabgeo.com\/","sameAs":[],"logo":{"@type":"ImageObject","inLanguage":"pt-PT","@id":"https:\/\/www.satlabgeo.com\/#\/schema\/logo\/image\/","url":"https:\/\/www.satlabgeo.com\/wp-content\/uploads\/2025\/08\/satlab-logo.webp","contentUrl":"https:\/\/www.satlabgeo.com\/wp-content\/uploads\/2025\/08\/satlab-logo.webp","width":191,"height":48,"caption":"Global Satellite Positioning Solutions | SatLab Geosolutions AB"},"image":{"@id":"https:\/\/www.satlabgeo.com\/#\/schema\/logo\/image\/"}}]}},"_links":{"self":[{"href":"https:\/\/www.satlabgeo.com\/pt\/wp-json\/wp\/v2\/product\/688"}],"collection":[{"href":"https:\/\/www.satlabgeo.com\/pt\/wp-json\/wp\/v2\/product"}],"about":[{"href":"https:\/\/www.satlabgeo.com\/pt\/wp-json\/wp\/v2\/types\/product"}],"replies":[{"embeddable":true,"href":"https:\/\/www.satlabgeo.com\/pt\/wp-json\/wp\/v2\/comments?post=688"}],"version-history":[{"count":1,"href":"https:\/\/www.satlabgeo.com\/pt\/wp-json\/wp\/v2\/product\/688\/revisions"}],"predecessor-version":[{"id":716,"href":"https:\/\/www.satlabgeo.com\/pt\/wp-json\/wp\/v2\/product\/688\/revisions\/716"}],"wp:featuredmedia":[{"embeddable":true,"href":"https:\/\/www.satlabgeo.com\/pt\/wp-json\/wp\/v2\/media\/689"}],"wp:attachment":[{"href":"https:\/\/www.satlabgeo.com\/pt\/wp-json\/wp\/v2\/media?parent=688"}],"wp:term":[{"taxonomy":"product_cat","embeddable":true,"href":"https:\/\/www.satlabgeo.com\/pt\/wp-json\/wp\/v2\/product_cat?post=688"},{"taxonomy":"product_tag","embeddable":true,"href":"https:\/\/www.satlabgeo.com\/pt\/wp-json\/wp\/v2\/product_tag?post=688"}],"curies":[{"name":"wp","href":"https:\/\/api.w.org\/{rel}","templated":true}]}}