{"id":355,"date":"2022-04-01T02:09:26","date_gmt":"2022-04-01T02:09:26","guid":{"rendered":"https:\/\/www.satlabgeo.com\/?post_type=product&#038;p=355"},"modified":"2025-05-26T08:16:22","modified_gmt":"2025-05-26T08:16:22","slug":"slx1-ng-multi-application-gnss-receiver","status":"publish","type":"product","link":"https:\/\/www.satlabgeo.com\/pt\/product\/slx1-ng-multi-application-gnss-receiver\/","title":{"rendered":"Receptor GNSS multiaplica\u00e7\u00e3o SLX-1"},"content":{"rendered":"<h3>Fornecendo dados altamente precisos e confi\u00e1veis<\/h3>\n<p>Projetado com simplicidade, o SLX-1 executa m\u00faltiplas tarefas simultaneamente para tornar o trabalho de campo mais f\u00e1cil e eficiente. Este receptor pode rastrear e registrar continuamente todos os dados de sat\u00e9lite, permitindo que voc\u00ea baixe os dados gravados e transmita ou transmita diferentes formas de dados de corre\u00e7\u00e3o.<\/p>\n<h3>Eficiente e confi\u00e1vel<\/h3>\n<p>Este receptor \u00e9 alimentado por um motor GNSS de nova gera\u00e7\u00e3o e oferece posicionamento preciso e mitiga\u00e7\u00e3o avan\u00e7ada de interfer\u00eancias. Ele funciona mesmo nos ambientes mais remotos e desafiadores. Seus recursos de rastreamento de 1480 canais permitem rastrear todos os eventos atuais e futuros.<br \/>\nsinais, oferecendo posicionamento preciso de submetros a cent\u00edmetros.<\/p>\n<div class=\"landscape\"><a href=\"https:\/\/www.satlabgeo.com\/pt\/product_category\/gnss\/\"><img decoding=\"async\" src=\"https:\/\/www.satlabgeo.com\/wp-content\/uploads\/2022\/04\/SLX1-NG-Banner-05.png\" alt=\"receptor gnss\" \/><\/a><\/div>\n<table border=\"0\" style=\"border-collapse: collapse; width: 100%;\">\n<tbody><\/tbody>\n<\/table>","protected":false},"excerpt":{"rendered":"<p>O receptor GNSS multiaplica\u00e7\u00e3o SLX-1 possui um inv\u00f3lucro de n\u00edvel militar, com firewall integrado e criptografia de dados, projetado principalmente para aplica\u00e7\u00f5es CORS. Utilizando a mais recente tecnologia multifrequencial do mundo, alimentada por um mecanismo GNSS de \u00faltima gera\u00e7\u00e3o, este receptor pode rastrear melhor todas as constela\u00e7\u00f5es e sinais como uma solu\u00e7\u00e3o de esta\u00e7\u00e3o de refer\u00eancia para leituras precisas de sat\u00e9lite.<\/p>","protected":false},"featured_media":357,"comment_status":"open","ping_status":"closed","template":"","meta":{"_links_to":"","_links_to_target":""},"product_cat":[26],"product_tag":[],"yoast_head":"<!-- This site is optimized with the Yoast SEO plugin v19.8 - https:\/\/yoast.com\/wordpress\/plugins\/seo\/ -->\n<title>SLX-1 Multi-application GNSS Receiver | Global Satellite Positioning Solutions | SatLab Geosolutions AB<\/title>\n<meta name=\"robots\" content=\"index, follow, max-snippet:-1, max-image-preview:large, max-video-preview:-1\" \/>\n<link rel=\"canonical\" href=\"https:\/\/www.satlabgeo.com\/pt\/product\/slx1-ng-multi-application-gnss-receiver\/\" \/>\n<meta property=\"og:locale\" content=\"pt_PT\" \/>\n<meta property=\"og:type\" content=\"article\" \/>\n<meta property=\"og:title\" content=\"SLX-1 Multi-application GNSS Receiver | Global Satellite Positioning Solutions | SatLab Geosolutions AB\" \/>\n<meta property=\"og:description\" content=\"SLX-1 multi-application GNSS receiver has military-grade environmental housing with a built-in firewall and data encryption designed primarily for CORS applications. Using the world&#039;s latest multi-frequency technology, powered by a new generation GNSS engine, this receiver can better track all constellations and signals as a reference station solution for accurate satellite readings.\" \/>\n<meta property=\"og:url\" content=\"https:\/\/www.satlabgeo.com\/pt\/product\/slx1-ng-multi-application-gnss-receiver\/\" \/>\n<meta property=\"og:site_name\" content=\"Global Satellite Positioning Solutions | SatLab Geosolutions AB\" \/>\n<meta property=\"article:modified_time\" content=\"2025-05-26T08:16:22+00:00\" \/>\n<meta property=\"og:image\" content=\"https:\/\/www.satlabgeo.com\/wp-content\/uploads\/2022\/04\/SLX1-NG-01.png\" \/>\n\t<meta property=\"og:image:width\" content=\"248\" \/>\n\t<meta property=\"og:image:height\" content=\"235\" \/>\n\t<meta property=\"og:image:type\" content=\"image\/png\" \/>\n<meta name=\"twitter:card\" content=\"summary_large_image\" \/>\n<meta name=\"twitter:label1\" content=\"Est. reading time\" \/>\n\t<meta name=\"twitter:data1\" content=\"1 minuto\" \/>\n<script type=\"application\/ld+json\" class=\"yoast-schema-graph\">{\"@context\":\"https:\/\/schema.org\",\"@graph\":[{\"@type\":\"WebPage\",\"@id\":\"https:\/\/www.satlabgeo.com\/product\/slx1-ng-multi-application-gnss-receiver\/\",\"url\":\"https:\/\/www.satlabgeo.com\/product\/slx1-ng-multi-application-gnss-receiver\/\",\"name\":\"SLX-1 Multi-application GNSS Receiver | Global Satellite Positioning Solutions | SatLab Geosolutions AB\",\"isPartOf\":{\"@id\":\"https:\/\/www.satlabgeo.com\/#website\"},\"datePublished\":\"2022-04-01T02:09:26+00:00\",\"dateModified\":\"2025-05-26T08:16:22+00:00\",\"breadcrumb\":{\"@id\":\"https:\/\/www.satlabgeo.com\/product\/slx1-ng-multi-application-gnss-receiver\/#breadcrumb\"},\"inLanguage\":\"pt-PT\",\"potentialAction\":[{\"@type\":\"ReadAction\",\"target\":[\"https:\/\/www.satlabgeo.com\/product\/slx1-ng-multi-application-gnss-receiver\/\"]}]},{\"@type\":\"BreadcrumbList\",\"@id\":\"https:\/\/www.satlabgeo.com\/product\/slx1-ng-multi-application-gnss-receiver\/#breadcrumb\",\"itemListElement\":[{\"@type\":\"ListItem\",\"position\":1,\"name\":\"Home\",\"item\":\"https:\/\/www.satlabgeo.com\/\"},{\"@type\":\"ListItem\",\"position\":2,\"name\":\"Products\",\"item\":\"https:\/\/www.satlabgeo.com\/products\/\"},{\"@type\":\"ListItem\",\"position\":3,\"name\":\"SLX-1 Multi-application GNSS Receiver\"}]},{\"@type\":\"WebSite\",\"@id\":\"https:\/\/www.satlabgeo.com\/#website\",\"url\":\"https:\/\/www.satlabgeo.com\/\",\"name\":\"Global Satellite Positioning Solutions | SatLab Geosolutions AB\",\"description\":\"\",\"publisher\":{\"@id\":\"https:\/\/www.satlabgeo.com\/#organization\"},\"potentialAction\":[{\"@type\":\"SearchAction\",\"target\":{\"@type\":\"EntryPoint\",\"urlTemplate\":\"https:\/\/www.satlabgeo.com\/?s={search_term_string}\"},\"query-input\":\"required name=search_term_string\"}],\"inLanguage\":\"pt-PT\"},{\"@type\":\"Organization\",\"@id\":\"https:\/\/www.satlabgeo.com\/#organization\",\"name\":\"Global Satellite Positioning Solutions | SatLab Geosolutions AB\",\"url\":\"https:\/\/www.satlabgeo.com\/\",\"sameAs\":[],\"logo\":{\"@type\":\"ImageObject\",\"inLanguage\":\"pt-PT\",\"@id\":\"https:\/\/www.satlabgeo.com\/#\/schema\/logo\/image\/\",\"url\":\"https:\/\/www.satlabgeo.com\/wp-content\/uploads\/2025\/08\/satlab-logo.webp\",\"contentUrl\":\"https:\/\/www.satlabgeo.com\/wp-content\/uploads\/2025\/08\/satlab-logo.webp\",\"width\":191,\"height\":48,\"caption\":\"Global Satellite Positioning Solutions | SatLab Geosolutions AB\"},\"image\":{\"@id\":\"https:\/\/www.satlabgeo.com\/#\/schema\/logo\/image\/\"}}]}<\/script>\n<!-- \/ Yoast SEO plugin. -->","yoast_head_json":{"title":"SLX-1 Multi-application GNSS Receiver | Global Satellite Positioning Solutions | SatLab Geosolutions AB","robots":{"index":"index","follow":"follow","max-snippet":"max-snippet:-1","max-image-preview":"max-image-preview:large","max-video-preview":"max-video-preview:-1"},"canonical":"https:\/\/www.satlabgeo.com\/pt\/product\/slx1-ng-multi-application-gnss-receiver\/","og_locale":"pt_PT","og_type":"article","og_title":"SLX-1 Multi-application GNSS Receiver | Global Satellite Positioning Solutions | SatLab Geosolutions AB","og_description":"SLX-1 multi-application GNSS receiver has military-grade environmental housing with a built-in firewall and data encryption designed primarily for CORS applications. Using the world's latest multi-frequency technology, powered by a new generation GNSS engine, this receiver can better track all constellations and signals as a reference station solution for accurate satellite readings.","og_url":"https:\/\/www.satlabgeo.com\/pt\/product\/slx1-ng-multi-application-gnss-receiver\/","og_site_name":"Global Satellite Positioning Solutions | SatLab Geosolutions AB","article_modified_time":"2025-05-26T08:16:22+00:00","og_image":[{"width":248,"height":235,"url":"https:\/\/www.satlabgeo.com\/wp-content\/uploads\/2022\/04\/SLX1-NG-01.png","type":"image\/png"}],"twitter_card":"summary_large_image","twitter_misc":{"Est. reading time":"1 minuto"},"schema":{"@context":"https:\/\/schema.org","@graph":[{"@type":"WebPage","@id":"https:\/\/www.satlabgeo.com\/product\/slx1-ng-multi-application-gnss-receiver\/","url":"https:\/\/www.satlabgeo.com\/product\/slx1-ng-multi-application-gnss-receiver\/","name":"SLX-1 Multi-application GNSS Receiver | Global Satellite Positioning Solutions | SatLab Geosolutions AB","isPartOf":{"@id":"https:\/\/www.satlabgeo.com\/#website"},"datePublished":"2022-04-01T02:09:26+00:00","dateModified":"2025-05-26T08:16:22+00:00","breadcrumb":{"@id":"https:\/\/www.satlabgeo.com\/product\/slx1-ng-multi-application-gnss-receiver\/#breadcrumb"},"inLanguage":"pt-PT","potentialAction":[{"@type":"ReadAction","target":["https:\/\/www.satlabgeo.com\/product\/slx1-ng-multi-application-gnss-receiver\/"]}]},{"@type":"BreadcrumbList","@id":"https:\/\/www.satlabgeo.com\/product\/slx1-ng-multi-application-gnss-receiver\/#breadcrumb","itemListElement":[{"@type":"ListItem","position":1,"name":"Home","item":"https:\/\/www.satlabgeo.com\/"},{"@type":"ListItem","position":2,"name":"Products","item":"https:\/\/www.satlabgeo.com\/products\/"},{"@type":"ListItem","position":3,"name":"SLX-1 Multi-application GNSS Receiver"}]},{"@type":"WebSite","@id":"https:\/\/www.satlabgeo.com\/#website","url":"https:\/\/www.satlabgeo.com\/","name":"Global Satellite Positioning Solutions | SatLab Geosolutions AB","description":"","publisher":{"@id":"https:\/\/www.satlabgeo.com\/#organization"},"potentialAction":[{"@type":"SearchAction","target":{"@type":"EntryPoint","urlTemplate":"https:\/\/www.satlabgeo.com\/?s={search_term_string}"},"query-input":"required name=search_term_string"}],"inLanguage":"pt-PT"},{"@type":"Organization","@id":"https:\/\/www.satlabgeo.com\/#organization","name":"Global Satellite Positioning Solutions | SatLab Geosolutions AB","url":"https:\/\/www.satlabgeo.com\/","sameAs":[],"logo":{"@type":"ImageObject","inLanguage":"pt-PT","@id":"https:\/\/www.satlabgeo.com\/#\/schema\/logo\/image\/","url":"https:\/\/www.satlabgeo.com\/wp-content\/uploads\/2025\/08\/satlab-logo.webp","contentUrl":"https:\/\/www.satlabgeo.com\/wp-content\/uploads\/2025\/08\/satlab-logo.webp","width":191,"height":48,"caption":"Global Satellite Positioning Solutions | SatLab Geosolutions AB"},"image":{"@id":"https:\/\/www.satlabgeo.com\/#\/schema\/logo\/image\/"}}]}},"_links":{"self":[{"href":"https:\/\/www.satlabgeo.com\/pt\/wp-json\/wp\/v2\/product\/355"}],"collection":[{"href":"https:\/\/www.satlabgeo.com\/pt\/wp-json\/wp\/v2\/product"}],"about":[{"href":"https:\/\/www.satlabgeo.com\/pt\/wp-json\/wp\/v2\/types\/product"}],"replies":[{"embeddable":true,"href":"https:\/\/www.satlabgeo.com\/pt\/wp-json\/wp\/v2\/comments?post=355"}],"version-history":[{"count":1,"href":"https:\/\/www.satlabgeo.com\/pt\/wp-json\/wp\/v2\/product\/355\/revisions"}],"predecessor-version":[{"id":2378,"href":"https:\/\/www.satlabgeo.com\/pt\/wp-json\/wp\/v2\/product\/355\/revisions\/2378"}],"wp:featuredmedia":[{"embeddable":true,"href":"https:\/\/www.satlabgeo.com\/pt\/wp-json\/wp\/v2\/media\/357"}],"wp:attachment":[{"href":"https:\/\/www.satlabgeo.com\/pt\/wp-json\/wp\/v2\/media?parent=355"}],"wp:term":[{"taxonomy":"product_cat","embeddable":true,"href":"https:\/\/www.satlabgeo.com\/pt\/wp-json\/wp\/v2\/product_cat?post=355"},{"taxonomy":"product_tag","embeddable":true,"href":"https:\/\/www.satlabgeo.com\/pt\/wp-json\/wp\/v2\/product_tag?post=355"}],"curies":[{"name":"wp","href":"https:\/\/api.w.org\/{rel}","templated":true}]}}