{"id":332,"date":"2022-03-31T07:00:14","date_gmt":"2022-03-31T07:00:14","guid":{"rendered":"https:\/\/www.satlabgeo.com\/?post_type=product&#038;p=332"},"modified":"2024-06-21T07:06:47","modified_gmt":"2024-06-21T07:06:47","slug":"sl800-gnss-receiver","status":"publish","type":"product","link":"https:\/\/www.satlabgeo.com\/pt\/product\/sl800-gnss-receiver\/","title":{"rendered":"Receptor GNSS SL800"},"content":{"rendered":"<h3>Empresa e receptor GNSS inovador<\/h3>\n<p>O <span style=\"color: #909090;\"><a href=\"https:\/\/www.satlabgeo.com\/wp-content\/uploads\/2022\/03\/SL800-Banner-02.jpg\" style=\"color: #909090;\">receptor gnss<\/a><\/span> Oferece uma solu\u00e7\u00e3o f\u00e1cil para profissionais de topografia que precisam de um instrumento port\u00e1til para coletar dados de alta precis\u00e3o para diversos usos geoespaciais. Permite flexibilidade ao usu\u00e1rio para coletar dados facilmente com apenas um <span style=\"color: #909090;\"><a href=\"https:\/\/www.satlabgeo.com\/pt\/product_category\/gnss\/\" style=\"color: #909090;\">rtk<\/a><\/span> receptor em campo conectando-se ao CORS por meio de qualquer dispositivo preferido para mant\u00ea-lo focado e produtivo.<\/p>\n<div class=\"landscape\"><img decoding=\"async\" src=\"https:\/\/www.satlabgeo.com\/wp-content\/uploads\/2022\/03\/SL800-Banner-02.jpg\" alt=\"rtk\" width=\"1200\" class=\"alignnone size-full wp-image-1386\" \/><\/div>\n<h3><\/h3>\n<h3>Eficiente e confi\u00e1vel<\/h3>\n<p>Equipado com o motor GNSS NovAtel OEM729, este receptor oferece posicionamento preciso e mitiga\u00e7\u00e3o avan\u00e7ada de interfer\u00eancias, com desempenho at\u00e9 mesmo nos ambientes mais remotos e desafiadores. Utilizando seus recursos de rastreamento de 555 canais, ele pode rastrear todos os sinais atuais e futuros, oferecendo posicionamento preciso de submetros a cent\u00edmetros.<\/p>\n<h3>Servi\u00e7o de corre\u00e7\u00e3o de sat\u00e9lite<\/h3>\n<p>O SL800 possui recursos TerraStar que utilizam uma rede global de esta\u00e7\u00f5es de refer\u00eancia multi-GNSS e algoritmos avan\u00e7ados para gerar \u00f3rbitas, rel\u00f3gios, vieses e outros par\u00e2metros de sistema de sat\u00e9lites GNSS altamente precisos. Esses dados permitem que o TerraStar forne\u00e7a servi\u00e7os de corre\u00e7\u00e3o com precis\u00e3o de posicionamento subm\u00e9trica ou centim\u00e9trica aos receptores. Receba suas corre\u00e7\u00f5es transmitidas em tempo real, com lat\u00eancia m\u00ednima, via sat\u00e9lites e redes celulares em todo o mundo.<\/p>\n<table border=\"0\" style=\"border-collapse: collapse; width: 100%;\">\n<tbody><\/tbody>\n<\/table>","protected":false},"excerpt":{"rendered":"<p>O RTK SL800 oferece uma solu\u00e7\u00e3o f\u00e1cil e conveniente para profissionais de levantamento que exigem apenas um receptor em campo conectado ao CORS.<\/p>","protected":false},"featured_media":334,"comment_status":"open","ping_status":"closed","template":"","meta":{"_links_to":"","_links_to_target":""},"product_cat":[26],"product_tag":[],"yoast_head":"<!-- This site is optimized with the Yoast SEO plugin v19.8 - https:\/\/yoast.com\/wordpress\/plugins\/seo\/ -->\n<title>SL800 GNSS Receiver | Global Satellite Positioning Solutions | SatLab Geosolutions AB<\/title>\n<meta name=\"robots\" content=\"index, follow, max-snippet:-1, max-image-preview:large, max-video-preview:-1\" \/>\n<link rel=\"canonical\" href=\"https:\/\/www.satlabgeo.com\/pt\/product\/sl800-gnss-receiver\/\" \/>\n<meta property=\"og:locale\" content=\"pt_PT\" \/>\n<meta property=\"og:type\" content=\"article\" \/>\n<meta property=\"og:title\" content=\"SL800 GNSS Receiver | Global Satellite Positioning Solutions | SatLab Geosolutions AB\" \/>\n<meta property=\"og:description\" content=\"The RTK SL800 provides an easy and convenient solution to survey professionals requiring just one receiver in the field connecting to CORS.\" \/>\n<meta property=\"og:url\" content=\"https:\/\/www.satlabgeo.com\/pt\/product\/sl800-gnss-receiver\/\" \/>\n<meta property=\"og:site_name\" content=\"Global Satellite Positioning Solutions | SatLab Geosolutions AB\" \/>\n<meta property=\"article:modified_time\" content=\"2024-06-21T07:06:47+00:00\" \/>\n<meta property=\"og:image\" content=\"https:\/\/www.satlabgeo.com\/wp-content\/uploads\/2022\/03\/SL800-03-1.png\" \/>\n\t<meta property=\"og:image:width\" content=\"248\" \/>\n\t<meta property=\"og:image:height\" content=\"235\" \/>\n\t<meta property=\"og:image:type\" content=\"image\/png\" \/>\n<meta name=\"twitter:card\" content=\"summary_large_image\" \/>\n<meta name=\"twitter:label1\" content=\"Est. reading time\" \/>\n\t<meta name=\"twitter:data1\" content=\"1 minuto\" \/>\n<script type=\"application\/ld+json\" class=\"yoast-schema-graph\">{\"@context\":\"https:\/\/schema.org\",\"@graph\":[{\"@type\":\"WebPage\",\"@id\":\"https:\/\/www.satlabgeo.com\/product\/sl800-gnss-receiver\/\",\"url\":\"https:\/\/www.satlabgeo.com\/product\/sl800-gnss-receiver\/\",\"name\":\"SL800 GNSS Receiver | Global Satellite Positioning Solutions | SatLab Geosolutions AB\",\"isPartOf\":{\"@id\":\"https:\/\/www.satlabgeo.com\/#website\"},\"datePublished\":\"2022-03-31T07:00:14+00:00\",\"dateModified\":\"2024-06-21T07:06:47+00:00\",\"breadcrumb\":{\"@id\":\"https:\/\/www.satlabgeo.com\/product\/sl800-gnss-receiver\/#breadcrumb\"},\"inLanguage\":\"pt-PT\",\"potentialAction\":[{\"@type\":\"ReadAction\",\"target\":[\"https:\/\/www.satlabgeo.com\/product\/sl800-gnss-receiver\/\"]}]},{\"@type\":\"BreadcrumbList\",\"@id\":\"https:\/\/www.satlabgeo.com\/product\/sl800-gnss-receiver\/#breadcrumb\",\"itemListElement\":[{\"@type\":\"ListItem\",\"position\":1,\"name\":\"Home\",\"item\":\"https:\/\/www.satlabgeo.com\/\"},{\"@type\":\"ListItem\",\"position\":2,\"name\":\"Products\",\"item\":\"https:\/\/www.satlabgeo.com\/products\/\"},{\"@type\":\"ListItem\",\"position\":3,\"name\":\"SL800 GNSS Receiver\"}]},{\"@type\":\"WebSite\",\"@id\":\"https:\/\/www.satlabgeo.com\/#website\",\"url\":\"https:\/\/www.satlabgeo.com\/\",\"name\":\"Global Satellite Positioning Solutions | SatLab Geosolutions AB\",\"description\":\"\",\"publisher\":{\"@id\":\"https:\/\/www.satlabgeo.com\/#organization\"},\"potentialAction\":[{\"@type\":\"SearchAction\",\"target\":{\"@type\":\"EntryPoint\",\"urlTemplate\":\"https:\/\/www.satlabgeo.com\/?s={search_term_string}\"},\"query-input\":\"required name=search_term_string\"}],\"inLanguage\":\"pt-PT\"},{\"@type\":\"Organization\",\"@id\":\"https:\/\/www.satlabgeo.com\/#organization\",\"name\":\"Global Satellite Positioning Solutions | SatLab Geosolutions AB\",\"url\":\"https:\/\/www.satlabgeo.com\/\",\"sameAs\":[],\"logo\":{\"@type\":\"ImageObject\",\"inLanguage\":\"pt-PT\",\"@id\":\"https:\/\/www.satlabgeo.com\/#\/schema\/logo\/image\/\",\"url\":\"https:\/\/www.satlabgeo.com\/wp-content\/uploads\/2025\/08\/satlab-logo.webp\",\"contentUrl\":\"https:\/\/www.satlabgeo.com\/wp-content\/uploads\/2025\/08\/satlab-logo.webp\",\"width\":191,\"height\":48,\"caption\":\"Global Satellite Positioning Solutions | SatLab Geosolutions AB\"},\"image\":{\"@id\":\"https:\/\/www.satlabgeo.com\/#\/schema\/logo\/image\/\"}}]}<\/script>\n<!-- \/ Yoast SEO plugin. -->","yoast_head_json":{"title":"SL800 GNSS Receiver | Global Satellite Positioning Solutions | SatLab Geosolutions AB","robots":{"index":"index","follow":"follow","max-snippet":"max-snippet:-1","max-image-preview":"max-image-preview:large","max-video-preview":"max-video-preview:-1"},"canonical":"https:\/\/www.satlabgeo.com\/pt\/product\/sl800-gnss-receiver\/","og_locale":"pt_PT","og_type":"article","og_title":"SL800 GNSS Receiver | Global Satellite Positioning Solutions | SatLab Geosolutions AB","og_description":"The RTK SL800 provides an easy and convenient solution to survey professionals requiring just one receiver in the field connecting to CORS.","og_url":"https:\/\/www.satlabgeo.com\/pt\/product\/sl800-gnss-receiver\/","og_site_name":"Global Satellite Positioning Solutions | SatLab Geosolutions AB","article_modified_time":"2024-06-21T07:06:47+00:00","og_image":[{"width":248,"height":235,"url":"https:\/\/www.satlabgeo.com\/wp-content\/uploads\/2022\/03\/SL800-03-1.png","type":"image\/png"}],"twitter_card":"summary_large_image","twitter_misc":{"Est. reading time":"1 minuto"},"schema":{"@context":"https:\/\/schema.org","@graph":[{"@type":"WebPage","@id":"https:\/\/www.satlabgeo.com\/product\/sl800-gnss-receiver\/","url":"https:\/\/www.satlabgeo.com\/product\/sl800-gnss-receiver\/","name":"SL800 GNSS Receiver | Global Satellite Positioning Solutions | SatLab Geosolutions AB","isPartOf":{"@id":"https:\/\/www.satlabgeo.com\/#website"},"datePublished":"2022-03-31T07:00:14+00:00","dateModified":"2024-06-21T07:06:47+00:00","breadcrumb":{"@id":"https:\/\/www.satlabgeo.com\/product\/sl800-gnss-receiver\/#breadcrumb"},"inLanguage":"pt-PT","potentialAction":[{"@type":"ReadAction","target":["https:\/\/www.satlabgeo.com\/product\/sl800-gnss-receiver\/"]}]},{"@type":"BreadcrumbList","@id":"https:\/\/www.satlabgeo.com\/product\/sl800-gnss-receiver\/#breadcrumb","itemListElement":[{"@type":"ListItem","position":1,"name":"Home","item":"https:\/\/www.satlabgeo.com\/"},{"@type":"ListItem","position":2,"name":"Products","item":"https:\/\/www.satlabgeo.com\/products\/"},{"@type":"ListItem","position":3,"name":"SL800 GNSS Receiver"}]},{"@type":"WebSite","@id":"https:\/\/www.satlabgeo.com\/#website","url":"https:\/\/www.satlabgeo.com\/","name":"Global Satellite Positioning Solutions | SatLab Geosolutions AB","description":"","publisher":{"@id":"https:\/\/www.satlabgeo.com\/#organization"},"potentialAction":[{"@type":"SearchAction","target":{"@type":"EntryPoint","urlTemplate":"https:\/\/www.satlabgeo.com\/?s={search_term_string}"},"query-input":"required name=search_term_string"}],"inLanguage":"pt-PT"},{"@type":"Organization","@id":"https:\/\/www.satlabgeo.com\/#organization","name":"Global Satellite Positioning Solutions | SatLab Geosolutions AB","url":"https:\/\/www.satlabgeo.com\/","sameAs":[],"logo":{"@type":"ImageObject","inLanguage":"pt-PT","@id":"https:\/\/www.satlabgeo.com\/#\/schema\/logo\/image\/","url":"https:\/\/www.satlabgeo.com\/wp-content\/uploads\/2025\/08\/satlab-logo.webp","contentUrl":"https:\/\/www.satlabgeo.com\/wp-content\/uploads\/2025\/08\/satlab-logo.webp","width":191,"height":48,"caption":"Global Satellite Positioning Solutions | SatLab Geosolutions AB"},"image":{"@id":"https:\/\/www.satlabgeo.com\/#\/schema\/logo\/image\/"}}]}},"_links":{"self":[{"href":"https:\/\/www.satlabgeo.com\/pt\/wp-json\/wp\/v2\/product\/332"}],"collection":[{"href":"https:\/\/www.satlabgeo.com\/pt\/wp-json\/wp\/v2\/product"}],"about":[{"href":"https:\/\/www.satlabgeo.com\/pt\/wp-json\/wp\/v2\/types\/product"}],"replies":[{"embeddable":true,"href":"https:\/\/www.satlabgeo.com\/pt\/wp-json\/wp\/v2\/comments?post=332"}],"version-history":[{"count":0,"href":"https:\/\/www.satlabgeo.com\/pt\/wp-json\/wp\/v2\/product\/332\/revisions"}],"wp:featuredmedia":[{"embeddable":true,"href":"https:\/\/www.satlabgeo.com\/pt\/wp-json\/wp\/v2\/media\/334"}],"wp:attachment":[{"href":"https:\/\/www.satlabgeo.com\/pt\/wp-json\/wp\/v2\/media?parent=332"}],"wp:term":[{"taxonomy":"product_cat","embeddable":true,"href":"https:\/\/www.satlabgeo.com\/pt\/wp-json\/wp\/v2\/product_cat?post=332"},{"taxonomy":"product_tag","embeddable":true,"href":"https:\/\/www.satlabgeo.com\/pt\/wp-json\/wp\/v2\/product_tag?post=332"}],"curies":[{"name":"wp","href":"https:\/\/api.w.org\/{rel}","templated":true}]}}