{"id":322,"date":"2022-03-30T06:40:55","date_gmt":"2022-03-30T06:40:55","guid":{"rendered":"https:\/\/www.satlabgeo.com\/?post_type=product&#038;p=322"},"modified":"2025-11-27T02:15:22","modified_gmt":"2025-11-27T02:15:22","slug":"sal32-automatic-level","status":"publish","type":"product","link":"https:\/\/www.satlabgeo.com\/pt\/product\/sal32-automatic-level\/","title":{"rendered":"N\u00edvel Autom\u00e1tico SAL32"},"content":{"rendered":"<h3><strong>Compensador de amortecimento de ar<\/strong><\/h3>\n<p>O N\u00edvel Autom\u00e1tico SAL32 foi projetado para otimizar o desempenho humano e garantir efici\u00eancia operacional, sendo a ferramenta perfeita em qualquer local de trabalho. Com um compensador autom\u00e1tico exclusivo com amortecimento de ar para evitar interfer\u00eancia magn\u00e9tica e um acionamento fino horizontal sem fim para garantir um apontamento e medi\u00e7\u00e3o angular suaves e precisos, a Satlab projetou este n\u00edvel autom\u00e1tico com classifica\u00e7\u00e3o IP66 para auxiliar na realiza\u00e7\u00e3o de medi\u00e7\u00f5es precisas, mesmo em condi\u00e7\u00f5es desafiadoras.<\/p>\n<h3><strong>Desempenho e confiabilidade incompar\u00e1veis<\/strong><\/h3>\n<p>Projetado para superar os ambientes de trabalho mais dif\u00edceis, o N\u00edvel Autom\u00e1tico SAL32 n\u00e3o garante nenhuma interfer\u00eancia da press\u00e3o atmosf\u00e9rica, o que assegura consist\u00eancia mesmo nas condi\u00e7\u00f5es clim\u00e1ticas mais adversas.<\/p>\n<h3><strong>Entregando equipamentos de qualidade<\/strong><\/h3>\n<p>Fabricado em uma f\u00e1brica com certifica\u00e7\u00e3o ISO, RoHS e CE, cada n\u00edvel autom\u00e1tico \u00e9 feito com protocolo e procedimento adequados que aderem a todos os aspectos operacionais, bem como rigorosas verifica\u00e7\u00f5es de garantia de qualidade que asseguram a mais alta qualidade.<\/p>\n<table border=\"0\" style=\"border-collapse: collapse; width: 100%;\">\n<tbody>\n<tr><\/tr>\n<\/tbody>\n<\/table>","protected":false},"excerpt":{"rendered":"<p>Com foco no desempenho m\u00e1ximo, o N\u00edvel Autom\u00e1tico SAL32 atende aos requisitos de todas as \u00e1reas. Com um corpo compacto, leve e f\u00e1cil de manusear, este n\u00edvel autom\u00e1tico oferece durabilidade, precis\u00e3o e exatid\u00e3o. A lente \u00f3ptica com design otimizado proporciona uma vis\u00e3o clara e n\u00edtida, com um revestimento antirreflexo multicamadas para reduzir a interfer\u00eancia da luz durante o trabalho de campo.<\/p>","protected":false},"featured_media":401,"comment_status":"open","ping_status":"closed","template":"","meta":{"_links_to":"","_links_to_target":""},"product_cat":[24],"product_tag":[],"yoast_head":"<!-- This site is optimized with the Yoast SEO plugin v19.8 - https:\/\/yoast.com\/wordpress\/plugins\/seo\/ -->\n<title>SAL32 Automatic Level | Global Satellite Positioning Solutions | SatLab Geosolutions AB<\/title>\n<meta name=\"robots\" content=\"index, follow, max-snippet:-1, max-image-preview:large, max-video-preview:-1\" \/>\n<link rel=\"canonical\" href=\"https:\/\/www.satlabgeo.com\/pt\/product\/sal32-automatic-level\/\" \/>\n<meta property=\"og:locale\" content=\"pt_PT\" \/>\n<meta property=\"og:type\" content=\"article\" \/>\n<meta property=\"og:title\" content=\"SAL32 Automatic Level | Global Satellite Positioning Solutions | SatLab Geosolutions AB\" \/>\n<meta property=\"og:description\" content=\"With a focus on maximum performance, the SAL32 Automatic Level is capable in meeting requirements of all fields. Featuring a lightweight and easy-to-grasp compact body, this auto level provides durability, accuracy, and precision. The optimally designed optical lens provides a clear and sharp view that has a multi-layer anti-reflective coating to reduce light interference during fieldwork.\" \/>\n<meta property=\"og:url\" content=\"https:\/\/www.satlabgeo.com\/pt\/product\/sal32-automatic-level\/\" \/>\n<meta property=\"og:site_name\" content=\"Global Satellite Positioning Solutions | SatLab Geosolutions AB\" \/>\n<meta property=\"article:modified_time\" content=\"2025-11-27T02:15:22+00:00\" \/>\n<meta property=\"og:image\" content=\"https:\/\/www.satlabgeo.com\/wp-content\/uploads\/2022\/03\/SAL32-03.png\" \/>\n\t<meta property=\"og:image:width\" content=\"248\" \/>\n\t<meta property=\"og:image:height\" content=\"235\" \/>\n\t<meta property=\"og:image:type\" content=\"image\/png\" \/>\n<meta name=\"twitter:card\" content=\"summary_large_image\" \/>\n<meta name=\"twitter:label1\" content=\"Est. reading time\" \/>\n\t<meta name=\"twitter:data1\" content=\"1 minuto\" \/>\n<script type=\"application\/ld+json\" class=\"yoast-schema-graph\">{\"@context\":\"https:\/\/schema.org\",\"@graph\":[{\"@type\":\"WebPage\",\"@id\":\"https:\/\/www.satlabgeo.com\/product\/sal32-automatic-level\/\",\"url\":\"https:\/\/www.satlabgeo.com\/product\/sal32-automatic-level\/\",\"name\":\"SAL32 Automatic Level | Global Satellite Positioning Solutions | SatLab Geosolutions AB\",\"isPartOf\":{\"@id\":\"https:\/\/www.satlabgeo.com\/#website\"},\"datePublished\":\"2022-03-30T06:40:55+00:00\",\"dateModified\":\"2025-11-27T02:15:22+00:00\",\"breadcrumb\":{\"@id\":\"https:\/\/www.satlabgeo.com\/product\/sal32-automatic-level\/#breadcrumb\"},\"inLanguage\":\"pt-PT\",\"potentialAction\":[{\"@type\":\"ReadAction\",\"target\":[\"https:\/\/www.satlabgeo.com\/product\/sal32-automatic-level\/\"]}]},{\"@type\":\"BreadcrumbList\",\"@id\":\"https:\/\/www.satlabgeo.com\/product\/sal32-automatic-level\/#breadcrumb\",\"itemListElement\":[{\"@type\":\"ListItem\",\"position\":1,\"name\":\"Home\",\"item\":\"https:\/\/www.satlabgeo.com\/\"},{\"@type\":\"ListItem\",\"position\":2,\"name\":\"Products\",\"item\":\"https:\/\/www.satlabgeo.com\/products\/\"},{\"@type\":\"ListItem\",\"position\":3,\"name\":\"SAL32 Automatic Level\"}]},{\"@type\":\"WebSite\",\"@id\":\"https:\/\/www.satlabgeo.com\/#website\",\"url\":\"https:\/\/www.satlabgeo.com\/\",\"name\":\"Global Satellite Positioning Solutions | SatLab Geosolutions AB\",\"description\":\"\",\"publisher\":{\"@id\":\"https:\/\/www.satlabgeo.com\/#organization\"},\"potentialAction\":[{\"@type\":\"SearchAction\",\"target\":{\"@type\":\"EntryPoint\",\"urlTemplate\":\"https:\/\/www.satlabgeo.com\/?s={search_term_string}\"},\"query-input\":\"required name=search_term_string\"}],\"inLanguage\":\"pt-PT\"},{\"@type\":\"Organization\",\"@id\":\"https:\/\/www.satlabgeo.com\/#organization\",\"name\":\"Global Satellite Positioning Solutions | SatLab Geosolutions AB\",\"url\":\"https:\/\/www.satlabgeo.com\/\",\"sameAs\":[],\"logo\":{\"@type\":\"ImageObject\",\"inLanguage\":\"pt-PT\",\"@id\":\"https:\/\/www.satlabgeo.com\/#\/schema\/logo\/image\/\",\"url\":\"https:\/\/www.satlabgeo.com\/wp-content\/uploads\/2025\/08\/satlab-logo.webp\",\"contentUrl\":\"https:\/\/www.satlabgeo.com\/wp-content\/uploads\/2025\/08\/satlab-logo.webp\",\"width\":191,\"height\":48,\"caption\":\"Global Satellite Positioning Solutions | SatLab Geosolutions AB\"},\"image\":{\"@id\":\"https:\/\/www.satlabgeo.com\/#\/schema\/logo\/image\/\"}}]}<\/script>\n<!-- \/ Yoast SEO plugin. -->","yoast_head_json":{"title":"SAL32 Automatic Level | Global Satellite Positioning Solutions | SatLab Geosolutions AB","robots":{"index":"index","follow":"follow","max-snippet":"max-snippet:-1","max-image-preview":"max-image-preview:large","max-video-preview":"max-video-preview:-1"},"canonical":"https:\/\/www.satlabgeo.com\/pt\/product\/sal32-automatic-level\/","og_locale":"pt_PT","og_type":"article","og_title":"SAL32 Automatic Level | Global Satellite Positioning Solutions | SatLab Geosolutions AB","og_description":"With a focus on maximum performance, the SAL32 Automatic Level is capable in meeting requirements of all fields. Featuring a lightweight and easy-to-grasp compact body, this auto level provides durability, accuracy, and precision. The optimally designed optical lens provides a clear and sharp view that has a multi-layer anti-reflective coating to reduce light interference during fieldwork.","og_url":"https:\/\/www.satlabgeo.com\/pt\/product\/sal32-automatic-level\/","og_site_name":"Global Satellite Positioning Solutions | SatLab Geosolutions AB","article_modified_time":"2025-11-27T02:15:22+00:00","og_image":[{"width":248,"height":235,"url":"https:\/\/www.satlabgeo.com\/wp-content\/uploads\/2022\/03\/SAL32-03.png","type":"image\/png"}],"twitter_card":"summary_large_image","twitter_misc":{"Est. reading time":"1 minuto"},"schema":{"@context":"https:\/\/schema.org","@graph":[{"@type":"WebPage","@id":"https:\/\/www.satlabgeo.com\/product\/sal32-automatic-level\/","url":"https:\/\/www.satlabgeo.com\/product\/sal32-automatic-level\/","name":"SAL32 Automatic Level | Global Satellite Positioning Solutions | SatLab Geosolutions AB","isPartOf":{"@id":"https:\/\/www.satlabgeo.com\/#website"},"datePublished":"2022-03-30T06:40:55+00:00","dateModified":"2025-11-27T02:15:22+00:00","breadcrumb":{"@id":"https:\/\/www.satlabgeo.com\/product\/sal32-automatic-level\/#breadcrumb"},"inLanguage":"pt-PT","potentialAction":[{"@type":"ReadAction","target":["https:\/\/www.satlabgeo.com\/product\/sal32-automatic-level\/"]}]},{"@type":"BreadcrumbList","@id":"https:\/\/www.satlabgeo.com\/product\/sal32-automatic-level\/#breadcrumb","itemListElement":[{"@type":"ListItem","position":1,"name":"Home","item":"https:\/\/www.satlabgeo.com\/"},{"@type":"ListItem","position":2,"name":"Products","item":"https:\/\/www.satlabgeo.com\/products\/"},{"@type":"ListItem","position":3,"name":"SAL32 Automatic Level"}]},{"@type":"WebSite","@id":"https:\/\/www.satlabgeo.com\/#website","url":"https:\/\/www.satlabgeo.com\/","name":"Global Satellite Positioning Solutions | SatLab Geosolutions AB","description":"","publisher":{"@id":"https:\/\/www.satlabgeo.com\/#organization"},"potentialAction":[{"@type":"SearchAction","target":{"@type":"EntryPoint","urlTemplate":"https:\/\/www.satlabgeo.com\/?s={search_term_string}"},"query-input":"required name=search_term_string"}],"inLanguage":"pt-PT"},{"@type":"Organization","@id":"https:\/\/www.satlabgeo.com\/#organization","name":"Global Satellite Positioning Solutions | SatLab Geosolutions AB","url":"https:\/\/www.satlabgeo.com\/","sameAs":[],"logo":{"@type":"ImageObject","inLanguage":"pt-PT","@id":"https:\/\/www.satlabgeo.com\/#\/schema\/logo\/image\/","url":"https:\/\/www.satlabgeo.com\/wp-content\/uploads\/2025\/08\/satlab-logo.webp","contentUrl":"https:\/\/www.satlabgeo.com\/wp-content\/uploads\/2025\/08\/satlab-logo.webp","width":191,"height":48,"caption":"Global Satellite Positioning Solutions | SatLab Geosolutions AB"},"image":{"@id":"https:\/\/www.satlabgeo.com\/#\/schema\/logo\/image\/"}}]}},"_links":{"self":[{"href":"https:\/\/www.satlabgeo.com\/pt\/wp-json\/wp\/v2\/product\/322"}],"collection":[{"href":"https:\/\/www.satlabgeo.com\/pt\/wp-json\/wp\/v2\/product"}],"about":[{"href":"https:\/\/www.satlabgeo.com\/pt\/wp-json\/wp\/v2\/types\/product"}],"replies":[{"embeddable":true,"href":"https:\/\/www.satlabgeo.com\/pt\/wp-json\/wp\/v2\/comments?post=322"}],"version-history":[{"count":2,"href":"https:\/\/www.satlabgeo.com\/pt\/wp-json\/wp\/v2\/product\/322\/revisions"}],"predecessor-version":[{"id":3205,"href":"https:\/\/www.satlabgeo.com\/pt\/wp-json\/wp\/v2\/product\/322\/revisions\/3205"}],"wp:featuredmedia":[{"embeddable":true,"href":"https:\/\/www.satlabgeo.com\/pt\/wp-json\/wp\/v2\/media\/401"}],"wp:attachment":[{"href":"https:\/\/www.satlabgeo.com\/pt\/wp-json\/wp\/v2\/media?parent=322"}],"wp:term":[{"taxonomy":"product_cat","embeddable":true,"href":"https:\/\/www.satlabgeo.com\/pt\/wp-json\/wp\/v2\/product_cat?post=322"},{"taxonomy":"product_tag","embeddable":true,"href":"https:\/\/www.satlabgeo.com\/pt\/wp-json\/wp\/v2\/product_tag?post=322"}],"curies":[{"name":"wp","href":"https:\/\/api.w.org\/{rel}","templated":true}]}}