{"id":315,"date":"2022-03-29T03:02:01","date_gmt":"2022-03-29T03:02:01","guid":{"rendered":"https:\/\/www.satlabgeo.com\/?post_type=product&#038;p=315"},"modified":"2026-01-29T05:58:31","modified_gmt":"2026-01-29T05:58:31","slug":"satsurv","status":"publish","type":"product","link":"https:\/\/www.satlabgeo.com\/pt\/product\/satsurv\/","title":{"rendered":"Software de Levantamento de Campo Satsurv"},"content":{"rendered":"<p><img decoding=\"async\" loading=\"lazy\" src=\"https:\/\/www.satlabgeo.com\/wp-content\/uploads\/2022\/03\/Satsurv-Banner.png\" alt=\"\" width=\"1189\" height=\"349\" class=\"alignnone size-full wp-image-1366\" \/><\/p>\n<h3><strong>Levantamento detalhado<\/strong><\/h3>\n<p>O Satsurv suporta uma variedade de m\u00e9todos de coleta, como levantamento de inclina\u00e7\u00e3o, levantamento quase din\u00e2mico, coleta PPK e coleta est\u00e1tica, etc. Na interface de levantamento detalhado, os usu\u00e1rios podem definir a precis\u00e3o da coleta, o padr\u00e3o de implanta\u00e7\u00e3o ou verificar o n\u00famero atual de sat\u00e9lites, o status da solu\u00e7\u00e3o, a idade da corre\u00e7\u00e3o, a precis\u00e3o do posicionamento, etc.<\/p>\n<h3><strong>Estaqueamento de dados<\/strong><\/h3>\n<p>A fun\u00e7\u00e3o avan\u00e7ada de piquetagem de RA ajudar\u00e1 os usu\u00e1rios a melhorar a efici\u00eancia e a precis\u00e3o da piquetagem de dados sem precisar se concentrar na interface do software em tempo real. Com os comandos de voz inteligentes, os usu\u00e1rios podem determinar com precis\u00e3o a dire\u00e7\u00e3o da piquetagem de dados com uma b\u00fassola integrada.<\/p>\n<p>O Data Stakeout tamb\u00e9m suporta acesso a dados nos formatos DXF e DWG para demarca\u00e7\u00e3o de pontos e linhas. As fun\u00e7\u00f5es de snap a objetos INT, TAN, PER e NOD permitem que o usu\u00e1rio demarque dados facilmente.<\/p>\n<h3><strong>Gest\u00e3o de Dados<\/strong><\/h3>\n<p>O Gerenciamento de Dados suporta Google Maps, Google Satellite Maps, GIS Offline Maps e o servi\u00e7o de mapas OGC do WMS, TMS, WCS e WFS como mapas de coleta de dados. Al\u00e9m disso, suporta acesso a tel\u00eametros de terceiros para obter medi\u00e7\u00f5es mais precisas de dist\u00e2ncia e \u00e2ngulo.<\/p>\n<h3><strong>M\u00e9todos de atalho<\/strong><\/h3>\n<p>O Satsurv oferece alguns m\u00e9todos de atalho para facilitar a opera\u00e7\u00e3o dos usu\u00e1rios, como acionar uma conex\u00e3o Bluetooth usando o modo de atalho NFC sem precisar procurar o n\u00famero do dispositivo, registrar e abrir rapidamente o \u00faltimo sistema de coordenadas salvo por meio da leitura de c\u00f3digo QR. Com a transmiss\u00e3o FTP, os usu\u00e1rios podem transferir documentos no mesmo ambiente de rede sem cabos de conex\u00e3o.<\/p>\n<div style=\"text-align: center, max-width: 640px; margin: 0 auto;\"><video width=\"300\" height=\"150\" class=\"wp-video-shortcode\" preload=\"metadata\" controls=\"controls\"><source type=\"video\/youtube\" src=\"https:\/\/youtu.be\/sNHiaGRADQQ\" \/><\/video><\/div>","protected":false},"excerpt":{"rendered":"<p>O Satsurv \u00e9 um software Android personalizado e f\u00e1cil de usar para tarefas de levantamento topogr\u00e1fico de campo, como levantamento detalhado, demarca\u00e7\u00e3o de dados, cadastro, topografia, projeto de estradas e gerenciamento de dados. Ele suporta levantamentos de inclina\u00e7\u00e3o, quase din\u00e2micos, PPK e est\u00e1ticos. Equipado com fun\u00e7\u00f5es integradas de NFC, Bluetooth e FTP, o Satsurv oferece uma solu\u00e7\u00e3o industrial para um trabalho de campo eficiente.<\/p>\n<p><a href=\"https:\/\/www.satlabgeo.com\/pt\/privacy-policy-for-satsurv-app\/\">Privacy Policy for Satsurv App<\/a><\/p>\n<p><a href=\"https:\/\/members.satlab.com.se\/UploadFiles\/Files\/Software\/Satsurv%20V3.4.8-Software-EN-20260116.zip\">Download the APP<\/a><\/p>","protected":false},"featured_media":1541,"comment_status":"open","ping_status":"closed","template":"","meta":{"_links_to":"","_links_to_target":""},"product_cat":[17],"product_tag":[],"yoast_head":"<!-- This site is optimized with the Yoast SEO plugin v19.8 - https:\/\/yoast.com\/wordpress\/plugins\/seo\/ -->\n<title>Satsurv Field Surveying Software | Global Satellite Positioning Solutions | SatLab Geosolutions AB<\/title>\n<meta name=\"robots\" content=\"index, follow, max-snippet:-1, max-image-preview:large, max-video-preview:-1\" \/>\n<link rel=\"canonical\" href=\"https:\/\/www.satlabgeo.com\/pt\/product\/satsurv\/\" \/>\n<meta property=\"og:locale\" content=\"pt_PT\" \/>\n<meta property=\"og:type\" content=\"article\" \/>\n<meta property=\"og:title\" content=\"Satsurv Field Surveying Software | Global Satellite Positioning Solutions | SatLab Geosolutions AB\" \/>\n<meta property=\"og:description\" content=\"Satsurv is a customized and easy-to-use Android software for field surveying tasks, such as Detail Survey, Data Stakeout, Cadastral, Surveying, Road Design and Data Management. It supports tilt survey, quasi-dynamic, PPK and static surveying mode. Equipped with built-in NFC, Bluetooth, FTP functions, Satsurv provides an industrial solution for efficient fieldwork.  Privacy Policy for Satsurv App  Download the APP\" \/>\n<meta property=\"og:url\" content=\"https:\/\/www.satlabgeo.com\/pt\/product\/satsurv\/\" \/>\n<meta property=\"og:site_name\" content=\"Global Satellite Positioning Solutions | SatLab Geosolutions AB\" \/>\n<meta property=\"article:modified_time\" content=\"2026-01-29T05:58:31+00:00\" \/>\n<meta property=\"og:image\" content=\"https:\/\/www.satlabgeo.com\/wp-content\/uploads\/2022\/03\/Satsurv-logo.png\" \/>\n\t<meta property=\"og:image:width\" content=\"800\" \/>\n\t<meta property=\"og:image:height\" content=\"800\" \/>\n\t<meta property=\"og:image:type\" content=\"image\/png\" \/>\n<meta name=\"twitter:card\" content=\"summary_large_image\" \/>\n<meta name=\"twitter:label1\" content=\"Est. reading time\" \/>\n\t<meta name=\"twitter:data1\" content=\"2 minutos\" \/>\n<script type=\"application\/ld+json\" class=\"yoast-schema-graph\">{\"@context\":\"https:\/\/schema.org\",\"@graph\":[{\"@type\":\"WebPage\",\"@id\":\"https:\/\/www.satlabgeo.com\/product\/satsurv\/\",\"url\":\"https:\/\/www.satlabgeo.com\/product\/satsurv\/\",\"name\":\"Satsurv Field Surveying Software | Global Satellite Positioning Solutions | SatLab Geosolutions AB\",\"isPartOf\":{\"@id\":\"https:\/\/www.satlabgeo.com\/#website\"},\"datePublished\":\"2022-03-29T03:02:01+00:00\",\"dateModified\":\"2026-01-29T05:58:31+00:00\",\"breadcrumb\":{\"@id\":\"https:\/\/www.satlabgeo.com\/product\/satsurv\/#breadcrumb\"},\"inLanguage\":\"pt-PT\",\"potentialAction\":[{\"@type\":\"ReadAction\",\"target\":[\"https:\/\/www.satlabgeo.com\/product\/satsurv\/\"]}]},{\"@type\":\"BreadcrumbList\",\"@id\":\"https:\/\/www.satlabgeo.com\/product\/satsurv\/#breadcrumb\",\"itemListElement\":[{\"@type\":\"ListItem\",\"position\":1,\"name\":\"Home\",\"item\":\"https:\/\/www.satlabgeo.com\/\"},{\"@type\":\"ListItem\",\"position\":2,\"name\":\"Products\",\"item\":\"https:\/\/www.satlabgeo.com\/products\/\"},{\"@type\":\"ListItem\",\"position\":3,\"name\":\"Satsurv Field Surveying Software\"}]},{\"@type\":\"WebSite\",\"@id\":\"https:\/\/www.satlabgeo.com\/#website\",\"url\":\"https:\/\/www.satlabgeo.com\/\",\"name\":\"Global Satellite Positioning Solutions | SatLab Geosolutions AB\",\"description\":\"\",\"publisher\":{\"@id\":\"https:\/\/www.satlabgeo.com\/#organization\"},\"potentialAction\":[{\"@type\":\"SearchAction\",\"target\":{\"@type\":\"EntryPoint\",\"urlTemplate\":\"https:\/\/www.satlabgeo.com\/?s={search_term_string}\"},\"query-input\":\"required name=search_term_string\"}],\"inLanguage\":\"pt-PT\"},{\"@type\":\"Organization\",\"@id\":\"https:\/\/www.satlabgeo.com\/#organization\",\"name\":\"Global Satellite Positioning Solutions | SatLab Geosolutions AB\",\"url\":\"https:\/\/www.satlabgeo.com\/\",\"sameAs\":[],\"logo\":{\"@type\":\"ImageObject\",\"inLanguage\":\"pt-PT\",\"@id\":\"https:\/\/www.satlabgeo.com\/#\/schema\/logo\/image\/\",\"url\":\"https:\/\/www.satlabgeo.com\/wp-content\/uploads\/2025\/08\/satlab-logo.webp\",\"contentUrl\":\"https:\/\/www.satlabgeo.com\/wp-content\/uploads\/2025\/08\/satlab-logo.webp\",\"width\":191,\"height\":48,\"caption\":\"Global Satellite Positioning Solutions | SatLab Geosolutions AB\"},\"image\":{\"@id\":\"https:\/\/www.satlabgeo.com\/#\/schema\/logo\/image\/\"}}]}<\/script>\n<!-- \/ Yoast SEO plugin. -->","yoast_head_json":{"title":"Satsurv Field Surveying Software | Global Satellite Positioning Solutions | SatLab Geosolutions AB","robots":{"index":"index","follow":"follow","max-snippet":"max-snippet:-1","max-image-preview":"max-image-preview:large","max-video-preview":"max-video-preview:-1"},"canonical":"https:\/\/www.satlabgeo.com\/pt\/product\/satsurv\/","og_locale":"pt_PT","og_type":"article","og_title":"Satsurv Field Surveying Software | Global Satellite Positioning Solutions | SatLab Geosolutions AB","og_description":"Satsurv is a customized and easy-to-use Android software for field surveying tasks, such as Detail Survey, Data Stakeout, Cadastral, Surveying, Road Design and Data Management. It supports tilt survey, quasi-dynamic, PPK and static surveying mode. Equipped with built-in NFC, Bluetooth, FTP functions, Satsurv provides an industrial solution for efficient fieldwork.  Privacy Policy for Satsurv App  Download the APP","og_url":"https:\/\/www.satlabgeo.com\/pt\/product\/satsurv\/","og_site_name":"Global Satellite Positioning Solutions | SatLab Geosolutions AB","article_modified_time":"2026-01-29T05:58:31+00:00","og_image":[{"width":800,"height":800,"url":"https:\/\/www.satlabgeo.com\/wp-content\/uploads\/2022\/03\/Satsurv-logo.png","type":"image\/png"}],"twitter_card":"summary_large_image","twitter_misc":{"Est. reading time":"2 minutos"},"schema":{"@context":"https:\/\/schema.org","@graph":[{"@type":"WebPage","@id":"https:\/\/www.satlabgeo.com\/product\/satsurv\/","url":"https:\/\/www.satlabgeo.com\/product\/satsurv\/","name":"Satsurv Field Surveying Software | Global Satellite Positioning Solutions | SatLab Geosolutions AB","isPartOf":{"@id":"https:\/\/www.satlabgeo.com\/#website"},"datePublished":"2022-03-29T03:02:01+00:00","dateModified":"2026-01-29T05:58:31+00:00","breadcrumb":{"@id":"https:\/\/www.satlabgeo.com\/product\/satsurv\/#breadcrumb"},"inLanguage":"pt-PT","potentialAction":[{"@type":"ReadAction","target":["https:\/\/www.satlabgeo.com\/product\/satsurv\/"]}]},{"@type":"BreadcrumbList","@id":"https:\/\/www.satlabgeo.com\/product\/satsurv\/#breadcrumb","itemListElement":[{"@type":"ListItem","position":1,"name":"Home","item":"https:\/\/www.satlabgeo.com\/"},{"@type":"ListItem","position":2,"name":"Products","item":"https:\/\/www.satlabgeo.com\/products\/"},{"@type":"ListItem","position":3,"name":"Satsurv Field Surveying Software"}]},{"@type":"WebSite","@id":"https:\/\/www.satlabgeo.com\/#website","url":"https:\/\/www.satlabgeo.com\/","name":"Global Satellite Positioning Solutions | SatLab Geosolutions AB","description":"","publisher":{"@id":"https:\/\/www.satlabgeo.com\/#organization"},"potentialAction":[{"@type":"SearchAction","target":{"@type":"EntryPoint","urlTemplate":"https:\/\/www.satlabgeo.com\/?s={search_term_string}"},"query-input":"required name=search_term_string"}],"inLanguage":"pt-PT"},{"@type":"Organization","@id":"https:\/\/www.satlabgeo.com\/#organization","name":"Global Satellite Positioning Solutions | SatLab Geosolutions AB","url":"https:\/\/www.satlabgeo.com\/","sameAs":[],"logo":{"@type":"ImageObject","inLanguage":"pt-PT","@id":"https:\/\/www.satlabgeo.com\/#\/schema\/logo\/image\/","url":"https:\/\/www.satlabgeo.com\/wp-content\/uploads\/2025\/08\/satlab-logo.webp","contentUrl":"https:\/\/www.satlabgeo.com\/wp-content\/uploads\/2025\/08\/satlab-logo.webp","width":191,"height":48,"caption":"Global Satellite Positioning Solutions | SatLab Geosolutions AB"},"image":{"@id":"https:\/\/www.satlabgeo.com\/#\/schema\/logo\/image\/"}}]}},"_links":{"self":[{"href":"https:\/\/www.satlabgeo.com\/pt\/wp-json\/wp\/v2\/product\/315"}],"collection":[{"href":"https:\/\/www.satlabgeo.com\/pt\/wp-json\/wp\/v2\/product"}],"about":[{"href":"https:\/\/www.satlabgeo.com\/pt\/wp-json\/wp\/v2\/types\/product"}],"replies":[{"embeddable":true,"href":"https:\/\/www.satlabgeo.com\/pt\/wp-json\/wp\/v2\/comments?post=315"}],"version-history":[{"count":8,"href":"https:\/\/www.satlabgeo.com\/pt\/wp-json\/wp\/v2\/product\/315\/revisions"}],"predecessor-version":[{"id":3402,"href":"https:\/\/www.satlabgeo.com\/pt\/wp-json\/wp\/v2\/product\/315\/revisions\/3402"}],"wp:featuredmedia":[{"embeddable":true,"href":"https:\/\/www.satlabgeo.com\/pt\/wp-json\/wp\/v2\/media\/1541"}],"wp:attachment":[{"href":"https:\/\/www.satlabgeo.com\/pt\/wp-json\/wp\/v2\/media?parent=315"}],"wp:term":[{"taxonomy":"product_cat","embeddable":true,"href":"https:\/\/www.satlabgeo.com\/pt\/wp-json\/wp\/v2\/product_cat?post=315"},{"taxonomy":"product_tag","embeddable":true,"href":"https:\/\/www.satlabgeo.com\/pt\/wp-json\/wp\/v2\/product_tag?post=315"}],"curies":[{"name":"wp","href":"https:\/\/api.w.org\/{rel}","templated":true}]}}