{"id":3125,"date":"2025-11-26T02:48:13","date_gmt":"2025-11-26T02:48:13","guid":{"rendered":"https:\/\/www.satlabgeo.com\/?post_type=product&#038;p=3125"},"modified":"2026-04-27T12:35:31","modified_gmt":"2026-04-27T12:35:31","slug":"sl8-laser-rtk-receiver","status":"publish","type":"product","link":"https:\/\/www.satlabgeo.com\/pt\/product\/sl8-laser-rtk-receiver\/","title":{"rendered":"Receptor RTK a laser SL8"},"content":{"rendered":"<div class=\"landscape\"><img decoding=\"async\" src=\"https:\/\/www.satlabgeo.com\/wp-content\/uploads\/2025\/11\/SL8-SLAM-RTK.webp\" alt=\"SL8-SLAM-RTK\" class=\"aligncenter\" \/><\/div>\n<p>&nbsp;<\/p>\n<h4>Medi\u00e7\u00e3o a laser \u2014 Ampla cobertura para tarefas t\u00edpicas<\/h4>\n<p>Obtenha precis\u00e3o de 2 cm em um raio de 10 m usando Laser RTK, mesmo em ambientes sem GNSS.<br \/>\nIdeal para pontes, t\u00faneis, margens de rios e outros locais complexos onde o GNSS tradicional n\u00e3o funciona.<\/p>\n<h4>Mira exclusiva assistida por imagem \u2014 Mira r\u00e1pida e precisa<\/h4>\n<p>No software SatSurv, os pontos de laser s\u00e3o sobrepostos diretamente \u00e0s imagens em tempo real, permitindo que os usu\u00e1rios localizem e apontem instantaneamente para objetos distantes.<br \/>\nEsse fluxo de trabalho visual melhora significativamente a velocidade e a confian\u00e7a no local.<\/p>\n<h4>IMU de n\u00edvel automotivo \u2014 Efici\u00eancia significativamente aprimorada<\/h4>\n<p>A IMU de n\u00edvel automotivo n\u00e3o requer calibra\u00e7\u00e3o ou inicializa\u00e7\u00e3o manual \u2014 basta ligar e come\u00e7ar a medir.<br \/>\nOferece resultados est\u00e1veis e precisos, aumentando a exatid\u00e3o em at\u00e9 40%, mesmo em \u00e1reas com sinal GNSS comprometido.<\/p>\n<h4>Comunica\u00e7\u00e3o LoRa de longo alcance \u2014 Transmiss\u00e3o confi\u00e1vel al\u00e9m de 15 km<\/h4>\n<p>Com um transceptor LoRa multiprotocolo integrado, o SL8 garante comunica\u00e7\u00e3o est\u00e1vel em dist\u00e2ncias de at\u00e9 15 km e compatibilidade perfeita com diversas marcas de RTK.<br \/>\nNossos algoritmos LoRa, desenvolvidos internamente, mant\u00eam conex\u00f5es fortes e confi\u00e1veis em longas dist\u00e2ncias.<\/p>\n<h4>CAD e marca\u00e7\u00e3o visual \u2014 Layout mais r\u00e1pido 50%<\/h4>\n<p>Um motor CAD de alto desempenho, combinado com imagens de cenas reais, permite aos usu\u00e1rios realizar loca\u00e7\u00f5es diretamente a partir de visualiza\u00e7\u00f5es visuais e CAD.<br \/>\nVisualize seus pontos de destino no local para um fluxo de trabalho mais seguro, r\u00e1pido e intuitivo, melhorando a efici\u00eancia em at\u00e9 50%.<\/p>\n<div style=\"text-align: center, max-width: 640px; margin: 0 auto;\"><video width=\"300\" height=\"150\" class=\"wp-video-shortcode\" preload=\"metadata\" controls=\"controls\"><source type=\"video\/youtube\" src=\"https:\/\/youtu.be\/Dw8NDRDsD_8\" \/><\/video><\/div>","protected":false},"excerpt":{"rendered":"<p>O SatLab SL8 Laser RTK combina c\u00e2meras duplas, GNSS, IMU e tecnologia de laser vis\u00edvel para tornar o levantamento topogr\u00e1fico mais r\u00e1pido e f\u00e1cil. Com medi\u00e7\u00e3o sem contato, mira assistida por imagem, loca\u00e7\u00e3o com visualiza\u00e7\u00e3o ao vivo em CAD e r\u00e1dio LoRa integrado, ele garante um trabalho est\u00e1vel e confi\u00e1vel mesmo em ambientes complexos ou com cobertura GNSS limitada.<\/p>","protected":false},"featured_media":3163,"comment_status":"open","ping_status":"closed","template":"","meta":{"_links_to":"","_links_to_target":""},"product_cat":[26],"product_tag":[],"yoast_head":"<!-- This site is optimized with the Yoast SEO plugin v19.8 - https:\/\/yoast.com\/wordpress\/plugins\/seo\/ -->\n<title>SL8 Laser RTK Receiver | Global Satellite Positioning Solutions | SatLab Geosolutions AB<\/title>\n<meta name=\"robots\" content=\"index, follow, max-snippet:-1, max-image-preview:large, max-video-preview:-1\" \/>\n<link rel=\"canonical\" href=\"https:\/\/www.satlabgeo.com\/pt\/product\/sl8-laser-rtk-receiver\/\" \/>\n<meta property=\"og:locale\" content=\"pt_PT\" \/>\n<meta property=\"og:type\" content=\"article\" \/>\n<meta property=\"og:title\" content=\"SL8 Laser RTK Receiver | Global Satellite Positioning Solutions | SatLab Geosolutions AB\" \/>\n<meta property=\"og:description\" content=\"SatLab SL8 Laser RTK combines dual cameras, GNSS, IMU,and visible laser technology to make surveying faster and easier. With non-contact measurement, image-assisted targeting, CAD live-view stakeout, and a built-in LoRa radio,It ensures smooth, reliable work even in complex or GNSS-limited environments.\" \/>\n<meta property=\"og:url\" content=\"https:\/\/www.satlabgeo.com\/pt\/product\/sl8-laser-rtk-receiver\/\" \/>\n<meta property=\"og:site_name\" content=\"Global Satellite Positioning Solutions | SatLab Geosolutions AB\" \/>\n<meta property=\"article:modified_time\" content=\"2026-04-27T12:35:31+00:00\" \/>\n<meta property=\"og:image\" content=\"https:\/\/www.satlabgeo.com\/wp-content\/uploads\/2025\/11\/SL8-2.webp\" \/>\n\t<meta property=\"og:image:width\" content=\"744\" \/>\n\t<meta property=\"og:image:height\" content=\"705\" \/>\n\t<meta property=\"og:image:type\" content=\"image\/webp\" \/>\n<meta name=\"twitter:card\" content=\"summary_large_image\" \/>\n<meta name=\"twitter:label1\" content=\"Est. reading time\" \/>\n\t<meta name=\"twitter:data1\" content=\"2 minutos\" \/>\n<script type=\"application\/ld+json\" class=\"yoast-schema-graph\">{\"@context\":\"https:\/\/schema.org\",\"@graph\":[{\"@type\":\"WebPage\",\"@id\":\"https:\/\/www.satlabgeo.com\/product\/sl8-laser-rtk-receiver\/\",\"url\":\"https:\/\/www.satlabgeo.com\/product\/sl8-laser-rtk-receiver\/\",\"name\":\"SL8 Laser RTK Receiver | Global Satellite Positioning Solutions | SatLab Geosolutions AB\",\"isPartOf\":{\"@id\":\"https:\/\/www.satlabgeo.com\/#website\"},\"datePublished\":\"2025-11-26T02:48:13+00:00\",\"dateModified\":\"2026-04-27T12:35:31+00:00\",\"breadcrumb\":{\"@id\":\"https:\/\/www.satlabgeo.com\/product\/sl8-laser-rtk-receiver\/#breadcrumb\"},\"inLanguage\":\"pt-PT\",\"potentialAction\":[{\"@type\":\"ReadAction\",\"target\":[\"https:\/\/www.satlabgeo.com\/product\/sl8-laser-rtk-receiver\/\"]}]},{\"@type\":\"BreadcrumbList\",\"@id\":\"https:\/\/www.satlabgeo.com\/product\/sl8-laser-rtk-receiver\/#breadcrumb\",\"itemListElement\":[{\"@type\":\"ListItem\",\"position\":1,\"name\":\"Home\",\"item\":\"https:\/\/www.satlabgeo.com\/\"},{\"@type\":\"ListItem\",\"position\":2,\"name\":\"Products\",\"item\":\"https:\/\/www.satlabgeo.com\/products\/\"},{\"@type\":\"ListItem\",\"position\":3,\"name\":\"SL8 Laser RTK Receiver\"}]},{\"@type\":\"WebSite\",\"@id\":\"https:\/\/www.satlabgeo.com\/#website\",\"url\":\"https:\/\/www.satlabgeo.com\/\",\"name\":\"Global Satellite Positioning Solutions | SatLab Geosolutions AB\",\"description\":\"\",\"publisher\":{\"@id\":\"https:\/\/www.satlabgeo.com\/#organization\"},\"potentialAction\":[{\"@type\":\"SearchAction\",\"target\":{\"@type\":\"EntryPoint\",\"urlTemplate\":\"https:\/\/www.satlabgeo.com\/?s={search_term_string}\"},\"query-input\":\"required name=search_term_string\"}],\"inLanguage\":\"pt-PT\"},{\"@type\":\"Organization\",\"@id\":\"https:\/\/www.satlabgeo.com\/#organization\",\"name\":\"Global Satellite Positioning Solutions | SatLab Geosolutions AB\",\"url\":\"https:\/\/www.satlabgeo.com\/\",\"sameAs\":[],\"logo\":{\"@type\":\"ImageObject\",\"inLanguage\":\"pt-PT\",\"@id\":\"https:\/\/www.satlabgeo.com\/#\/schema\/logo\/image\/\",\"url\":\"https:\/\/www.satlabgeo.com\/wp-content\/uploads\/2025\/08\/satlab-logo.webp\",\"contentUrl\":\"https:\/\/www.satlabgeo.com\/wp-content\/uploads\/2025\/08\/satlab-logo.webp\",\"width\":191,\"height\":48,\"caption\":\"Global Satellite Positioning Solutions | SatLab Geosolutions AB\"},\"image\":{\"@id\":\"https:\/\/www.satlabgeo.com\/#\/schema\/logo\/image\/\"}}]}<\/script>\n<!-- \/ Yoast SEO plugin. -->","yoast_head_json":{"title":"SL8 Laser RTK Receiver | Global Satellite Positioning Solutions | SatLab Geosolutions AB","robots":{"index":"index","follow":"follow","max-snippet":"max-snippet:-1","max-image-preview":"max-image-preview:large","max-video-preview":"max-video-preview:-1"},"canonical":"https:\/\/www.satlabgeo.com\/pt\/product\/sl8-laser-rtk-receiver\/","og_locale":"pt_PT","og_type":"article","og_title":"SL8 Laser RTK Receiver | Global Satellite Positioning Solutions | SatLab Geosolutions AB","og_description":"SatLab SL8 Laser RTK combines dual cameras, GNSS, IMU,and visible laser technology to make surveying faster and easier. With non-contact measurement, image-assisted targeting, CAD live-view stakeout, and a built-in LoRa radio,It ensures smooth, reliable work even in complex or GNSS-limited environments.","og_url":"https:\/\/www.satlabgeo.com\/pt\/product\/sl8-laser-rtk-receiver\/","og_site_name":"Global Satellite Positioning Solutions | SatLab Geosolutions AB","article_modified_time":"2026-04-27T12:35:31+00:00","og_image":[{"width":744,"height":705,"url":"https:\/\/www.satlabgeo.com\/wp-content\/uploads\/2025\/11\/SL8-2.webp","type":"image\/webp"}],"twitter_card":"summary_large_image","twitter_misc":{"Est. reading time":"2 minutos"},"schema":{"@context":"https:\/\/schema.org","@graph":[{"@type":"WebPage","@id":"https:\/\/www.satlabgeo.com\/product\/sl8-laser-rtk-receiver\/","url":"https:\/\/www.satlabgeo.com\/product\/sl8-laser-rtk-receiver\/","name":"SL8 Laser RTK Receiver | Global Satellite Positioning Solutions | SatLab Geosolutions AB","isPartOf":{"@id":"https:\/\/www.satlabgeo.com\/#website"},"datePublished":"2025-11-26T02:48:13+00:00","dateModified":"2026-04-27T12:35:31+00:00","breadcrumb":{"@id":"https:\/\/www.satlabgeo.com\/product\/sl8-laser-rtk-receiver\/#breadcrumb"},"inLanguage":"pt-PT","potentialAction":[{"@type":"ReadAction","target":["https:\/\/www.satlabgeo.com\/product\/sl8-laser-rtk-receiver\/"]}]},{"@type":"BreadcrumbList","@id":"https:\/\/www.satlabgeo.com\/product\/sl8-laser-rtk-receiver\/#breadcrumb","itemListElement":[{"@type":"ListItem","position":1,"name":"Home","item":"https:\/\/www.satlabgeo.com\/"},{"@type":"ListItem","position":2,"name":"Products","item":"https:\/\/www.satlabgeo.com\/products\/"},{"@type":"ListItem","position":3,"name":"SL8 Laser RTK Receiver"}]},{"@type":"WebSite","@id":"https:\/\/www.satlabgeo.com\/#website","url":"https:\/\/www.satlabgeo.com\/","name":"Global Satellite Positioning Solutions | SatLab Geosolutions AB","description":"","publisher":{"@id":"https:\/\/www.satlabgeo.com\/#organization"},"potentialAction":[{"@type":"SearchAction","target":{"@type":"EntryPoint","urlTemplate":"https:\/\/www.satlabgeo.com\/?s={search_term_string}"},"query-input":"required name=search_term_string"}],"inLanguage":"pt-PT"},{"@type":"Organization","@id":"https:\/\/www.satlabgeo.com\/#organization","name":"Global Satellite Positioning Solutions | SatLab Geosolutions AB","url":"https:\/\/www.satlabgeo.com\/","sameAs":[],"logo":{"@type":"ImageObject","inLanguage":"pt-PT","@id":"https:\/\/www.satlabgeo.com\/#\/schema\/logo\/image\/","url":"https:\/\/www.satlabgeo.com\/wp-content\/uploads\/2025\/08\/satlab-logo.webp","contentUrl":"https:\/\/www.satlabgeo.com\/wp-content\/uploads\/2025\/08\/satlab-logo.webp","width":191,"height":48,"caption":"Global Satellite Positioning Solutions | SatLab Geosolutions AB"},"image":{"@id":"https:\/\/www.satlabgeo.com\/#\/schema\/logo\/image\/"}}]}},"_links":{"self":[{"href":"https:\/\/www.satlabgeo.com\/pt\/wp-json\/wp\/v2\/product\/3125"}],"collection":[{"href":"https:\/\/www.satlabgeo.com\/pt\/wp-json\/wp\/v2\/product"}],"about":[{"href":"https:\/\/www.satlabgeo.com\/pt\/wp-json\/wp\/v2\/types\/product"}],"replies":[{"embeddable":true,"href":"https:\/\/www.satlabgeo.com\/pt\/wp-json\/wp\/v2\/comments?post=3125"}],"version-history":[{"count":33,"href":"https:\/\/www.satlabgeo.com\/pt\/wp-json\/wp\/v2\/product\/3125\/revisions"}],"predecessor-version":[{"id":3487,"href":"https:\/\/www.satlabgeo.com\/pt\/wp-json\/wp\/v2\/product\/3125\/revisions\/3487"}],"wp:featuredmedia":[{"embeddable":true,"href":"https:\/\/www.satlabgeo.com\/pt\/wp-json\/wp\/v2\/media\/3163"}],"wp:attachment":[{"href":"https:\/\/www.satlabgeo.com\/pt\/wp-json\/wp\/v2\/media?parent=3125"}],"wp:term":[{"taxonomy":"product_cat","embeddable":true,"href":"https:\/\/www.satlabgeo.com\/pt\/wp-json\/wp\/v2\/product_cat?post=3125"},{"taxonomy":"product_tag","embeddable":true,"href":"https:\/\/www.satlabgeo.com\/pt\/wp-json\/wp\/v2\/product_tag?post=3125"}],"curies":[{"name":"wp","href":"https:\/\/api.w.org\/{rel}","templated":true}]}}