{"id":2700,"date":"2025-06-25T11:05:35","date_gmt":"2025-06-25T11:05:35","guid":{"rendered":"https:\/\/www.satlabgeo.com\/?post_type=product&#038;p=2700"},"modified":"2025-12-04T07:59:55","modified_gmt":"2025-12-04T07:59:55","slug":"sl9-slam-rtk","status":"publish","type":"product","link":"https:\/\/www.satlabgeo.com\/pt\/product\/sl9-slam-rtk\/","title":{"rendered":"SL9 SLAM RTK"},"content":{"rendered":"<div class=\"landscape\"><img decoding=\"async\" src=\"https:\/\/www.satlabgeo.com\/wp-content\/uploads\/2025\/06\/SL9-SLAM-RTK-banner-scaled.webp\" alt=\"SLAM RTK-SL9\" class=\"aligncenter\" \/><\/div>\n<p>&nbsp;<\/p>\n<h4>1. Nova experi\u00eancia de medi\u00e7\u00e3o de imagem<\/h4>\n<p>Com tr\u00eas c\u00e2meras HD e integra\u00e7\u00e3o SLAM, o SL9 permite medi\u00e7\u00f5es em tempo real \u2014 basta selecionar o ponto-alvo na imagem para obter suas coordenadas 3D. Obtenha precis\u00e3o de 2 a 5 cm em um raio de 15 metros usando o aplicativo Satsurv.<\/p>\n<h4>2. Levantamento sem limites com a tecnologia SLAM-Fix<\/h4>\n<p>O SL9 alterna de forma inteligente entre RTK e SLAM. Obtenha coordenadas confi\u00e1veis mesmo sob pontes, beirais ou em ambientes internos \u2014 sem sinal, sem problemas.<\/p>\n<h4>3. Sistema de Coordenadas Unificado<\/h4>\n<p>Chega de costurar dados. O SL9 mant\u00e9m suas coordenadas unificadas em todos os ambientes \u2014 sem pontos de controle, sem fechamento de loop, sem complica\u00e7\u00f5es.<\/p>\n<h4>4. C\u00e1lculo de volume r\u00e1pido e f\u00e1cil<\/h4>\n<p>Gere terrenos 3D instantaneamente e calcule volumes diretamente no local usando o aplicativo Satsurv para Android.<\/p>\n<h4>5. Sinal confi\u00e1vel, dados de alta qualidade<\/h4>\n<p>Rastreie todas as principais constela\u00e7\u00f5es com desempenho superior em ambientes dif\u00edceis, alcan\u00e7ando precis\u00e3o centim\u00e9trica.<\/p>\n<h4>6. P\u00f3s-processamento de precis\u00e3o com Sat-LiDAR<\/h4>\n<p>P\u00f3s-processe seus dados com Sat-LiDAR para espessuras inferiores a 2 cm e precis\u00e3o inferior a 1 cm. O software suporta an\u00e1lise de escava\u00e7\u00e3o de t\u00faneis, monitoramento do progresso e verifica\u00e7\u00f5es de aceita\u00e7\u00e3o. Ele tamb\u00e9m auxilia projetos de renova\u00e7\u00e3o com sa\u00eddas de se\u00e7\u00f5es transversais, plantas e eleva\u00e7\u00f5es.<\/p>\n<div style=\"text-align: center, max-width: 640px; margin: 0 auto;\"><video width=\"300\" height=\"150\" class=\"wp-video-shortcode\" preload=\"metadata\" controls=\"controls\"><source type=\"video\/youtube\" src=\"https:\/\/youtu.be\/hms9r8y7s0M\" \/><\/video><\/div>","protected":false},"excerpt":{"rendered":"<p>O SatLab SL9 SLAM RTK combina posicionamento GNSS de alta precis\u00e3o com a tecnologia SLAM de ponta, eliminando as restri\u00e7\u00f5es espaciais das medi\u00e7\u00f5es RTK tradicionais. Seja em pr\u00e9dios urbanos, florestas densas ou ambientes internos, o SL9 garante medi\u00e7\u00f5es confi\u00e1veis e precisas, redefinindo a efici\u00eancia e a versatilidade no trabalho de campo.<\/p>","protected":false},"featured_media":2739,"comment_status":"open","ping_status":"closed","template":"","meta":{"_links_to":"","_links_to_target":""},"product_cat":[26],"product_tag":[81],"yoast_head":"<!-- This site is optimized with the Yoast SEO plugin v19.8 - https:\/\/yoast.com\/wordpress\/plugins\/seo\/ -->\n<title>SL9 SLAM RTK | Global Satellite Positioning Solutions | SatLab Geosolutions AB<\/title>\n<meta name=\"description\" content=\"SatLab SL9 SLAM RTK combines high-precision GNSS positioning with cutting-edge SLAM technology, eliminating the spatial constraints of traditional RTK measurements.\" \/>\n<meta name=\"robots\" content=\"index, follow, max-snippet:-1, max-image-preview:large, max-video-preview:-1\" \/>\n<link rel=\"canonical\" href=\"https:\/\/www.satlabgeo.com\/pt\/product\/sl9-slam-rtk\/\" \/>\n<meta property=\"og:locale\" content=\"pt_PT\" \/>\n<meta property=\"og:type\" content=\"article\" \/>\n<meta property=\"og:title\" content=\"SL9 SLAM RTK | Global Satellite Positioning Solutions | SatLab Geosolutions AB\" \/>\n<meta property=\"og:description\" content=\"SatLab SL9 SLAM RTK combines high-precision GNSS positioning with cutting-edge SLAM technology, eliminating the spatial constraints of traditional RTK measurements.\" \/>\n<meta property=\"og:url\" content=\"https:\/\/www.satlabgeo.com\/pt\/product\/sl9-slam-rtk\/\" \/>\n<meta property=\"og:site_name\" content=\"Global Satellite Positioning Solutions | SatLab Geosolutions AB\" \/>\n<meta property=\"article:modified_time\" content=\"2025-12-04T07:59:55+00:00\" \/>\n<meta property=\"og:image\" content=\"https:\/\/www.satlabgeo.com\/wp-content\/uploads\/2025\/06\/SL-SLAM-RTK-4.webp\" \/>\n\t<meta property=\"og:image:width\" content=\"600\" \/>\n\t<meta property=\"og:image:height\" content=\"445\" \/>\n\t<meta property=\"og:image:type\" content=\"image\/webp\" \/>\n<meta name=\"twitter:card\" content=\"summary_large_image\" \/>\n<meta name=\"twitter:label1\" content=\"Est. reading time\" \/>\n\t<meta name=\"twitter:data1\" content=\"1 minuto\" \/>\n<script type=\"application\/ld+json\" class=\"yoast-schema-graph\">{\"@context\":\"https:\/\/schema.org\",\"@graph\":[{\"@type\":\"WebPage\",\"@id\":\"https:\/\/www.satlabgeo.com\/product\/sl9-slam-rtk\/\",\"url\":\"https:\/\/www.satlabgeo.com\/product\/sl9-slam-rtk\/\",\"name\":\"SL9 SLAM RTK | Global Satellite Positioning Solutions | SatLab Geosolutions AB\",\"isPartOf\":{\"@id\":\"https:\/\/www.satlabgeo.com\/#website\"},\"datePublished\":\"2025-06-25T11:05:35+00:00\",\"dateModified\":\"2025-12-04T07:59:55+00:00\",\"description\":\"SatLab SL9 SLAM RTK combines high-precision GNSS positioning with cutting-edge SLAM technology, eliminating the spatial constraints of traditional RTK measurements.\",\"breadcrumb\":{\"@id\":\"https:\/\/www.satlabgeo.com\/product\/sl9-slam-rtk\/#breadcrumb\"},\"inLanguage\":\"pt-PT\",\"potentialAction\":[{\"@type\":\"ReadAction\",\"target\":[\"https:\/\/www.satlabgeo.com\/product\/sl9-slam-rtk\/\"]}]},{\"@type\":\"BreadcrumbList\",\"@id\":\"https:\/\/www.satlabgeo.com\/product\/sl9-slam-rtk\/#breadcrumb\",\"itemListElement\":[{\"@type\":\"ListItem\",\"position\":1,\"name\":\"Home\",\"item\":\"https:\/\/www.satlabgeo.com\/\"},{\"@type\":\"ListItem\",\"position\":2,\"name\":\"Products\",\"item\":\"https:\/\/www.satlabgeo.com\/products\/\"},{\"@type\":\"ListItem\",\"position\":3,\"name\":\"SL9 SLAM RTK\"}]},{\"@type\":\"WebSite\",\"@id\":\"https:\/\/www.satlabgeo.com\/#website\",\"url\":\"https:\/\/www.satlabgeo.com\/\",\"name\":\"Global Satellite Positioning Solutions | SatLab Geosolutions AB\",\"description\":\"\",\"publisher\":{\"@id\":\"https:\/\/www.satlabgeo.com\/#organization\"},\"potentialAction\":[{\"@type\":\"SearchAction\",\"target\":{\"@type\":\"EntryPoint\",\"urlTemplate\":\"https:\/\/www.satlabgeo.com\/?s={search_term_string}\"},\"query-input\":\"required name=search_term_string\"}],\"inLanguage\":\"pt-PT\"},{\"@type\":\"Organization\",\"@id\":\"https:\/\/www.satlabgeo.com\/#organization\",\"name\":\"Global Satellite Positioning Solutions | SatLab Geosolutions AB\",\"url\":\"https:\/\/www.satlabgeo.com\/\",\"sameAs\":[],\"logo\":{\"@type\":\"ImageObject\",\"inLanguage\":\"pt-PT\",\"@id\":\"https:\/\/www.satlabgeo.com\/#\/schema\/logo\/image\/\",\"url\":\"https:\/\/www.satlabgeo.com\/wp-content\/uploads\/2025\/08\/satlab-logo.webp\",\"contentUrl\":\"https:\/\/www.satlabgeo.com\/wp-content\/uploads\/2025\/08\/satlab-logo.webp\",\"width\":191,\"height\":48,\"caption\":\"Global Satellite Positioning Solutions | SatLab Geosolutions AB\"},\"image\":{\"@id\":\"https:\/\/www.satlabgeo.com\/#\/schema\/logo\/image\/\"}}]}<\/script>\n<!-- \/ Yoast SEO plugin. -->","yoast_head_json":{"title":"SL9 SLAM RTK | Global Satellite Positioning Solutions | SatLab Geosolutions AB","description":"SatLab SL9 SLAM RTK combines high-precision GNSS positioning with cutting-edge SLAM technology, eliminating the spatial constraints of traditional RTK measurements.","robots":{"index":"index","follow":"follow","max-snippet":"max-snippet:-1","max-image-preview":"max-image-preview:large","max-video-preview":"max-video-preview:-1"},"canonical":"https:\/\/www.satlabgeo.com\/pt\/product\/sl9-slam-rtk\/","og_locale":"pt_PT","og_type":"article","og_title":"SL9 SLAM RTK | Global Satellite Positioning Solutions | SatLab Geosolutions AB","og_description":"SatLab SL9 SLAM RTK combines high-precision GNSS positioning with cutting-edge SLAM technology, eliminating the spatial constraints of traditional RTK measurements.","og_url":"https:\/\/www.satlabgeo.com\/pt\/product\/sl9-slam-rtk\/","og_site_name":"Global Satellite Positioning Solutions | SatLab Geosolutions AB","article_modified_time":"2025-12-04T07:59:55+00:00","og_image":[{"width":600,"height":445,"url":"https:\/\/www.satlabgeo.com\/wp-content\/uploads\/2025\/06\/SL-SLAM-RTK-4.webp","type":"image\/webp"}],"twitter_card":"summary_large_image","twitter_misc":{"Est. reading time":"1 minuto"},"schema":{"@context":"https:\/\/schema.org","@graph":[{"@type":"WebPage","@id":"https:\/\/www.satlabgeo.com\/product\/sl9-slam-rtk\/","url":"https:\/\/www.satlabgeo.com\/product\/sl9-slam-rtk\/","name":"SL9 SLAM RTK | Global Satellite Positioning Solutions | SatLab Geosolutions AB","isPartOf":{"@id":"https:\/\/www.satlabgeo.com\/#website"},"datePublished":"2025-06-25T11:05:35+00:00","dateModified":"2025-12-04T07:59:55+00:00","description":"SatLab SL9 SLAM RTK combines high-precision GNSS positioning with cutting-edge SLAM technology, eliminating the spatial constraints of traditional RTK measurements.","breadcrumb":{"@id":"https:\/\/www.satlabgeo.com\/product\/sl9-slam-rtk\/#breadcrumb"},"inLanguage":"pt-PT","potentialAction":[{"@type":"ReadAction","target":["https:\/\/www.satlabgeo.com\/product\/sl9-slam-rtk\/"]}]},{"@type":"BreadcrumbList","@id":"https:\/\/www.satlabgeo.com\/product\/sl9-slam-rtk\/#breadcrumb","itemListElement":[{"@type":"ListItem","position":1,"name":"Home","item":"https:\/\/www.satlabgeo.com\/"},{"@type":"ListItem","position":2,"name":"Products","item":"https:\/\/www.satlabgeo.com\/products\/"},{"@type":"ListItem","position":3,"name":"SL9 SLAM RTK"}]},{"@type":"WebSite","@id":"https:\/\/www.satlabgeo.com\/#website","url":"https:\/\/www.satlabgeo.com\/","name":"Global Satellite Positioning Solutions | SatLab Geosolutions AB","description":"","publisher":{"@id":"https:\/\/www.satlabgeo.com\/#organization"},"potentialAction":[{"@type":"SearchAction","target":{"@type":"EntryPoint","urlTemplate":"https:\/\/www.satlabgeo.com\/?s={search_term_string}"},"query-input":"required name=search_term_string"}],"inLanguage":"pt-PT"},{"@type":"Organization","@id":"https:\/\/www.satlabgeo.com\/#organization","name":"Global Satellite Positioning Solutions | SatLab Geosolutions AB","url":"https:\/\/www.satlabgeo.com\/","sameAs":[],"logo":{"@type":"ImageObject","inLanguage":"pt-PT","@id":"https:\/\/www.satlabgeo.com\/#\/schema\/logo\/image\/","url":"https:\/\/www.satlabgeo.com\/wp-content\/uploads\/2025\/08\/satlab-logo.webp","contentUrl":"https:\/\/www.satlabgeo.com\/wp-content\/uploads\/2025\/08\/satlab-logo.webp","width":191,"height":48,"caption":"Global Satellite Positioning Solutions | SatLab Geosolutions AB"},"image":{"@id":"https:\/\/www.satlabgeo.com\/#\/schema\/logo\/image\/"}}]}},"_links":{"self":[{"href":"https:\/\/www.satlabgeo.com\/pt\/wp-json\/wp\/v2\/product\/2700"}],"collection":[{"href":"https:\/\/www.satlabgeo.com\/pt\/wp-json\/wp\/v2\/product"}],"about":[{"href":"https:\/\/www.satlabgeo.com\/pt\/wp-json\/wp\/v2\/types\/product"}],"replies":[{"embeddable":true,"href":"https:\/\/www.satlabgeo.com\/pt\/wp-json\/wp\/v2\/comments?post=2700"}],"version-history":[{"count":23,"href":"https:\/\/www.satlabgeo.com\/pt\/wp-json\/wp\/v2\/product\/2700\/revisions"}],"predecessor-version":[{"id":3266,"href":"https:\/\/www.satlabgeo.com\/pt\/wp-json\/wp\/v2\/product\/2700\/revisions\/3266"}],"wp:featuredmedia":[{"embeddable":true,"href":"https:\/\/www.satlabgeo.com\/pt\/wp-json\/wp\/v2\/media\/2739"}],"wp:attachment":[{"href":"https:\/\/www.satlabgeo.com\/pt\/wp-json\/wp\/v2\/media?parent=2700"}],"wp:term":[{"taxonomy":"product_cat","embeddable":true,"href":"https:\/\/www.satlabgeo.com\/pt\/wp-json\/wp\/v2\/product_cat?post=2700"},{"taxonomy":"product_tag","embeddable":true,"href":"https:\/\/www.satlabgeo.com\/pt\/wp-json\/wp\/v2\/product_tag?post=2700"}],"curies":[{"name":"wp","href":"https:\/\/api.w.org\/{rel}","templated":true}]}}