{"id":2541,"date":"2025-06-04T11:03:59","date_gmt":"2025-06-04T11:03:59","guid":{"rendered":"https:\/\/www.satlabgeo.com\/?post_type=product&#038;p=2541"},"modified":"2025-12-16T03:09:07","modified_gmt":"2025-12-16T03:09:07","slug":"hydroboat-1200mb-usv-multibeam-solution","status":"publish","type":"product","link":"https:\/\/www.satlabgeo.com\/pt\/product\/hydroboat-1200mb-usv-multibeam-solution\/","title":{"rendered":"Solu\u00e7\u00e3o multifeixe HydroBoat USV de 1200 MB"},"content":{"rendered":"<div class=\"landscape\"><img decoding=\"async\" loading=\"lazy\" width=\"2560\" height=\"896\" src=\"https:\/\/www.satlabgeo.com\/wp-content\/uploads\/2025\/06\/1200MM-\u4ea7\u54c1\u8be6\u60c5\u9875960&#039;3361-scaled.webp\" alt=\"\" class=\"alignnone size-full wp-image-2586\" srcset=\"\" sizes=\"(max-width: 2560px) 100vw, 2560px\" data-srcset=\"\" \/><\/div>\n<p>&nbsp;<\/p>\n<h2 title=\"USV inteligente\"><span style=\"font-size: 18pt;\">Fluxo de trabalho ultra-integrado<\/span><\/h2>\n<p><span>Constru\u00eddo sobre controle avan\u00e7ado de plataforma n\u00e3o tripulada, o sistema integra eficientemente todo o fluxo de trabalho, desde a aquisi\u00e7\u00e3o de dados at\u00e9 as entregas.<br \/>\n<\/span><\/p>\n<p>&nbsp;<\/p>\n<h3 title=\"embarca\u00e7\u00f5es de pesquisa n\u00e3o tripuladas\"><span style=\"font-size: 18pt;\">Imagens de nuvem de pontos 3D ao vivo e varredura lateral<\/span><\/h3>\n<p><span>Nuvem de pontos XYZ em tempo real e imagens de varredura lateral em v\u00e1rios terminais \u2014 visualize e monitore durante o levantamento.<\/span><\/p>\n<p>&nbsp;<\/p>\n<h3 title=\"embarca\u00e7\u00e3o aut\u00f4noma\"><span style=\"font-size: 18pt;\">Corre\u00e7\u00e3o de Velocidade Sonora Sem SVP<\/span><\/h3>\n<p><span>Alimentado pelo SPIN (Sound Speed Profile Inversion), o sistema garante corre\u00e7\u00e3o precisa da velocidade do som sem dispositivos SVP extras.<\/span><\/p>\n<div style=\"text-align: center, max-width: 640px; margin: 0 auto; \"><video width=\"300\" height=\"150\" class=\"wp-video-shortcode\" preload=\"metadata\" controls=\"controls\"><source type=\"video\/youtube\" src=\"https:\/\/youtu.be\/0gLXfYLMR4M\" \/><\/video><\/div>","protected":false},"excerpt":{"rendered":"<p>O HydroBoat 1200MB \u00e9 a mais recente solu\u00e7\u00e3o multifeixe USV da SatLab, combinando a comprovada tecnologia de embarca\u00e7\u00f5es n\u00e3o tripuladas com o HydroBeam M2 MBES (Multibeam Echo Sounder). Compacto e f\u00e1cil de implementar, ele proporciona levantamentos hidrogr\u00e1ficos eficientes e precisos, reduzindo o tempo de configura\u00e7\u00e3o e a complexidade operacional. Projetado para ambientes interiores e costeiros, sua estrutura leve e \u00e1gil garante um desempenho confi\u00e1vel onde a precis\u00e3o \u00e9 mais importante.<\/p>\n<p>Com controles intuitivos e uma interface amig\u00e1vel, o HydroBoat 1200MB permite que pequenas equipes alcancem resultados profissionais com o m\u00ednimo de esfor\u00e7o. Equilibrando desempenho, simplicidade e valor, ele oferece uma solu\u00e7\u00e3o confi\u00e1vel e econ\u00f4mica para top\u00f3grafos que buscam um sistema USV multifeixe integrado.<\/p>","protected":false},"featured_media":2562,"comment_status":"open","ping_status":"closed","template":"","meta":{"_links_to":"","_links_to_target":""},"product_cat":[73],"product_tag":[],"yoast_head":"<!-- This site is optimized with the Yoast SEO plugin v19.8 - https:\/\/yoast.com\/wordpress\/plugins\/seo\/ -->\n<title>HydroBoat 1200MB USV Multibeam Solution | SatLab<\/title>\n<meta name=\"description\" content=\"SatLab\u2019s HydroBoat 1200MB is a USV multibeam solution integrating proven unmanned vessel tech with HydroBeam M2 MBES. it enables efficient, accurate hydrographic surveys.\" \/>\n<meta name=\"robots\" content=\"index, follow, max-snippet:-1, max-image-preview:large, max-video-preview:-1\" \/>\n<link rel=\"canonical\" href=\"https:\/\/www.satlabgeo.com\/pt\/product\/hydroboat-1200mb-usv-multibeam-solution\/\" \/>\n<meta property=\"og:locale\" content=\"pt_PT\" \/>\n<meta property=\"og:type\" content=\"article\" \/>\n<meta property=\"og:title\" content=\"HydroBoat 1200MB USV Multibeam Solution | SatLab\" \/>\n<meta property=\"og:description\" content=\"SatLab\u2019s HydroBoat 1200MB is a USV multibeam solution integrating proven unmanned vessel tech with HydroBeam M2 MBES. it enables efficient, accurate hydrographic surveys.\" \/>\n<meta property=\"og:url\" content=\"https:\/\/www.satlabgeo.com\/pt\/product\/hydroboat-1200mb-usv-multibeam-solution\/\" \/>\n<meta property=\"og:site_name\" content=\"Global Satellite Positioning Solutions | SatLab Geosolutions AB\" \/>\n<meta property=\"article:modified_time\" content=\"2025-12-16T03:09:07+00:00\" \/>\n<meta property=\"og:image\" content=\"https:\/\/www.satlabgeo.com\/wp-content\/uploads\/2025\/06\/\u672a\u6807\u9898-1.webp\" \/>\n\t<meta property=\"og:image:width\" content=\"445\" \/>\n\t<meta property=\"og:image:height\" content=\"400\" \/>\n\t<meta property=\"og:image:type\" content=\"image\/webp\" \/>\n<meta name=\"twitter:card\" content=\"summary_large_image\" \/>\n<meta name=\"twitter:label1\" content=\"Est. reading time\" \/>\n\t<meta name=\"twitter:data1\" content=\"1 minuto\" \/>\n<script type=\"application\/ld+json\" class=\"yoast-schema-graph\">{\"@context\":\"https:\/\/schema.org\",\"@graph\":[{\"@type\":\"WebPage\",\"@id\":\"https:\/\/www.satlabgeo.com\/product\/hydroboat-1200mb-usv-multibeam-solution\/\",\"url\":\"https:\/\/www.satlabgeo.com\/product\/hydroboat-1200mb-usv-multibeam-solution\/\",\"name\":\"HydroBoat 1200MB USV Multibeam Solution | SatLab\",\"isPartOf\":{\"@id\":\"https:\/\/www.satlabgeo.com\/#website\"},\"datePublished\":\"2025-06-04T11:03:59+00:00\",\"dateModified\":\"2025-12-16T03:09:07+00:00\",\"description\":\"SatLab\u2019s HydroBoat 1200MB is a USV multibeam solution integrating proven unmanned vessel tech with HydroBeam M2 MBES. it enables efficient, accurate hydrographic surveys.\",\"breadcrumb\":{\"@id\":\"https:\/\/www.satlabgeo.com\/product\/hydroboat-1200mb-usv-multibeam-solution\/#breadcrumb\"},\"inLanguage\":\"pt-PT\",\"potentialAction\":[{\"@type\":\"ReadAction\",\"target\":[\"https:\/\/www.satlabgeo.com\/product\/hydroboat-1200mb-usv-multibeam-solution\/\"]}]},{\"@type\":\"BreadcrumbList\",\"@id\":\"https:\/\/www.satlabgeo.com\/product\/hydroboat-1200mb-usv-multibeam-solution\/#breadcrumb\",\"itemListElement\":[{\"@type\":\"ListItem\",\"position\":1,\"name\":\"Home\",\"item\":\"https:\/\/www.satlabgeo.com\/\"},{\"@type\":\"ListItem\",\"position\":2,\"name\":\"Products\",\"item\":\"https:\/\/www.satlabgeo.com\/products\/\"},{\"@type\":\"ListItem\",\"position\":3,\"name\":\"HydroBoat 1200MB USV Multibeam Solution\"}]},{\"@type\":\"WebSite\",\"@id\":\"https:\/\/www.satlabgeo.com\/#website\",\"url\":\"https:\/\/www.satlabgeo.com\/\",\"name\":\"Global Satellite Positioning Solutions | SatLab Geosolutions AB\",\"description\":\"\",\"publisher\":{\"@id\":\"https:\/\/www.satlabgeo.com\/#organization\"},\"potentialAction\":[{\"@type\":\"SearchAction\",\"target\":{\"@type\":\"EntryPoint\",\"urlTemplate\":\"https:\/\/www.satlabgeo.com\/?s={search_term_string}\"},\"query-input\":\"required name=search_term_string\"}],\"inLanguage\":\"pt-PT\"},{\"@type\":\"Organization\",\"@id\":\"https:\/\/www.satlabgeo.com\/#organization\",\"name\":\"Global Satellite Positioning Solutions | SatLab Geosolutions AB\",\"url\":\"https:\/\/www.satlabgeo.com\/\",\"sameAs\":[],\"logo\":{\"@type\":\"ImageObject\",\"inLanguage\":\"pt-PT\",\"@id\":\"https:\/\/www.satlabgeo.com\/#\/schema\/logo\/image\/\",\"url\":\"https:\/\/www.satlabgeo.com\/wp-content\/uploads\/2025\/08\/satlab-logo.webp\",\"contentUrl\":\"https:\/\/www.satlabgeo.com\/wp-content\/uploads\/2025\/08\/satlab-logo.webp\",\"width\":191,\"height\":48,\"caption\":\"Global Satellite Positioning Solutions | SatLab Geosolutions AB\"},\"image\":{\"@id\":\"https:\/\/www.satlabgeo.com\/#\/schema\/logo\/image\/\"}}]}<\/script>\n<!-- \/ Yoast SEO plugin. -->","yoast_head_json":{"title":"HydroBoat 1200MB USV Multibeam Solution | SatLab","description":"SatLab\u2019s HydroBoat 1200MB is a USV multibeam solution integrating proven unmanned vessel tech with HydroBeam M2 MBES. it enables efficient, accurate hydrographic surveys.","robots":{"index":"index","follow":"follow","max-snippet":"max-snippet:-1","max-image-preview":"max-image-preview:large","max-video-preview":"max-video-preview:-1"},"canonical":"https:\/\/www.satlabgeo.com\/pt\/product\/hydroboat-1200mb-usv-multibeam-solution\/","og_locale":"pt_PT","og_type":"article","og_title":"HydroBoat 1200MB USV Multibeam Solution | SatLab","og_description":"SatLab\u2019s HydroBoat 1200MB is a USV multibeam solution integrating proven unmanned vessel tech with HydroBeam M2 MBES. it enables efficient, accurate hydrographic surveys.","og_url":"https:\/\/www.satlabgeo.com\/pt\/product\/hydroboat-1200mb-usv-multibeam-solution\/","og_site_name":"Global Satellite Positioning Solutions | SatLab Geosolutions AB","article_modified_time":"2025-12-16T03:09:07+00:00","og_image":[{"width":445,"height":400,"url":"https:\/\/www.satlabgeo.com\/wp-content\/uploads\/2025\/06\/\u672a\u6807\u9898-1.webp","type":"image\/webp"}],"twitter_card":"summary_large_image","twitter_misc":{"Est. reading time":"1 minuto"},"schema":{"@context":"https:\/\/schema.org","@graph":[{"@type":"WebPage","@id":"https:\/\/www.satlabgeo.com\/product\/hydroboat-1200mb-usv-multibeam-solution\/","url":"https:\/\/www.satlabgeo.com\/product\/hydroboat-1200mb-usv-multibeam-solution\/","name":"HydroBoat 1200MB USV Multibeam Solution | SatLab","isPartOf":{"@id":"https:\/\/www.satlabgeo.com\/#website"},"datePublished":"2025-06-04T11:03:59+00:00","dateModified":"2025-12-16T03:09:07+00:00","description":"SatLab\u2019s HydroBoat 1200MB is a USV multibeam solution integrating proven unmanned vessel tech with HydroBeam M2 MBES. it enables efficient, accurate hydrographic surveys.","breadcrumb":{"@id":"https:\/\/www.satlabgeo.com\/product\/hydroboat-1200mb-usv-multibeam-solution\/#breadcrumb"},"inLanguage":"pt-PT","potentialAction":[{"@type":"ReadAction","target":["https:\/\/www.satlabgeo.com\/product\/hydroboat-1200mb-usv-multibeam-solution\/"]}]},{"@type":"BreadcrumbList","@id":"https:\/\/www.satlabgeo.com\/product\/hydroboat-1200mb-usv-multibeam-solution\/#breadcrumb","itemListElement":[{"@type":"ListItem","position":1,"name":"Home","item":"https:\/\/www.satlabgeo.com\/"},{"@type":"ListItem","position":2,"name":"Products","item":"https:\/\/www.satlabgeo.com\/products\/"},{"@type":"ListItem","position":3,"name":"HydroBoat 1200MB USV Multibeam Solution"}]},{"@type":"WebSite","@id":"https:\/\/www.satlabgeo.com\/#website","url":"https:\/\/www.satlabgeo.com\/","name":"Global Satellite Positioning Solutions | SatLab Geosolutions AB","description":"","publisher":{"@id":"https:\/\/www.satlabgeo.com\/#organization"},"potentialAction":[{"@type":"SearchAction","target":{"@type":"EntryPoint","urlTemplate":"https:\/\/www.satlabgeo.com\/?s={search_term_string}"},"query-input":"required name=search_term_string"}],"inLanguage":"pt-PT"},{"@type":"Organization","@id":"https:\/\/www.satlabgeo.com\/#organization","name":"Global Satellite Positioning Solutions | SatLab Geosolutions AB","url":"https:\/\/www.satlabgeo.com\/","sameAs":[],"logo":{"@type":"ImageObject","inLanguage":"pt-PT","@id":"https:\/\/www.satlabgeo.com\/#\/schema\/logo\/image\/","url":"https:\/\/www.satlabgeo.com\/wp-content\/uploads\/2025\/08\/satlab-logo.webp","contentUrl":"https:\/\/www.satlabgeo.com\/wp-content\/uploads\/2025\/08\/satlab-logo.webp","width":191,"height":48,"caption":"Global Satellite Positioning Solutions | SatLab Geosolutions AB"},"image":{"@id":"https:\/\/www.satlabgeo.com\/#\/schema\/logo\/image\/"}}]}},"_links":{"self":[{"href":"https:\/\/www.satlabgeo.com\/pt\/wp-json\/wp\/v2\/product\/2541"}],"collection":[{"href":"https:\/\/www.satlabgeo.com\/pt\/wp-json\/wp\/v2\/product"}],"about":[{"href":"https:\/\/www.satlabgeo.com\/pt\/wp-json\/wp\/v2\/types\/product"}],"replies":[{"embeddable":true,"href":"https:\/\/www.satlabgeo.com\/pt\/wp-json\/wp\/v2\/comments?post=2541"}],"version-history":[{"count":10,"href":"https:\/\/www.satlabgeo.com\/pt\/wp-json\/wp\/v2\/product\/2541\/revisions"}],"predecessor-version":[{"id":3268,"href":"https:\/\/www.satlabgeo.com\/pt\/wp-json\/wp\/v2\/product\/2541\/revisions\/3268"}],"wp:featuredmedia":[{"embeddable":true,"href":"https:\/\/www.satlabgeo.com\/pt\/wp-json\/wp\/v2\/media\/2562"}],"wp:attachment":[{"href":"https:\/\/www.satlabgeo.com\/pt\/wp-json\/wp\/v2\/media?parent=2541"}],"wp:term":[{"taxonomy":"product_cat","embeddable":true,"href":"https:\/\/www.satlabgeo.com\/pt\/wp-json\/wp\/v2\/product_cat?post=2541"},{"taxonomy":"product_tag","embeddable":true,"href":"https:\/\/www.satlabgeo.com\/pt\/wp-json\/wp\/v2\/product_tag?post=2541"}],"curies":[{"name":"wp","href":"https:\/\/api.w.org\/{rel}","templated":true}]}}