{"id":2112,"date":"2024-09-20T08:06:25","date_gmt":"2024-09-20T08:06:25","guid":{"rendered":"https:\/\/www.satlabgeo.com\/?post_type=product&#038;p=2112"},"modified":"2025-11-27T01:56:05","modified_gmt":"2025-11-27T01:56:05","slug":"sl87-pro","status":"publish","type":"product","link":"https:\/\/www.satlabgeo.com\/pt\/product\/sl87-pro\/","title":{"rendered":"Tablet de alta precis\u00e3o SL87 Pro"},"content":{"rendered":"<p><img decoding=\"async\" src=\"https:\/\/www.satlabgeo.com\/wp-content\/uploads\/2024\/09\/SL87-PRO-960x336-1-scaled.jpg\" alt=\"Tablet robusto de alta precis\u00e3o\" \/><\/p>\n<h4>1. Design port\u00e1til e robusto<\/h4>\n<p>Pesando apenas 610 g, com bateria de 8 horas de dura\u00e7\u00e3o, resist\u00eancia \u00e0 \u00e1gua e poeira IP67, garantindo uma opera\u00e7\u00e3o m\u00f3vel sem preocupa\u00e7\u00f5es.<\/p>\n<h4>2. Experi\u00eancia de coleta de dados cont\u00ednua<\/h4>\n<p>Equipado com Android 13 e um poderoso processador de 8 n\u00facleos, juntamente com um m\u00f3dulo de software de coleta de dados GIS simplificado, proporcionando uma experi\u00eancia de coleta de dados suave e eficiente.<\/p>\n<h4>3. Precis\u00e3o confi\u00e1vel<\/h4>\n<p>O m\u00f3dulo remov\u00edvel GNR1 de alta precis\u00e3o possui 1408 canais e suporta GPS, GLONASS, Galileo e BeiDou. Oferece precis\u00e3o RTK centim\u00e9trica e servi\u00e7os PPP subm\u00e9tricos.<\/p>\n<div style=\"text-align: center, max-width: 640px; margin: 0 auto; \"><video width=\"300\" height=\"150\" class=\"wp-video-shortcode\" preload=\"metadata\" controls=\"controls\"><source type=\"video\/youtube\" src=\"https:\/\/youtu.be\/fDZYghEcYOI\" \/><\/video><\/div>","protected":false},"excerpt":{"rendered":"<p>O Tablet Robusto de Alta Precis\u00e3o SL87 Pro \u00e9 uma ferramenta poderosa projetada para usu\u00e1rios em campo que buscam efici\u00eancia. Com 1408 canais e Android 13, este tablet possui um processador de alta velocidade de 8 n\u00facleos para um desempenho impec\u00e1vel. Sua tela de 8 polegadas, leg\u00edvel sob luz solar, oferece visibilidade n\u00edtida em qualquer ambiente. Apesar de seus recursos robustos, o SL87 Pro permanece port\u00e1til e leve, tornando-o ideal para profissionais em movimento.<\/p>","protected":false},"featured_media":2204,"comment_status":"open","ping_status":"closed","template":"","meta":{"_links_to":"","_links_to_target":""},"product_cat":[25],"product_tag":[],"yoast_head":"<!-- This site is optimized with the Yoast SEO plugin v19.8 - https:\/\/yoast.com\/wordpress\/plugins\/seo\/ -->\n<title>SL87 Pro High-precision Rugged Tablet | SatLab<\/title>\n<meta name=\"description\" content=\"SL87 Pro, With 1408 channels and powered by Android 13, this High-precision Rugged Tablet features an 8-core high-speed processor for seamless performance.\" \/>\n<meta name=\"robots\" content=\"index, follow, max-snippet:-1, max-image-preview:large, max-video-preview:-1\" \/>\n<link rel=\"canonical\" href=\"https:\/\/www.satlabgeo.com\/pt\/product\/sl87-pro\/\" \/>\n<meta property=\"og:locale\" content=\"pt_PT\" \/>\n<meta property=\"og:type\" content=\"article\" \/>\n<meta property=\"og:title\" content=\"SL87 Pro High-precision Rugged Tablet | SatLab\" \/>\n<meta property=\"og:description\" content=\"SL87 Pro, With 1408 channels and powered by Android 13, this High-precision Rugged Tablet features an 8-core high-speed processor for seamless performance.\" \/>\n<meta property=\"og:url\" content=\"https:\/\/www.satlabgeo.com\/pt\/product\/sl87-pro\/\" \/>\n<meta property=\"og:site_name\" content=\"Global Satellite Positioning Solutions | SatLab Geosolutions AB\" \/>\n<meta property=\"article:modified_time\" content=\"2025-11-27T01:56:05+00:00\" \/>\n<meta property=\"og:image\" content=\"https:\/\/www.satlabgeo.com\/wp-content\/uploads\/2024\/09\/700x519-6.png\" \/>\n\t<meta property=\"og:image:width\" content=\"700\" \/>\n\t<meta property=\"og:image:height\" content=\"519\" \/>\n\t<meta property=\"og:image:type\" content=\"image\/png\" \/>\n<meta name=\"twitter:card\" content=\"summary_large_image\" \/>\n<meta name=\"twitter:label1\" content=\"Est. reading time\" \/>\n\t<meta name=\"twitter:data1\" content=\"1 minuto\" \/>\n<script type=\"application\/ld+json\" class=\"yoast-schema-graph\">{\"@context\":\"https:\/\/schema.org\",\"@graph\":[{\"@type\":\"WebPage\",\"@id\":\"https:\/\/www.satlabgeo.com\/product\/sl87-pro\/\",\"url\":\"https:\/\/www.satlabgeo.com\/product\/sl87-pro\/\",\"name\":\"SL87 Pro High-precision Rugged Tablet | SatLab\",\"isPartOf\":{\"@id\":\"https:\/\/www.satlabgeo.com\/#website\"},\"datePublished\":\"2024-09-20T08:06:25+00:00\",\"dateModified\":\"2025-11-27T01:56:05+00:00\",\"description\":\"SL87 Pro, With 1408 channels and powered by Android 13, this High-precision Rugged Tablet features an 8-core high-speed processor for seamless performance.\",\"breadcrumb\":{\"@id\":\"https:\/\/www.satlabgeo.com\/product\/sl87-pro\/#breadcrumb\"},\"inLanguage\":\"pt-PT\",\"potentialAction\":[{\"@type\":\"ReadAction\",\"target\":[\"https:\/\/www.satlabgeo.com\/product\/sl87-pro\/\"]}]},{\"@type\":\"BreadcrumbList\",\"@id\":\"https:\/\/www.satlabgeo.com\/product\/sl87-pro\/#breadcrumb\",\"itemListElement\":[{\"@type\":\"ListItem\",\"position\":1,\"name\":\"Home\",\"item\":\"https:\/\/www.satlabgeo.com\/\"},{\"@type\":\"ListItem\",\"position\":2,\"name\":\"Products\",\"item\":\"https:\/\/www.satlabgeo.com\/products\/\"},{\"@type\":\"ListItem\",\"position\":3,\"name\":\"SL87 Pro High-precision Tablet\"}]},{\"@type\":\"WebSite\",\"@id\":\"https:\/\/www.satlabgeo.com\/#website\",\"url\":\"https:\/\/www.satlabgeo.com\/\",\"name\":\"Global Satellite Positioning Solutions | SatLab Geosolutions AB\",\"description\":\"\",\"publisher\":{\"@id\":\"https:\/\/www.satlabgeo.com\/#organization\"},\"potentialAction\":[{\"@type\":\"SearchAction\",\"target\":{\"@type\":\"EntryPoint\",\"urlTemplate\":\"https:\/\/www.satlabgeo.com\/?s={search_term_string}\"},\"query-input\":\"required name=search_term_string\"}],\"inLanguage\":\"pt-PT\"},{\"@type\":\"Organization\",\"@id\":\"https:\/\/www.satlabgeo.com\/#organization\",\"name\":\"Global Satellite Positioning Solutions | SatLab Geosolutions AB\",\"url\":\"https:\/\/www.satlabgeo.com\/\",\"sameAs\":[],\"logo\":{\"@type\":\"ImageObject\",\"inLanguage\":\"pt-PT\",\"@id\":\"https:\/\/www.satlabgeo.com\/#\/schema\/logo\/image\/\",\"url\":\"https:\/\/www.satlabgeo.com\/wp-content\/uploads\/2025\/08\/satlab-logo.webp\",\"contentUrl\":\"https:\/\/www.satlabgeo.com\/wp-content\/uploads\/2025\/08\/satlab-logo.webp\",\"width\":191,\"height\":48,\"caption\":\"Global Satellite Positioning Solutions | SatLab Geosolutions AB\"},\"image\":{\"@id\":\"https:\/\/www.satlabgeo.com\/#\/schema\/logo\/image\/\"}}]}<\/script>\n<!-- \/ Yoast SEO plugin. -->","yoast_head_json":{"title":"SL87 Pro High-precision Rugged Tablet | SatLab","description":"SL87 Pro, With 1408 channels and powered by Android 13, this High-precision Rugged Tablet features an 8-core high-speed processor for seamless performance.","robots":{"index":"index","follow":"follow","max-snippet":"max-snippet:-1","max-image-preview":"max-image-preview:large","max-video-preview":"max-video-preview:-1"},"canonical":"https:\/\/www.satlabgeo.com\/pt\/product\/sl87-pro\/","og_locale":"pt_PT","og_type":"article","og_title":"SL87 Pro High-precision Rugged Tablet | SatLab","og_description":"SL87 Pro, With 1408 channels and powered by Android 13, this High-precision Rugged Tablet features an 8-core high-speed processor for seamless performance.","og_url":"https:\/\/www.satlabgeo.com\/pt\/product\/sl87-pro\/","og_site_name":"Global Satellite Positioning Solutions | SatLab Geosolutions AB","article_modified_time":"2025-11-27T01:56:05+00:00","og_image":[{"width":700,"height":519,"url":"https:\/\/www.satlabgeo.com\/wp-content\/uploads\/2024\/09\/700x519-6.png","type":"image\/png"}],"twitter_card":"summary_large_image","twitter_misc":{"Est. reading time":"1 minuto"},"schema":{"@context":"https:\/\/schema.org","@graph":[{"@type":"WebPage","@id":"https:\/\/www.satlabgeo.com\/product\/sl87-pro\/","url":"https:\/\/www.satlabgeo.com\/product\/sl87-pro\/","name":"SL87 Pro High-precision Rugged Tablet | SatLab","isPartOf":{"@id":"https:\/\/www.satlabgeo.com\/#website"},"datePublished":"2024-09-20T08:06:25+00:00","dateModified":"2025-11-27T01:56:05+00:00","description":"SL87 Pro, With 1408 channels and powered by Android 13, this High-precision Rugged Tablet features an 8-core high-speed processor for seamless performance.","breadcrumb":{"@id":"https:\/\/www.satlabgeo.com\/product\/sl87-pro\/#breadcrumb"},"inLanguage":"pt-PT","potentialAction":[{"@type":"ReadAction","target":["https:\/\/www.satlabgeo.com\/product\/sl87-pro\/"]}]},{"@type":"BreadcrumbList","@id":"https:\/\/www.satlabgeo.com\/product\/sl87-pro\/#breadcrumb","itemListElement":[{"@type":"ListItem","position":1,"name":"Home","item":"https:\/\/www.satlabgeo.com\/"},{"@type":"ListItem","position":2,"name":"Products","item":"https:\/\/www.satlabgeo.com\/products\/"},{"@type":"ListItem","position":3,"name":"SL87 Pro High-precision Tablet"}]},{"@type":"WebSite","@id":"https:\/\/www.satlabgeo.com\/#website","url":"https:\/\/www.satlabgeo.com\/","name":"Global Satellite Positioning Solutions | SatLab Geosolutions AB","description":"","publisher":{"@id":"https:\/\/www.satlabgeo.com\/#organization"},"potentialAction":[{"@type":"SearchAction","target":{"@type":"EntryPoint","urlTemplate":"https:\/\/www.satlabgeo.com\/?s={search_term_string}"},"query-input":"required name=search_term_string"}],"inLanguage":"pt-PT"},{"@type":"Organization","@id":"https:\/\/www.satlabgeo.com\/#organization","name":"Global Satellite Positioning Solutions | SatLab Geosolutions AB","url":"https:\/\/www.satlabgeo.com\/","sameAs":[],"logo":{"@type":"ImageObject","inLanguage":"pt-PT","@id":"https:\/\/www.satlabgeo.com\/#\/schema\/logo\/image\/","url":"https:\/\/www.satlabgeo.com\/wp-content\/uploads\/2025\/08\/satlab-logo.webp","contentUrl":"https:\/\/www.satlabgeo.com\/wp-content\/uploads\/2025\/08\/satlab-logo.webp","width":191,"height":48,"caption":"Global Satellite Positioning Solutions | SatLab Geosolutions AB"},"image":{"@id":"https:\/\/www.satlabgeo.com\/#\/schema\/logo\/image\/"}}]}},"_links":{"self":[{"href":"https:\/\/www.satlabgeo.com\/pt\/wp-json\/wp\/v2\/product\/2112"}],"collection":[{"href":"https:\/\/www.satlabgeo.com\/pt\/wp-json\/wp\/v2\/product"}],"about":[{"href":"https:\/\/www.satlabgeo.com\/pt\/wp-json\/wp\/v2\/types\/product"}],"replies":[{"embeddable":true,"href":"https:\/\/www.satlabgeo.com\/pt\/wp-json\/wp\/v2\/comments?post=2112"}],"version-history":[{"count":5,"href":"https:\/\/www.satlabgeo.com\/pt\/wp-json\/wp\/v2\/product\/2112\/revisions"}],"predecessor-version":[{"id":3204,"href":"https:\/\/www.satlabgeo.com\/pt\/wp-json\/wp\/v2\/product\/2112\/revisions\/3204"}],"wp:featuredmedia":[{"embeddable":true,"href":"https:\/\/www.satlabgeo.com\/pt\/wp-json\/wp\/v2\/media\/2204"}],"wp:attachment":[{"href":"https:\/\/www.satlabgeo.com\/pt\/wp-json\/wp\/v2\/media?parent=2112"}],"wp:term":[{"taxonomy":"product_cat","embeddable":true,"href":"https:\/\/www.satlabgeo.com\/pt\/wp-json\/wp\/v2\/product_cat?post=2112"},{"taxonomy":"product_tag","embeddable":true,"href":"https:\/\/www.satlabgeo.com\/pt\/wp-json\/wp\/v2\/product_tag?post=2112"}],"curies":[{"name":"wp","href":"https:\/\/api.w.org\/{rel}","templated":true}]}}