{"id":2042,"date":"2024-09-09T11:33:41","date_gmt":"2024-09-09T11:33:41","guid":{"rendered":"https:\/\/www.satlabgeo.com\/?post_type=product&#038;p=2042"},"modified":"2025-09-09T06:36:55","modified_gmt":"2025-09-09T06:36:55","slug":"ecs-g60-grader-control-system","status":"publish","type":"product","link":"https:\/\/www.satlabgeo.com\/pt\/product\/ecs-g60-grader-control-system\/","title":{"rendered":"Sistema de controle de niveladora ECS-G60"},"content":{"rendered":"<h3><img decoding=\"async\" src=\"https:\/\/www.satlabgeo.com\/wp-content\/uploads\/2025\/09\/ECS-G60-scaled.webp\" alt=\"\" class=\"alignnone size-full wp-image-2259\" \/><\/h3>\n<h3>Visualiza\u00e7\u00e3o 3D abrangente<\/h3>\n<p>O sistema de controle da niveladora ECS-G60 fornece visualiza\u00e7\u00e3o 3D intuitiva em um tablet na cabine, oferecendo aos operadores dados abrangentes de constru\u00e7\u00e3o, como superf\u00edcies de projeto, informa\u00e7\u00f5es de corte\/aterro, declives, eleva\u00e7\u00f5es, linhas de refer\u00eancia e progresso de nivelamento, permitindo que os operadores visualizem os movimentos da niveladora em tempo real.<\/p>\n<h3>Controle Automatizado<\/h3>\n<p>O algoritmo do modelo Grader@3D, combinado com o posicionamento de alta precis\u00e3o GNSS, sensor de inclina\u00e7\u00e3o e controle hidr\u00e1ulico, permite que o sistema de controle da niveladora ECS-G60 ajuste automaticamente a atitude da l\u00e2mina com base nos documentos de projeto e nas condi\u00e7\u00f5es de campo. Essa automa\u00e7\u00e3o aumenta a efici\u00eancia e a precis\u00e3o da nivela\u00e7\u00e3o, permitindo que os operadores se concentrem na conclus\u00e3o eficaz das tarefas.<\/p>\n<h3>Precis\u00e3o excepcional<\/h3>\n<p>O sistema de controle da niveladora ECS-G60 oferece precis\u00e3o excepcional, alcan\u00e7ando uma precis\u00e3o de eleva\u00e7\u00e3o de \u00b12 cm e uma planura de 15 mm a cada 3 m. O algoritmo do modelo din\u00e2mico e o receptor de alto desempenho garantem precis\u00e3o consistente em diversas condi\u00e7\u00f5es de terreno.<\/p>\n<h3>Seguran\u00e7a aprimorada<\/h3>\n<p>O recurso de geofencing do sistema de controle da niveladora ECS-G60 alerta os operadores sobre perigos potenciais e os impede de entrar em \u00e1reas restritas. Ao reduzir a necessidade de pessoal adicional para levantamento topogr\u00e1fico, o sistema aumenta a seguran\u00e7a no local de trabalho.<\/p>\n<h3>Compatibilidade Adapt\u00e1vel<\/h3>\n<p><span>O design adapt\u00e1vel do sistema de controle da niveladora ECS-G60 garante compatibilidade com uma ampla gama de equipamentos, incluindo escavadeiras, niveladoras e tratores de esteira. Os operadores podem alternar facilmente os receptores, a antena e o tablet da m\u00e1quina entre esses tipos de equipamentos, permitindo opera\u00e7\u00f5es eficientes e vers\u00e1teis em toda a sua frota.<\/span><\/p>","protected":false},"excerpt":{"rendered":"<p>O sistema de controle da niveladora ECS-G60 \u00e9 uma solu\u00e7\u00e3o revolucion\u00e1ria que melhora significativamente a efici\u00eancia da movimenta\u00e7\u00e3o de terra. Ao incorporar tecnologias de ponta, como posicionamento GNSS de alta precis\u00e3o, sensor de inclina\u00e7\u00e3o, controle hidr\u00e1ulico e o inovador algoritmo de modelo Grader@3D, a ECS-G60 oferece precis\u00e3o e consist\u00eancia incompar\u00e1veis em tarefas de nivelamento. Seus recursos de monitoramento e ajuste em tempo real garantem precis\u00e3o excepcional, alcan\u00e7ando uma precis\u00e3o de eleva\u00e7\u00e3o de \u00b12 cm e uma planura de 15 mm a cada 3 m.<\/p>","protected":false},"featured_media":2279,"comment_status":"open","ping_status":"closed","template":"","meta":{"_links_to":"","_links_to_target":""},"product_cat":[101],"product_tag":[],"yoast_head":"<!-- This site is optimized with the Yoast SEO plugin v19.8 - https:\/\/yoast.com\/wordpress\/plugins\/seo\/ -->\n<title>ECS-G60 Grader Control System | SatLab<\/title>\n<meta name=\"robots\" content=\"index, follow, max-snippet:-1, max-image-preview:large, max-video-preview:-1\" \/>\n<link rel=\"canonical\" href=\"https:\/\/www.satlabgeo.com\/pt\/product\/ecs-g60-grader-control-system\/\" \/>\n<meta property=\"og:locale\" content=\"pt_PT\" \/>\n<meta property=\"og:type\" content=\"article\" \/>\n<meta property=\"og:title\" content=\"ECS-G60 Grader Control System | SatLab\" \/>\n<meta property=\"og:description\" content=\"The ECS-G60 grader control system is a revolutionary solution that significantly improves earthmoving efficiency. By incorporating cutting-edge technologies such as GNSS high-precision positioning, tilt sensing, hydraulic control, and the innovative Grader@3D model algorithm, the ECS-G60 delivers unmatched accuracy and consistency in grading tasks. Its real-time monitoring and adjustment capabilities ensure exceptional precision, achieving an elevation accuracy of \u00b12 cm and a flatness of 15 mm per 3 m.\" \/>\n<meta property=\"og:url\" content=\"https:\/\/www.satlabgeo.com\/pt\/product\/ecs-g60-grader-control-system\/\" \/>\n<meta property=\"og:site_name\" content=\"Global Satellite Positioning Solutions | SatLab Geosolutions AB\" \/>\n<meta property=\"article:modified_time\" content=\"2025-09-09T06:36:55+00:00\" \/>\n<meta property=\"og:image\" content=\"https:\/\/www.satlabgeo.com\/wp-content\/uploads\/2024\/09\/700X519-2-1.png\" \/>\n\t<meta property=\"og:image:width\" content=\"700\" \/>\n\t<meta property=\"og:image:height\" content=\"519\" \/>\n\t<meta property=\"og:image:type\" content=\"image\/png\" \/>\n<meta name=\"twitter:card\" content=\"summary_large_image\" \/>\n<meta name=\"twitter:label1\" content=\"Est. reading time\" \/>\n\t<meta name=\"twitter:data1\" content=\"2 minutos\" \/>\n<script type=\"application\/ld+json\" class=\"yoast-schema-graph\">{\"@context\":\"https:\/\/schema.org\",\"@graph\":[{\"@type\":\"WebPage\",\"@id\":\"https:\/\/www.satlabgeo.com\/product\/ecs-g60-grader-control-system\/\",\"url\":\"https:\/\/www.satlabgeo.com\/product\/ecs-g60-grader-control-system\/\",\"name\":\"ECS-G60 Grader Control System | SatLab\",\"isPartOf\":{\"@id\":\"https:\/\/www.satlabgeo.com\/#website\"},\"datePublished\":\"2024-09-09T11:33:41+00:00\",\"dateModified\":\"2025-09-09T06:36:55+00:00\",\"breadcrumb\":{\"@id\":\"https:\/\/www.satlabgeo.com\/product\/ecs-g60-grader-control-system\/#breadcrumb\"},\"inLanguage\":\"pt-PT\",\"potentialAction\":[{\"@type\":\"ReadAction\",\"target\":[\"https:\/\/www.satlabgeo.com\/product\/ecs-g60-grader-control-system\/\"]}]},{\"@type\":\"BreadcrumbList\",\"@id\":\"https:\/\/www.satlabgeo.com\/product\/ecs-g60-grader-control-system\/#breadcrumb\",\"itemListElement\":[{\"@type\":\"ListItem\",\"position\":1,\"name\":\"Home\",\"item\":\"https:\/\/www.satlabgeo.com\/\"},{\"@type\":\"ListItem\",\"position\":2,\"name\":\"Products\",\"item\":\"https:\/\/www.satlabgeo.com\/products\/\"},{\"@type\":\"ListItem\",\"position\":3,\"name\":\"ECS-G60 Grader Control System\"}]},{\"@type\":\"WebSite\",\"@id\":\"https:\/\/www.satlabgeo.com\/#website\",\"url\":\"https:\/\/www.satlabgeo.com\/\",\"name\":\"Global Satellite Positioning Solutions | SatLab Geosolutions AB\",\"description\":\"\",\"publisher\":{\"@id\":\"https:\/\/www.satlabgeo.com\/#organization\"},\"potentialAction\":[{\"@type\":\"SearchAction\",\"target\":{\"@type\":\"EntryPoint\",\"urlTemplate\":\"https:\/\/www.satlabgeo.com\/?s={search_term_string}\"},\"query-input\":\"required name=search_term_string\"}],\"inLanguage\":\"pt-PT\"},{\"@type\":\"Organization\",\"@id\":\"https:\/\/www.satlabgeo.com\/#organization\",\"name\":\"Global Satellite Positioning Solutions | SatLab Geosolutions AB\",\"url\":\"https:\/\/www.satlabgeo.com\/\",\"sameAs\":[],\"logo\":{\"@type\":\"ImageObject\",\"inLanguage\":\"pt-PT\",\"@id\":\"https:\/\/www.satlabgeo.com\/#\/schema\/logo\/image\/\",\"url\":\"https:\/\/www.satlabgeo.com\/wp-content\/uploads\/2025\/08\/satlab-logo.webp\",\"contentUrl\":\"https:\/\/www.satlabgeo.com\/wp-content\/uploads\/2025\/08\/satlab-logo.webp\",\"width\":191,\"height\":48,\"caption\":\"Global Satellite Positioning Solutions | SatLab Geosolutions AB\"},\"image\":{\"@id\":\"https:\/\/www.satlabgeo.com\/#\/schema\/logo\/image\/\"}}]}<\/script>\n<!-- \/ Yoast SEO plugin. -->","yoast_head_json":{"title":"ECS-G60 Grader Control System | SatLab","robots":{"index":"index","follow":"follow","max-snippet":"max-snippet:-1","max-image-preview":"max-image-preview:large","max-video-preview":"max-video-preview:-1"},"canonical":"https:\/\/www.satlabgeo.com\/pt\/product\/ecs-g60-grader-control-system\/","og_locale":"pt_PT","og_type":"article","og_title":"ECS-G60 Grader Control System | SatLab","og_description":"The ECS-G60 grader control system is a revolutionary solution that significantly improves earthmoving efficiency. By incorporating cutting-edge technologies such as GNSS high-precision positioning, tilt sensing, hydraulic control, and the innovative Grader@3D model algorithm, the ECS-G60 delivers unmatched accuracy and consistency in grading tasks. Its real-time monitoring and adjustment capabilities ensure exceptional precision, achieving an elevation accuracy of \u00b12 cm and a flatness of 15 mm per 3 m.","og_url":"https:\/\/www.satlabgeo.com\/pt\/product\/ecs-g60-grader-control-system\/","og_site_name":"Global Satellite Positioning Solutions | SatLab Geosolutions AB","article_modified_time":"2025-09-09T06:36:55+00:00","og_image":[{"width":700,"height":519,"url":"https:\/\/www.satlabgeo.com\/wp-content\/uploads\/2024\/09\/700X519-2-1.png","type":"image\/png"}],"twitter_card":"summary_large_image","twitter_misc":{"Est. reading time":"2 minutos"},"schema":{"@context":"https:\/\/schema.org","@graph":[{"@type":"WebPage","@id":"https:\/\/www.satlabgeo.com\/product\/ecs-g60-grader-control-system\/","url":"https:\/\/www.satlabgeo.com\/product\/ecs-g60-grader-control-system\/","name":"ECS-G60 Grader Control System | SatLab","isPartOf":{"@id":"https:\/\/www.satlabgeo.com\/#website"},"datePublished":"2024-09-09T11:33:41+00:00","dateModified":"2025-09-09T06:36:55+00:00","breadcrumb":{"@id":"https:\/\/www.satlabgeo.com\/product\/ecs-g60-grader-control-system\/#breadcrumb"},"inLanguage":"pt-PT","potentialAction":[{"@type":"ReadAction","target":["https:\/\/www.satlabgeo.com\/product\/ecs-g60-grader-control-system\/"]}]},{"@type":"BreadcrumbList","@id":"https:\/\/www.satlabgeo.com\/product\/ecs-g60-grader-control-system\/#breadcrumb","itemListElement":[{"@type":"ListItem","position":1,"name":"Home","item":"https:\/\/www.satlabgeo.com\/"},{"@type":"ListItem","position":2,"name":"Products","item":"https:\/\/www.satlabgeo.com\/products\/"},{"@type":"ListItem","position":3,"name":"ECS-G60 Grader Control System"}]},{"@type":"WebSite","@id":"https:\/\/www.satlabgeo.com\/#website","url":"https:\/\/www.satlabgeo.com\/","name":"Global Satellite Positioning Solutions | SatLab Geosolutions AB","description":"","publisher":{"@id":"https:\/\/www.satlabgeo.com\/#organization"},"potentialAction":[{"@type":"SearchAction","target":{"@type":"EntryPoint","urlTemplate":"https:\/\/www.satlabgeo.com\/?s={search_term_string}"},"query-input":"required name=search_term_string"}],"inLanguage":"pt-PT"},{"@type":"Organization","@id":"https:\/\/www.satlabgeo.com\/#organization","name":"Global Satellite Positioning Solutions | SatLab Geosolutions AB","url":"https:\/\/www.satlabgeo.com\/","sameAs":[],"logo":{"@type":"ImageObject","inLanguage":"pt-PT","@id":"https:\/\/www.satlabgeo.com\/#\/schema\/logo\/image\/","url":"https:\/\/www.satlabgeo.com\/wp-content\/uploads\/2025\/08\/satlab-logo.webp","contentUrl":"https:\/\/www.satlabgeo.com\/wp-content\/uploads\/2025\/08\/satlab-logo.webp","width":191,"height":48,"caption":"Global Satellite Positioning Solutions | SatLab Geosolutions AB"},"image":{"@id":"https:\/\/www.satlabgeo.com\/#\/schema\/logo\/image\/"}}]}},"_links":{"self":[{"href":"https:\/\/www.satlabgeo.com\/pt\/wp-json\/wp\/v2\/product\/2042"}],"collection":[{"href":"https:\/\/www.satlabgeo.com\/pt\/wp-json\/wp\/v2\/product"}],"about":[{"href":"https:\/\/www.satlabgeo.com\/pt\/wp-json\/wp\/v2\/types\/product"}],"replies":[{"embeddable":true,"href":"https:\/\/www.satlabgeo.com\/pt\/wp-json\/wp\/v2\/comments?post=2042"}],"version-history":[{"count":5,"href":"https:\/\/www.satlabgeo.com\/pt\/wp-json\/wp\/v2\/product\/2042\/revisions"}],"predecessor-version":[{"id":2855,"href":"https:\/\/www.satlabgeo.com\/pt\/wp-json\/wp\/v2\/product\/2042\/revisions\/2855"}],"wp:featuredmedia":[{"embeddable":true,"href":"https:\/\/www.satlabgeo.com\/pt\/wp-json\/wp\/v2\/media\/2279"}],"wp:attachment":[{"href":"https:\/\/www.satlabgeo.com\/pt\/wp-json\/wp\/v2\/media?parent=2042"}],"wp:term":[{"taxonomy":"product_cat","embeddable":true,"href":"https:\/\/www.satlabgeo.com\/pt\/wp-json\/wp\/v2\/product_cat?post=2042"},{"taxonomy":"product_tag","embeddable":true,"href":"https:\/\/www.satlabgeo.com\/pt\/wp-json\/wp\/v2\/product_tag?post=2042"}],"curies":[{"name":"wp","href":"https:\/\/api.w.org\/{rel}","templated":true}]}}