{"id":2027,"date":"2024-09-09T10:01:54","date_gmt":"2024-09-09T10:01:54","guid":{"rendered":"https:\/\/www.satlabgeo.com\/?post_type=product&#038;p=2027"},"modified":"2025-11-14T07:17:34","modified_gmt":"2025-11-14T07:17:34","slug":"ecs-e30-pro-excavator-guidance-system","status":"publish","type":"product","link":"https:\/\/www.satlabgeo.com\/pt\/product\/ecs-e30-pro-excavator-guidance-system\/","title":{"rendered":"Sistema de orienta\u00e7\u00e3o para escavadeiras ECS-E30 PRO"},"content":{"rendered":"<p><img decoding=\"async\" src=\"https:\/\/www.satlabgeo.com\/wp-content\/uploads\/2025\/09\/ECS-E30-PRO--scaled.webp\" alt=\"\" class=\"alignnone size-full wp-image-2261\" \/><\/p>\n<h3>Visualiza\u00e7\u00e3o 3D abrangente<\/h3>\n<p>O sistema de orienta\u00e7\u00e3o para escavadeiras ECS-E30 PRO oferece visualiza\u00e7\u00e3o 3D intuitiva em um tablet na cabine, fornecendo aos operadores dados abrangentes de constru\u00e7\u00e3o, como superf\u00edcies de projeto, informa\u00e7\u00f5es de corte\/aterro, inclina\u00e7\u00f5es, profundidades, linhas de refer\u00eancia e progresso da escava\u00e7\u00e3o, permitindo que os operadores visualizem os movimentos da escavadeira em tempo real.<\/p>\n<h3>Precis\u00e3o excepcional<\/h3>\n<p>Equipado com GNSS duplo de alta precis\u00e3o e sensores IMU personalizados, o sistema de orienta\u00e7\u00e3o para escavadeiras ECS-E30 PRO oferece precis\u00e3o de \u00b13 cm. O algoritmo de modelo din\u00e2mico garante precis\u00e3o ideal da ca\u00e7amba em todas as posi\u00e7\u00f5es, e o receptor de alto desempenho assegura posicionamento preciso em diversas condi\u00e7\u00f5es de terreno.<\/p>\n<h3>Seguran\u00e7a aprimorada<\/h3>\n<p>O recurso de geofencing alerta proativamente os operadores sobre poss\u00edveis perigos, impedindo o acesso n\u00e3o autorizado a \u00e1reas restritas e melhorando significativamente a seguran\u00e7a no local de trabalho. Ao eliminar a necessidade de pessoal adicional para levantamento topogr\u00e1fico, o sistema de orienta\u00e7\u00e3o para escavadeiras ECS-E30 PRO mitiga ainda mais os riscos e aprimora os padr\u00f5es gerais de seguran\u00e7a.<\/p>\n<h3>Compatibilidade Adapt\u00e1vel<\/h3>\n<p>O sistema de orienta\u00e7\u00e3o para escavadeiras ECS-E30 PRO possui um design adapt\u00e1vel que garante compatibilidade com uma ampla gama de equipamentos, incluindo escavadeiras, motoniveladoras e tratores de esteira. Os operadores podem alternar facilmente entre os modos de opera\u00e7\u00e3o. <span>receptores de m\u00e1quina, antena e tablet<\/span> entre esses tipos de equipamentos, permitindo opera\u00e7\u00f5es eficientes e vers\u00e1teis em toda a sua frota.<\/p>","protected":false},"excerpt":{"rendered":"<p>O sistema de orienta\u00e7\u00e3o para escavadeiras ECS-E30 PRO fornece informa\u00e7\u00f5es precisas de posicionamento e dire\u00e7\u00e3o em tempo real, melhorando significativamente a exatid\u00e3o e a efici\u00eancia da escava\u00e7\u00e3o at\u00e9 as coordenadas de projeto desejadas. Sua interface intuitiva e f\u00e1cil de usar, aliada \u00e0 avan\u00e7ada tecnologia de posicionamento por antena GNSS e a sensores propriet\u00e1rios, permite que at\u00e9 mesmo operadores inexperientes concluam tarefas de escava\u00e7\u00e3o com mais rapidez e produtividade do que nunca.<\/p>","protected":false},"featured_media":2284,"comment_status":"open","ping_status":"closed","template":"","meta":{"_links_to":"","_links_to_target":""},"product_cat":[101],"product_tag":[],"yoast_head":"<!-- This site is optimized with the Yoast SEO plugin v19.8 - https:\/\/yoast.com\/wordpress\/plugins\/seo\/ -->\n<title>ECS-E30 PRO Excavator Guidance System | SatLab<\/title>\n<meta name=\"robots\" content=\"index, follow, max-snippet:-1, max-image-preview:large, max-video-preview:-1\" \/>\n<link rel=\"canonical\" href=\"https:\/\/www.satlabgeo.com\/pt\/product\/ecs-e30-pro-excavator-guidance-system\/\" \/>\n<meta property=\"og:locale\" content=\"pt_PT\" \/>\n<meta property=\"og:type\" content=\"article\" \/>\n<meta property=\"og:title\" content=\"ECS-E30 PRO Excavator Guidance System | SatLab\" \/>\n<meta property=\"og:description\" content=\"The ECS-E30 PRO excavator guidance system provides real-time, precise positioning and heading information, significantly improving the accuracy and efficiency of excavating to target design coordinates. Its intuitive, user-friendly interface and advanced GNSS antenna positioning technology, combined with proprietary sensors, enable even novice operators to complete excavation tasks more quickly and productively than ever before.\" \/>\n<meta property=\"og:url\" content=\"https:\/\/www.satlabgeo.com\/pt\/product\/ecs-e30-pro-excavator-guidance-system\/\" \/>\n<meta property=\"og:site_name\" content=\"Global Satellite Positioning Solutions | SatLab Geosolutions AB\" \/>\n<meta property=\"article:modified_time\" content=\"2025-11-14T07:17:34+00:00\" \/>\n<meta property=\"og:image\" content=\"https:\/\/www.satlabgeo.com\/wp-content\/uploads\/2024\/09\/\u753b\u677f-1-\u526f\u672c-1.png\" \/>\n\t<meta property=\"og:image:width\" content=\"700\" \/>\n\t<meta property=\"og:image:height\" content=\"519\" \/>\n\t<meta property=\"og:image:type\" content=\"image\/png\" \/>\n<meta name=\"twitter:card\" content=\"summary_large_image\" \/>\n<meta name=\"twitter:label1\" content=\"Est. reading time\" \/>\n\t<meta name=\"twitter:data1\" content=\"1 minuto\" \/>\n<script type=\"application\/ld+json\" class=\"yoast-schema-graph\">{\"@context\":\"https:\/\/schema.org\",\"@graph\":[{\"@type\":\"WebPage\",\"@id\":\"https:\/\/www.satlabgeo.com\/product\/ecs-e30-pro-excavator-guidance-system\/\",\"url\":\"https:\/\/www.satlabgeo.com\/product\/ecs-e30-pro-excavator-guidance-system\/\",\"name\":\"ECS-E30 PRO Excavator Guidance System | SatLab\",\"isPartOf\":{\"@id\":\"https:\/\/www.satlabgeo.com\/#website\"},\"datePublished\":\"2024-09-09T10:01:54+00:00\",\"dateModified\":\"2025-11-14T07:17:34+00:00\",\"breadcrumb\":{\"@id\":\"https:\/\/www.satlabgeo.com\/product\/ecs-e30-pro-excavator-guidance-system\/#breadcrumb\"},\"inLanguage\":\"pt-PT\",\"potentialAction\":[{\"@type\":\"ReadAction\",\"target\":[\"https:\/\/www.satlabgeo.com\/product\/ecs-e30-pro-excavator-guidance-system\/\"]}]},{\"@type\":\"BreadcrumbList\",\"@id\":\"https:\/\/www.satlabgeo.com\/product\/ecs-e30-pro-excavator-guidance-system\/#breadcrumb\",\"itemListElement\":[{\"@type\":\"ListItem\",\"position\":1,\"name\":\"Home\",\"item\":\"https:\/\/www.satlabgeo.com\/\"},{\"@type\":\"ListItem\",\"position\":2,\"name\":\"Products\",\"item\":\"https:\/\/www.satlabgeo.com\/products\/\"},{\"@type\":\"ListItem\",\"position\":3,\"name\":\"ECS-E30 PRO Excavator Guidance System\"}]},{\"@type\":\"WebSite\",\"@id\":\"https:\/\/www.satlabgeo.com\/#website\",\"url\":\"https:\/\/www.satlabgeo.com\/\",\"name\":\"Global Satellite Positioning Solutions | SatLab Geosolutions AB\",\"description\":\"\",\"publisher\":{\"@id\":\"https:\/\/www.satlabgeo.com\/#organization\"},\"potentialAction\":[{\"@type\":\"SearchAction\",\"target\":{\"@type\":\"EntryPoint\",\"urlTemplate\":\"https:\/\/www.satlabgeo.com\/?s={search_term_string}\"},\"query-input\":\"required name=search_term_string\"}],\"inLanguage\":\"pt-PT\"},{\"@type\":\"Organization\",\"@id\":\"https:\/\/www.satlabgeo.com\/#organization\",\"name\":\"Global Satellite Positioning Solutions | SatLab Geosolutions AB\",\"url\":\"https:\/\/www.satlabgeo.com\/\",\"sameAs\":[],\"logo\":{\"@type\":\"ImageObject\",\"inLanguage\":\"pt-PT\",\"@id\":\"https:\/\/www.satlabgeo.com\/#\/schema\/logo\/image\/\",\"url\":\"https:\/\/www.satlabgeo.com\/wp-content\/uploads\/2025\/08\/satlab-logo.webp\",\"contentUrl\":\"https:\/\/www.satlabgeo.com\/wp-content\/uploads\/2025\/08\/satlab-logo.webp\",\"width\":191,\"height\":48,\"caption\":\"Global Satellite Positioning Solutions | SatLab Geosolutions AB\"},\"image\":{\"@id\":\"https:\/\/www.satlabgeo.com\/#\/schema\/logo\/image\/\"}}]}<\/script>\n<!-- \/ Yoast SEO plugin. -->","yoast_head_json":{"title":"ECS-E30 PRO Excavator Guidance System | SatLab","robots":{"index":"index","follow":"follow","max-snippet":"max-snippet:-1","max-image-preview":"max-image-preview:large","max-video-preview":"max-video-preview:-1"},"canonical":"https:\/\/www.satlabgeo.com\/pt\/product\/ecs-e30-pro-excavator-guidance-system\/","og_locale":"pt_PT","og_type":"article","og_title":"ECS-E30 PRO Excavator Guidance System | SatLab","og_description":"The ECS-E30 PRO excavator guidance system provides real-time, precise positioning and heading information, significantly improving the accuracy and efficiency of excavating to target design coordinates. Its intuitive, user-friendly interface and advanced GNSS antenna positioning technology, combined with proprietary sensors, enable even novice operators to complete excavation tasks more quickly and productively than ever before.","og_url":"https:\/\/www.satlabgeo.com\/pt\/product\/ecs-e30-pro-excavator-guidance-system\/","og_site_name":"Global Satellite Positioning Solutions | SatLab Geosolutions AB","article_modified_time":"2025-11-14T07:17:34+00:00","og_image":[{"width":700,"height":519,"url":"https:\/\/www.satlabgeo.com\/wp-content\/uploads\/2024\/09\/\u753b\u677f-1-\u526f\u672c-1.png","type":"image\/png"}],"twitter_card":"summary_large_image","twitter_misc":{"Est. reading time":"1 minuto"},"schema":{"@context":"https:\/\/schema.org","@graph":[{"@type":"WebPage","@id":"https:\/\/www.satlabgeo.com\/product\/ecs-e30-pro-excavator-guidance-system\/","url":"https:\/\/www.satlabgeo.com\/product\/ecs-e30-pro-excavator-guidance-system\/","name":"ECS-E30 PRO Excavator Guidance System | SatLab","isPartOf":{"@id":"https:\/\/www.satlabgeo.com\/#website"},"datePublished":"2024-09-09T10:01:54+00:00","dateModified":"2025-11-14T07:17:34+00:00","breadcrumb":{"@id":"https:\/\/www.satlabgeo.com\/product\/ecs-e30-pro-excavator-guidance-system\/#breadcrumb"},"inLanguage":"pt-PT","potentialAction":[{"@type":"ReadAction","target":["https:\/\/www.satlabgeo.com\/product\/ecs-e30-pro-excavator-guidance-system\/"]}]},{"@type":"BreadcrumbList","@id":"https:\/\/www.satlabgeo.com\/product\/ecs-e30-pro-excavator-guidance-system\/#breadcrumb","itemListElement":[{"@type":"ListItem","position":1,"name":"Home","item":"https:\/\/www.satlabgeo.com\/"},{"@type":"ListItem","position":2,"name":"Products","item":"https:\/\/www.satlabgeo.com\/products\/"},{"@type":"ListItem","position":3,"name":"ECS-E30 PRO Excavator Guidance System"}]},{"@type":"WebSite","@id":"https:\/\/www.satlabgeo.com\/#website","url":"https:\/\/www.satlabgeo.com\/","name":"Global Satellite Positioning Solutions | SatLab Geosolutions AB","description":"","publisher":{"@id":"https:\/\/www.satlabgeo.com\/#organization"},"potentialAction":[{"@type":"SearchAction","target":{"@type":"EntryPoint","urlTemplate":"https:\/\/www.satlabgeo.com\/?s={search_term_string}"},"query-input":"required name=search_term_string"}],"inLanguage":"pt-PT"},{"@type":"Organization","@id":"https:\/\/www.satlabgeo.com\/#organization","name":"Global Satellite Positioning Solutions | SatLab Geosolutions AB","url":"https:\/\/www.satlabgeo.com\/","sameAs":[],"logo":{"@type":"ImageObject","inLanguage":"pt-PT","@id":"https:\/\/www.satlabgeo.com\/#\/schema\/logo\/image\/","url":"https:\/\/www.satlabgeo.com\/wp-content\/uploads\/2025\/08\/satlab-logo.webp","contentUrl":"https:\/\/www.satlabgeo.com\/wp-content\/uploads\/2025\/08\/satlab-logo.webp","width":191,"height":48,"caption":"Global Satellite Positioning Solutions | SatLab Geosolutions AB"},"image":{"@id":"https:\/\/www.satlabgeo.com\/#\/schema\/logo\/image\/"}}]}},"_links":{"self":[{"href":"https:\/\/www.satlabgeo.com\/pt\/wp-json\/wp\/v2\/product\/2027"}],"collection":[{"href":"https:\/\/www.satlabgeo.com\/pt\/wp-json\/wp\/v2\/product"}],"about":[{"href":"https:\/\/www.satlabgeo.com\/pt\/wp-json\/wp\/v2\/types\/product"}],"replies":[{"embeddable":true,"href":"https:\/\/www.satlabgeo.com\/pt\/wp-json\/wp\/v2\/comments?post=2027"}],"version-history":[{"count":7,"href":"https:\/\/www.satlabgeo.com\/pt\/wp-json\/wp\/v2\/product\/2027\/revisions"}],"predecessor-version":[{"id":3117,"href":"https:\/\/www.satlabgeo.com\/pt\/wp-json\/wp\/v2\/product\/2027\/revisions\/3117"}],"wp:featuredmedia":[{"embeddable":true,"href":"https:\/\/www.satlabgeo.com\/pt\/wp-json\/wp\/v2\/media\/2284"}],"wp:attachment":[{"href":"https:\/\/www.satlabgeo.com\/pt\/wp-json\/wp\/v2\/media?parent=2027"}],"wp:term":[{"taxonomy":"product_cat","embeddable":true,"href":"https:\/\/www.satlabgeo.com\/pt\/wp-json\/wp\/v2\/product_cat?post=2027"},{"taxonomy":"product_tag","embeddable":true,"href":"https:\/\/www.satlabgeo.com\/pt\/wp-json\/wp\/v2\/product_tag?post=2027"}],"curies":[{"name":"wp","href":"https:\/\/api.w.org\/{rel}","templated":true}]}}