{"id":1990,"date":"2024-09-09T06:58:47","date_gmt":"2024-09-09T06:58:47","guid":{"rendered":"https:\/\/www.satlabgeo.com\/?post_type=product&#038;p=1990"},"modified":"2025-04-23T09:00:47","modified_gmt":"2025-04-23T09:00:47","slug":"hydrobeam-s2-dual-channel-echo-sounder","status":"publish","type":"product","link":"https:\/\/www.satlabgeo.com\/pt\/product\/hydrobeam-s2-dual-channel-echo-sounder\/","title":{"rendered":"Ecobat\u00edmetro de canal duplo HydroBeam S2"},"content":{"rendered":"<h3><img decoding=\"async\" loading=\"lazy\" width=\"1920\" height=\"550\" src=\"https:\/\/www.satlabgeo.com\/wp-content\/uploads\/2024\/09\/S2-960x336-\u62f7\u8d1d.png\" alt=\"ecobat\u00edmetro de canal duplo\" class=\"alignnone size-full wp-image-2022\" srcset=\"https:\/\/www.satlabgeo.com\/wp-content\/uploads\/2024\/09\/S2-960x336-\u62f7\u8d1d.png 1920w, https:\/\/www.satlabgeo.com\/wp-content\/uploads\/2024\/09\/S2-960x336-\u62f7\u8d1d-300x86.png 300w, https:\/\/www.satlabgeo.com\/wp-content\/uploads\/2024\/09\/S2-960x336-\u62f7\u8d1d-1024x293.png 1024w, https:\/\/www.satlabgeo.com\/wp-content\/uploads\/2024\/09\/S2-960x336-\u62f7\u8d1d-768x220.png 768w, https:\/\/www.satlabgeo.com\/wp-content\/uploads\/2024\/09\/S2-960x336-\u62f7\u8d1d-1536x440.png 1536w, https:\/\/www.satlabgeo.com\/wp-content\/uploads\/2024\/09\/S2-960x336-\u62f7\u8d1d-600x172.png 600w\" sizes=\"(max-width: 1920px) 100vw, 1920px\" \/><\/h3>\n<h3>Unidade de Aquisi\u00e7\u00e3o Confi\u00e1vel<\/h3>\n<p>O S2 n\u00e3o s\u00f3 integra um IPC mais potente com 1 TB de mem\u00f3ria de armazenamento, mas tamb\u00e9m passa por rigorosos testes de n\u00e9voa salina, imers\u00e3o em \u00e1gua e resist\u00eancia a choques para maior durabilidade e confiabilidade, atendendo aos padr\u00f5es IHO.<\/p>\n<h3>Transdutor de alta precis\u00e3o<\/h3>\n<p>O novo transdutor possui sensor de temperatura integrado para calcular a velocidade do som em tempo real e corrigir os dados batim\u00e9tricos.<\/p>\n<h3>Novo algoritmo SmartEcho 2.0<\/h3>\n<p>Os algoritmos do SmartEcho 2.0 n\u00e3o apenas aprimoram o rastreamento autom\u00e1tico em terrenos acidentados, mas tamb\u00e9m melhoram a identifica\u00e7\u00e3o do substrato para aplica\u00e7\u00f5es com alto teor de sedimentos e areia.<\/p>\n<h3>Software SLHydro Sounder aprimorado<\/h3>\n<p>O SLHydro Sounder n\u00e3o s\u00f3 fornece um fluxo de trabalho completo para conex\u00e3o, aquisi\u00e7\u00e3o, processamento e exporta\u00e7\u00e3o, mas tamb\u00e9m oferece uma ampla gama de corre\u00e7\u00f5es de atitude, PPK, atraso etc.<\/p>","protected":false},"excerpt":{"rendered":"<p>O HydroBeam S2, o mais recente ecobat\u00edmetro de canal duplo da SatLab, foi projetado para simplificar seus levantamentos batim\u00e9tricos. Equipado com Windows 10 e com o algoritmo avan\u00e7ado SmartEcho 2.0 e o software completo SLHydro Sounder, ele oferece uma solu\u00e7\u00e3o completa e pronta para uso. Com seu sensor de temperatura integrado e carca\u00e7a dur\u00e1vel com certifica\u00e7\u00e3o IP66, o HydroBeam S2 \u00e9 a ferramenta ideal para uma coleta de dados eficiente e confi\u00e1vel.<\/p>","protected":false},"featured_media":2019,"comment_status":"open","ping_status":"closed","template":"","meta":{"_links_to":"","_links_to_target":""},"product_cat":[73],"product_tag":[],"yoast_head":"<!-- This site is optimized with the Yoast SEO plugin v19.8 - https:\/\/yoast.com\/wordpress\/plugins\/seo\/ -->\n<title>HydroBeam S2 Dual-Channel Echo Sounder | SatLab<\/title>\n<meta name=\"description\" content=\"The HydroBeam S2, SatLab\u2019s latest dual-channel echo sounder, is designed to simplify your bathymetric surveys.it offers a complete, out-of-the-box solution.\" \/>\n<meta name=\"robots\" content=\"index, follow, max-snippet:-1, max-image-preview:large, max-video-preview:-1\" \/>\n<link rel=\"canonical\" href=\"https:\/\/www.satlabgeo.com\/pt\/product\/hydrobeam-s2-dual-channel-echo-sounder\/\" \/>\n<meta property=\"og:locale\" content=\"pt_PT\" \/>\n<meta property=\"og:type\" content=\"article\" \/>\n<meta property=\"og:title\" content=\"HydroBeam S2 Dual-Channel Echo Sounder | SatLab\" \/>\n<meta property=\"og:description\" content=\"The HydroBeam S2, SatLab\u2019s latest dual-channel echo sounder, is designed to simplify your bathymetric surveys.it offers a complete, out-of-the-box solution.\" \/>\n<meta property=\"og:url\" content=\"https:\/\/www.satlabgeo.com\/pt\/product\/hydrobeam-s2-dual-channel-echo-sounder\/\" \/>\n<meta property=\"og:site_name\" content=\"Global Satellite Positioning Solutions | SatLab Geosolutions AB\" \/>\n<meta property=\"article:modified_time\" content=\"2025-04-23T09:00:47+00:00\" \/>\n<meta property=\"og:image\" content=\"https:\/\/www.satlabgeo.com\/wp-content\/uploads\/2024\/09\/\u753b\u677f-8.png\" \/>\n\t<meta property=\"og:image:width\" content=\"700\" \/>\n\t<meta property=\"og:image:height\" content=\"519\" \/>\n\t<meta property=\"og:image:type\" content=\"image\/png\" \/>\n<meta name=\"twitter:card\" content=\"summary_large_image\" \/>\n<meta name=\"twitter:label1\" content=\"Est. reading time\" \/>\n\t<meta name=\"twitter:data1\" content=\"1 minuto\" \/>\n<script type=\"application\/ld+json\" class=\"yoast-schema-graph\">{\"@context\":\"https:\/\/schema.org\",\"@graph\":[{\"@type\":\"WebPage\",\"@id\":\"https:\/\/www.satlabgeo.com\/product\/hydrobeam-s2-dual-channel-echo-sounder\/\",\"url\":\"https:\/\/www.satlabgeo.com\/product\/hydrobeam-s2-dual-channel-echo-sounder\/\",\"name\":\"HydroBeam S2 Dual-Channel Echo Sounder | SatLab\",\"isPartOf\":{\"@id\":\"https:\/\/www.satlabgeo.com\/#website\"},\"datePublished\":\"2024-09-09T06:58:47+00:00\",\"dateModified\":\"2025-04-23T09:00:47+00:00\",\"description\":\"The HydroBeam S2, SatLab\u2019s latest dual-channel echo sounder, is designed to simplify your bathymetric surveys.it offers a complete, out-of-the-box solution.\",\"breadcrumb\":{\"@id\":\"https:\/\/www.satlabgeo.com\/product\/hydrobeam-s2-dual-channel-echo-sounder\/#breadcrumb\"},\"inLanguage\":\"pt-PT\",\"potentialAction\":[{\"@type\":\"ReadAction\",\"target\":[\"https:\/\/www.satlabgeo.com\/product\/hydrobeam-s2-dual-channel-echo-sounder\/\"]}]},{\"@type\":\"BreadcrumbList\",\"@id\":\"https:\/\/www.satlabgeo.com\/product\/hydrobeam-s2-dual-channel-echo-sounder\/#breadcrumb\",\"itemListElement\":[{\"@type\":\"ListItem\",\"position\":1,\"name\":\"Home\",\"item\":\"https:\/\/www.satlabgeo.com\/\"},{\"@type\":\"ListItem\",\"position\":2,\"name\":\"Products\",\"item\":\"https:\/\/www.satlabgeo.com\/products\/\"},{\"@type\":\"ListItem\",\"position\":3,\"name\":\"HydroBeam S2 Dual-Channel Echo Sounder\"}]},{\"@type\":\"WebSite\",\"@id\":\"https:\/\/www.satlabgeo.com\/#website\",\"url\":\"https:\/\/www.satlabgeo.com\/\",\"name\":\"Global Satellite Positioning Solutions | SatLab Geosolutions AB\",\"description\":\"\",\"publisher\":{\"@id\":\"https:\/\/www.satlabgeo.com\/#organization\"},\"potentialAction\":[{\"@type\":\"SearchAction\",\"target\":{\"@type\":\"EntryPoint\",\"urlTemplate\":\"https:\/\/www.satlabgeo.com\/?s={search_term_string}\"},\"query-input\":\"required name=search_term_string\"}],\"inLanguage\":\"pt-PT\"},{\"@type\":\"Organization\",\"@id\":\"https:\/\/www.satlabgeo.com\/#organization\",\"name\":\"Global Satellite Positioning Solutions | SatLab Geosolutions AB\",\"url\":\"https:\/\/www.satlabgeo.com\/\",\"sameAs\":[],\"logo\":{\"@type\":\"ImageObject\",\"inLanguage\":\"pt-PT\",\"@id\":\"https:\/\/www.satlabgeo.com\/#\/schema\/logo\/image\/\",\"url\":\"https:\/\/www.satlabgeo.com\/wp-content\/uploads\/2025\/08\/satlab-logo.webp\",\"contentUrl\":\"https:\/\/www.satlabgeo.com\/wp-content\/uploads\/2025\/08\/satlab-logo.webp\",\"width\":191,\"height\":48,\"caption\":\"Global Satellite Positioning Solutions | SatLab Geosolutions AB\"},\"image\":{\"@id\":\"https:\/\/www.satlabgeo.com\/#\/schema\/logo\/image\/\"}}]}<\/script>\n<!-- \/ Yoast SEO plugin. -->","yoast_head_json":{"title":"HydroBeam S2 Dual-Channel Echo Sounder | SatLab","description":"The HydroBeam S2, SatLab\u2019s latest dual-channel echo sounder, is designed to simplify your bathymetric surveys.it offers a complete, out-of-the-box solution.","robots":{"index":"index","follow":"follow","max-snippet":"max-snippet:-1","max-image-preview":"max-image-preview:large","max-video-preview":"max-video-preview:-1"},"canonical":"https:\/\/www.satlabgeo.com\/pt\/product\/hydrobeam-s2-dual-channel-echo-sounder\/","og_locale":"pt_PT","og_type":"article","og_title":"HydroBeam S2 Dual-Channel Echo Sounder | SatLab","og_description":"The HydroBeam S2, SatLab\u2019s latest dual-channel echo sounder, is designed to simplify your bathymetric surveys.it offers a complete, out-of-the-box solution.","og_url":"https:\/\/www.satlabgeo.com\/pt\/product\/hydrobeam-s2-dual-channel-echo-sounder\/","og_site_name":"Global Satellite Positioning Solutions | SatLab Geosolutions AB","article_modified_time":"2025-04-23T09:00:47+00:00","og_image":[{"width":700,"height":519,"url":"https:\/\/www.satlabgeo.com\/wp-content\/uploads\/2024\/09\/\u753b\u677f-8.png","type":"image\/png"}],"twitter_card":"summary_large_image","twitter_misc":{"Est. reading time":"1 minuto"},"schema":{"@context":"https:\/\/schema.org","@graph":[{"@type":"WebPage","@id":"https:\/\/www.satlabgeo.com\/product\/hydrobeam-s2-dual-channel-echo-sounder\/","url":"https:\/\/www.satlabgeo.com\/product\/hydrobeam-s2-dual-channel-echo-sounder\/","name":"HydroBeam S2 Dual-Channel Echo Sounder | SatLab","isPartOf":{"@id":"https:\/\/www.satlabgeo.com\/#website"},"datePublished":"2024-09-09T06:58:47+00:00","dateModified":"2025-04-23T09:00:47+00:00","description":"The HydroBeam S2, SatLab\u2019s latest dual-channel echo sounder, is designed to simplify your bathymetric surveys.it offers a complete, out-of-the-box solution.","breadcrumb":{"@id":"https:\/\/www.satlabgeo.com\/product\/hydrobeam-s2-dual-channel-echo-sounder\/#breadcrumb"},"inLanguage":"pt-PT","potentialAction":[{"@type":"ReadAction","target":["https:\/\/www.satlabgeo.com\/product\/hydrobeam-s2-dual-channel-echo-sounder\/"]}]},{"@type":"BreadcrumbList","@id":"https:\/\/www.satlabgeo.com\/product\/hydrobeam-s2-dual-channel-echo-sounder\/#breadcrumb","itemListElement":[{"@type":"ListItem","position":1,"name":"Home","item":"https:\/\/www.satlabgeo.com\/"},{"@type":"ListItem","position":2,"name":"Products","item":"https:\/\/www.satlabgeo.com\/products\/"},{"@type":"ListItem","position":3,"name":"HydroBeam S2 Dual-Channel Echo Sounder"}]},{"@type":"WebSite","@id":"https:\/\/www.satlabgeo.com\/#website","url":"https:\/\/www.satlabgeo.com\/","name":"Global Satellite Positioning Solutions | SatLab Geosolutions AB","description":"","publisher":{"@id":"https:\/\/www.satlabgeo.com\/#organization"},"potentialAction":[{"@type":"SearchAction","target":{"@type":"EntryPoint","urlTemplate":"https:\/\/www.satlabgeo.com\/?s={search_term_string}"},"query-input":"required name=search_term_string"}],"inLanguage":"pt-PT"},{"@type":"Organization","@id":"https:\/\/www.satlabgeo.com\/#organization","name":"Global Satellite Positioning Solutions | SatLab Geosolutions AB","url":"https:\/\/www.satlabgeo.com\/","sameAs":[],"logo":{"@type":"ImageObject","inLanguage":"pt-PT","@id":"https:\/\/www.satlabgeo.com\/#\/schema\/logo\/image\/","url":"https:\/\/www.satlabgeo.com\/wp-content\/uploads\/2025\/08\/satlab-logo.webp","contentUrl":"https:\/\/www.satlabgeo.com\/wp-content\/uploads\/2025\/08\/satlab-logo.webp","width":191,"height":48,"caption":"Global Satellite Positioning Solutions | SatLab Geosolutions AB"},"image":{"@id":"https:\/\/www.satlabgeo.com\/#\/schema\/logo\/image\/"}}]}},"_links":{"self":[{"href":"https:\/\/www.satlabgeo.com\/pt\/wp-json\/wp\/v2\/product\/1990"}],"collection":[{"href":"https:\/\/www.satlabgeo.com\/pt\/wp-json\/wp\/v2\/product"}],"about":[{"href":"https:\/\/www.satlabgeo.com\/pt\/wp-json\/wp\/v2\/types\/product"}],"replies":[{"embeddable":true,"href":"https:\/\/www.satlabgeo.com\/pt\/wp-json\/wp\/v2\/comments?post=1990"}],"version-history":[{"count":1,"href":"https:\/\/www.satlabgeo.com\/pt\/wp-json\/wp\/v2\/product\/1990\/revisions"}],"predecessor-version":[{"id":2011,"href":"https:\/\/www.satlabgeo.com\/pt\/wp-json\/wp\/v2\/product\/1990\/revisions\/2011"}],"wp:featuredmedia":[{"embeddable":true,"href":"https:\/\/www.satlabgeo.com\/pt\/wp-json\/wp\/v2\/media\/2019"}],"wp:attachment":[{"href":"https:\/\/www.satlabgeo.com\/pt\/wp-json\/wp\/v2\/media?parent=1990"}],"wp:term":[{"taxonomy":"product_cat","embeddable":true,"href":"https:\/\/www.satlabgeo.com\/pt\/wp-json\/wp\/v2\/product_cat?post=1990"},{"taxonomy":"product_tag","embeddable":true,"href":"https:\/\/www.satlabgeo.com\/pt\/wp-json\/wp\/v2\/product_tag?post=1990"}],"curies":[{"name":"wp","href":"https:\/\/api.w.org\/{rel}","templated":true}]}}