{"id":1927,"date":"2024-08-29T09:42:41","date_gmt":"2024-08-29T09:42:41","guid":{"rendered":"https:\/\/www.satlabgeo.com\/?post_type=product&#038;p=1927"},"modified":"2025-11-26T03:15:18","modified_gmt":"2025-11-26T03:15:18","slug":"cygnus-2-handheld-slam-scanner","status":"publish","type":"product","link":"https:\/\/www.satlabgeo.com\/pt\/product\/cygnus-2-handheld-slam-scanner\/","title":{"rendered":"Cygnus 2<br> Scanner SLAM port\u00e1til"},"content":{"rendered":"<p><img decoding=\"async\" src=\"https:\/\/www.satlabgeo.com\/wp-content\/uploads\/2024\/08\/CY2-main-page-banner\uff081920x800\uff09.png\" alt=\"Scanner SLAM 3D port\u00e1til\" \/><\/p>\n<h4 title=\"Scanner SLAM 3D port\u00e1til\">1. Precis\u00e3o incompar\u00e1vel<\/h4>\n<p>Obtenha precis\u00e3o com exatid\u00e3o de 1,5 cm por meio da integra\u00e7\u00e3o avan\u00e7ada de GNSS RTK e SLAM visual.<\/p>\n<h4>2. Processamento em tempo real<\/h4>\n<p>Modelagem 3D instant\u00e2nea e exporta\u00e7\u00e3o de dados com processadores poderosos e algoritmos SLAM avan\u00e7ados.<\/p>\n<h4>3. Port\u00e1til e leve<\/h4>\n<p>Pesando apenas 1,9 kg e com bateria com dura\u00e7\u00e3o de 90 minutos, ele \u00e9 perfeito para grandes projetos e reduz a fadiga do operador.<\/p>\n<div style=\"text-align: center, max-width: 640px; margin: 0 auto;\"><video width=\"300\" height=\"150\" class=\"wp-video-shortcode\" preload=\"metadata\" controls=\"controls\"><source type=\"video\/youtube\" src=\"https:\/\/youtu.be\/5b5qIhEC4OE\" \/><\/video><\/div>","protected":false},"excerpt":{"rendered":"<p>O scanner SLAM port\u00e1til Cygnus 2 oferece precis\u00e3o e desempenho l\u00edderes do setor, utilizando LiDAR de ponta e SLAM de fus\u00e3o visual. Projetado para precis\u00e3o e confiabilidade, ele garante precis\u00e3o de posicionamento em cent\u00edmetros em ambientes onde dados de localiza\u00e7\u00e3o precisos s\u00e3o cruciais e se destaca no rastreamento em tempo real em \u00e1reas sem GPS.<\/p>","protected":false},"featured_media":1966,"comment_status":"open","ping_status":"closed","template":"","meta":{"_links_to":"","_links_to_target":""},"product_cat":[22],"product_tag":[],"yoast_head":"<!-- This site is optimized with the Yoast SEO plugin v19.8 - https:\/\/yoast.com\/wordpress\/plugins\/seo\/ -->\n<title>Cygnus 2 Handheld 3D SLAM scanner | SatLab<\/title>\n<meta name=\"description\" content=\"The Cygnus 2 Handheld 3D SLAM scanner delivers industry-leading accuracy and performance, utilizing cutting-edge LiDAR and visual fusion SLAM.\" \/>\n<meta name=\"robots\" content=\"index, follow, max-snippet:-1, max-image-preview:large, max-video-preview:-1\" \/>\n<link rel=\"canonical\" href=\"https:\/\/www.satlabgeo.com\/pt\/product\/cygnus-2-handheld-slam-scanner\/\" \/>\n<meta property=\"og:locale\" content=\"pt_PT\" \/>\n<meta property=\"og:type\" content=\"article\" \/>\n<meta property=\"og:title\" content=\"Cygnus 2 Handheld 3D SLAM scanner | SatLab\" \/>\n<meta property=\"og:description\" content=\"The Cygnus 2 Handheld 3D SLAM scanner delivers industry-leading accuracy and performance, utilizing cutting-edge LiDAR and visual fusion SLAM.\" \/>\n<meta property=\"og:url\" content=\"https:\/\/www.satlabgeo.com\/pt\/product\/cygnus-2-handheld-slam-scanner\/\" \/>\n<meta property=\"og:site_name\" content=\"Global Satellite Positioning Solutions | SatLab Geosolutions AB\" \/>\n<meta property=\"article:modified_time\" content=\"2025-11-26T03:15:18+00:00\" \/>\n<meta property=\"og:image\" content=\"https:\/\/www.satlabgeo.com\/wp-content\/uploads\/2024\/08\/Cygnus-2-700x519-1.png\" \/>\n\t<meta property=\"og:image:width\" content=\"700\" \/>\n\t<meta property=\"og:image:height\" content=\"519\" \/>\n\t<meta property=\"og:image:type\" content=\"image\/png\" \/>\n<meta name=\"twitter:card\" content=\"summary_large_image\" \/>\n<meta name=\"twitter:label1\" content=\"Est. reading time\" \/>\n\t<meta name=\"twitter:data1\" content=\"1 minuto\" \/>\n<script type=\"application\/ld+json\" class=\"yoast-schema-graph\">{\"@context\":\"https:\/\/schema.org\",\"@graph\":[{\"@type\":\"WebPage\",\"@id\":\"https:\/\/www.satlabgeo.com\/product\/cygnus-2-handheld-slam-scanner\/\",\"url\":\"https:\/\/www.satlabgeo.com\/product\/cygnus-2-handheld-slam-scanner\/\",\"name\":\"Cygnus 2 Handheld 3D SLAM scanner | SatLab\",\"isPartOf\":{\"@id\":\"https:\/\/www.satlabgeo.com\/#website\"},\"datePublished\":\"2024-08-29T09:42:41+00:00\",\"dateModified\":\"2025-11-26T03:15:18+00:00\",\"description\":\"The Cygnus 2 Handheld 3D SLAM scanner delivers industry-leading accuracy and performance, utilizing cutting-edge LiDAR and visual fusion SLAM.\",\"breadcrumb\":{\"@id\":\"https:\/\/www.satlabgeo.com\/product\/cygnus-2-handheld-slam-scanner\/#breadcrumb\"},\"inLanguage\":\"pt-PT\",\"potentialAction\":[{\"@type\":\"ReadAction\",\"target\":[\"https:\/\/www.satlabgeo.com\/product\/cygnus-2-handheld-slam-scanner\/\"]}]},{\"@type\":\"BreadcrumbList\",\"@id\":\"https:\/\/www.satlabgeo.com\/product\/cygnus-2-handheld-slam-scanner\/#breadcrumb\",\"itemListElement\":[{\"@type\":\"ListItem\",\"position\":1,\"name\":\"Home\",\"item\":\"https:\/\/www.satlabgeo.com\/\"},{\"@type\":\"ListItem\",\"position\":2,\"name\":\"Products\",\"item\":\"https:\/\/www.satlabgeo.com\/products\/\"},{\"@type\":\"ListItem\",\"position\":3,\"name\":\"Cygnus 2 Handheld SLAM Scanner\"}]},{\"@type\":\"WebSite\",\"@id\":\"https:\/\/www.satlabgeo.com\/#website\",\"url\":\"https:\/\/www.satlabgeo.com\/\",\"name\":\"Global Satellite Positioning Solutions | SatLab Geosolutions AB\",\"description\":\"\",\"publisher\":{\"@id\":\"https:\/\/www.satlabgeo.com\/#organization\"},\"potentialAction\":[{\"@type\":\"SearchAction\",\"target\":{\"@type\":\"EntryPoint\",\"urlTemplate\":\"https:\/\/www.satlabgeo.com\/?s={search_term_string}\"},\"query-input\":\"required name=search_term_string\"}],\"inLanguage\":\"pt-PT\"},{\"@type\":\"Organization\",\"@id\":\"https:\/\/www.satlabgeo.com\/#organization\",\"name\":\"Global Satellite Positioning Solutions | SatLab Geosolutions AB\",\"url\":\"https:\/\/www.satlabgeo.com\/\",\"sameAs\":[],\"logo\":{\"@type\":\"ImageObject\",\"inLanguage\":\"pt-PT\",\"@id\":\"https:\/\/www.satlabgeo.com\/#\/schema\/logo\/image\/\",\"url\":\"https:\/\/www.satlabgeo.com\/wp-content\/uploads\/2025\/08\/satlab-logo.webp\",\"contentUrl\":\"https:\/\/www.satlabgeo.com\/wp-content\/uploads\/2025\/08\/satlab-logo.webp\",\"width\":191,\"height\":48,\"caption\":\"Global Satellite Positioning Solutions | SatLab Geosolutions AB\"},\"image\":{\"@id\":\"https:\/\/www.satlabgeo.com\/#\/schema\/logo\/image\/\"}}]}<\/script>\n<!-- \/ Yoast SEO plugin. -->","yoast_head_json":{"title":"Cygnus 2 Handheld 3D SLAM scanner | SatLab","description":"The Cygnus 2 Handheld 3D SLAM scanner delivers industry-leading accuracy and performance, utilizing cutting-edge LiDAR and visual fusion SLAM.","robots":{"index":"index","follow":"follow","max-snippet":"max-snippet:-1","max-image-preview":"max-image-preview:large","max-video-preview":"max-video-preview:-1"},"canonical":"https:\/\/www.satlabgeo.com\/pt\/product\/cygnus-2-handheld-slam-scanner\/","og_locale":"pt_PT","og_type":"article","og_title":"Cygnus 2 Handheld 3D SLAM scanner | SatLab","og_description":"The Cygnus 2 Handheld 3D SLAM scanner delivers industry-leading accuracy and performance, utilizing cutting-edge LiDAR and visual fusion SLAM.","og_url":"https:\/\/www.satlabgeo.com\/pt\/product\/cygnus-2-handheld-slam-scanner\/","og_site_name":"Global Satellite Positioning Solutions | SatLab Geosolutions AB","article_modified_time":"2025-11-26T03:15:18+00:00","og_image":[{"width":700,"height":519,"url":"https:\/\/www.satlabgeo.com\/wp-content\/uploads\/2024\/08\/Cygnus-2-700x519-1.png","type":"image\/png"}],"twitter_card":"summary_large_image","twitter_misc":{"Est. reading time":"1 minuto"},"schema":{"@context":"https:\/\/schema.org","@graph":[{"@type":"WebPage","@id":"https:\/\/www.satlabgeo.com\/product\/cygnus-2-handheld-slam-scanner\/","url":"https:\/\/www.satlabgeo.com\/product\/cygnus-2-handheld-slam-scanner\/","name":"Cygnus 2 Handheld 3D SLAM scanner | SatLab","isPartOf":{"@id":"https:\/\/www.satlabgeo.com\/#website"},"datePublished":"2024-08-29T09:42:41+00:00","dateModified":"2025-11-26T03:15:18+00:00","description":"The Cygnus 2 Handheld 3D SLAM scanner delivers industry-leading accuracy and performance, utilizing cutting-edge LiDAR and visual fusion SLAM.","breadcrumb":{"@id":"https:\/\/www.satlabgeo.com\/product\/cygnus-2-handheld-slam-scanner\/#breadcrumb"},"inLanguage":"pt-PT","potentialAction":[{"@type":"ReadAction","target":["https:\/\/www.satlabgeo.com\/product\/cygnus-2-handheld-slam-scanner\/"]}]},{"@type":"BreadcrumbList","@id":"https:\/\/www.satlabgeo.com\/product\/cygnus-2-handheld-slam-scanner\/#breadcrumb","itemListElement":[{"@type":"ListItem","position":1,"name":"Home","item":"https:\/\/www.satlabgeo.com\/"},{"@type":"ListItem","position":2,"name":"Products","item":"https:\/\/www.satlabgeo.com\/products\/"},{"@type":"ListItem","position":3,"name":"Cygnus 2 Handheld SLAM Scanner"}]},{"@type":"WebSite","@id":"https:\/\/www.satlabgeo.com\/#website","url":"https:\/\/www.satlabgeo.com\/","name":"Global Satellite Positioning Solutions | SatLab Geosolutions AB","description":"","publisher":{"@id":"https:\/\/www.satlabgeo.com\/#organization"},"potentialAction":[{"@type":"SearchAction","target":{"@type":"EntryPoint","urlTemplate":"https:\/\/www.satlabgeo.com\/?s={search_term_string}"},"query-input":"required name=search_term_string"}],"inLanguage":"pt-PT"},{"@type":"Organization","@id":"https:\/\/www.satlabgeo.com\/#organization","name":"Global Satellite Positioning Solutions | SatLab Geosolutions AB","url":"https:\/\/www.satlabgeo.com\/","sameAs":[],"logo":{"@type":"ImageObject","inLanguage":"pt-PT","@id":"https:\/\/www.satlabgeo.com\/#\/schema\/logo\/image\/","url":"https:\/\/www.satlabgeo.com\/wp-content\/uploads\/2025\/08\/satlab-logo.webp","contentUrl":"https:\/\/www.satlabgeo.com\/wp-content\/uploads\/2025\/08\/satlab-logo.webp","width":191,"height":48,"caption":"Global Satellite Positioning Solutions | SatLab Geosolutions AB"},"image":{"@id":"https:\/\/www.satlabgeo.com\/#\/schema\/logo\/image\/"}}]}},"_links":{"self":[{"href":"https:\/\/www.satlabgeo.com\/pt\/wp-json\/wp\/v2\/product\/1927"}],"collection":[{"href":"https:\/\/www.satlabgeo.com\/pt\/wp-json\/wp\/v2\/product"}],"about":[{"href":"https:\/\/www.satlabgeo.com\/pt\/wp-json\/wp\/v2\/types\/product"}],"replies":[{"embeddable":true,"href":"https:\/\/www.satlabgeo.com\/pt\/wp-json\/wp\/v2\/comments?post=1927"}],"version-history":[{"count":3,"href":"https:\/\/www.satlabgeo.com\/pt\/wp-json\/wp\/v2\/product\/1927\/revisions"}],"predecessor-version":[{"id":3168,"href":"https:\/\/www.satlabgeo.com\/pt\/wp-json\/wp\/v2\/product\/1927\/revisions\/3168"}],"wp:featuredmedia":[{"embeddable":true,"href":"https:\/\/www.satlabgeo.com\/pt\/wp-json\/wp\/v2\/media\/1966"}],"wp:attachment":[{"href":"https:\/\/www.satlabgeo.com\/pt\/wp-json\/wp\/v2\/media?parent=1927"}],"wp:term":[{"taxonomy":"product_cat","embeddable":true,"href":"https:\/\/www.satlabgeo.com\/pt\/wp-json\/wp\/v2\/product_cat?post=1927"},{"taxonomy":"product_tag","embeddable":true,"href":"https:\/\/www.satlabgeo.com\/pt\/wp-json\/wp\/v2\/product_tag?post=1927"}],"curies":[{"name":"wp","href":"https:\/\/api.w.org\/{rel}","templated":true}]}}