{"id":1895,"date":"2024-08-01T09:56:55","date_gmt":"2024-08-01T09:56:55","guid":{"rendered":"https:\/\/www.satlabgeo.com\/?post_type=product&#038;p=1895"},"modified":"2025-11-26T03:17:28","modified_gmt":"2025-11-26T03:17:28","slug":"sl700-gnss-receiver-copy","status":"publish","type":"product","link":"https:\/\/www.satlabgeo.com\/pt\/product\/sl700-gnss-receiver-copy\/","title":{"rendered":"Receptor GNSS SL700"},"content":{"rendered":"<div style=\"text-align: center, max-width: 640px; margin: 0 auto;\"><video width=\"300\" height=\"150\" class=\"wp-video-shortcode\" preload=\"metadata\" controls=\"controls\"><source type=\"video\/youtube\" src=\"https:\/\/youtu.be\/fb856rj-_QE\" \/><\/video><\/div>\n<p><\/p>\n<h3>Tecnologia de inova\u00e7\u00e3o nova e aprimorada<\/h3>\n<p>Equipado com rastreamento multiconstela\u00e7\u00e3o, o Receptor GNSS SL700 oferece resultados precisos e exatos com desempenho aprimorado. Equipado com um motor avan\u00e7ado, este <span style=\"color: #909090;\">Receptor GNSS<\/span> apresenta uma interface multidispositivo dependendo da sua aplica\u00e7\u00e3o, o que aumenta sua produtividade e efici\u00eancia.<\/p>\n<div class=\"landscape\"><img decoding=\"async\" loading=\"lazy\" src=\"https:\/\/www.satlabgeo.com\/wp-content\/uploads\/2022\/03\/SL700-Banner-01-2-1.jpg\" alt=\"Receptor GNSS\" width=\"1259\" height=\"684\" class=\"alignnone size-full wp-image-1486\" \/><\/div>\n<h3><\/h3>\n<h3>Eficiente e confi\u00e1vel<\/h3>\n<p>Equipado com um motor avan\u00e7ado, este receptor oferece posicionamento preciso e mitiga\u00e7\u00e3o avan\u00e7ada de interfer\u00eancias, com desempenho at\u00e9 mesmo nos ambientes mais remotos e desafiadores. Utilizando seus recursos de rastreamento de 555 canais, ele pode rastrear todos os sinais atuais e futuros, oferecendo posicionamento preciso de submetros a cent\u00edmetros com diferentes modos.<span style=\"color: #333333;\">RTK<\/span>, PPK, Est\u00e1tico).<\/p>\n<h3>Servi\u00e7o de corre\u00e7\u00e3o de sat\u00e9lite<\/h3>\n<p>O SL700 possui recursos TerraStar que utilizam uma rede global de esta\u00e7\u00f5es de refer\u00eancia multi-GNSS e algoritmos avan\u00e7ados para gerar \u00f3rbitas, rel\u00f3gios, vieses e outros par\u00e2metros de sistema de sat\u00e9lites GNSS altamente precisos. Esses dados permitem que o TerraStar forne\u00e7a servi\u00e7os de corre\u00e7\u00e3o com precis\u00e3o de posicionamento subm\u00e9trica ou centim\u00e9trica para os receptores SL700. Receba suas corre\u00e7\u00f5es transmitidas em tempo real, com lat\u00eancia m\u00ednima, via sat\u00e9lites e redes celulares em todo o mundo.<\/p>\n<table border=\"0\" style=\"border-collapse: collapse; width: 100%;\">\n<tbody>\n<tr><\/tr>\n<\/tbody>\n<\/table>","protected":false},"excerpt":{"rendered":"<p>O Receptor GNSS \u00e9 um dispositivo GNSS f\u00e1cil de usar, projetado para ser compacto e robusto para o uso di\u00e1rio em levantamentos topogr\u00e1ficos. Projetado para suportar as mais severas condi\u00e7\u00f5es clim\u00e1ticas, o SL700 oferece excelente mobilidade e flexibilidade. Este receptor inovador oferece os resultados mais precisos da maneira mais eficiente para o seu trabalho de campo.<\/p>","protected":false},"featured_media":1915,"comment_status":"open","ping_status":"closed","template":"","meta":{"_links_to":"","_links_to_target":""},"product_cat":[26],"product_tag":[],"yoast_head":"<!-- This site is optimized with the Yoast SEO plugin v19.8 - https:\/\/yoast.com\/wordpress\/plugins\/seo\/ -->\n<title>SL700 GNSS Receiver | SatLab<\/title>\n<meta name=\"description\" content=\"SL700 GNSS Receiver is an easy-to-use gnss device that is designed to be compact and rugged for your everyday surveying usage.\" \/>\n<meta name=\"robots\" content=\"index, follow, max-snippet:-1, max-image-preview:large, max-video-preview:-1\" \/>\n<link rel=\"canonical\" href=\"https:\/\/www.satlabgeo.com\/pt\/product\/sl700-gnss-receiver-copy\/\" \/>\n<meta property=\"og:locale\" content=\"pt_PT\" \/>\n<meta property=\"og:type\" content=\"article\" \/>\n<meta property=\"og:title\" content=\"SL700 GNSS Receiver | SatLab\" \/>\n<meta property=\"og:description\" content=\"SL700 GNSS Receiver is an easy-to-use gnss device that is designed to be compact and rugged for your everyday surveying usage.\" \/>\n<meta property=\"og:url\" content=\"https:\/\/www.satlabgeo.com\/pt\/product\/sl700-gnss-receiver-copy\/\" \/>\n<meta property=\"og:site_name\" content=\"Global Satellite Positioning Solutions | SatLab Geosolutions AB\" \/>\n<meta property=\"article:modified_time\" content=\"2025-11-26T03:17:28+00:00\" \/>\n<meta property=\"og:image\" content=\"https:\/\/www.satlabgeo.com\/wp-content\/uploads\/2024\/08\/SL700-22.png\" \/>\n\t<meta property=\"og:image:width\" content=\"700\" \/>\n\t<meta property=\"og:image:height\" content=\"519\" \/>\n\t<meta property=\"og:image:type\" content=\"image\/png\" \/>\n<meta name=\"twitter:card\" content=\"summary_large_image\" \/>\n<meta name=\"twitter:label1\" content=\"Est. reading time\" \/>\n\t<meta name=\"twitter:data1\" content=\"1 minuto\" \/>\n<script type=\"application\/ld+json\" class=\"yoast-schema-graph\">{\"@context\":\"https:\/\/schema.org\",\"@graph\":[{\"@type\":\"WebPage\",\"@id\":\"https:\/\/www.satlabgeo.com\/product\/sl700-gnss-receiver-copy\/\",\"url\":\"https:\/\/www.satlabgeo.com\/product\/sl700-gnss-receiver-copy\/\",\"name\":\"SL700 GNSS Receiver | SatLab\",\"isPartOf\":{\"@id\":\"https:\/\/www.satlabgeo.com\/#website\"},\"datePublished\":\"2024-08-01T09:56:55+00:00\",\"dateModified\":\"2025-11-26T03:17:28+00:00\",\"description\":\"SL700 GNSS Receiver is an easy-to-use gnss device that is designed to be compact and rugged for your everyday surveying usage.\",\"breadcrumb\":{\"@id\":\"https:\/\/www.satlabgeo.com\/product\/sl700-gnss-receiver-copy\/#breadcrumb\"},\"inLanguage\":\"pt-PT\",\"potentialAction\":[{\"@type\":\"ReadAction\",\"target\":[\"https:\/\/www.satlabgeo.com\/product\/sl700-gnss-receiver-copy\/\"]}]},{\"@type\":\"BreadcrumbList\",\"@id\":\"https:\/\/www.satlabgeo.com\/product\/sl700-gnss-receiver-copy\/#breadcrumb\",\"itemListElement\":[{\"@type\":\"ListItem\",\"position\":1,\"name\":\"Home\",\"item\":\"https:\/\/www.satlabgeo.com\/\"},{\"@type\":\"ListItem\",\"position\":2,\"name\":\"Products\",\"item\":\"https:\/\/www.satlabgeo.com\/products\/\"},{\"@type\":\"ListItem\",\"position\":3,\"name\":\"SL700 GNSS Receiver\"}]},{\"@type\":\"WebSite\",\"@id\":\"https:\/\/www.satlabgeo.com\/#website\",\"url\":\"https:\/\/www.satlabgeo.com\/\",\"name\":\"Global Satellite Positioning Solutions | SatLab Geosolutions AB\",\"description\":\"\",\"publisher\":{\"@id\":\"https:\/\/www.satlabgeo.com\/#organization\"},\"potentialAction\":[{\"@type\":\"SearchAction\",\"target\":{\"@type\":\"EntryPoint\",\"urlTemplate\":\"https:\/\/www.satlabgeo.com\/?s={search_term_string}\"},\"query-input\":\"required name=search_term_string\"}],\"inLanguage\":\"pt-PT\"},{\"@type\":\"Organization\",\"@id\":\"https:\/\/www.satlabgeo.com\/#organization\",\"name\":\"Global Satellite Positioning Solutions | SatLab Geosolutions AB\",\"url\":\"https:\/\/www.satlabgeo.com\/\",\"sameAs\":[],\"logo\":{\"@type\":\"ImageObject\",\"inLanguage\":\"pt-PT\",\"@id\":\"https:\/\/www.satlabgeo.com\/#\/schema\/logo\/image\/\",\"url\":\"https:\/\/www.satlabgeo.com\/wp-content\/uploads\/2025\/08\/satlab-logo.webp\",\"contentUrl\":\"https:\/\/www.satlabgeo.com\/wp-content\/uploads\/2025\/08\/satlab-logo.webp\",\"width\":191,\"height\":48,\"caption\":\"Global Satellite Positioning Solutions | SatLab Geosolutions AB\"},\"image\":{\"@id\":\"https:\/\/www.satlabgeo.com\/#\/schema\/logo\/image\/\"}}]}<\/script>\n<!-- \/ Yoast SEO plugin. -->","yoast_head_json":{"title":"SL700 GNSS Receiver | SatLab","description":"SL700 GNSS Receiver is an easy-to-use gnss device that is designed to be compact and rugged for your everyday surveying usage.","robots":{"index":"index","follow":"follow","max-snippet":"max-snippet:-1","max-image-preview":"max-image-preview:large","max-video-preview":"max-video-preview:-1"},"canonical":"https:\/\/www.satlabgeo.com\/pt\/product\/sl700-gnss-receiver-copy\/","og_locale":"pt_PT","og_type":"article","og_title":"SL700 GNSS Receiver | SatLab","og_description":"SL700 GNSS Receiver is an easy-to-use gnss device that is designed to be compact and rugged for your everyday surveying usage.","og_url":"https:\/\/www.satlabgeo.com\/pt\/product\/sl700-gnss-receiver-copy\/","og_site_name":"Global Satellite Positioning Solutions | SatLab Geosolutions AB","article_modified_time":"2025-11-26T03:17:28+00:00","og_image":[{"width":700,"height":519,"url":"https:\/\/www.satlabgeo.com\/wp-content\/uploads\/2024\/08\/SL700-22.png","type":"image\/png"}],"twitter_card":"summary_large_image","twitter_misc":{"Est. reading time":"1 minuto"},"schema":{"@context":"https:\/\/schema.org","@graph":[{"@type":"WebPage","@id":"https:\/\/www.satlabgeo.com\/product\/sl700-gnss-receiver-copy\/","url":"https:\/\/www.satlabgeo.com\/product\/sl700-gnss-receiver-copy\/","name":"SL700 GNSS Receiver | SatLab","isPartOf":{"@id":"https:\/\/www.satlabgeo.com\/#website"},"datePublished":"2024-08-01T09:56:55+00:00","dateModified":"2025-11-26T03:17:28+00:00","description":"SL700 GNSS Receiver is an easy-to-use gnss device that is designed to be compact and rugged for your everyday surveying usage.","breadcrumb":{"@id":"https:\/\/www.satlabgeo.com\/product\/sl700-gnss-receiver-copy\/#breadcrumb"},"inLanguage":"pt-PT","potentialAction":[{"@type":"ReadAction","target":["https:\/\/www.satlabgeo.com\/product\/sl700-gnss-receiver-copy\/"]}]},{"@type":"BreadcrumbList","@id":"https:\/\/www.satlabgeo.com\/product\/sl700-gnss-receiver-copy\/#breadcrumb","itemListElement":[{"@type":"ListItem","position":1,"name":"Home","item":"https:\/\/www.satlabgeo.com\/"},{"@type":"ListItem","position":2,"name":"Products","item":"https:\/\/www.satlabgeo.com\/products\/"},{"@type":"ListItem","position":3,"name":"SL700 GNSS Receiver"}]},{"@type":"WebSite","@id":"https:\/\/www.satlabgeo.com\/#website","url":"https:\/\/www.satlabgeo.com\/","name":"Global Satellite Positioning Solutions | SatLab Geosolutions AB","description":"","publisher":{"@id":"https:\/\/www.satlabgeo.com\/#organization"},"potentialAction":[{"@type":"SearchAction","target":{"@type":"EntryPoint","urlTemplate":"https:\/\/www.satlabgeo.com\/?s={search_term_string}"},"query-input":"required name=search_term_string"}],"inLanguage":"pt-PT"},{"@type":"Organization","@id":"https:\/\/www.satlabgeo.com\/#organization","name":"Global Satellite Positioning Solutions | SatLab Geosolutions AB","url":"https:\/\/www.satlabgeo.com\/","sameAs":[],"logo":{"@type":"ImageObject","inLanguage":"pt-PT","@id":"https:\/\/www.satlabgeo.com\/#\/schema\/logo\/image\/","url":"https:\/\/www.satlabgeo.com\/wp-content\/uploads\/2025\/08\/satlab-logo.webp","contentUrl":"https:\/\/www.satlabgeo.com\/wp-content\/uploads\/2025\/08\/satlab-logo.webp","width":191,"height":48,"caption":"Global Satellite Positioning Solutions | SatLab Geosolutions AB"},"image":{"@id":"https:\/\/www.satlabgeo.com\/#\/schema\/logo\/image\/"}}]}},"_links":{"self":[{"href":"https:\/\/www.satlabgeo.com\/pt\/wp-json\/wp\/v2\/product\/1895"}],"collection":[{"href":"https:\/\/www.satlabgeo.com\/pt\/wp-json\/wp\/v2\/product"}],"about":[{"href":"https:\/\/www.satlabgeo.com\/pt\/wp-json\/wp\/v2\/types\/product"}],"replies":[{"embeddable":true,"href":"https:\/\/www.satlabgeo.com\/pt\/wp-json\/wp\/v2\/comments?post=1895"}],"version-history":[{"count":3,"href":"https:\/\/www.satlabgeo.com\/pt\/wp-json\/wp\/v2\/product\/1895\/revisions"}],"predecessor-version":[{"id":3170,"href":"https:\/\/www.satlabgeo.com\/pt\/wp-json\/wp\/v2\/product\/1895\/revisions\/3170"}],"wp:featuredmedia":[{"embeddable":true,"href":"https:\/\/www.satlabgeo.com\/pt\/wp-json\/wp\/v2\/media\/1915"}],"wp:attachment":[{"href":"https:\/\/www.satlabgeo.com\/pt\/wp-json\/wp\/v2\/media?parent=1895"}],"wp:term":[{"taxonomy":"product_cat","embeddable":true,"href":"https:\/\/www.satlabgeo.com\/pt\/wp-json\/wp\/v2\/product_cat?post=1895"},{"taxonomy":"product_tag","embeddable":true,"href":"https:\/\/www.satlabgeo.com\/pt\/wp-json\/wp\/v2\/product_tag?post=1895"}],"curies":[{"name":"wp","href":"https:\/\/api.w.org\/{rel}","templated":true}]}}