{"id":182,"date":"2022-02-01T14:06:11","date_gmt":"2022-02-01T14:06:11","guid":{"rendered":"https:\/\/www.satlabgeo.com\/?post_type=product&#038;p=182"},"modified":"2026-02-03T07:37:07","modified_gmt":"2026-02-03T07:37:07","slug":"freyja-gnss-receiver","status":"publish","type":"product","link":"https:\/\/www.satlabgeo.com\/pt\/product\/freyja-gnss-receiver\/","title":{"rendered":"Receptor GNSS Freyja"},"content":{"rendered":"<div class=\"landscape\"><a href=\"https:\/\/www.satlabgeo.com\/pt\/contact-us\/\"><img decoding=\"async\" src=\"https:\/\/www.satlabgeo.com\/wp-content\/uploads\/2022\/02\/freyja-scaled.jpg\" alt=\"Receptor GNSS\" class=\"aligncenter\" \/><\/a><\/div>\n<p>&nbsp;<\/p>\n<h3><span style=\"font-size: 14pt;\"><b><span lang=\"EN-US\">Nova antena GNSS<\/span><\/b><\/span><\/h3>\n<p><span lang=\"EN-US\">O receptor GNSS Freyja adota uma nova antena GNSS, que aprimora a capacidade antiparasit\u00e1ria e de rastreamento em \u00e2ngulos de baixa eleva\u00e7\u00e3o. A estabilidade do Bluetooth e do conector melhorou significativamente, garantindo que o projeto funcione dentro do cronograma.<\/span><\/p>\n<h3><span style=\"font-size: 14pt;\"><b><span lang=\"EN-US\">Tecnologia Avan\u00e7ada de Posicionamento IMU<\/span><\/b><\/span><\/h3>\n<p><span lang=\"EN-US\">O sensor IMU de 9 eixos garante um desempenho de levantamento inteligente. A implanta\u00e7\u00e3o \u00e9 acelerada com c\u00e1lculos de posi\u00e7\u00e3o e gera\u00e7\u00e3o de informa\u00e7\u00f5es mais r\u00e1pidos. Al\u00e9m disso, a compensa\u00e7\u00e3o de inclina\u00e7\u00e3o do poste em tempo real garante resultados de qualidade em quaisquer condi\u00e7\u00f5es severas de medi\u00e7\u00e3o. A precis\u00e3o de 2,5 cm \u00e9 alcan\u00e7ada com uma inclina\u00e7\u00e3o de 60\u00b0. <\/span><\/p>\n<h3><span style=\"font-size: 14pt;\"><b><span lang=\"EN-US\">Suporte de software<\/span><\/b><\/span><\/h3>\n<p><span lang=\"EN-US\">O SatLab Satsurv \u00e9 o melhor companheiro para o receptor GNSS Freyja.<\/span><span lang=\"EN-US\"> <\/span><span lang=\"EN-US\">O software profissional de levantamento de campo \u00e9 f\u00e1cil de usar e conta com fun\u00e7\u00f5es completas para aprimorar ainda mais o desempenho do Freyja. Ele oferece uma experi\u00eancia mais flex\u00edvel, eficiente e interativa.<\/span><span lang=\"EN-US\">ti<\/span><span lang=\"EN-US\">experi\u00eancia.<\/span><\/p>\n<div style=\"text-align: center, max-width: 640px; margin: 0 auto;\"><video width=\"300\" height=\"150\" class=\"wp-video-shortcode\" preload=\"metadata\" controls=\"controls\"><source type=\"video\/youtube\" src=\"https:\/\/youtu.be\/Szbgd7-liVs\" \/><\/video><\/div>","protected":false},"excerpt":{"rendered":"<p><span lang=\"EN-US\">Com tecnologia RTK integrada, o receptor GNSS Freyja oferece efici\u00eancia e confiabilidade como uma solu\u00e7\u00e3o avan\u00e7ada de posicionamento. Ap\u00f3s a otimiza\u00e7\u00e3o do design, o Freyja \u00e9 menor que a maioria dos receptores SatLab, que pesam apenas 770 g.<\/span><\/p>","protected":false},"featured_media":636,"comment_status":"open","ping_status":"closed","template":"","meta":{"_links_to":"","_links_to_target":""},"product_cat":[26],"product_tag":[],"yoast_head":"<!-- This site is optimized with the Yoast SEO plugin v19.8 - https:\/\/yoast.com\/wordpress\/plugins\/seo\/ -->\n<title>Freyja GNSS Receiver | Global Satellite Positioning Solutions | SatLab Geosolutions AB<\/title>\n<meta name=\"description\" content=\"Smaller than most of SatLab&#039;s receivers, the Freyja GNSS receiver offers efficiency and reliability as an advanced positioning solution.\" \/>\n<meta name=\"robots\" content=\"index, follow, max-snippet:-1, max-image-preview:large, max-video-preview:-1\" \/>\n<link rel=\"canonical\" href=\"https:\/\/www.satlabgeo.com\/pt\/product\/freyja-gnss-receiver\/\" \/>\n<meta property=\"og:locale\" content=\"pt_PT\" \/>\n<meta property=\"og:type\" content=\"article\" \/>\n<meta property=\"og:title\" content=\"Freyja GNSS Receiver | Global Satellite Positioning Solutions | SatLab Geosolutions AB\" \/>\n<meta property=\"og:description\" content=\"Smaller than most of SatLab&#039;s receivers, the Freyja GNSS receiver offers efficiency and reliability as an advanced positioning solution.\" \/>\n<meta property=\"og:url\" content=\"https:\/\/www.satlabgeo.com\/pt\/product\/freyja-gnss-receiver\/\" \/>\n<meta property=\"og:site_name\" content=\"Global Satellite Positioning Solutions | SatLab Geosolutions AB\" \/>\n<meta property=\"article:modified_time\" content=\"2026-02-03T07:37:07+00:00\" \/>\n<meta property=\"og:image\" content=\"https:\/\/www.satlabgeo.com\/wp-content\/uploads\/2022\/02\/744x705-01.png\" \/>\n\t<meta property=\"og:image:width\" content=\"744\" \/>\n\t<meta property=\"og:image:height\" content=\"705\" \/>\n\t<meta property=\"og:image:type\" content=\"image\/png\" \/>\n<meta name=\"twitter:card\" content=\"summary_large_image\" \/>\n<meta name=\"twitter:label1\" content=\"Est. reading time\" \/>\n\t<meta name=\"twitter:data1\" content=\"1 minuto\" \/>\n<script type=\"application\/ld+json\" class=\"yoast-schema-graph\">{\"@context\":\"https:\/\/schema.org\",\"@graph\":[{\"@type\":\"WebPage\",\"@id\":\"https:\/\/www.satlabgeo.com\/product\/freyja-gnss-receiver\/\",\"url\":\"https:\/\/www.satlabgeo.com\/product\/freyja-gnss-receiver\/\",\"name\":\"Freyja GNSS Receiver | Global Satellite Positioning Solutions | SatLab Geosolutions AB\",\"isPartOf\":{\"@id\":\"https:\/\/www.satlabgeo.com\/#website\"},\"datePublished\":\"2022-02-01T14:06:11+00:00\",\"dateModified\":\"2026-02-03T07:37:07+00:00\",\"description\":\"Smaller than most of SatLab's receivers, the Freyja GNSS receiver offers efficiency and reliability as an advanced positioning solution.\",\"breadcrumb\":{\"@id\":\"https:\/\/www.satlabgeo.com\/product\/freyja-gnss-receiver\/#breadcrumb\"},\"inLanguage\":\"pt-PT\",\"potentialAction\":[{\"@type\":\"ReadAction\",\"target\":[\"https:\/\/www.satlabgeo.com\/product\/freyja-gnss-receiver\/\"]}]},{\"@type\":\"BreadcrumbList\",\"@id\":\"https:\/\/www.satlabgeo.com\/product\/freyja-gnss-receiver\/#breadcrumb\",\"itemListElement\":[{\"@type\":\"ListItem\",\"position\":1,\"name\":\"Home\",\"item\":\"https:\/\/www.satlabgeo.com\/\"},{\"@type\":\"ListItem\",\"position\":2,\"name\":\"Products\",\"item\":\"https:\/\/www.satlabgeo.com\/products\/\"},{\"@type\":\"ListItem\",\"position\":3,\"name\":\"Freyja GNSS Receiver\"}]},{\"@type\":\"WebSite\",\"@id\":\"https:\/\/www.satlabgeo.com\/#website\",\"url\":\"https:\/\/www.satlabgeo.com\/\",\"name\":\"Global Satellite Positioning Solutions | SatLab Geosolutions AB\",\"description\":\"\",\"publisher\":{\"@id\":\"https:\/\/www.satlabgeo.com\/#organization\"},\"potentialAction\":[{\"@type\":\"SearchAction\",\"target\":{\"@type\":\"EntryPoint\",\"urlTemplate\":\"https:\/\/www.satlabgeo.com\/?s={search_term_string}\"},\"query-input\":\"required name=search_term_string\"}],\"inLanguage\":\"pt-PT\"},{\"@type\":\"Organization\",\"@id\":\"https:\/\/www.satlabgeo.com\/#organization\",\"name\":\"Global Satellite Positioning Solutions | SatLab Geosolutions AB\",\"url\":\"https:\/\/www.satlabgeo.com\/\",\"sameAs\":[],\"logo\":{\"@type\":\"ImageObject\",\"inLanguage\":\"pt-PT\",\"@id\":\"https:\/\/www.satlabgeo.com\/#\/schema\/logo\/image\/\",\"url\":\"https:\/\/www.satlabgeo.com\/wp-content\/uploads\/2025\/08\/satlab-logo.webp\",\"contentUrl\":\"https:\/\/www.satlabgeo.com\/wp-content\/uploads\/2025\/08\/satlab-logo.webp\",\"width\":191,\"height\":48,\"caption\":\"Global Satellite Positioning Solutions | SatLab Geosolutions AB\"},\"image\":{\"@id\":\"https:\/\/www.satlabgeo.com\/#\/schema\/logo\/image\/\"}}]}<\/script>\n<!-- \/ Yoast SEO plugin. -->","yoast_head_json":{"title":"Freyja GNSS Receiver | Global Satellite Positioning Solutions | SatLab Geosolutions AB","description":"Smaller than most of SatLab's receivers, the Freyja GNSS receiver offers efficiency and reliability as an advanced positioning solution.","robots":{"index":"index","follow":"follow","max-snippet":"max-snippet:-1","max-image-preview":"max-image-preview:large","max-video-preview":"max-video-preview:-1"},"canonical":"https:\/\/www.satlabgeo.com\/pt\/product\/freyja-gnss-receiver\/","og_locale":"pt_PT","og_type":"article","og_title":"Freyja GNSS Receiver | Global Satellite Positioning Solutions | SatLab Geosolutions AB","og_description":"Smaller than most of SatLab's receivers, the Freyja GNSS receiver offers efficiency and reliability as an advanced positioning solution.","og_url":"https:\/\/www.satlabgeo.com\/pt\/product\/freyja-gnss-receiver\/","og_site_name":"Global Satellite Positioning Solutions | SatLab Geosolutions AB","article_modified_time":"2026-02-03T07:37:07+00:00","og_image":[{"width":744,"height":705,"url":"https:\/\/www.satlabgeo.com\/wp-content\/uploads\/2022\/02\/744x705-01.png","type":"image\/png"}],"twitter_card":"summary_large_image","twitter_misc":{"Est. reading time":"1 minuto"},"schema":{"@context":"https:\/\/schema.org","@graph":[{"@type":"WebPage","@id":"https:\/\/www.satlabgeo.com\/product\/freyja-gnss-receiver\/","url":"https:\/\/www.satlabgeo.com\/product\/freyja-gnss-receiver\/","name":"Freyja GNSS Receiver | Global Satellite Positioning Solutions | SatLab Geosolutions AB","isPartOf":{"@id":"https:\/\/www.satlabgeo.com\/#website"},"datePublished":"2022-02-01T14:06:11+00:00","dateModified":"2026-02-03T07:37:07+00:00","description":"Smaller than most of SatLab's receivers, the Freyja GNSS receiver offers efficiency and reliability as an advanced positioning solution.","breadcrumb":{"@id":"https:\/\/www.satlabgeo.com\/product\/freyja-gnss-receiver\/#breadcrumb"},"inLanguage":"pt-PT","potentialAction":[{"@type":"ReadAction","target":["https:\/\/www.satlabgeo.com\/product\/freyja-gnss-receiver\/"]}]},{"@type":"BreadcrumbList","@id":"https:\/\/www.satlabgeo.com\/product\/freyja-gnss-receiver\/#breadcrumb","itemListElement":[{"@type":"ListItem","position":1,"name":"Home","item":"https:\/\/www.satlabgeo.com\/"},{"@type":"ListItem","position":2,"name":"Products","item":"https:\/\/www.satlabgeo.com\/products\/"},{"@type":"ListItem","position":3,"name":"Freyja GNSS Receiver"}]},{"@type":"WebSite","@id":"https:\/\/www.satlabgeo.com\/#website","url":"https:\/\/www.satlabgeo.com\/","name":"Global Satellite Positioning Solutions | SatLab Geosolutions AB","description":"","publisher":{"@id":"https:\/\/www.satlabgeo.com\/#organization"},"potentialAction":[{"@type":"SearchAction","target":{"@type":"EntryPoint","urlTemplate":"https:\/\/www.satlabgeo.com\/?s={search_term_string}"},"query-input":"required name=search_term_string"}],"inLanguage":"pt-PT"},{"@type":"Organization","@id":"https:\/\/www.satlabgeo.com\/#organization","name":"Global Satellite Positioning Solutions | SatLab Geosolutions AB","url":"https:\/\/www.satlabgeo.com\/","sameAs":[],"logo":{"@type":"ImageObject","inLanguage":"pt-PT","@id":"https:\/\/www.satlabgeo.com\/#\/schema\/logo\/image\/","url":"https:\/\/www.satlabgeo.com\/wp-content\/uploads\/2025\/08\/satlab-logo.webp","contentUrl":"https:\/\/www.satlabgeo.com\/wp-content\/uploads\/2025\/08\/satlab-logo.webp","width":191,"height":48,"caption":"Global Satellite Positioning Solutions | SatLab Geosolutions AB"},"image":{"@id":"https:\/\/www.satlabgeo.com\/#\/schema\/logo\/image\/"}}]}},"_links":{"self":[{"href":"https:\/\/www.satlabgeo.com\/pt\/wp-json\/wp\/v2\/product\/182"}],"collection":[{"href":"https:\/\/www.satlabgeo.com\/pt\/wp-json\/wp\/v2\/product"}],"about":[{"href":"https:\/\/www.satlabgeo.com\/pt\/wp-json\/wp\/v2\/types\/product"}],"replies":[{"embeddable":true,"href":"https:\/\/www.satlabgeo.com\/pt\/wp-json\/wp\/v2\/comments?post=182"}],"version-history":[{"count":12,"href":"https:\/\/www.satlabgeo.com\/pt\/wp-json\/wp\/v2\/product\/182\/revisions"}],"predecessor-version":[{"id":3191,"href":"https:\/\/www.satlabgeo.com\/pt\/wp-json\/wp\/v2\/product\/182\/revisions\/3191"}],"wp:featuredmedia":[{"embeddable":true,"href":"https:\/\/www.satlabgeo.com\/pt\/wp-json\/wp\/v2\/media\/636"}],"wp:attachment":[{"href":"https:\/\/www.satlabgeo.com\/pt\/wp-json\/wp\/v2\/media?parent=182"}],"wp:term":[{"taxonomy":"product_cat","embeddable":true,"href":"https:\/\/www.satlabgeo.com\/pt\/wp-json\/wp\/v2\/product_cat?post=182"},{"taxonomy":"product_tag","embeddable":true,"href":"https:\/\/www.satlabgeo.com\/pt\/wp-json\/wp\/v2\/product_tag?post=182"}],"curies":[{"name":"wp","href":"https:\/\/api.w.org\/{rel}","templated":true}]}}