{"id":178,"date":"2022-02-01T14:04:52","date_gmt":"2022-02-01T14:04:52","guid":{"rendered":"https:\/\/www.satlabgeo.com\/?post_type=product&#038;p=178"},"modified":"2025-11-26T09:53:54","modified_gmt":"2025-11-26T09:53:54","slug":"sl900-gnss-receiver","status":"publish","type":"product","link":"https:\/\/www.satlabgeo.com\/pt\/product\/sl900-gnss-receiver\/","title":{"rendered":"Receptor GNSS SL900"},"content":{"rendered":"<div style=\"text-align: center, max-width: 640px; margin: 0 auto;\"><video width=\"300\" height=\"150\" class=\"wp-video-shortcode\" preload=\"metadata\" controls=\"controls\"><source type=\"video\/youtube\" src=\"https:\/\/youtu.be\/uU4gEWUFc54\" \/><\/video><\/div>\n<p><\/p>\n<h3>Solu\u00e7\u00e3o de compensa\u00e7\u00e3o de inclina\u00e7\u00e3o<\/h3>\n<p><span>With surveyors in mind, SatLab GNSS designed a solution to increase efficiency in your workflow by cutting down time wasted from offsetting slanted measurements. With the tilt compensator and GNSS\u00a0antenna, the\u00a0GNSS Receiver can save up to 20 percent of time compared to conventional surveying practices. This GNSS solution allows you to focus on your surroundings conveniently while ensuring your safety and comfort.<\/span><\/p>\n<p><img decoding=\"async\" loading=\"lazy\" src=\"https:\/\/www.satlabgeo.com\/wp-content\/uploads\/2022\/02\/SL900-Banner-03-1.png\" alt=\"GNSS\" width=\"902\" height=\"378\" class=\"size-full wp-image-1491 aligncenter\" \/><\/p>\n<h3>Eficiente e confi\u00e1vel<\/h3>\n<p>Equipado com um motor avan\u00e7ado, este receptor oferece posicionamento preciso e mitiga\u00e7\u00e3o avan\u00e7ada de interfer\u00eancias, com desempenho at\u00e9 mesmo nos ambientes mais remotos e desafiadores. Utilizando seus 1408 recursos de rastreamento de canais, ele pode rastrear todos os sinais atuais e futuros, oferecendo posicionamento com precis\u00e3o de submetros a cent\u00edmetros em diferentes modos (RTK, PPK, Est\u00e1tico).<\/p>\n<h3>Servi\u00e7o de corre\u00e7\u00e3o de sat\u00e9lite<\/h3>\n<p>The GNSS Receiver has TerraStar capabilities that use a global network of multi-GNSS reference stations and advanced algorithms to generate highly precise GNSS satellite orbit, clock, biases, and other system parameters. These data allow TerraStar<\/span>\n<tbody>\n<tr>\n<td style=\"width: 50%;\"><\/td>\n<\/tr>\n<\/tbody>\n<\/table>","protected":false},"excerpt":{"rendered":"<p>O receptor GNSS SatLab \u00e9 de alta precis\u00e3o e funciona mesmo nas condi\u00e7\u00f5es mais exigentes. Com este <span style=\"color: #909090;\"><a href=\"https:\/\/www.satlabgeo.com\/pt\/product_category\/gnss\/\" style=\"color: #909090;\">Receptor GNSS<\/a><\/span>, \u00e9 capaz de fornecer dados GPS de alta precis\u00e3o em tempo real para qualquer dispositivo por meio de uma conex\u00e3o Bluetooth. Servi\u00e7o de corre\u00e7\u00e3o de sat\u00e9lite, compacto e leve, este <span style=\"color: #909090;\"><a href=\"https:\/\/www.satlabgeo.com\/pt\/product_category\/gnss\/\" style=\"color: #909090;\">rtk<\/a><\/span> O GNSS \u00e9 uma das solu\u00e7\u00f5es mais flex\u00edveis que prometem confiabilidade de posicionamento.<\/p>","protected":false},"featured_media":651,"comment_status":"open","ping_status":"closed","template":"","meta":{"_links_to":"","_links_to_target":""},"product_cat":[26],"product_tag":[],"yoast_head":"<!-- This site is optimized with the Yoast SEO plugin v19.8 - https:\/\/yoast.com\/wordpress\/plugins\/seo\/ -->\n<title>SL900 GNSS Receiver | Global Satellite Positioning Solutions | SatLab Geosolutions AB<\/title>\n<meta name=\"robots\" content=\"index, follow, max-snippet:-1, max-image-preview:large, max-video-preview:-1\" \/>\n<link rel=\"canonical\" href=\"https:\/\/www.satlabgeo.com\/pt\/product\/sl900-gnss-receiver\/\" \/>\n<meta property=\"og:locale\" content=\"pt_PT\" \/>\n<meta property=\"og:type\" content=\"article\" \/>\n<meta property=\"og:title\" content=\"SL900 GNSS Receiver | Global Satellite Positioning Solutions | SatLab Geosolutions AB\" \/>\n<meta property=\"og:description\" content=\"The SatLab GNSS receiver is a high-precision\u00a0that performs even under the most demanding conditions. With this GNSS receiver, it is capable of delivering highly accurate GPS data in real-time to any device via a Bluetooth connection. Satellite correction service, compact and lightweight, this rtk GNSS is one of the most flexible solutions that promise positioning reliability.\" \/>\n<meta property=\"og:url\" content=\"https:\/\/www.satlabgeo.com\/pt\/product\/sl900-gnss-receiver\/\" \/>\n<meta property=\"og:site_name\" content=\"Global Satellite Positioning Solutions | SatLab Geosolutions AB\" \/>\n<meta property=\"article:modified_time\" content=\"2025-11-26T09:53:54+00:00\" \/>\n<meta property=\"og:image\" content=\"https:\/\/www.satlabgeo.com\/wp-content\/uploads\/2022\/02\/SL900-02.png\" \/>\n\t<meta property=\"og:image:width\" content=\"744\" \/>\n\t<meta property=\"og:image:height\" content=\"705\" \/>\n\t<meta property=\"og:image:type\" content=\"image\/png\" \/>\n<meta name=\"twitter:card\" content=\"summary_large_image\" \/>\n<meta name=\"twitter:label1\" content=\"Est. reading time\" \/>\n\t<meta name=\"twitter:data1\" content=\"2 minutos\" \/>\n<script type=\"application\/ld+json\" class=\"yoast-schema-graph\">{\"@context\":\"https:\/\/schema.org\",\"@graph\":[{\"@type\":\"WebPage\",\"@id\":\"https:\/\/www.satlabgeo.com\/product\/sl900-gnss-receiver\/\",\"url\":\"https:\/\/www.satlabgeo.com\/product\/sl900-gnss-receiver\/\",\"name\":\"SL900 GNSS Receiver | Global Satellite Positioning Solutions | SatLab Geosolutions AB\",\"isPartOf\":{\"@id\":\"https:\/\/www.satlabgeo.com\/#website\"},\"datePublished\":\"2022-02-01T14:04:52+00:00\",\"dateModified\":\"2025-11-26T09:53:54+00:00\",\"breadcrumb\":{\"@id\":\"https:\/\/www.satlabgeo.com\/product\/sl900-gnss-receiver\/#breadcrumb\"},\"inLanguage\":\"pt-PT\",\"potentialAction\":[{\"@type\":\"ReadAction\",\"target\":[\"https:\/\/www.satlabgeo.com\/product\/sl900-gnss-receiver\/\"]}]},{\"@type\":\"BreadcrumbList\",\"@id\":\"https:\/\/www.satlabgeo.com\/product\/sl900-gnss-receiver\/#breadcrumb\",\"itemListElement\":[{\"@type\":\"ListItem\",\"position\":1,\"name\":\"Home\",\"item\":\"https:\/\/www.satlabgeo.com\/\"},{\"@type\":\"ListItem\",\"position\":2,\"name\":\"Products\",\"item\":\"https:\/\/www.satlabgeo.com\/products\/\"},{\"@type\":\"ListItem\",\"position\":3,\"name\":\"SL900 GNSS Receiver\"}]},{\"@type\":\"WebSite\",\"@id\":\"https:\/\/www.satlabgeo.com\/#website\",\"url\":\"https:\/\/www.satlabgeo.com\/\",\"name\":\"Global Satellite Positioning Solutions | SatLab Geosolutions AB\",\"description\":\"\",\"publisher\":{\"@id\":\"https:\/\/www.satlabgeo.com\/#organization\"},\"potentialAction\":[{\"@type\":\"SearchAction\",\"target\":{\"@type\":\"EntryPoint\",\"urlTemplate\":\"https:\/\/www.satlabgeo.com\/?s={search_term_string}\"},\"query-input\":\"required name=search_term_string\"}],\"inLanguage\":\"pt-PT\"},{\"@type\":\"Organization\",\"@id\":\"https:\/\/www.satlabgeo.com\/#organization\",\"name\":\"Global Satellite Positioning Solutions | SatLab Geosolutions AB\",\"url\":\"https:\/\/www.satlabgeo.com\/\",\"sameAs\":[],\"logo\":{\"@type\":\"ImageObject\",\"inLanguage\":\"pt-PT\",\"@id\":\"https:\/\/www.satlabgeo.com\/#\/schema\/logo\/image\/\",\"url\":\"https:\/\/www.satlabgeo.com\/wp-content\/uploads\/2025\/08\/satlab-logo.webp\",\"contentUrl\":\"https:\/\/www.satlabgeo.com\/wp-content\/uploads\/2025\/08\/satlab-logo.webp\",\"width\":191,\"height\":48,\"caption\":\"Global Satellite Positioning Solutions | SatLab Geosolutions AB\"},\"image\":{\"@id\":\"https:\/\/www.satlabgeo.com\/#\/schema\/logo\/image\/\"}}]}<\/script>\n<!-- \/ Yoast SEO plugin. -->","yoast_head_json":{"title":"SL900 GNSS Receiver | Global Satellite Positioning Solutions | SatLab Geosolutions AB","robots":{"index":"index","follow":"follow","max-snippet":"max-snippet:-1","max-image-preview":"max-image-preview:large","max-video-preview":"max-video-preview:-1"},"canonical":"https:\/\/www.satlabgeo.com\/pt\/product\/sl900-gnss-receiver\/","og_locale":"pt_PT","og_type":"article","og_title":"SL900 GNSS Receiver | Global Satellite Positioning Solutions | SatLab Geosolutions AB","og_description":"The SatLab GNSS receiver is a high-precision\u00a0that performs even under the most demanding conditions. With this GNSS receiver, it is capable of delivering highly accurate GPS data in real-time to any device via a Bluetooth connection. Satellite correction service, compact and lightweight, this rtk GNSS is one of the most flexible solutions that promise positioning reliability.","og_url":"https:\/\/www.satlabgeo.com\/pt\/product\/sl900-gnss-receiver\/","og_site_name":"Global Satellite Positioning Solutions | SatLab Geosolutions AB","article_modified_time":"2025-11-26T09:53:54+00:00","og_image":[{"width":744,"height":705,"url":"https:\/\/www.satlabgeo.com\/wp-content\/uploads\/2022\/02\/SL900-02.png","type":"image\/png"}],"twitter_card":"summary_large_image","twitter_misc":{"Est. reading time":"2 minutos"},"schema":{"@context":"https:\/\/schema.org","@graph":[{"@type":"WebPage","@id":"https:\/\/www.satlabgeo.com\/product\/sl900-gnss-receiver\/","url":"https:\/\/www.satlabgeo.com\/product\/sl900-gnss-receiver\/","name":"SL900 GNSS Receiver | Global Satellite Positioning Solutions | SatLab Geosolutions AB","isPartOf":{"@id":"https:\/\/www.satlabgeo.com\/#website"},"datePublished":"2022-02-01T14:04:52+00:00","dateModified":"2025-11-26T09:53:54+00:00","breadcrumb":{"@id":"https:\/\/www.satlabgeo.com\/product\/sl900-gnss-receiver\/#breadcrumb"},"inLanguage":"pt-PT","potentialAction":[{"@type":"ReadAction","target":["https:\/\/www.satlabgeo.com\/product\/sl900-gnss-receiver\/"]}]},{"@type":"BreadcrumbList","@id":"https:\/\/www.satlabgeo.com\/product\/sl900-gnss-receiver\/#breadcrumb","itemListElement":[{"@type":"ListItem","position":1,"name":"Home","item":"https:\/\/www.satlabgeo.com\/"},{"@type":"ListItem","position":2,"name":"Products","item":"https:\/\/www.satlabgeo.com\/products\/"},{"@type":"ListItem","position":3,"name":"SL900 GNSS Receiver"}]},{"@type":"WebSite","@id":"https:\/\/www.satlabgeo.com\/#website","url":"https:\/\/www.satlabgeo.com\/","name":"Global Satellite Positioning Solutions | SatLab Geosolutions AB","description":"","publisher":{"@id":"https:\/\/www.satlabgeo.com\/#organization"},"potentialAction":[{"@type":"SearchAction","target":{"@type":"EntryPoint","urlTemplate":"https:\/\/www.satlabgeo.com\/?s={search_term_string}"},"query-input":"required name=search_term_string"}],"inLanguage":"pt-PT"},{"@type":"Organization","@id":"https:\/\/www.satlabgeo.com\/#organization","name":"Global Satellite Positioning Solutions | SatLab Geosolutions AB","url":"https:\/\/www.satlabgeo.com\/","sameAs":[],"logo":{"@type":"ImageObject","inLanguage":"pt-PT","@id":"https:\/\/www.satlabgeo.com\/#\/schema\/logo\/image\/","url":"https:\/\/www.satlabgeo.com\/wp-content\/uploads\/2025\/08\/satlab-logo.webp","contentUrl":"https:\/\/www.satlabgeo.com\/wp-content\/uploads\/2025\/08\/satlab-logo.webp","width":191,"height":48,"caption":"Global Satellite Positioning Solutions | SatLab Geosolutions AB"},"image":{"@id":"https:\/\/www.satlabgeo.com\/#\/schema\/logo\/image\/"}}]}},"_links":{"self":[{"href":"https:\/\/www.satlabgeo.com\/pt\/wp-json\/wp\/v2\/product\/178"}],"collection":[{"href":"https:\/\/www.satlabgeo.com\/pt\/wp-json\/wp\/v2\/product"}],"about":[{"href":"https:\/\/www.satlabgeo.com\/pt\/wp-json\/wp\/v2\/types\/product"}],"replies":[{"embeddable":true,"href":"https:\/\/www.satlabgeo.com\/pt\/wp-json\/wp\/v2\/comments?post=178"}],"version-history":[{"count":8,"href":"https:\/\/www.satlabgeo.com\/pt\/wp-json\/wp\/v2\/product\/178\/revisions"}],"predecessor-version":[{"id":3203,"href":"https:\/\/www.satlabgeo.com\/pt\/wp-json\/wp\/v2\/product\/178\/revisions\/3203"}],"wp:featuredmedia":[{"embeddable":true,"href":"https:\/\/www.satlabgeo.com\/pt\/wp-json\/wp\/v2\/media\/651"}],"wp:attachment":[{"href":"https:\/\/www.satlabgeo.com\/pt\/wp-json\/wp\/v2\/media?parent=178"}],"wp:term":[{"taxonomy":"product_cat","embeddable":true,"href":"https:\/\/www.satlabgeo.com\/pt\/wp-json\/wp\/v2\/product_cat?post=178"},{"taxonomy":"product_tag","embeddable":true,"href":"https:\/\/www.satlabgeo.com\/pt\/wp-json\/wp\/v2\/product_tag?post=178"}],"curies":[{"name":"wp","href":"https:\/\/api.w.org\/{rel}","templated":true}]}}