{"id":1739,"date":"2024-05-22T03:53:12","date_gmt":"2024-05-22T03:53:12","guid":{"rendered":"https:\/\/www.satlabgeo.com\/?post_type=product&#038;p=1739"},"modified":"2025-06-17T23:11:08","modified_gmt":"2025-06-17T23:11:08","slug":"satlab-geobiz-solutions-2-0","status":"publish","type":"product","link":"https:\/\/www.satlabgeo.com\/pt\/product\/satlab-geobiz-solutions-2-0\/","title":{"rendered":"Software de p\u00f3s-processamento SGS 2.0"},"content":{"rendered":"<h3><strong>Mecanismo de p\u00f3s-processamento confi\u00e1vel e r\u00e1pido<\/strong><\/h3>\n<p>Com um algoritmo confi\u00e1vel, mais r\u00e1pido e mais preciso, o SGS2.0 suporta processamento em lote de mais de 100 linhas de base de dados est\u00e1ticos de GPS, GLONASS, Beidou e Galileo com um sistema de coordenadas predefinido e antenas de v\u00e1rios fabricantes.<\/p>\n<h3><strong>Capacidades de processamento de dados tudo-em-um<\/strong><\/h3>\n<p>Chega de complica\u00e7\u00f5es com importa\u00e7\u00e3o e exporta\u00e7\u00e3o entre diferentes softwares. Seja compat\u00edvel com dados de software de diferentes fornecedores. Com o SGS 2.0, voc\u00ea pode processar facilmente uma ampla gama de dados, incluindo dados est\u00e1ticos GNSS, dados RTK, dados de esta\u00e7\u00e3o total, arquivo de estradas, DTM, mapa base e muito mais.<\/p>\n<h3><strong>Conjunto de ferramentas de medi\u00e7\u00e3o abrangente<\/strong><\/h3>\n<p>O SGS2.0 oferece um amplo conjunto de ferramentas, incluindo conversores de coordenadas e RINEX, ferramentas de c\u00e1lculo angular, de dist\u00e2ncia e diversas ferramentas de COGO, gerenciadores de antenas GNSS e fus\u00e3o de arquivos de observa\u00e7\u00e3o GNSS.<\/p>\n<p>&nbsp;<\/p>","protected":false},"excerpt":{"rendered":"<p>O SatLab Geobiz Solutions 2.0 (SGS 2.0) \u00e9 um software de escrit\u00f3rio integrado que incorpora m\u00f3dulos como GNSS, RTK, Esta\u00e7\u00e3o Total, UAV, etc. Ele elimina a complica\u00e7\u00e3o de alternar dados entre diferentes tipos de software de processamento, simplifica o fluxo de trabalho e melhora a efici\u00eancia do processamento de dados. O SGS 2.0 \u00e9 muito adequado para processar dados coletados de v\u00e1rios tipos de produtos de topografia dentro do mesmo projeto.<\/p>","protected":false},"featured_media":1749,"comment_status":"open","ping_status":"closed","template":"","meta":{"_links_to":"","_links_to_target":""},"product_cat":[17],"product_tag":[],"yoast_head":"<!-- This site is optimized with the Yoast SEO plugin v19.8 - https:\/\/yoast.com\/wordpress\/plugins\/seo\/ -->\n<title>SGS 2.0 Post-processing Software | Global Satellite Positioning Solutions | SatLab Geosolutions AB<\/title>\n<meta name=\"robots\" content=\"index, follow, max-snippet:-1, max-image-preview:large, max-video-preview:-1\" \/>\n<link rel=\"canonical\" href=\"https:\/\/www.satlabgeo.com\/pt\/product\/satlab-geobiz-solutions-2-0\/\" \/>\n<meta property=\"og:locale\" content=\"pt_PT\" \/>\n<meta property=\"og:type\" content=\"article\" \/>\n<meta property=\"og:title\" content=\"SGS 2.0 Post-processing Software | Global Satellite Positioning Solutions | SatLab Geosolutions AB\" \/>\n<meta property=\"og:description\" content=\"SatLab Geobiz Solutions 2.0 (SGS 2.0) is an integrated office software that incorporates modules such as GNSS, RTK, Total Station, UAV, etc. It eliminates the hassle of switching data between different types of processing software, simplifies the workflow, and improves data processing efficiency. SGS 2.0 is very suitable for processing data collected from multiple types of surveying products within the same project.\" \/>\n<meta property=\"og:url\" content=\"https:\/\/www.satlabgeo.com\/pt\/product\/satlab-geobiz-solutions-2-0\/\" \/>\n<meta property=\"og:site_name\" content=\"Global Satellite Positioning Solutions | SatLab Geosolutions AB\" \/>\n<meta property=\"article:modified_time\" content=\"2025-06-17T23:11:08+00:00\" \/>\n<meta property=\"og:image\" content=\"https:\/\/www.satlabgeo.com\/wp-content\/uploads\/2024\/05\/SGS-2.0-post-processing-software.png\" \/>\n\t<meta property=\"og:image:width\" content=\"744\" \/>\n\t<meta property=\"og:image:height\" content=\"705\" \/>\n\t<meta property=\"og:image:type\" content=\"image\/png\" \/>\n<meta name=\"twitter:card\" content=\"summary_large_image\" \/>\n<meta name=\"twitter:label1\" content=\"Est. reading time\" \/>\n\t<meta name=\"twitter:data1\" content=\"1 minuto\" \/>\n<script type=\"application\/ld+json\" class=\"yoast-schema-graph\">{\"@context\":\"https:\/\/schema.org\",\"@graph\":[{\"@type\":\"WebPage\",\"@id\":\"https:\/\/www.satlabgeo.com\/product\/satlab-geobiz-solutions-2-0\/\",\"url\":\"https:\/\/www.satlabgeo.com\/product\/satlab-geobiz-solutions-2-0\/\",\"name\":\"SGS 2.0 Post-processing Software | Global Satellite Positioning Solutions | SatLab Geosolutions AB\",\"isPartOf\":{\"@id\":\"https:\/\/www.satlabgeo.com\/#website\"},\"datePublished\":\"2024-05-22T03:53:12+00:00\",\"dateModified\":\"2025-06-17T23:11:08+00:00\",\"breadcrumb\":{\"@id\":\"https:\/\/www.satlabgeo.com\/product\/satlab-geobiz-solutions-2-0\/#breadcrumb\"},\"inLanguage\":\"pt-PT\",\"potentialAction\":[{\"@type\":\"ReadAction\",\"target\":[\"https:\/\/www.satlabgeo.com\/product\/satlab-geobiz-solutions-2-0\/\"]}]},{\"@type\":\"BreadcrumbList\",\"@id\":\"https:\/\/www.satlabgeo.com\/product\/satlab-geobiz-solutions-2-0\/#breadcrumb\",\"itemListElement\":[{\"@type\":\"ListItem\",\"position\":1,\"name\":\"Home\",\"item\":\"https:\/\/www.satlabgeo.com\/\"},{\"@type\":\"ListItem\",\"position\":2,\"name\":\"Products\",\"item\":\"https:\/\/www.satlabgeo.com\/products\/\"},{\"@type\":\"ListItem\",\"position\":3,\"name\":\"SGS 2.0 Post-processing Software\"}]},{\"@type\":\"WebSite\",\"@id\":\"https:\/\/www.satlabgeo.com\/#website\",\"url\":\"https:\/\/www.satlabgeo.com\/\",\"name\":\"Global Satellite Positioning Solutions | SatLab Geosolutions AB\",\"description\":\"\",\"publisher\":{\"@id\":\"https:\/\/www.satlabgeo.com\/#organization\"},\"potentialAction\":[{\"@type\":\"SearchAction\",\"target\":{\"@type\":\"EntryPoint\",\"urlTemplate\":\"https:\/\/www.satlabgeo.com\/?s={search_term_string}\"},\"query-input\":\"required name=search_term_string\"}],\"inLanguage\":\"pt-PT\"},{\"@type\":\"Organization\",\"@id\":\"https:\/\/www.satlabgeo.com\/#organization\",\"name\":\"Global Satellite Positioning Solutions | SatLab Geosolutions AB\",\"url\":\"https:\/\/www.satlabgeo.com\/\",\"sameAs\":[],\"logo\":{\"@type\":\"ImageObject\",\"inLanguage\":\"pt-PT\",\"@id\":\"https:\/\/www.satlabgeo.com\/#\/schema\/logo\/image\/\",\"url\":\"https:\/\/www.satlabgeo.com\/wp-content\/uploads\/2025\/08\/satlab-logo.webp\",\"contentUrl\":\"https:\/\/www.satlabgeo.com\/wp-content\/uploads\/2025\/08\/satlab-logo.webp\",\"width\":191,\"height\":48,\"caption\":\"Global Satellite Positioning Solutions | SatLab Geosolutions AB\"},\"image\":{\"@id\":\"https:\/\/www.satlabgeo.com\/#\/schema\/logo\/image\/\"}}]}<\/script>\n<!-- \/ Yoast SEO plugin. -->","yoast_head_json":{"title":"SGS 2.0 Post-processing Software | Global Satellite Positioning Solutions | SatLab Geosolutions AB","robots":{"index":"index","follow":"follow","max-snippet":"max-snippet:-1","max-image-preview":"max-image-preview:large","max-video-preview":"max-video-preview:-1"},"canonical":"https:\/\/www.satlabgeo.com\/pt\/product\/satlab-geobiz-solutions-2-0\/","og_locale":"pt_PT","og_type":"article","og_title":"SGS 2.0 Post-processing Software | Global Satellite Positioning Solutions | SatLab Geosolutions AB","og_description":"SatLab Geobiz Solutions 2.0 (SGS 2.0) is an integrated office software that incorporates modules such as GNSS, RTK, Total Station, UAV, etc. It eliminates the hassle of switching data between different types of processing software, simplifies the workflow, and improves data processing efficiency. SGS 2.0 is very suitable for processing data collected from multiple types of surveying products within the same project.","og_url":"https:\/\/www.satlabgeo.com\/pt\/product\/satlab-geobiz-solutions-2-0\/","og_site_name":"Global Satellite Positioning Solutions | SatLab Geosolutions AB","article_modified_time":"2025-06-17T23:11:08+00:00","og_image":[{"width":744,"height":705,"url":"https:\/\/www.satlabgeo.com\/wp-content\/uploads\/2024\/05\/SGS-2.0-post-processing-software.png","type":"image\/png"}],"twitter_card":"summary_large_image","twitter_misc":{"Est. reading time":"1 minuto"},"schema":{"@context":"https:\/\/schema.org","@graph":[{"@type":"WebPage","@id":"https:\/\/www.satlabgeo.com\/product\/satlab-geobiz-solutions-2-0\/","url":"https:\/\/www.satlabgeo.com\/product\/satlab-geobiz-solutions-2-0\/","name":"SGS 2.0 Post-processing Software | Global Satellite Positioning Solutions | SatLab Geosolutions AB","isPartOf":{"@id":"https:\/\/www.satlabgeo.com\/#website"},"datePublished":"2024-05-22T03:53:12+00:00","dateModified":"2025-06-17T23:11:08+00:00","breadcrumb":{"@id":"https:\/\/www.satlabgeo.com\/product\/satlab-geobiz-solutions-2-0\/#breadcrumb"},"inLanguage":"pt-PT","potentialAction":[{"@type":"ReadAction","target":["https:\/\/www.satlabgeo.com\/product\/satlab-geobiz-solutions-2-0\/"]}]},{"@type":"BreadcrumbList","@id":"https:\/\/www.satlabgeo.com\/product\/satlab-geobiz-solutions-2-0\/#breadcrumb","itemListElement":[{"@type":"ListItem","position":1,"name":"Home","item":"https:\/\/www.satlabgeo.com\/"},{"@type":"ListItem","position":2,"name":"Products","item":"https:\/\/www.satlabgeo.com\/products\/"},{"@type":"ListItem","position":3,"name":"SGS 2.0 Post-processing Software"}]},{"@type":"WebSite","@id":"https:\/\/www.satlabgeo.com\/#website","url":"https:\/\/www.satlabgeo.com\/","name":"Global Satellite Positioning Solutions | SatLab Geosolutions AB","description":"","publisher":{"@id":"https:\/\/www.satlabgeo.com\/#organization"},"potentialAction":[{"@type":"SearchAction","target":{"@type":"EntryPoint","urlTemplate":"https:\/\/www.satlabgeo.com\/?s={search_term_string}"},"query-input":"required name=search_term_string"}],"inLanguage":"pt-PT"},{"@type":"Organization","@id":"https:\/\/www.satlabgeo.com\/#organization","name":"Global Satellite Positioning Solutions | SatLab Geosolutions AB","url":"https:\/\/www.satlabgeo.com\/","sameAs":[],"logo":{"@type":"ImageObject","inLanguage":"pt-PT","@id":"https:\/\/www.satlabgeo.com\/#\/schema\/logo\/image\/","url":"https:\/\/www.satlabgeo.com\/wp-content\/uploads\/2025\/08\/satlab-logo.webp","contentUrl":"https:\/\/www.satlabgeo.com\/wp-content\/uploads\/2025\/08\/satlab-logo.webp","width":191,"height":48,"caption":"Global Satellite Positioning Solutions | SatLab Geosolutions AB"},"image":{"@id":"https:\/\/www.satlabgeo.com\/#\/schema\/logo\/image\/"}}]}},"_links":{"self":[{"href":"https:\/\/www.satlabgeo.com\/pt\/wp-json\/wp\/v2\/product\/1739"}],"collection":[{"href":"https:\/\/www.satlabgeo.com\/pt\/wp-json\/wp\/v2\/product"}],"about":[{"href":"https:\/\/www.satlabgeo.com\/pt\/wp-json\/wp\/v2\/types\/product"}],"replies":[{"embeddable":true,"href":"https:\/\/www.satlabgeo.com\/pt\/wp-json\/wp\/v2\/comments?post=1739"}],"version-history":[{"count":1,"href":"https:\/\/www.satlabgeo.com\/pt\/wp-json\/wp\/v2\/product\/1739\/revisions"}],"predecessor-version":[{"id":2654,"href":"https:\/\/www.satlabgeo.com\/pt\/wp-json\/wp\/v2\/product\/1739\/revisions\/2654"}],"wp:featuredmedia":[{"embeddable":true,"href":"https:\/\/www.satlabgeo.com\/pt\/wp-json\/wp\/v2\/media\/1749"}],"wp:attachment":[{"href":"https:\/\/www.satlabgeo.com\/pt\/wp-json\/wp\/v2\/media?parent=1739"}],"wp:term":[{"taxonomy":"product_cat","embeddable":true,"href":"https:\/\/www.satlabgeo.com\/pt\/wp-json\/wp\/v2\/product_cat?post=1739"},{"taxonomy":"product_tag","embeddable":true,"href":"https:\/\/www.satlabgeo.com\/pt\/wp-json\/wp\/v2\/product_tag?post=1739"}],"curies":[{"name":"wp","href":"https:\/\/api.w.org\/{rel}","templated":true}]}}