{"id":172,"date":"2022-02-01T14:00:52","date_gmt":"2022-02-01T14:00:52","guid":{"rendered":"https:\/\/www.satlabgeo.com\/?post_type=product&#038;p=172"},"modified":"2022-04-01T10:03:43","modified_gmt":"2022-04-01T10:03:43","slug":"shc30-handheld-controller","status":"publish","type":"product","link":"https:\/\/www.satlabgeo.com\/pt\/product\/shc30-handheld-controller\/","title":{"rendered":"Controlador port\u00e1til SHC30"},"content":{"rendered":"<table border=\"0\" style=\"border-collapse: collapse; width: 90.9621%;\">\n<tbody>\n<tr>\n<td style=\"width: 32.1186%;\"><img decoding=\"async\" loading=\"lazy\" src=\"https:\/\/www.satlabgeo.com\/wp-content\/uploads\/2022\/02\/SHC30-02.png\" alt=\"\" width=\"154\" height=\"300\" class=\"size-medium wp-image-587 aligncenter\" \/><\/td>\n<td style=\"width: 58.8435%;\">O Controlador Port\u00e1til SHC30 possui uma interface de usu\u00e1rio de software Satsurv projetada para ser f\u00e1cil de usar e, ao mesmo tempo, poderosa. Ele permite executar programas profissionais em aplica\u00e7\u00f5es de constru\u00e7\u00e3o de estradas, como a instala\u00e7\u00e3o de estacas de taludes e demarca\u00e7\u00f5es DTM.<\/p>\n<p>Aumente sua produtividade e simplifique seu fluxo de trabalho.<\/td>\n<\/tr>\n<\/tbody>\n<\/table>\n<p>&nbsp;<\/p>\n<p>&nbsp;<\/p>","protected":false},"excerpt":{"rendered":"<p>O controlador port\u00e1til SHC30 tem uma interface de usu\u00e1rio de software Satsurv projetada para ser f\u00e1cil de usar e poderosa para operar.<\/p>","protected":false},"featured_media":387,"comment_status":"open","ping_status":"closed","template":"","meta":{"_links_to":"","_links_to_target":""},"product_cat":[25],"product_tag":[],"yoast_head":"<!-- This site is optimized with the Yoast SEO plugin v19.8 - https:\/\/yoast.com\/wordpress\/plugins\/seo\/ -->\n<title>SHC30 Handheld Controller | Global Satellite Positioning Solutions | SatLab Geosolutions AB<\/title>\n<meta name=\"robots\" content=\"index, follow, max-snippet:-1, max-image-preview:large, max-video-preview:-1\" \/>\n<link rel=\"canonical\" href=\"https:\/\/www.satlabgeo.com\/pt\/product\/shc30-handheld-controller\/\" \/>\n<meta property=\"og:locale\" content=\"pt_PT\" \/>\n<meta property=\"og:type\" content=\"article\" \/>\n<meta property=\"og:title\" content=\"SHC30 Handheld Controller | Global Satellite Positioning Solutions | SatLab Geosolutions AB\" \/>\n<meta property=\"og:description\" content=\"The SHC30 Handheld Controller has a Satsurv software user interface that is designed to be easy to use yet powerful to operate.\" \/>\n<meta property=\"og:url\" content=\"https:\/\/www.satlabgeo.com\/pt\/product\/shc30-handheld-controller\/\" \/>\n<meta property=\"og:site_name\" content=\"Global Satellite Positioning Solutions | SatLab Geosolutions AB\" \/>\n<meta property=\"article:modified_time\" content=\"2022-04-01T10:03:43+00:00\" \/>\n<meta property=\"og:image\" content=\"https:\/\/www.satlabgeo.com\/wp-content\/uploads\/2022\/02\/SHC30-02.png\" \/>\n\t<meta property=\"og:image:width\" content=\"248\" \/>\n\t<meta property=\"og:image:height\" content=\"235\" \/>\n\t<meta property=\"og:image:type\" content=\"image\/png\" \/>\n<meta name=\"twitter:card\" content=\"summary_large_image\" \/>\n<script type=\"application\/ld+json\" class=\"yoast-schema-graph\">{\"@context\":\"https:\/\/schema.org\",\"@graph\":[{\"@type\":\"WebPage\",\"@id\":\"https:\/\/www.satlabgeo.com\/product\/shc30-handheld-controller\/\",\"url\":\"https:\/\/www.satlabgeo.com\/product\/shc30-handheld-controller\/\",\"name\":\"SHC30 Handheld Controller | Global Satellite Positioning Solutions | SatLab Geosolutions AB\",\"isPartOf\":{\"@id\":\"https:\/\/www.satlabgeo.com\/#website\"},\"datePublished\":\"2022-02-01T14:00:52+00:00\",\"dateModified\":\"2022-04-01T10:03:43+00:00\",\"breadcrumb\":{\"@id\":\"https:\/\/www.satlabgeo.com\/product\/shc30-handheld-controller\/#breadcrumb\"},\"inLanguage\":\"pt-PT\",\"potentialAction\":[{\"@type\":\"ReadAction\",\"target\":[\"https:\/\/www.satlabgeo.com\/product\/shc30-handheld-controller\/\"]}]},{\"@type\":\"BreadcrumbList\",\"@id\":\"https:\/\/www.satlabgeo.com\/product\/shc30-handheld-controller\/#breadcrumb\",\"itemListElement\":[{\"@type\":\"ListItem\",\"position\":1,\"name\":\"Home\",\"item\":\"https:\/\/www.satlabgeo.com\/\"},{\"@type\":\"ListItem\",\"position\":2,\"name\":\"Products\",\"item\":\"https:\/\/www.satlabgeo.com\/products\/\"},{\"@type\":\"ListItem\",\"position\":3,\"name\":\"SHC30 Handheld Controller\"}]},{\"@type\":\"WebSite\",\"@id\":\"https:\/\/www.satlabgeo.com\/#website\",\"url\":\"https:\/\/www.satlabgeo.com\/\",\"name\":\"Global Satellite Positioning Solutions | SatLab Geosolutions AB\",\"description\":\"\",\"publisher\":{\"@id\":\"https:\/\/www.satlabgeo.com\/#organization\"},\"potentialAction\":[{\"@type\":\"SearchAction\",\"target\":{\"@type\":\"EntryPoint\",\"urlTemplate\":\"https:\/\/www.satlabgeo.com\/?s={search_term_string}\"},\"query-input\":\"required name=search_term_string\"}],\"inLanguage\":\"pt-PT\"},{\"@type\":\"Organization\",\"@id\":\"https:\/\/www.satlabgeo.com\/#organization\",\"name\":\"Global Satellite Positioning Solutions | SatLab Geosolutions AB\",\"url\":\"https:\/\/www.satlabgeo.com\/\",\"sameAs\":[],\"logo\":{\"@type\":\"ImageObject\",\"inLanguage\":\"pt-PT\",\"@id\":\"https:\/\/www.satlabgeo.com\/#\/schema\/logo\/image\/\",\"url\":\"https:\/\/www.satlabgeo.com\/wp-content\/uploads\/2025\/08\/satlab-logo.webp\",\"contentUrl\":\"https:\/\/www.satlabgeo.com\/wp-content\/uploads\/2025\/08\/satlab-logo.webp\",\"width\":191,\"height\":48,\"caption\":\"Global Satellite Positioning Solutions | SatLab Geosolutions AB\"},\"image\":{\"@id\":\"https:\/\/www.satlabgeo.com\/#\/schema\/logo\/image\/\"}}]}<\/script>\n<!-- \/ Yoast SEO plugin. -->","yoast_head_json":{"title":"SHC30 Handheld Controller | Global Satellite Positioning Solutions | SatLab Geosolutions AB","robots":{"index":"index","follow":"follow","max-snippet":"max-snippet:-1","max-image-preview":"max-image-preview:large","max-video-preview":"max-video-preview:-1"},"canonical":"https:\/\/www.satlabgeo.com\/pt\/product\/shc30-handheld-controller\/","og_locale":"pt_PT","og_type":"article","og_title":"SHC30 Handheld Controller | Global Satellite Positioning Solutions | SatLab Geosolutions AB","og_description":"The SHC30 Handheld Controller has a Satsurv software user interface that is designed to be easy to use yet powerful to operate.","og_url":"https:\/\/www.satlabgeo.com\/pt\/product\/shc30-handheld-controller\/","og_site_name":"Global Satellite Positioning Solutions | SatLab Geosolutions AB","article_modified_time":"2022-04-01T10:03:43+00:00","og_image":[{"width":248,"height":235,"url":"https:\/\/www.satlabgeo.com\/wp-content\/uploads\/2022\/02\/SHC30-02.png","type":"image\/png"}],"twitter_card":"summary_large_image","schema":{"@context":"https:\/\/schema.org","@graph":[{"@type":"WebPage","@id":"https:\/\/www.satlabgeo.com\/product\/shc30-handheld-controller\/","url":"https:\/\/www.satlabgeo.com\/product\/shc30-handheld-controller\/","name":"SHC30 Handheld Controller | Global Satellite Positioning Solutions | SatLab Geosolutions AB","isPartOf":{"@id":"https:\/\/www.satlabgeo.com\/#website"},"datePublished":"2022-02-01T14:00:52+00:00","dateModified":"2022-04-01T10:03:43+00:00","breadcrumb":{"@id":"https:\/\/www.satlabgeo.com\/product\/shc30-handheld-controller\/#breadcrumb"},"inLanguage":"pt-PT","potentialAction":[{"@type":"ReadAction","target":["https:\/\/www.satlabgeo.com\/product\/shc30-handheld-controller\/"]}]},{"@type":"BreadcrumbList","@id":"https:\/\/www.satlabgeo.com\/product\/shc30-handheld-controller\/#breadcrumb","itemListElement":[{"@type":"ListItem","position":1,"name":"Home","item":"https:\/\/www.satlabgeo.com\/"},{"@type":"ListItem","position":2,"name":"Products","item":"https:\/\/www.satlabgeo.com\/products\/"},{"@type":"ListItem","position":3,"name":"SHC30 Handheld Controller"}]},{"@type":"WebSite","@id":"https:\/\/www.satlabgeo.com\/#website","url":"https:\/\/www.satlabgeo.com\/","name":"Global Satellite Positioning Solutions | SatLab Geosolutions AB","description":"","publisher":{"@id":"https:\/\/www.satlabgeo.com\/#organization"},"potentialAction":[{"@type":"SearchAction","target":{"@type":"EntryPoint","urlTemplate":"https:\/\/www.satlabgeo.com\/?s={search_term_string}"},"query-input":"required name=search_term_string"}],"inLanguage":"pt-PT"},{"@type":"Organization","@id":"https:\/\/www.satlabgeo.com\/#organization","name":"Global Satellite Positioning Solutions | SatLab Geosolutions AB","url":"https:\/\/www.satlabgeo.com\/","sameAs":[],"logo":{"@type":"ImageObject","inLanguage":"pt-PT","@id":"https:\/\/www.satlabgeo.com\/#\/schema\/logo\/image\/","url":"https:\/\/www.satlabgeo.com\/wp-content\/uploads\/2025\/08\/satlab-logo.webp","contentUrl":"https:\/\/www.satlabgeo.com\/wp-content\/uploads\/2025\/08\/satlab-logo.webp","width":191,"height":48,"caption":"Global Satellite Positioning Solutions | SatLab Geosolutions AB"},"image":{"@id":"https:\/\/www.satlabgeo.com\/#\/schema\/logo\/image\/"}}]}},"_links":{"self":[{"href":"https:\/\/www.satlabgeo.com\/pt\/wp-json\/wp\/v2\/product\/172"}],"collection":[{"href":"https:\/\/www.satlabgeo.com\/pt\/wp-json\/wp\/v2\/product"}],"about":[{"href":"https:\/\/www.satlabgeo.com\/pt\/wp-json\/wp\/v2\/types\/product"}],"replies":[{"embeddable":true,"href":"https:\/\/www.satlabgeo.com\/pt\/wp-json\/wp\/v2\/comments?post=172"}],"version-history":[{"count":1,"href":"https:\/\/www.satlabgeo.com\/pt\/wp-json\/wp\/v2\/product\/172\/revisions"}],"predecessor-version":[{"id":238,"href":"https:\/\/www.satlabgeo.com\/pt\/wp-json\/wp\/v2\/product\/172\/revisions\/238"}],"wp:featuredmedia":[{"embeddable":true,"href":"https:\/\/www.satlabgeo.com\/pt\/wp-json\/wp\/v2\/media\/387"}],"wp:attachment":[{"href":"https:\/\/www.satlabgeo.com\/pt\/wp-json\/wp\/v2\/media?parent=172"}],"wp:term":[{"taxonomy":"product_cat","embeddable":true,"href":"https:\/\/www.satlabgeo.com\/pt\/wp-json\/wp\/v2\/product_cat?post=172"},{"taxonomy":"product_tag","embeddable":true,"href":"https:\/\/www.satlabgeo.com\/pt\/wp-json\/wp\/v2\/product_tag?post=172"}],"curies":[{"name":"wp","href":"https:\/\/api.w.org\/{rel}","templated":true}]}}