{"id":131,"date":"2022-01-31T13:45:29","date_gmt":"2022-01-31T13:45:29","guid":{"rendered":"https:\/\/www.satlabgeo.com\/?post_type=product&#038;p=131"},"modified":"2024-06-21T07:10:57","modified_gmt":"2024-06-21T07:10:57","slug":"slc-gnss-receiver","status":"publish","type":"product","link":"https:\/\/www.satlabgeo.com\/pt\/product\/slc-gnss-receiver\/","title":{"rendered":"Receptor GNSS SLC"},"content":{"rendered":"<h3>Solu\u00e7\u00e3o multifuncional de alta precis\u00e3o<\/h3>\n<p>Com uma conveniente antena interna de rastreamento de dupla frequ\u00eancia e constela\u00e7\u00e3o completa, o receptor GNSS multifuncional SLC \u00e9 capaz de obter dados precisos para qualquer tipo de aplica\u00e7\u00e3o em campo. Qualquer software em execu\u00e7\u00e3o no Windows, Android ou iOS que aceite a posi\u00e7\u00e3o GNSS por uma porta serial \u00e9 compat\u00edvel com o SLC, o que o torna uma solu\u00e7\u00e3o de posicionamento de alta precis\u00e3o para um n\u00famero praticamente ilimitado de aplica\u00e7\u00f5es.<\/p>\n<h3>Eficiente e confi\u00e1vel<\/h3>\n<p>Equipado com o motor GNSS NovAtel OEM719, este receptor oferece posicionamento preciso e mitiga\u00e7\u00e3o avan\u00e7ada de interfer\u00eancias, com desempenho at\u00e9 mesmo nos ambientes mais remotos e desafiadores. Utilizando seus recursos de rastreamento de 555 canais, ele pode rastrear todos os sinais atuais e futuros, oferecendo posicionamento preciso de submetros a cent\u00edmetros.<\/p>\n<figure><img decoding=\"async\" loading=\"lazy\" width=\"1043\" height=\"437\" src=\"https:\/\/www.satlabgeo.com\/wp-content\/uploads\/2022\/01\/product-info-photo.jpg\" alt=\"\" class=\"alignnone size-medium wp-image-132\" srcset=\"https:\/\/www.satlabgeo.com\/wp-content\/uploads\/2022\/01\/product-info-photo.jpg 1043w, https:\/\/www.satlabgeo.com\/wp-content\/uploads\/2022\/01\/product-info-photo-600x251.jpg 600w, https:\/\/www.satlabgeo.com\/wp-content\/uploads\/2022\/01\/product-info-photo-300x126.jpg 300w, https:\/\/www.satlabgeo.com\/wp-content\/uploads\/2022\/01\/product-info-photo-1024x429.jpg 1024w, https:\/\/www.satlabgeo.com\/wp-content\/uploads\/2022\/01\/product-info-photo-768x322.jpg 768w\" sizes=\"(max-width: 1043px) 100vw, 1043px\" \/><\/figure>\n<h3>Servi\u00e7o de corre\u00e7\u00e3o de sat\u00e9lite<\/h3>\n<p>O SLC possui recursos TerraStar para gerar \u00f3rbitas, rel\u00f3gios, polariza\u00e7\u00f5es e outros par\u00e2metros de sistema de sat\u00e9lites GNSS altamente precisos, utilizando uma rede global de esta\u00e7\u00f5es de refer\u00eancia multi-GNSS e algoritmos avan\u00e7ados. Esses dados permitem que o TerraStar forne\u00e7a servi\u00e7os de corre\u00e7\u00e3o com precis\u00e3o de posicionamento subm\u00e9trica ou centim\u00e9trica ao receptor SLC. Receba suas corre\u00e7\u00f5es transmitidas em tempo real, com lat\u00eancia m\u00ednima, via sat\u00e9lites em todo o mundo.<\/p>","protected":false},"excerpt":{"rendered":"<p>O SatLab SLC \u00e9 um receptor GNSS multifuncional, equipado com um modem industrial para acessar a rede sem fio e um receptor GNSS RTK com um \u00fanico bot\u00e3o para facilitar o uso. Encaixe seu tablet nas placas de montagem dispon\u00edveis e conecte-o ao modem 3.5G. <strong><span style=\"color: #909090;\">GNSS <a href=\"https:\/\/www.satlabgeo.com\/pt\/product_category\/gnss\/\" style=\"color: #909090;\">RTK <\/a>receptor<\/span>\u00a0<\/strong>Corre\u00e7\u00f5es para precis\u00e3o em cm. A conex\u00e3o serial USB\/RS232 tamb\u00e9m permite conex\u00e3o de r\u00e1dio UHF ou conex\u00e3o com fio ao visor.<\/p>","protected":false},"featured_media":350,"comment_status":"open","ping_status":"closed","template":"","meta":{"_links_to":"","_links_to_target":""},"product_cat":[26],"product_tag":[],"yoast_head":"<!-- This site is optimized with the Yoast SEO plugin v19.8 - https:\/\/yoast.com\/wordpress\/plugins\/seo\/ -->\n<title>SLC GNSS Receiver | Global Satellite Positioning Solutions | SatLab Geosolutions AB<\/title>\n<meta name=\"robots\" content=\"index, follow, max-snippet:-1, max-image-preview:large, max-video-preview:-1\" \/>\n<link rel=\"canonical\" href=\"https:\/\/www.satlabgeo.com\/pt\/product\/slc-gnss-receiver\/\" \/>\n<meta property=\"og:locale\" content=\"pt_PT\" \/>\n<meta property=\"og:type\" content=\"article\" \/>\n<meta property=\"og:title\" content=\"SLC GNSS Receiver | Global Satellite Positioning Solutions | SatLab Geosolutions AB\" \/>\n<meta property=\"og:description\" content=\"SatLab SLC is a multi-purpose GNSS receiver, armed with an industrial modem to access the wireless network and a one-button operation of rtk gnss receiver for easy usage. Attach your tablet to the mounting plates available and connect it to the 3.5G modem, with GNSS RTK receiver\u00a0corrections for cm accuracy. The USB\/RS232 serial connection also allows for UHF radio connection or wired connection to the display.\" \/>\n<meta property=\"og:url\" content=\"https:\/\/www.satlabgeo.com\/pt\/product\/slc-gnss-receiver\/\" \/>\n<meta property=\"og:site_name\" content=\"Global Satellite Positioning Solutions | SatLab Geosolutions AB\" \/>\n<meta property=\"article:modified_time\" content=\"2024-06-21T07:10:57+00:00\" \/>\n<meta property=\"og:image\" content=\"https:\/\/www.satlabgeo.com\/wp-content\/uploads\/2022\/01\/SLC-04.png\" \/>\n\t<meta property=\"og:image:width\" content=\"248\" \/>\n\t<meta property=\"og:image:height\" content=\"235\" \/>\n\t<meta property=\"og:image:type\" content=\"image\/png\" \/>\n<meta name=\"twitter:card\" content=\"summary_large_image\" \/>\n<meta name=\"twitter:label1\" content=\"Est. reading time\" \/>\n\t<meta name=\"twitter:data1\" content=\"1 minuto\" \/>\n<script type=\"application\/ld+json\" class=\"yoast-schema-graph\">{\"@context\":\"https:\/\/schema.org\",\"@graph\":[{\"@type\":\"WebPage\",\"@id\":\"https:\/\/www.satlabgeo.com\/product\/slc-gnss-receiver\/\",\"url\":\"https:\/\/www.satlabgeo.com\/product\/slc-gnss-receiver\/\",\"name\":\"SLC GNSS Receiver | Global Satellite Positioning Solutions | SatLab Geosolutions AB\",\"isPartOf\":{\"@id\":\"https:\/\/www.satlabgeo.com\/#website\"},\"datePublished\":\"2022-01-31T13:45:29+00:00\",\"dateModified\":\"2024-06-21T07:10:57+00:00\",\"breadcrumb\":{\"@id\":\"https:\/\/www.satlabgeo.com\/product\/slc-gnss-receiver\/#breadcrumb\"},\"inLanguage\":\"pt-PT\",\"potentialAction\":[{\"@type\":\"ReadAction\",\"target\":[\"https:\/\/www.satlabgeo.com\/product\/slc-gnss-receiver\/\"]}]},{\"@type\":\"BreadcrumbList\",\"@id\":\"https:\/\/www.satlabgeo.com\/product\/slc-gnss-receiver\/#breadcrumb\",\"itemListElement\":[{\"@type\":\"ListItem\",\"position\":1,\"name\":\"Home\",\"item\":\"https:\/\/www.satlabgeo.com\/\"},{\"@type\":\"ListItem\",\"position\":2,\"name\":\"Products\",\"item\":\"https:\/\/www.satlabgeo.com\/products\/\"},{\"@type\":\"ListItem\",\"position\":3,\"name\":\"SLC GNSS Receiver\"}]},{\"@type\":\"WebSite\",\"@id\":\"https:\/\/www.satlabgeo.com\/#website\",\"url\":\"https:\/\/www.satlabgeo.com\/\",\"name\":\"Global Satellite Positioning Solutions | SatLab Geosolutions AB\",\"description\":\"\",\"publisher\":{\"@id\":\"https:\/\/www.satlabgeo.com\/#organization\"},\"potentialAction\":[{\"@type\":\"SearchAction\",\"target\":{\"@type\":\"EntryPoint\",\"urlTemplate\":\"https:\/\/www.satlabgeo.com\/?s={search_term_string}\"},\"query-input\":\"required name=search_term_string\"}],\"inLanguage\":\"pt-PT\"},{\"@type\":\"Organization\",\"@id\":\"https:\/\/www.satlabgeo.com\/#organization\",\"name\":\"Global Satellite Positioning Solutions | SatLab Geosolutions AB\",\"url\":\"https:\/\/www.satlabgeo.com\/\",\"sameAs\":[],\"logo\":{\"@type\":\"ImageObject\",\"inLanguage\":\"pt-PT\",\"@id\":\"https:\/\/www.satlabgeo.com\/#\/schema\/logo\/image\/\",\"url\":\"https:\/\/www.satlabgeo.com\/wp-content\/uploads\/2025\/08\/satlab-logo.webp\",\"contentUrl\":\"https:\/\/www.satlabgeo.com\/wp-content\/uploads\/2025\/08\/satlab-logo.webp\",\"width\":191,\"height\":48,\"caption\":\"Global Satellite Positioning Solutions | SatLab Geosolutions AB\"},\"image\":{\"@id\":\"https:\/\/www.satlabgeo.com\/#\/schema\/logo\/image\/\"}}]}<\/script>\n<!-- \/ Yoast SEO plugin. -->","yoast_head_json":{"title":"SLC GNSS Receiver | Global Satellite Positioning Solutions | SatLab Geosolutions AB","robots":{"index":"index","follow":"follow","max-snippet":"max-snippet:-1","max-image-preview":"max-image-preview:large","max-video-preview":"max-video-preview:-1"},"canonical":"https:\/\/www.satlabgeo.com\/pt\/product\/slc-gnss-receiver\/","og_locale":"pt_PT","og_type":"article","og_title":"SLC GNSS Receiver | Global Satellite Positioning Solutions | SatLab Geosolutions AB","og_description":"SatLab SLC is a multi-purpose GNSS receiver, armed with an industrial modem to access the wireless network and a one-button operation of rtk gnss receiver for easy usage. Attach your tablet to the mounting plates available and connect it to the 3.5G modem, with GNSS RTK receiver\u00a0corrections for cm accuracy. The USB\/RS232 serial connection also allows for UHF radio connection or wired connection to the display.","og_url":"https:\/\/www.satlabgeo.com\/pt\/product\/slc-gnss-receiver\/","og_site_name":"Global Satellite Positioning Solutions | SatLab Geosolutions AB","article_modified_time":"2024-06-21T07:10:57+00:00","og_image":[{"width":248,"height":235,"url":"https:\/\/www.satlabgeo.com\/wp-content\/uploads\/2022\/01\/SLC-04.png","type":"image\/png"}],"twitter_card":"summary_large_image","twitter_misc":{"Est. reading time":"1 minuto"},"schema":{"@context":"https:\/\/schema.org","@graph":[{"@type":"WebPage","@id":"https:\/\/www.satlabgeo.com\/product\/slc-gnss-receiver\/","url":"https:\/\/www.satlabgeo.com\/product\/slc-gnss-receiver\/","name":"SLC GNSS Receiver | Global Satellite Positioning Solutions | SatLab Geosolutions AB","isPartOf":{"@id":"https:\/\/www.satlabgeo.com\/#website"},"datePublished":"2022-01-31T13:45:29+00:00","dateModified":"2024-06-21T07:10:57+00:00","breadcrumb":{"@id":"https:\/\/www.satlabgeo.com\/product\/slc-gnss-receiver\/#breadcrumb"},"inLanguage":"pt-PT","potentialAction":[{"@type":"ReadAction","target":["https:\/\/www.satlabgeo.com\/product\/slc-gnss-receiver\/"]}]},{"@type":"BreadcrumbList","@id":"https:\/\/www.satlabgeo.com\/product\/slc-gnss-receiver\/#breadcrumb","itemListElement":[{"@type":"ListItem","position":1,"name":"Home","item":"https:\/\/www.satlabgeo.com\/"},{"@type":"ListItem","position":2,"name":"Products","item":"https:\/\/www.satlabgeo.com\/products\/"},{"@type":"ListItem","position":3,"name":"SLC GNSS Receiver"}]},{"@type":"WebSite","@id":"https:\/\/www.satlabgeo.com\/#website","url":"https:\/\/www.satlabgeo.com\/","name":"Global Satellite Positioning Solutions | SatLab Geosolutions AB","description":"","publisher":{"@id":"https:\/\/www.satlabgeo.com\/#organization"},"potentialAction":[{"@type":"SearchAction","target":{"@type":"EntryPoint","urlTemplate":"https:\/\/www.satlabgeo.com\/?s={search_term_string}"},"query-input":"required name=search_term_string"}],"inLanguage":"pt-PT"},{"@type":"Organization","@id":"https:\/\/www.satlabgeo.com\/#organization","name":"Global Satellite Positioning Solutions | SatLab Geosolutions AB","url":"https:\/\/www.satlabgeo.com\/","sameAs":[],"logo":{"@type":"ImageObject","inLanguage":"pt-PT","@id":"https:\/\/www.satlabgeo.com\/#\/schema\/logo\/image\/","url":"https:\/\/www.satlabgeo.com\/wp-content\/uploads\/2025\/08\/satlab-logo.webp","contentUrl":"https:\/\/www.satlabgeo.com\/wp-content\/uploads\/2025\/08\/satlab-logo.webp","width":191,"height":48,"caption":"Global Satellite Positioning Solutions | SatLab Geosolutions AB"},"image":{"@id":"https:\/\/www.satlabgeo.com\/#\/schema\/logo\/image\/"}}]}},"_links":{"self":[{"href":"https:\/\/www.satlabgeo.com\/pt\/wp-json\/wp\/v2\/product\/131"}],"collection":[{"href":"https:\/\/www.satlabgeo.com\/pt\/wp-json\/wp\/v2\/product"}],"about":[{"href":"https:\/\/www.satlabgeo.com\/pt\/wp-json\/wp\/v2\/types\/product"}],"replies":[{"embeddable":true,"href":"https:\/\/www.satlabgeo.com\/pt\/wp-json\/wp\/v2\/comments?post=131"}],"version-history":[{"count":1,"href":"https:\/\/www.satlabgeo.com\/pt\/wp-json\/wp\/v2\/product\/131\/revisions"}],"predecessor-version":[{"id":349,"href":"https:\/\/www.satlabgeo.com\/pt\/wp-json\/wp\/v2\/product\/131\/revisions\/349"}],"wp:featuredmedia":[{"embeddable":true,"href":"https:\/\/www.satlabgeo.com\/pt\/wp-json\/wp\/v2\/media\/350"}],"wp:attachment":[{"href":"https:\/\/www.satlabgeo.com\/pt\/wp-json\/wp\/v2\/media?parent=131"}],"wp:term":[{"taxonomy":"product_cat","embeddable":true,"href":"https:\/\/www.satlabgeo.com\/pt\/wp-json\/wp\/v2\/product_cat?post=131"},{"taxonomy":"product_tag","embeddable":true,"href":"https:\/\/www.satlabgeo.com\/pt\/wp-json\/wp\/v2\/product_tag?post=131"}],"curies":[{"name":"wp","href":"https:\/\/api.w.org\/{rel}","templated":true}]}}